{"id":29187,"date":"2023-03-20T15:17:44","date_gmt":"2023-03-20T15:17:44","guid":{"rendered":"http:\/\/www.sakababeauty.com\/?post_type=product&#038;p=29187"},"modified":"2024-08-15T02:15:36","modified_gmt":"2024-08-15T02:15:36","slug":"the-inkey-list-oat-cleansing-balm-150-ml","status":"publish","type":"product","link":"https:\/\/sakaba.mghosteur.com\/en\/product\/the-inkey-list-oat-cleansing-balm-150-ml\/","title":{"rendered":"THE INKEY LIST OAT CLEANSING BALM 150 ML"},"content":{"rendered":"<p>Le baume d\u00e9maquillant \u00e0 l&#8217;avoine de la marque The Inkey List est un produit de nettoyage essentiel pour votre routine de soins de la peau. Ce baume nettoyant riche est con\u00e7u pour \u00e9liminer en douceur le maquillage et les impuret\u00e9s sans dess\u00e9cher la peau, la laissant hydrat\u00e9e et nourrie.<\/p>\n<p>Le baume d\u00e9maquillant contient de l&#8217;huile de noyau d&#8217;avoine, qui est une huile naturelle riche en nutriments et qui hydrate la peau en profondeur. Cette huile d&#8217;avoine est \u00e9galement tr\u00e8s efficace pour \u00e9liminer le SPF, en faisant un premier nettoyant parfait pour votre routine de double nettoyage.<\/p>\n<p>De plus, ce baume contient de la farine d&#8217;avoine collo\u00efdale, qui est riche en actifs naturels b\u00e9n\u00e9fiques pour la peau. Cette farine d&#8217;avoine collo\u00efdale est particuli\u00e8rement utile pour apaiser la peau irrit\u00e9e et r\u00e9duire les rougeurs, en faisant de ce nettoyant un produit id\u00e9al pour tous les types de peau.<\/p>\n<p>Le baume d\u00e9maquillant \u00e0 l&#8217;avoine peut \u00e9galement \u00eatre utilis\u00e9 comme un baume \u00e0 raser sous la douche ou comme un masque nourrissant de dix minutes. Ce produit polyvalent est parfait pour une utilisation quotidienne et laissera votre peau nette, douce et \u00e9clatante. Faites l&#8217;exp\u00e9rience de la puissance de l&#8217;avoine avec ce baume d\u00e9maquillant incontournable de The Inkey List.<\/p>","protected":false},"excerpt":{"rendered":"<p>Le baume d\u00e9maquillant \u00e0 l&#8217;avoine de la marque The Inkey List est un produit de nettoyage essentiel pour votre routine de soins de la peau. Ce baume nettoyant riche est con\u00e7u pour \u00e9liminer en douceur le maquillage et les impuret\u00e9s sans dess\u00e9cher la peau, la laissant hydrat\u00e9e et nourrie. Le baume d\u00e9maquillant contient de l&#8217;huile<span class=\"read-more-faq\"><a href=\"https:\/\/sakaba.mghosteur.com\/en\/product\/the-inkey-list-oat-cleansing-balm-150-ml\/\">Read More<\/a><\/span><\/p>","protected":false},"featured_media":0,"comment_status":"closed","ping_status":"closed","template":"","meta":[],"product_brand":[],"product_cat":[324,451],"product_tag":[],"class_list":{"0":"post-29187","1":"product","2":"type-product","3":"status-publish","5":"product_cat-demaquillant-nettoyant","6":"product_cat-aab-soin-du-visage","8":"first","9":"instock","10":"shipping-taxable","11":"product-type-simple"},"jetpack-related-posts":[{"id":29139,"url":"https:\/\/sakaba.mghosteur.com\/en\/product\/the-inkey-list-coffret-winter-skin-101\/","url_meta":{"origin":29187,"position":0},"title":"THE INKEY LIST COFFRET WINTER SKIN 101","author":"admin","date":"March 15, 2023","format":false,"excerpt":"L'ensemble INKEY List Winter Skin 101 de la marque THE INKEY LIST est la solution parfaite pour les peaux s\u00e8ches et hivernales qui ont besoin d'\u00eatre chouchout\u00e9es. Ce kit complet en 4 \u00e9tapes vous offre des produits en taille r\u00e9elle pour une peau renouvel\u00e9e et hydrat\u00e9e. Le Baume nettoyant \u00e0\u2026","rel":"","context":"Similar post","block_context":{"text":"Similar post","link":""},"img":{"alt_text":"","src":"","width":0,"height":0},"classes":[]},{"id":23932,"url":"https:\/\/sakaba.mghosteur.com\/en\/product\/cerave-makeup-removing-cleanser-balm\/","url_meta":{"origin":29187,"position":1},"title":"CERAVE  MAKEUP REMOVING CLEANSER BALM","author":"admin","date":"November 9, 2022","format":false,"excerpt":"Le baume nettoyant d\u00e9maquillant CeraVe est le produit parfait pour tous les types de peau. Il est sans alcool, sans parfum, sans savon et sans paraben, ce qui en fait un choix id\u00e9al pour les peaux sensibles. Ce baume nettoyant est con\u00e7u pour \u00e9liminer efficacement le maquillage, la salet\u00e9 et\u2026","rel":"","context":"Similar post","block_context":{"text":"Similar post","link":""},"img":{"alt_text":"","src":"","width":0,"height":0},"classes":[]},{"id":30300,"url":"https:\/\/sakaba.mghosteur.com\/en\/product\/beauty-of-joseon-radiance-cleansing-balm\/","url_meta":{"origin":29187,"position":2},"title":"BEAUTY OF JOSEON RADIANCE CLEANSING BALM","author":"admin","date":"May 8, 2023","format":false,"excerpt":"Description du produit : Baume Nettoyant \u00c9clat de la marque BEAUTY OF JOSEON Le Baume Nettoyant \u00c9clat est un produit nettoyant \u00e0 base d'huile de type baume qui fond doucement sur la peau pour \u00e9liminer en douceur le maquillage, l'exc\u00e8s de s\u00e9bum et les impuret\u00e9s. Sa texture baume solide est\u2026","rel":"","context":"Similar post","block_context":{"text":"Similar post","link":""},"img":{"alt_text":"","src":"","width":0,"height":0},"classes":[]},{"id":29253,"url":"https:\/\/sakaba.mghosteur.com\/en\/product\/good-molecules-instant-cleansing-balm\/","url_meta":{"origin":29187,"position":3},"title":"GOOD MOLECULES INSTANT CLEANSING BALM","author":"admin","date":"March 22, 2023","format":false,"excerpt":"Le baume nettoyant instantan\u00e9 de Good Molecules est un produit de nettoyage doux et efficace qui \u00e9limine facilement le maquillage, la salet\u00e9 et les impuret\u00e9s de votre peau. Sa formule est enrichie en huile d'argousier, huile de cam\u00e9lia et beurre de karit\u00e9 pour nourrir votre peau pendant le nettoyage. Ce\u2026","rel":"","context":"Similar post","block_context":{"text":"Similar post","link":""},"img":{"alt_text":"","src":"","width":0,"height":0},"classes":[]},{"id":32016,"url":"https:\/\/sakaba.mghosteur.com\/en\/product\/cerave-makeup-removing-cleanser-balm-2\/","url_meta":{"origin":29187,"position":4},"title":"CERAVE  MAKEUP REMOVING CLEANSER BALM","author":"admin","date":"May 13, 2024","format":false,"excerpt":"Les baumes nettoyants d\u00e9maquillants offrent le meilleur des deux mondes : l'efficacit\u00e9 nettoyante d'un baume, avec le confort et la commodit\u00e9 d'une cr\u00e8me nettoyante. Notre baume nettoyant d\u00e9maquillant aide \u00e0 \u00e9liminer efficacement le maquillage longue tenue, la salet\u00e9 et l'exc\u00e8s de s\u00e9bum (huile) de votre peau, pour un teint propre\u2026","rel":"","context":"Similar post","block_context":{"text":"Similar post","link":""},"img":{"alt_text":"","src":"","width":0,"height":0},"classes":[]},{"id":33510,"url":"https:\/\/sakaba.mghosteur.com\/en\/product\/aveeno-baby-lotion-532ml-gm-2\/","url_meta":{"origin":29187,"position":5},"title":"AVEENO baby lotion 532ML","author":"admin","date":"May 22, 2024","format":false,"excerpt":"La lotion nourrissante pour b\u00e9b\u00e9 est cliniquement prouv\u00e9e pour hydrater et prot\u00e9ger la peau de b\u00e9b\u00e9 pendant 24 heures L'hydratant \u00e0 l'avoine collo\u00efdale aide \u00e0 gu\u00e9rir et \u00e0 prot\u00e9ger la peau s\u00e8che, rugueuse, irrit\u00e9e et craquel\u00e9e Formule non grasse qui p\u00e9n\u00e8tre rapidement pour aider \u00e0 maintenir la barri\u00e8re d'hydratation naturelle\u2026","rel":"","context":"Similar post","block_context":{"text":"Similar post","link":""},"img":{"alt_text":"","src":"","width":0,"height":0},"classes":[]}],"_links":{"self":[{"href":"https:\/\/sakaba.mghosteur.com\/en\/wp-json\/wp\/v2\/product\/29187","targetHints":{"allow":["GET"]}}],"collection":[{"href":"https:\/\/sakaba.mghosteur.com\/en\/wp-json\/wp\/v2\/product"}],"about":[{"href":"https:\/\/sakaba.mghosteur.com\/en\/wp-json\/wp\/v2\/types\/product"}],"replies":[{"embeddable":true,"href":"https:\/\/sakaba.mghosteur.com\/en\/wp-json\/wp\/v2\/comments?post=29187"}],"version-history":[{"count":0,"href":"https:\/\/sakaba.mghosteur.com\/en\/wp-json\/wp\/v2\/product\/29187\/revisions"}],"wp:attachment":[{"href":"https:\/\/sakaba.mghosteur.com\/en\/wp-json\/wp\/v2\/media?parent=29187"}],"wp:term":[{"taxonomy":"product_brand","embeddable":true,"href":"https:\/\/sakaba.mghosteur.com\/en\/wp-json\/wp\/v2\/product_brand?post=29187"},{"taxonomy":"product_cat","embeddable":true,"href":"https:\/\/sakaba.mghosteur.com\/en\/wp-json\/wp\/v2\/product_cat?post=29187"},{"taxonomy":"product_tag","embeddable":true,"href":"https:\/\/sakaba.mghosteur.com\/en\/wp-json\/wp\/v2\/product_tag?post=29187"}],"curies":[{"name":"wp","href":"https:\/\/api.w.org\/{rel}","templated":true}]}}