{"id":29195,"date":"2023-03-21T11:49:35","date_gmt":"2023-03-21T11:49:35","guid":{"rendered":"http:\/\/www.sakababeauty.com\/?post_type=product&#038;p=29195"},"modified":"2024-08-15T02:17:01","modified_gmt":"2024-08-15T02:17:01","slug":"the-inkey-list-redness-relief-solution-10-azelaic","status":"publish","type":"product","link":"https:\/\/sakaba.mghosteur.com\/en\/product\/the-inkey-list-redness-relief-solution-10-azelaic\/","title":{"rendered":"THE INKEY LIST REDNESS RELIEF SOLUTION 10% AZELAIC"},"content":{"rendered":"<p>D\u00e9couvrez la solution de soulagement des rougeurs de la marque The Inkey List, cr\u00e9\u00e9e en partenariat avec des dermatologues. Cette formule innovante contient des particules micro-fines de couleur verte qui masquent les rougeurs et de l&#8217;allanto\u00efne \u00e0 0,3% pour apaiser la peau. Elle peut \u00eatre facilement associ\u00e9e \u00e0 d&#8217;autres produits et ne laisse pas de couche blanche ou croustillante. Id\u00e9ale pour les personnes susceptibles d&#8217;\u00eatre sujettes \u00e0 la rosac\u00e9e.<\/p>","protected":false},"excerpt":{"rendered":"<p>D\u00e9couvrez la solution de soulagement des rougeurs de la marque The Inkey List, cr\u00e9\u00e9e en partenariat avec des dermatologues. Cette formule innovante contient des particules micro-fines de couleur verte qui masquent les rougeurs et de l&#8217;allanto\u00efne \u00e0 0,3% pour apaiser la peau. Elle peut \u00eatre facilement associ\u00e9e \u00e0 d&#8217;autres produits et ne laisse pas de<span class=\"read-more-faq\"><a href=\"https:\/\/sakaba.mghosteur.com\/en\/product\/the-inkey-list-redness-relief-solution-10-azelaic\/\">Read More<\/a><\/span><\/p>","protected":false},"featured_media":0,"comment_status":"closed","ping_status":"closed","template":"","meta":[],"product_brand":[],"product_cat":[451,334],"product_tag":[],"class_list":{"0":"post-29195","1":"product","2":"type-product","3":"status-publish","5":"product_cat-aab-soin-du-visage","6":"product_cat-traitement-serum","8":"first","9":"instock","10":"shipping-taxable","11":"product-type-simple"},"jetpack-related-posts":[{"id":27429,"url":"https:\/\/sakaba.mghosteur.com\/en\/product\/the-inkey-list-apple-cider-vinegar-acid-peel\/","url_meta":{"origin":29195,"position":0},"title":"THE INKEY LIST APPLE CIDER VINEGAR ACID PEEL","author":"admin","date":"November 29, 2022","format":false,"excerpt":"Le peeling acide au vinaigre de cidre de pomme Inkey List est un exfoliant liquide qui peut \u00eatre utilis\u00e9 sur tous les types de peau, y compris les peaux grasses, mixtes et toutes. Il contient 2 % de vinaigre de cidre de pomme, 10 % d'acide glycolique et 5 %\u2026","rel":"","context":"Similar post","block_context":{"text":"Similar post","link":""},"img":{"alt_text":"","src":"","width":0,"height":0},"classes":[]},{"id":29139,"url":"https:\/\/sakaba.mghosteur.com\/en\/product\/the-inkey-list-coffret-winter-skin-101\/","url_meta":{"origin":29195,"position":1},"title":"THE INKEY LIST COFFRET WINTER SKIN 101","author":"admin","date":"March 15, 2023","format":false,"excerpt":"L'ensemble INKEY List Winter Skin 101 de la marque THE INKEY LIST est la solution parfaite pour les peaux s\u00e8ches et hivernales qui ont besoin d'\u00eatre chouchout\u00e9es. Ce kit complet en 4 \u00e9tapes vous offre des produits en taille r\u00e9elle pour une peau renouvel\u00e9e et hydrat\u00e9e. Le Baume nettoyant \u00e0\u2026","rel":"","context":"Similar post","block_context":{"text":"Similar post","link":""},"img":{"alt_text":"","src":"","width":0,"height":0},"classes":[]},{"id":27371,"url":"https:\/\/sakaba.mghosteur.com\/en\/product\/the-inkey-list-c-50-blemish-night-treatment\/","url_meta":{"origin":29195,"position":2},"title":"THE INKEY LIST C-50 BLEMISH NIGHT TREATMENT","author":"admin","date":"November 29, 2022","format":false,"excerpt":"Le traitement de nuit anti-imperfections C-50 de The Inkey List est la solution id\u00e9ale pour ceux qui cherchent \u00e0 traiter leur peau pendant leur sommeil. Avec une formule efficace et puissante, ce traitement de gel de nuit travaille dur pour r\u00e9duire les \u00e9ruptions cutan\u00e9es, d\u00e9sobstruer les pores et r\u00e9duire l'apparence\u2026","rel":"","context":"Similar post","block_context":{"text":"Similar post","link":""},"img":{"alt_text":"","src":"","width":0,"height":0},"classes":[]},{"id":29149,"url":"https:\/\/sakaba.mghosteur.com\/en\/product\/the-inkey-list-5-benzoyl-peroxide-cleanser\/","url_meta":{"origin":29195,"position":3},"title":"THE INKEY LIST 5% BENZOYL PEROXIDE CLEANSER","author":"admin","date":"March 15, 2023","format":false,"excerpt":"Dites adieu \u00e0 l'acn\u00e9 r\u00e9guli\u00e8re ou persistante gr\u00e2ce \u00e0 la solution contre l'acn\u00e9 de The Inkey List. Cette formule unique, cr\u00e9\u00e9e en partenariat avec des dermatologues, contient 5% de peroxyde de benzoyle pour aider \u00e0 \u00e9liminer les boutons irrit\u00e9s et les points blancs disgracieux. La solution contre l'acn\u00e9 de The\u2026","rel":"","context":"Similar post","block_context":{"text":"Similar post","link":""},"img":{"alt_text":"","src":"","width":0,"height":0},"classes":[]},{"id":29187,"url":"https:\/\/sakaba.mghosteur.com\/en\/product\/the-inkey-list-oat-cleansing-balm-150-ml\/","url_meta":{"origin":29195,"position":4},"title":"THE INKEY LIST OAT CLEANSING BALM 150 ML","author":"admin","date":"March 20, 2023","format":false,"excerpt":"Le baume d\u00e9maquillant \u00e0 l'avoine de la marque The Inkey List est un produit de nettoyage essentiel pour votre routine de soins de la peau. Ce baume nettoyant riche est con\u00e7u pour \u00e9liminer en douceur le maquillage et les impuret\u00e9s sans dess\u00e9cher la peau, la laissant hydrat\u00e9e et nourrie. Le\u2026","rel":"","context":"Similar post","block_context":{"text":"Similar post","link":""},"img":{"alt_text":"","src":"","width":0,"height":0},"classes":[]},{"id":29198,"url":"https:\/\/sakaba.mghosteur.com\/en\/product\/the-inkey-list-salicylic-acid-exfoliant-soin-cuir\/","url_meta":{"origin":29195,"position":5},"title":"THE INKEY LIST SALICYLIC ACID EXFOLIANT CUIR CHEVELU","author":"admin","date":"March 21, 2023","format":false,"excerpt":"Dites adieu aux pellicules et aux d\u00e9mangeaisons gr\u00e2ce au Traitement Exfoliant du Cuir Chevelu \u00e0 l'Acide Salicylique. Ce s\u00e9rum l\u00e9ger \u00e9quilibre la production de s\u00e9bum, r\u00e9duit les rougeurs et hydrate votre cuir chevelu et vos cheveux gr\u00e2ce aux ingr\u00e9dients FLUIDIPURE\u2122 8G et PANTHENOL. L'acide salicylique exfolie en douceur votre cuir\u2026","rel":"","context":"Similar post","block_context":{"text":"Similar post","link":""},"img":{"alt_text":"","src":"","width":0,"height":0},"classes":[]}],"_links":{"self":[{"href":"https:\/\/sakaba.mghosteur.com\/en\/wp-json\/wp\/v2\/product\/29195","targetHints":{"allow":["GET"]}}],"collection":[{"href":"https:\/\/sakaba.mghosteur.com\/en\/wp-json\/wp\/v2\/product"}],"about":[{"href":"https:\/\/sakaba.mghosteur.com\/en\/wp-json\/wp\/v2\/types\/product"}],"replies":[{"embeddable":true,"href":"https:\/\/sakaba.mghosteur.com\/en\/wp-json\/wp\/v2\/comments?post=29195"}],"version-history":[{"count":0,"href":"https:\/\/sakaba.mghosteur.com\/en\/wp-json\/wp\/v2\/product\/29195\/revisions"}],"wp:attachment":[{"href":"https:\/\/sakaba.mghosteur.com\/en\/wp-json\/wp\/v2\/media?parent=29195"}],"wp:term":[{"taxonomy":"product_brand","embeddable":true,"href":"https:\/\/sakaba.mghosteur.com\/en\/wp-json\/wp\/v2\/product_brand?post=29195"},{"taxonomy":"product_cat","embeddable":true,"href":"https:\/\/sakaba.mghosteur.com\/en\/wp-json\/wp\/v2\/product_cat?post=29195"},{"taxonomy":"product_tag","embeddable":true,"href":"https:\/\/sakaba.mghosteur.com\/en\/wp-json\/wp\/v2\/product_tag?post=29195"}],"curies":[{"name":"wp","href":"https:\/\/api.w.org\/{rel}","templated":true}]}}