{"id":29198,"date":"2023-03-21T12:20:19","date_gmt":"2023-03-21T12:20:19","guid":{"rendered":"http:\/\/www.sakababeauty.com\/?post_type=product&#038;p=29198"},"modified":"2024-08-15T02:18:22","modified_gmt":"2024-08-15T02:18:22","slug":"the-inkey-list-salicylic-acid-exfoliant-soin-cuir","status":"publish","type":"product","link":"https:\/\/sakaba.mghosteur.com\/en\/product\/the-inkey-list-salicylic-acid-exfoliant-soin-cuir\/","title":{"rendered":"THE INKEY LIST SALICYLIC ACID EXFOLIANT CUIR CHEVELU"},"content":{"rendered":"<p>Dites adieu aux pellicules et aux d\u00e9mangeaisons gr\u00e2ce au Traitement Exfoliant du Cuir Chevelu \u00e0 l&#8217;Acide Salicylique. Ce s\u00e9rum l\u00e9ger \u00e9quilibre la production de s\u00e9bum, r\u00e9duit les rougeurs et hydrate votre cuir chevelu et vos cheveux gr\u00e2ce aux ingr\u00e9dients FLUIDIPURE\u2122 8G et PANTHENOL. L&#8217;acide salicylique exfolie en douceur votre cuir chevelu pour \u00e9liminer les pellicules.<\/p>","protected":false},"excerpt":{"rendered":"<p>Dites adieu aux pellicules et aux d\u00e9mangeaisons gr\u00e2ce au Traitement Exfoliant du Cuir Chevelu \u00e0 l&#8217;Acide Salicylique. Ce s\u00e9rum l\u00e9ger \u00e9quilibre la production de s\u00e9bum, r\u00e9duit les rougeurs et hydrate votre cuir chevelu et vos cheveux gr\u00e2ce aux ingr\u00e9dients FLUIDIPURE\u2122 8G et PANTHENOL. L&#8217;acide salicylique exfolie en douceur votre cuir chevelu pour \u00e9liminer les pellicules.<\/p>","protected":false},"featured_media":0,"comment_status":"closed","ping_status":"closed","template":"","meta":[],"product_brand":[],"product_cat":[284,1063],"product_tag":[],"class_list":{"0":"post-29198","1":"product","2":"type-product","3":"status-publish","5":"product_cat-aad-cheveux","6":"product_cat-traitement-capilaire","8":"first","9":"instock","10":"shipping-taxable","11":"product-type-simple"},"jetpack-related-posts":[{"id":34177,"url":"https:\/\/sakaba.mghosteur.com\/en\/product\/first-aid-beauty-anti-dandruff-scalp-serum-2-sali\/","url_meta":{"origin":29198,"position":0},"title":"FIRST AID BEAUTY Anti-Dandruff Scalp Serum with 2% Salicylic Acid","author":"admin","date":"May 27, 2024","format":false,"excerpt":"traitement l\u00e9ger sans rin\u00e7age avec 2 % d'acide salicylique qui combat les pellicules et soulage la d\u00e9tresse et l'inconfort du cuir chevelu sec.","rel":"","context":"Similar post","block_context":{"text":"Similar post","link":""},"img":{"alt_text":"","src":"","width":0,"height":0},"classes":[]},{"id":31675,"url":"https:\/\/sakaba.mghosteur.com\/en\/product\/sulfur8-medicated-deep-cleaning-shampoo-222ml\/","url_meta":{"origin":29198,"position":1},"title":"SULFUR8 MEDICATED DEEP CLEANING SHAMPOO 222ML","author":"admin","date":"May 10, 2024","format":false,"excerpt":"D\u00e9couvrez Sulfur 8, un shampooing efficace con\u00e7u pour \u00e9liminer les pellicules des cheveux et du cuir chevelu. Sa formule sp\u00e9ciale aide \u00e0 restaurer l'\u00e9quilibre naturel du cuir chevelu tout en laissant les cheveux doux et facilement coiffables. Les points forts de Sulfur 8 : - \u00c9limine efficacement les pellicules -\u2026","rel":"","context":"Similar post","block_context":{"text":"Similar post","link":""},"img":{"alt_text":"","src":"","width":0,"height":0},"classes":[]},{"id":31680,"url":"https:\/\/sakaba.mghosteur.com\/en\/product\/sulfur8-medicated-deep-cleaning-shampoo-340ml\/","url_meta":{"origin":29198,"position":2},"title":"SULFUR8 MEDICATED DEEP CLEANING SHAMPOO 340ML","author":"admin","date":"May 10, 2024","format":false,"excerpt":"D\u00e9couvrez Sulfur 8, un shampooing efficace con\u00e7u pour \u00e9liminer les pellicules des cheveux et du cuir chevelu. Sa formule sp\u00e9ciale aide \u00e0 restaurer l'\u00e9quilibre naturel du cuir chevelu tout en laissant les cheveux doux et facilement coiffables. Les points forts de Sulfur 8 : - \u00c9limine efficacement les pellicules -\u2026","rel":"","context":"Similar post","block_context":{"text":"Similar post","link":""},"img":{"alt_text":"","src":"","width":0,"height":0},"classes":[]},{"id":31689,"url":"https:\/\/sakaba.mghosteur.com\/en\/product\/sulfur8-medicated-orinal-formula-anti-dandruf\/","url_meta":{"origin":29198,"position":3},"title":"SULFUR8 MEDICATED ORINAL FORMULA ANTI-DANDRUF","author":"admin","date":"May 10, 2024","format":false,"excerpt":"D\u00e9couvrez cet apr\u00e8s-shampooing m\u00e9dicamenteux original con\u00e7u sp\u00e9cialement pour apaiser les d\u00e9mangeaisons et r\u00e9duire la desquamation du cuir chevelu caus\u00e9es par les pellicules. Sa formule innovante agit en profondeur pour soulager les irritations et restaurer l'\u00e9quilibre naturel de votre cuir chevelu. Pour des r\u00e9sultats optimaux, appliquez sur la zone concern\u00e9e jusqu'\u00e0\u2026","rel":"","context":"Similar post","block_context":{"text":"Similar post","link":""},"img":{"alt_text":"","src":"","width":0,"height":0},"classes":[]},{"id":27038,"url":"https:\/\/sakaba.mghosteur.com\/en\/product\/selsun-blue\/","url_meta":{"origin":29198,"position":4},"title":"Selsun Blue Shampoo","author":"admin","date":"November 28, 2022","format":false,"excerpt":"Ce shampooing antipelliculaire m\u00e9dicamenteux contient du menthol rafra\u00eechissant pour procurer une sensation apaisante et revigorante \u00e0 votre cuir chevelu et 1 % de sulfure de s\u00e9l\u00e9nium pour un contr\u00f4le maximal des pellicules.","rel":"","context":"Similar post","block_context":{"text":"Similar post","link":""},"img":{"alt_text":"","src":"","width":0,"height":0},"classes":[]},{"id":29730,"url":"https:\/\/sakaba.mghosteur.com\/en\/product\/palmers-shine-therapy-strong-roots-scalp-serum\/","url_meta":{"origin":29198,"position":5},"title":"PALMERS SHINE THERAPY STRONG ROOTS SCALP SERUM","author":"admin","date":"April 18, 2023","format":false,"excerpt":"Ce s\u00e9rum pour cuir chevelu est parfait pour ceux qui souffrent de d\u00e9mangeaisons et de s\u00e9cheresse, ainsi que pour l'entretien de coiffures protectrices. Gr\u00e2ce \u00e0 sa formule \u00e9quilibr\u00e9e en pH, il stimule la circulation sanguine pour favoriser la croissance des cheveux tout en hydratant le follicule pileux pour des cheveux\u2026","rel":"","context":"Similar post","block_context":{"text":"Similar post","link":""},"img":{"alt_text":"","src":"","width":0,"height":0},"classes":[]}],"_links":{"self":[{"href":"https:\/\/sakaba.mghosteur.com\/en\/wp-json\/wp\/v2\/product\/29198","targetHints":{"allow":["GET"]}}],"collection":[{"href":"https:\/\/sakaba.mghosteur.com\/en\/wp-json\/wp\/v2\/product"}],"about":[{"href":"https:\/\/sakaba.mghosteur.com\/en\/wp-json\/wp\/v2\/types\/product"}],"replies":[{"embeddable":true,"href":"https:\/\/sakaba.mghosteur.com\/en\/wp-json\/wp\/v2\/comments?post=29198"}],"version-history":[{"count":0,"href":"https:\/\/sakaba.mghosteur.com\/en\/wp-json\/wp\/v2\/product\/29198\/revisions"}],"wp:attachment":[{"href":"https:\/\/sakaba.mghosteur.com\/en\/wp-json\/wp\/v2\/media?parent=29198"}],"wp:term":[{"taxonomy":"product_brand","embeddable":true,"href":"https:\/\/sakaba.mghosteur.com\/en\/wp-json\/wp\/v2\/product_brand?post=29198"},{"taxonomy":"product_cat","embeddable":true,"href":"https:\/\/sakaba.mghosteur.com\/en\/wp-json\/wp\/v2\/product_cat?post=29198"},{"taxonomy":"product_tag","embeddable":true,"href":"https:\/\/sakaba.mghosteur.com\/en\/wp-json\/wp\/v2\/product_tag?post=29198"}],"curies":[{"name":"wp","href":"https:\/\/api.w.org\/{rel}","templated":true}]}}