{"id":29216,"date":"2023-03-21T16:09:55","date_gmt":"2023-03-21T16:09:55","guid":{"rendered":"http:\/\/www.sakababeauty.com\/?post_type=product&#038;p=29216"},"modified":"2024-08-07T00:34:56","modified_gmt":"2024-08-07T00:34:56","slug":"bha-clarify-gel-cream","status":"publish","type":"product","link":"https:\/\/sakaba.mghosteur.com\/en\/product\/bha-clarify-gel-cream\/","title":{"rendered":"BHA CLARIFY GEL CREAM"},"content":{"rendered":"<p>Le Gel-Cr\u00e8me Clarifiant BHA est une solution parfaite pour apaiser les peaux irrit\u00e9es sujettes aux imperfections. Ce produit est con\u00e7u avec une formule l\u00e9g\u00e8re qui contient un m\u00e9lange d&#8217;acide salicylique, d&#8217;extraits de th\u00e9 vert et de centella asiatica pour calmer la peau et lutter contre l&#8217;apparition des \u00e9ruptions cutan\u00e9es. De plus, les huiles de grenade et de p\u00e9pins de raisin hydratent la peau sans obstruer les pores, pour une peau claire et radieuse. Avec un format pratique de 30 ml \/ 1 oz et un pH de 5,2, ce produit est v\u00e9g\u00e9talien et n&#8217;a pas \u00e9t\u00e9 test\u00e9 sur les animaux, pour une exp\u00e9rience \u00e9thique et durable.<\/p>","protected":false},"excerpt":{"rendered":"<p>Le Gel-Cr\u00e8me Clarifiant BHA est une solution parfaite pour apaiser les peaux irrit\u00e9es sujettes aux imperfections. Ce produit est con\u00e7u avec une formule l\u00e9g\u00e8re qui contient un m\u00e9lange d&#8217;acide salicylique, d&#8217;extraits de th\u00e9 vert et de centella asiatica pour calmer la peau et lutter contre l&#8217;apparition des \u00e9ruptions cutan\u00e9es. De plus, les huiles de grenade<span class=\"read-more-faq\"><a href=\"https:\/\/sakaba.mghosteur.com\/en\/product\/bha-clarify-gel-cream\/\">Read More<\/a><\/span><\/p>","protected":false},"featured_media":0,"comment_status":"closed","ping_status":"closed","template":"","meta":[],"product_brand":[],"product_cat":[294,451,334],"product_tag":[],"class_list":{"0":"post-29216","1":"product","2":"type-product","3":"status-publish","5":"product_cat-acne","6":"product_cat-aab-soin-du-visage","7":"product_cat-traitement-serum","9":"first","10":"instock","11":"shipping-taxable","12":"product-type-simple"},"jetpack-related-posts":[{"id":26852,"url":"https:\/\/sakaba.mghosteur.com\/en\/product\/skin-perfecting-25aha-2bha-exfoliant-peel\/","url_meta":{"origin":29216,"position":0},"title":"SKIN PERFECTING 25%AHA +2%BHA EXFOLIANT PEEL","author":"admin","date":"November 28, 2022","format":false,"excerpt":"D\u00e9couvrez le Peeling Exfoliant 25% AHA + 2% BHA de la marque Paula's Choice, un gommage exfoliant multi-acides qui transformera votre peau en profondeur. Ce produit unique en son genre est con\u00e7u pour lisser les rides, affiner la texture de la peau, \u00e9claircir le teint et d\u00e9sobstruer les pores pour\u2026","rel":"","context":"Similar post","block_context":{"text":"Similar post","link":""},"img":{"alt_text":"","src":"","width":0,"height":0},"classes":[]},{"id":23934,"url":"https:\/\/sakaba.mghosteur.com\/en\/product\/cerave-acne-control-gel-2-salicylic-acid\/","url_meta":{"origin":29216,"position":1},"title":"CERAVE : ACNE CONTROL GEL 2% SALICYLIC ACID","author":"admin","date":"November 9, 2022","format":false,"excerpt":"Le gel anti-acn\u00e9 hydratant CeraVe Acne Control Gel est la solution compl\u00e8te pour traiter l'acn\u00e9 et pr\u00e9venir les \u00e9ruptions cutan\u00e9es futures. Avec sa formule l\u00e9g\u00e8re et non ass\u00e9chante, il est parfait pour une utilisation quotidienne et convient \u00e0 tous les types de peau, m\u00eame les plus sensibles. Enrichi en acides\u2026","rel":"","context":"Similar post","block_context":{"text":"Similar post","link":""},"img":{"alt_text":"","src":"","width":0,"height":0},"classes":[]},{"id":26966,"url":"https:\/\/sakaba.mghosteur.com\/en\/product\/bha-exfoliant-serum-2salicylic-acid-with-green-te\/","url_meta":{"origin":29216,"position":2},"title":"FACETHEORY BHA Exfoliating Serum S3","author":"admin","date":"November 28, 2022","format":false,"excerpt":"Le BHA Exfoliating Serum S3 de FACETHEORY est un exfoliant liquide sans rin\u00e7age reformul\u00e9 avec 5 % de BHA - 2 % d'acide salicylique et maintenant avec 3 % de carnitine - pour cibler l'acn\u00e9, les cellules mortes, les rides et les ridules tout en hydratant et nourrissant la peau.\u2026","rel":"","context":"Similar post","block_context":{"text":"Similar post","link":""},"img":{"alt_text":"","src":"","width":0,"height":0},"classes":[]},{"id":27474,"url":"https:\/\/sakaba.mghosteur.com\/en\/product\/the-ordinary-aha-30-bha-2-peeling-solution\/","url_meta":{"origin":29216,"position":3},"title":"The Ordinary AHA 30% + BHA 2% Peeling Solution","author":"admin","date":"November 29, 2022","format":false,"excerpt":"La Solution gommante AHA 30% + BHA 2% de The Ordinary est la solution id\u00e9ale pour exfolier en profondeur votre peau et lui donner un aspect plus lumineux et uniforme. Elle est formul\u00e9e avec des acides alpha-hydroxyl\u00e9s (AHA), des acides b\u00eata-hydroxyl\u00e9s (BHA) et un d\u00e9riv\u00e9 de poivre de Tasmanie \u00e9tudi\u00e9,\u2026","rel":"","context":"Similar post","block_context":{"text":"Similar post","link":""},"img":{"alt_text":"","src":"","width":0,"height":0},"classes":[]},{"id":26868,"url":"https:\/\/sakaba.mghosteur.com\/en\/product\/paula-choice-2-bha-liquid-exfoliant\/","url_meta":{"origin":29216,"position":4},"title":"PAULA CHOICE 2% BHA LIQUID EXFOLIANT","author":"admin","date":"November 28, 2022","format":false,"excerpt":"Le produit num\u00e9ro 1 de la marque Paula's Choice, cet exfoliant liquide 2% BHA est un favori culte qui nettoie en profondeur les pores, lisse les rides et unifie le teint de la peau. Sa formule douce sans rin\u00e7age \u00e0 base d'acide salicylique \u00e9prouv\u00e9 en clinique permet de d\u00e9sobstruer rapidement\u2026","rel":"","context":"Similar post","block_context":{"text":"Similar post","link":""},"img":{"alt_text":"","src":"","width":0,"height":0},"classes":[]},{"id":30207,"url":"https:\/\/sakaba.mghosteur.com\/en\/product\/the-body-exfoliator-eucalyptus\/","url_meta":{"origin":29216,"position":5},"title":"THE BODY EXFOLIATOR EUCALYPTUS","author":"admin","date":"May 4, 2023","format":false,"excerpt":"D\u00e9couvrez l'Exfoliant Corps Eucalyptus de la marque NECESSAIRE, un traitement hebdomadaire pour prendre soin de votre corps. Infus\u00e9 avec 6,5 % d'exfoliation physique (pierre ponce volcanique et charbon de bois de bambou), 1,25 % d'exfoliation chimique (AHA, BHA et PHA) et du niacinamide dans une base de tensioactif v\u00e9g\u00e9tal doux,\u2026","rel":"","context":"Similar post","block_context":{"text":"Similar post","link":""},"img":{"alt_text":"","src":"","width":0,"height":0},"classes":[]}],"_links":{"self":[{"href":"https:\/\/sakaba.mghosteur.com\/en\/wp-json\/wp\/v2\/product\/29216","targetHints":{"allow":["GET"]}}],"collection":[{"href":"https:\/\/sakaba.mghosteur.com\/en\/wp-json\/wp\/v2\/product"}],"about":[{"href":"https:\/\/sakaba.mghosteur.com\/en\/wp-json\/wp\/v2\/types\/product"}],"replies":[{"embeddable":true,"href":"https:\/\/sakaba.mghosteur.com\/en\/wp-json\/wp\/v2\/comments?post=29216"}],"version-history":[{"count":0,"href":"https:\/\/sakaba.mghosteur.com\/en\/wp-json\/wp\/v2\/product\/29216\/revisions"}],"wp:attachment":[{"href":"https:\/\/sakaba.mghosteur.com\/en\/wp-json\/wp\/v2\/media?parent=29216"}],"wp:term":[{"taxonomy":"product_brand","embeddable":true,"href":"https:\/\/sakaba.mghosteur.com\/en\/wp-json\/wp\/v2\/product_brand?post=29216"},{"taxonomy":"product_cat","embeddable":true,"href":"https:\/\/sakaba.mghosteur.com\/en\/wp-json\/wp\/v2\/product_cat?post=29216"},{"taxonomy":"product_tag","embeddable":true,"href":"https:\/\/sakaba.mghosteur.com\/en\/wp-json\/wp\/v2\/product_tag?post=29216"}],"curies":[{"name":"wp","href":"https:\/\/api.w.org\/{rel}","templated":true}]}}