{"id":29221,"date":"2023-03-21T16:26:44","date_gmt":"2023-03-21T16:26:44","guid":{"rendered":"http:\/\/www.sakababeauty.com\/?post_type=product&#038;p=29221"},"modified":"2024-06-13T14:16:25","modified_gmt":"2024-06-13T14:16:25","slug":"caffeine-energizing-hydrogel-eye-patches","status":"publish","type":"product","link":"https:\/\/sakaba.mghosteur.com\/en\/product\/caffeine-energizing-hydrogel-eye-patches\/","title":{"rendered":"CAFFEINE ENERGIZING HYDROGEL EYE PATCHES"},"content":{"rendered":"<p>Le CAFFEINE ENERGIZING HYDROGEL EYE PATCHES de Good Molecules est un produit essentiel pour ceux qui cherchent \u00e0 se r\u00e9veiller et \u00e0 rafra\u00eechir leur regard fatigu\u00e9. Ces patchs pour les yeux hydrogel \u00e0 la caf\u00e9ine sont con\u00e7us pour \u00e9claircir et hydrater la peau d\u00e9licate autour de vos yeux tout en r\u00e9duisant les poches en seulement 10 minutes. Non seulement ils sont efficaces, mais ils sont \u00e9galement respectueux de l&#8217;environnement et sans cruaut\u00e9, car Good Molecules s&#8217;engage \u00e0 ne pas tester ses produits sur les animaux. De plus, ces patchs oculaires hydrogel \u00e9nergisants \u00e0 la caf\u00e9ine sont \u00e9galement v\u00e9g\u00e9taliens et ont un pH \u00e9quilibr\u00e9 de 5,7 pour une exp\u00e9rience douce et apaisante. Ne laissez pas la fatigue de vos yeux affecter votre journ\u00e9e, ajoutez d\u00e8s maintenant les patchs oculaires hydrogel \u00e9nergisants \u00e0 la caf\u00e9ine de Good Molecules \u00e0 votre routine de soins de la peau.<\/p>","protected":false},"excerpt":{"rendered":"<p>Le CAFFEINE ENERGIZING HYDROGEL EYE PATCHES de Good Molecules est un produit essentiel pour ceux qui cherchent \u00e0 se r\u00e9veiller et \u00e0 rafra\u00eechir leur regard fatigu\u00e9. Ces patchs pour les yeux hydrogel \u00e0 la caf\u00e9ine sont con\u00e7us pour \u00e9claircir et hydrater la peau d\u00e9licate autour de vos yeux tout en r\u00e9duisant les poches en seulement<span class=\"read-more-faq\"><a href=\"https:\/\/sakaba.mghosteur.com\/en\/product\/caffeine-energizing-hydrogel-eye-patches\/\">Read More<\/a><\/span><\/p>","protected":false},"featured_media":0,"comment_status":"closed","ping_status":"closed","template":"","meta":[],"product_brand":[],"product_cat":[297],"product_tag":[],"class_list":{"0":"post-29221","1":"product","2":"type-product","3":"status-publish","5":"product_cat-yeux","7":"first","8":"instock","9":"shipping-taxable","10":"product-type-simple"},"jetpack-related-posts":[],"_links":{"self":[{"href":"https:\/\/sakaba.mghosteur.com\/en\/wp-json\/wp\/v2\/product\/29221","targetHints":{"allow":["GET"]}}],"collection":[{"href":"https:\/\/sakaba.mghosteur.com\/en\/wp-json\/wp\/v2\/product"}],"about":[{"href":"https:\/\/sakaba.mghosteur.com\/en\/wp-json\/wp\/v2\/types\/product"}],"replies":[{"embeddable":true,"href":"https:\/\/sakaba.mghosteur.com\/en\/wp-json\/wp\/v2\/comments?post=29221"}],"version-history":[{"count":0,"href":"https:\/\/sakaba.mghosteur.com\/en\/wp-json\/wp\/v2\/product\/29221\/revisions"}],"wp:attachment":[{"href":"https:\/\/sakaba.mghosteur.com\/en\/wp-json\/wp\/v2\/media?parent=29221"}],"wp:term":[{"taxonomy":"product_brand","embeddable":true,"href":"https:\/\/sakaba.mghosteur.com\/en\/wp-json\/wp\/v2\/product_brand?post=29221"},{"taxonomy":"product_cat","embeddable":true,"href":"https:\/\/sakaba.mghosteur.com\/en\/wp-json\/wp\/v2\/product_cat?post=29221"},{"taxonomy":"product_tag","embeddable":true,"href":"https:\/\/sakaba.mghosteur.com\/en\/wp-json\/wp\/v2\/product_tag?post=29221"}],"curies":[{"name":"wp","href":"https:\/\/api.w.org\/{rel}","templated":true}]}}