{"id":29224,"date":"2023-03-21T16:36:21","date_gmt":"2023-03-21T16:36:21","guid":{"rendered":"http:\/\/www.sakababeauty.com\/?post_type=product&#038;p=29224"},"modified":"2023-03-21T16:36:21","modified_gmt":"2023-03-21T16:36:21","slug":"gentle-retinol-cream","status":"publish","type":"product","link":"https:\/\/sakaba.mghosteur.com\/en\/product\/gentle-retinol-cream\/","title":{"rendered":"GENTLE RETINOL CREAM"},"content":{"rendered":"<p>La Cr\u00e8me Douceur au R\u00e9tinol de Good Molecules est un traitement de soin de la peau doux et efficace qui aide \u00e0 am\u00e9liorer l&#8217;apparence des ridules, des rides et du manque d&#8217;\u00e9lasticit\u00e9. La formule contient 0,1 % de r\u00e9tinol, ainsi que des ingr\u00e9dients nourrissants et apaisants pour hydrater la peau et minimiser la s\u00e9cheresse et l&#8217;irritation. Cette cr\u00e8me est pr\u00e9sent\u00e9e en format de 30 ml \/ 1 oz et est adapt\u00e9e aux v\u00e9g\u00e9taliens. En outre, elle est sans cruaut\u00e9 et sans parfum, ce qui la rend id\u00e9ale pour les peaux sensibles. Le pH de la cr\u00e8me est de 6, ce qui est optimal pour aider \u00e0 maintenir un \u00e9quilibre sain de la peau. Essayez la Cr\u00e8me Douceur au R\u00e9tinol de Good Molecules pour r\u00e9v\u00e9ler une peau d&#8217;apparence plus lisse et plus ferme.<\/p>","protected":false},"excerpt":{"rendered":"<p>La Cr\u00e8me Douceur au R\u00e9tinol de Good Molecules est un traitement de soin de la peau doux et efficace qui aide \u00e0 am\u00e9liorer l&#8217;apparence des ridules, des rides et du manque d&#8217;\u00e9lasticit\u00e9. La formule contient 0,1 % de r\u00e9tinol, ainsi que des ingr\u00e9dients nourrissants et apaisants pour hydrater la peau et minimiser la s\u00e9cheresse et<span class=\"read-more-faq\"><a href=\"https:\/\/sakaba.mghosteur.com\/en\/product\/gentle-retinol-cream\/\">Read More<\/a><\/span><\/p>","protected":false},"featured_media":0,"comment_status":"closed","ping_status":"closed","template":"","meta":[],"product_brand":[],"product_cat":[377],"product_tag":[],"class_list":{"0":"post-29224","1":"product","2":"type-product","3":"status-publish","5":"product_cat-bath-body-works","7":"first","8":"instock","9":"shipping-taxable","10":"product-type-simple"},"jetpack-related-posts":[{"id":26865,"url":"https:\/\/sakaba.mghosteur.com\/en\/product\/paula-choice-1retinol-booster\/","url_meta":{"origin":29224,"position":0},"title":"PAULA CHOICE 1%RETINOL BOOSTER","author":"admin","date":"November 28, 2022","format":false,"excerpt":"Le Booster de R\u00e9tinol 1% de Paula's Choice est un concentr\u00e9 l\u00e9ger qui aide \u00e0 am\u00e9liorer l'apparence de votre peau en uniformisant le teint, en r\u00e9duisant l'apparence des rides et en cr\u00e9ant un teint plus lisse et plus \u00e9clatant. La formule pure de r\u00e9tinol est lib\u00e9r\u00e9e lentement pour une efficacit\u00e9\u2026","rel":"","context":"Similar post","block_context":{"text":"Similar post","link":""},"img":{"alt_text":"","src":"","width":0,"height":0},"classes":[]},{"id":56099,"url":"https:\/\/sakaba.mghosteur.com\/en\/product\/advanced-clinicals-retinol-advanced-firming-cream\/","url_meta":{"origin":29224,"position":1},"title":"Advanced Clinicals Retinol Advanced Firming Cream","author":"Sope DIA","date":"January 2, 2026","format":false,"excerpt":"ADVANCED CLINICAL \u2013 RETINOL CREAM est infus\u00e9e d\u2019aloe vera, de camomille, de glyc\u00e9rine et de th\u00e9 vert. Ces composants agissent tous ensemble pour raffermir efficacement la peau et r\u00e9duire l\u2019apparence de la peau endommag\u00e9e par le soleil, des rides, des ridules et de la peau cr\u00e9pue. Aloe Vera prot\u00e8ge contre\u2026","rel":"","context":"Similar post","block_context":{"text":"Similar post","link":""},"img":{"alt_text":"","src":"","width":0,"height":0},"classes":[]},{"id":27248,"url":"https:\/\/sakaba.mghosteur.com\/en\/product\/good-molecules-niacinamide-serum\/","url_meta":{"origin":29224,"position":2},"title":"GOOD MOLECULES NIACINAMIDE SERUM 30ML","author":"admin","date":"November 29, 2022","format":false,"excerpt":"Le s\u00e9rum Niacinamide de la marque Good Molecules est un produit de soin pour la peau qui aide \u00e0 obtenir une peau lisse et uniforme tout en minimisant l'apparence des pores. Ce s\u00e9rum l\u00e9ger contient 10 % de niacinamide, une vitamine B3, qui aide \u00e0 affiner le teint et la\u2026","rel":"","context":"Similar post","block_context":{"text":"Similar post","link":""},"img":{"alt_text":"","src":"","width":0,"height":0},"classes":[]},{"id":56120,"url":"https:\/\/sakaba.mghosteur.com\/en\/product\/advanced-clinicals-dark-spot-brightening-cream\/","url_meta":{"origin":29224,"position":3},"title":"Advanced Clinicals Dark Spot Brightening Cream","author":"Sope DIA","date":"January 2, 2026","format":false,"excerpt":"Cr\u00e8me visage anti-taches : lisse et illumine visiblement le teint terne. Cette cr\u00e8me \u00e0 la vitamine C et \u00e0 l'acide lactique exfolie et hydrate pour am\u00e9liorer l'apparence des peaux irr\u00e9guli\u00e8res et fatigu\u00e9es. La peau est plus douce, plus uniforme et visiblement \u00e9clatante. Formul\u00e9e par des chimistes cosm\u00e9tiques pour les femmes\u2026","rel":"","context":"Similar post","block_context":{"text":"Similar post","link":""},"img":{"alt_text":"","src":"","width":0,"height":0},"classes":[]},{"id":28075,"url":"https:\/\/sakaba.mghosteur.com\/en\/product\/naturium-vitamin-c-super-serum-plus\/","url_meta":{"origin":29224,"position":4},"title":"NATURIUM VITAMIN C SUPER SERUM PLUS","author":"admin","date":"November 29, 2022","format":false,"excerpt":"Le s\u00e9rum suraliment\u00e9 et multi-b\u00e9n\u00e9fices est formul\u00e9 avec de la vitamine C, du r\u00e9tinol, de l'acide hyaluronique, de la niacinamide et de l'acide salicylique pour aider \u00e0 am\u00e9liorer l'apparence des ridules et des rides, lisser et \u00e9claircir l'apparence de la peau, tout en aidant \u00e0 prot\u00e9ger la peau des facteurs\u2026","rel":"","context":"Similar post","block_context":{"text":"Similar post","link":""},"img":{"alt_text":"","src":"","width":0,"height":0},"classes":[]},{"id":35978,"url":"https:\/\/sakaba.mghosteur.com\/en\/product\/medix-5-5-retinol-ferulic-acid-age-rewind-444ml\/","url_meta":{"origin":29224,"position":5},"title":"MEDIX 5.5 RETINOL FERULIC ACID AGE REWIND 444ML","author":"admin","date":"August 10, 2024","format":false,"excerpt":"MEDIX 5.5 \u2013 RETINOL CREAM contient d\u2019autres ingr\u00e9dients actifs tels que l\u2019acide f\u00e9rulique, le th\u00e9 vert, la vitamine E, le beurre de karit\u00e9 et l\u2019aloe vera qui agissent en synergie pour am\u00e9liorer la sant\u00e9 globale et l\u2019apparence de votre peau afin de donner \u00e0 votre peau un \u00e9clat jeune et\u2026","rel":"","context":"Similar post","block_context":{"text":"Similar post","link":""},"img":{"alt_text":"","src":"","width":0,"height":0},"classes":[]}],"_links":{"self":[{"href":"https:\/\/sakaba.mghosteur.com\/en\/wp-json\/wp\/v2\/product\/29224","targetHints":{"allow":["GET"]}}],"collection":[{"href":"https:\/\/sakaba.mghosteur.com\/en\/wp-json\/wp\/v2\/product"}],"about":[{"href":"https:\/\/sakaba.mghosteur.com\/en\/wp-json\/wp\/v2\/types\/product"}],"replies":[{"embeddable":true,"href":"https:\/\/sakaba.mghosteur.com\/en\/wp-json\/wp\/v2\/comments?post=29224"}],"version-history":[{"count":0,"href":"https:\/\/sakaba.mghosteur.com\/en\/wp-json\/wp\/v2\/product\/29224\/revisions"}],"wp:attachment":[{"href":"https:\/\/sakaba.mghosteur.com\/en\/wp-json\/wp\/v2\/media?parent=29224"}],"wp:term":[{"taxonomy":"product_brand","embeddable":true,"href":"https:\/\/sakaba.mghosteur.com\/en\/wp-json\/wp\/v2\/product_brand?post=29224"},{"taxonomy":"product_cat","embeddable":true,"href":"https:\/\/sakaba.mghosteur.com\/en\/wp-json\/wp\/v2\/product_cat?post=29224"},{"taxonomy":"product_tag","embeddable":true,"href":"https:\/\/sakaba.mghosteur.com\/en\/wp-json\/wp\/v2\/product_tag?post=29224"}],"curies":[{"name":"wp","href":"https:\/\/api.w.org\/{rel}","templated":true}]}}