{"id":29249,"date":"2023-03-21T18:54:46","date_gmt":"2023-03-21T18:54:46","guid":{"rendered":"http:\/\/www.sakababeauty.com\/?post_type=product&#038;p=29249"},"modified":"2023-03-21T19:01:25","modified_gmt":"2023-03-21T19:01:25","slug":"good-molecules-hyaluronic-acid-serum","status":"publish","type":"product","link":"https:\/\/sakaba.mghosteur.com\/en\/product\/good-molecules-hyaluronic-acid-serum\/","title":{"rendered":"GOOD MOLECULES HYALURONIC ACID SERUM"},"content":{"rendered":"<p>Le s\u00e9rum acide hyaluronique de Good Molecules est un produit incontournable pour une peau bien hydrat\u00e9e. Sa formule l\u00e9g\u00e8re attire l&#8217;humidit\u00e9 vers la peau pour une hydratation longue dur\u00e9e, offrant une apparence lisse et souple. Ce produit est disponible en format de 30 ml\/1 oz, est v\u00e9g\u00e9talien, sans gluten, sans parfum et n&#8217;a jamais \u00e9t\u00e9 test\u00e9 sur les animaux. Optez pour une peau bien hydrat\u00e9e et \u00e9clatante avec le s\u00e9rum \u00e0 l&#8217;acide hyaluronique de Good Molecules.<\/p>","protected":false},"excerpt":{"rendered":"<p>Le s\u00e9rum acide hyaluronique de Good Molecules est un produit incontournable pour une peau bien hydrat\u00e9e. Sa formule l\u00e9g\u00e8re attire l&#8217;humidit\u00e9 vers la peau pour une hydratation longue dur\u00e9e, offrant une apparence lisse et souple. Ce produit est disponible en format de 30 ml\/1 oz, est v\u00e9g\u00e9talien, sans gluten, sans parfum et n&#8217;a jamais \u00e9t\u00e9<span class=\"read-more-faq\"><a href=\"https:\/\/sakaba.mghosteur.com\/en\/product\/good-molecules-hyaluronic-acid-serum\/\">Read More<\/a><\/span><\/p>","protected":false},"featured_media":0,"comment_status":"closed","ping_status":"closed","template":"","meta":[],"product_brand":[],"product_cat":[377],"product_tag":[],"class_list":{"0":"post-29249","1":"product","2":"type-product","3":"status-publish","5":"product_cat-bath-body-works","7":"first","8":"instock","9":"shipping-taxable","10":"product-type-simple"},"jetpack-related-posts":[{"id":34745,"url":"https:\/\/sakaba.mghosteur.com\/en\/product\/jamaican-black-castor-oil-gm\/","url_meta":{"origin":29249,"position":0},"title":"SUNNY ISLE JAMAICAN BLACK CASTOR OIL GM","author":"admin","date":"May 31, 2024","format":false,"excerpt":"Sunny Isle The Original Jamaican Black Castor Oil is a hair oil that is made from pure Jamaican black castor seeds.\u00a0It is rich in nutrients such as omega fatty acids, vitamin E, and minerals, and is designed to moisturize dry hair, reduce breakage, and help repair damaged strands.\u00a0It has a\u2026","rel":"","context":"Similar post","block_context":{"text":"Similar post","link":""},"img":{"alt_text":"","src":"","width":0,"height":0},"classes":[]}],"_links":{"self":[{"href":"https:\/\/sakaba.mghosteur.com\/en\/wp-json\/wp\/v2\/product\/29249","targetHints":{"allow":["GET"]}}],"collection":[{"href":"https:\/\/sakaba.mghosteur.com\/en\/wp-json\/wp\/v2\/product"}],"about":[{"href":"https:\/\/sakaba.mghosteur.com\/en\/wp-json\/wp\/v2\/types\/product"}],"replies":[{"embeddable":true,"href":"https:\/\/sakaba.mghosteur.com\/en\/wp-json\/wp\/v2\/comments?post=29249"}],"version-history":[{"count":0,"href":"https:\/\/sakaba.mghosteur.com\/en\/wp-json\/wp\/v2\/product\/29249\/revisions"}],"wp:attachment":[{"href":"https:\/\/sakaba.mghosteur.com\/en\/wp-json\/wp\/v2\/media?parent=29249"}],"wp:term":[{"taxonomy":"product_brand","embeddable":true,"href":"https:\/\/sakaba.mghosteur.com\/en\/wp-json\/wp\/v2\/product_brand?post=29249"},{"taxonomy":"product_cat","embeddable":true,"href":"https:\/\/sakaba.mghosteur.com\/en\/wp-json\/wp\/v2\/product_cat?post=29249"},{"taxonomy":"product_tag","embeddable":true,"href":"https:\/\/sakaba.mghosteur.com\/en\/wp-json\/wp\/v2\/product_tag?post=29249"}],"curies":[{"name":"wp","href":"https:\/\/api.w.org\/{rel}","templated":true}]}}