{"id":29269,"date":"2023-03-22T13:12:05","date_gmt":"2023-03-22T13:12:05","guid":{"rendered":"http:\/\/www.sakababeauty.com\/?post_type=product&#038;p=29269"},"modified":"2023-03-22T13:17:40","modified_gmt":"2023-03-22T13:17:40","slug":"pure-cold-pressed-rosehip-seed-oil","status":"publish","type":"product","link":"https:\/\/sakaba.mghosteur.com\/en\/product\/pure-cold-pressed-rosehip-seed-oil\/","title":{"rendered":"PURE COLD-PRESSED ROSEHIP SEED OIL"},"content":{"rendered":"<p>D\u00e9couvrez l&#8217;Huile de Graines de Rose Musqu\u00e9e Pure Press\u00e9e \u00e0 Froid de Good Molecules &#8211; un produit de soin de la peau naturel et durable pour le visage. Cette huile l\u00e9g\u00e8re et hydratante est riche en antioxydants, en vitamine A naturelle et aide \u00e0 restaurer l&#8217;\u00e9lasticit\u00e9 de la peau. Cultiv\u00e9e de mani\u00e8re durable dans le sud du Chili en utilisant des pratiques de commerce \u00e9quitable, cette huile de graines de rose musqu\u00e9e est v\u00e9g\u00e9talienne, sans gluten, sans parfum et jamais test\u00e9e sur les animaux. Pour l&#8217;utiliser, r\u00e9chauffez quelques gouttes entre les paumes et pressez doucement sur la peau humide apr\u00e8s les s\u00e9rums \u00e0 base d&#8217;eau. Convient pour une utilisation quotidienne. Disponible en format pratique de 13 ml \/ 0,44 oz. Illuminez et repulpez votre peau avec cette huile de graines de rose musqu\u00e9e pure press\u00e9e \u00e0 froid de Good Molecules.<\/p>","protected":false},"excerpt":{"rendered":"<p>D\u00e9couvrez l&#8217;Huile de Graines de Rose Musqu\u00e9e Pure Press\u00e9e \u00e0 Froid de Good Molecules &#8211; un produit de soin de la peau naturel et durable pour le visage. Cette huile l\u00e9g\u00e8re et hydratante est riche en antioxydants, en vitamine A naturelle et aide \u00e0 restaurer l&#8217;\u00e9lasticit\u00e9 de la peau. Cultiv\u00e9e de mani\u00e8re durable dans le<span class=\"read-more-faq\"><a href=\"https:\/\/sakaba.mghosteur.com\/en\/product\/pure-cold-pressed-rosehip-seed-oil\/\">Read More<\/a><\/span><\/p>","protected":false},"featured_media":0,"comment_status":"closed","ping_status":"closed","template":"","meta":[],"product_brand":[],"product_cat":[377],"product_tag":[],"class_list":{"0":"post-29269","1":"product","2":"type-product","3":"status-publish","5":"product_cat-bath-body-works","7":"first","8":"instock","9":"shipping-taxable","10":"product-type-simple"},"jetpack-related-posts":[{"id":28199,"url":"https:\/\/sakaba.mghosteur.com\/en\/product\/100-organic-cold-pressed-rose-hip-seed-oil\/","url_meta":{"origin":29269,"position":0},"title":"THE ORDINARY 100% ORGANIC COLD-PRESSED  ROSE HIP SEED OIL","author":"admin","date":"November 30, 2022","format":false,"excerpt":"L'huile de graines de rose musqu\u00e9e 100 % biologique press\u00e9e \u00e0 froid de la marque The Ordinary est un produit de soin de la peau naturel et puissant. Cette huile hydratante est con\u00e7ue pour lutter contre les signes du vieillissement et \u00e9claircir et \u00e9quilibrer le teint de mani\u00e8re naturelle. Elle\u2026","rel":"","context":"Similar post","block_context":{"text":"Similar post","link":""},"img":{"alt_text":"","src":"","width":0,"height":0},"classes":[]},{"id":31432,"url":"https:\/\/sakaba.mghosteur.com\/en\/product\/kojie-san-skin-lightening-body-lotion\/","url_meta":{"origin":29269,"position":1},"title":"KOJIE SAN SKIN LIGHTENING BODY LOTION","author":"admin","date":"May 10, 2024","format":false,"excerpt":"D\u00e9couvrez la lotion \u00e9claircissante pour le corps Kojie-San dans sa version GRANDE bouteille de 200 g. Ce produit renferme un m\u00e9lange pr\u00e9cieux d'ingr\u00e9dients naturels, dont l'acide kojique, l'huile de rose musqu\u00e9e, le collag\u00e8ne et la vitamine E, pour une peau visiblement jeune et \u00e9clatante de sant\u00e9. Contenance : 200g Action\u2026","rel":"","context":"Similar post","block_context":{"text":"Similar post","link":""},"img":{"alt_text":"","src":"","width":0,"height":0},"classes":[]},{"id":56126,"url":"https:\/\/sakaba.mghosteur.com\/en\/product\/advanced-clinicals-vitamin-c-brightening-body-oil\/","url_meta":{"origin":29269,"position":2},"title":"Advanced Clinicals Vitamin C Brightening Body Oil","author":"Sope DIA","date":"January 2, 2026","format":false,"excerpt":"L'HUILE CORPORELLE \u00c0 LA VITAMINE C REVIENT LES TEINTS TERN\u00c9S POUR UN \u00c9CLAT \u00c9CLATANT ET SOUPLE \u2013 Cette huile corporelle nourrissante am\u00e9liore l'hydratation tout en adoucissant l'apparence des peaux irr\u00e9guli\u00e8res et ternes. La peau est douce, visiblement rafra\u00eechie et revitalis\u00e9e, avec un \u00e9clat sain. Formul\u00e9e par des chimistes cosm\u00e9tiques pour\u2026","rel":"","context":"Similar post","block_context":{"text":"Similar post","link":""},"img":{"alt_text":"","src":"","width":0,"height":0},"classes":[]},{"id":56218,"url":"https:\/\/sakaba.mghosteur.com\/en\/product\/tree-hut-moroccan-rose-shea-sugar-scrub\/","url_meta":{"origin":29269,"position":3},"title":"Tree Hut Moroccan Rose Shea Sugar Scrub","author":"Sope DIA","date":"January 3, 2026","format":false,"excerpt":"BEURRE DE KARIT\u00c9 100 % PUR ET NATUREL - Soin hydratant de qualit\u00e9 sup\u00e9rieure qui adoucit et lisse merveilleusement les peaux s\u00e8ches et gerc\u00e9es. HUILE DE GRAINES DE CARTHAME, HUILE D'AVOCAT, HUILE D'AMANDE DOUCE, HUILE DE GRAINES DE MACADAMIA, HUILE D'ORANGE - Des soins cutan\u00e9s exceptionnels qui pr\u00e9viennent le dess\u00e8chement\u2026","rel":"","context":"Similar post","block_context":{"text":"Similar post","link":""},"img":{"alt_text":"","src":"","width":0,"height":0},"classes":[]},{"id":30119,"url":"https:\/\/sakaba.mghosteur.com\/en\/product\/dr-bronners-pure-castile-bar-soap-rose\/","url_meta":{"origin":29269,"position":4},"title":"Dr. Bronners PURE-CASTILE BAR SOAP Rose","author":"admin","date":"May 3, 2023","format":false,"excerpt":"Floral et frais, avec un soup\u00e7on de douceur, notre savon en barre Rose Pure-Castile est fabriqu\u00e9 avec des ingr\u00e9dients certifi\u00e9s issus du commerce \u00e9quitable et de l'huile de graines de chanvre biologique cultiv\u00e9e aux \u00c9tats-Unis pour une mousse douce et lisse qui ne dess\u00e8che pas votre peau.\u00a0Biod\u00e9gradable dans un emballage\u2026","rel":"","context":"Similar post","block_context":{"text":"Similar post","link":""},"img":{"alt_text":"","src":"","width":0,"height":0},"classes":[]},{"id":27254,"url":"https:\/\/sakaba.mghosteur.com\/en\/product\/good-molecules-bakuchiol-oil-blend-for-only-skin\/","url_meta":{"origin":29269,"position":5},"title":"GOOD MOLECULES BAKUCHIOL OIL BLEND FOR ONLY SKIN","author":"admin","date":"November 29, 2022","format":false,"excerpt":"Le produit propos\u00e9 est le m\u00e9lange d'huiles de Bakuchiol pour peaux grasses de Good Molecules. Cette huile pour le visage est con\u00e7ue pour aider \u00e0 raffermir et \u00e0 tonifier la peau tout en offrant une hydratation nourrissante. Le m\u00e9lange est l\u00e9ger et \u00e0 absorption rapide, ce qui le rend id\u00e9al\u2026","rel":"","context":"Similar post","block_context":{"text":"Similar post","link":""},"img":{"alt_text":"","src":"","width":0,"height":0},"classes":[]}],"_links":{"self":[{"href":"https:\/\/sakaba.mghosteur.com\/en\/wp-json\/wp\/v2\/product\/29269","targetHints":{"allow":["GET"]}}],"collection":[{"href":"https:\/\/sakaba.mghosteur.com\/en\/wp-json\/wp\/v2\/product"}],"about":[{"href":"https:\/\/sakaba.mghosteur.com\/en\/wp-json\/wp\/v2\/types\/product"}],"replies":[{"embeddable":true,"href":"https:\/\/sakaba.mghosteur.com\/en\/wp-json\/wp\/v2\/comments?post=29269"}],"version-history":[{"count":0,"href":"https:\/\/sakaba.mghosteur.com\/en\/wp-json\/wp\/v2\/product\/29269\/revisions"}],"wp:attachment":[{"href":"https:\/\/sakaba.mghosteur.com\/en\/wp-json\/wp\/v2\/media?parent=29269"}],"wp:term":[{"taxonomy":"product_brand","embeddable":true,"href":"https:\/\/sakaba.mghosteur.com\/en\/wp-json\/wp\/v2\/product_brand?post=29269"},{"taxonomy":"product_cat","embeddable":true,"href":"https:\/\/sakaba.mghosteur.com\/en\/wp-json\/wp\/v2\/product_cat?post=29269"},{"taxonomy":"product_tag","embeddable":true,"href":"https:\/\/sakaba.mghosteur.com\/en\/wp-json\/wp\/v2\/product_tag?post=29269"}],"curies":[{"name":"wp","href":"https:\/\/api.w.org\/{rel}","templated":true}]}}