{"id":29281,"date":"2023-03-22T15:35:21","date_gmt":"2023-03-22T15:35:21","guid":{"rendered":"http:\/\/www.sakababeauty.com\/?post_type=product&#038;p=29281"},"modified":"2023-03-22T15:38:25","modified_gmt":"2023-03-22T15:38:25","slug":"good-molecules-yerba-mate-wake-up-eye-gel","status":"publish","type":"product","link":"https:\/\/sakaba.mghosteur.com\/en\/product\/good-molecules-yerba-mate-wake-up-eye-gel\/","title":{"rendered":"GOOD MOLECULES YERBA MATE WAKE UP EYE GEL"},"content":{"rendered":"<p>Dites adieu aux yeux fatigu\u00e9s avec le Gel Yeux R\u00e9veil Yerba Mate de Good Molecules. Infus\u00e9 d&#8217;extrait de yerba mate, ce gel apaisant pour les yeux est une source naturelle d&#8217;antioxydants et de polyph\u00e9nols pour une peau plus lumineuse et \u00e9clatante. Avec son format pratique de 15 ml, sa formule v\u00e9g\u00e9talienne et sans parfum ajout\u00e9, ce gel est facile \u00e0 utiliser et adapt\u00e9 \u00e0 tous les types de peau. Pour l&#8217;utiliser, il suffit de distribuer une petite quantit\u00e9 et de masser doucement autour de la zone des yeux jusqu&#8217;\u00e0 absorption compl\u00e8te. \u00c9vitez tout contact direct avec les yeux et profitez de ce moment de soin pour vous r\u00e9veiller en douceur.<\/p>","protected":false},"excerpt":{"rendered":"<p>Dites adieu aux yeux fatigu\u00e9s avec le Gel Yeux R\u00e9veil Yerba Mate de Good Molecules. Infus\u00e9 d&#8217;extrait de yerba mate, ce gel apaisant pour les yeux est une source naturelle d&#8217;antioxydants et de polyph\u00e9nols pour une peau plus lumineuse et \u00e9clatante. Avec son format pratique de 15 ml, sa formule v\u00e9g\u00e9talienne et sans parfum ajout\u00e9,<span class=\"read-more-faq\"><a href=\"https:\/\/sakaba.mghosteur.com\/en\/product\/good-molecules-yerba-mate-wake-up-eye-gel\/\">Read More<\/a><\/span><\/p>","protected":false},"featured_media":0,"comment_status":"closed","ping_status":"closed","template":"","meta":[],"product_brand":[],"product_cat":[297],"product_tag":[],"class_list":{"0":"post-29281","1":"product","2":"type-product","3":"status-publish","5":"product_cat-yeux","7":"first","8":"instock","9":"shipping-taxable","10":"product-type-simple"},"jetpack-related-posts":[{"id":29221,"url":"https:\/\/sakaba.mghosteur.com\/en\/product\/caffeine-energizing-hydrogel-eye-patches\/","url_meta":{"origin":29281,"position":0},"title":"CAFFEINE ENERGIZING HYDROGEL EYE PATCHES","author":"admin","date":"March 21, 2023","format":false,"excerpt":"Le CAFFEINE ENERGIZING HYDROGEL EYE PATCHES de Good Molecules est un produit essentiel pour ceux qui cherchent \u00e0 se r\u00e9veiller et \u00e0 rafra\u00eechir leur regard fatigu\u00e9. Ces patchs pour les yeux hydrogel \u00e0 la caf\u00e9ine sont con\u00e7us pour \u00e9claircir et hydrater la peau d\u00e9licate autour de vos yeux tout en\u2026","rel":"","context":"Similar post","block_context":{"text":"Similar post","link":""},"img":{"alt_text":"","src":"","width":0,"height":0},"classes":[]},{"id":31590,"url":"https:\/\/sakaba.mghosteur.com\/en\/product\/cosrx-low-ph-good-night-soft-peeling-gel\/","url_meta":{"origin":29281,"position":1},"title":"COSRX LOW PH GOOD NIGHT SOFT PEELING GEL","author":"admin","date":"May 10, 2024","format":false,"excerpt":"Gel peeling doux \u00e0 faible pH enrichi d'ingr\u00e9dients d'origine naturelle pour am\u00e9liorer l'\u00e9tat de la peau. Avec un pH similaire \u00e0 celui des composants protecteurs de la peau et de la barri\u00e8re, ce gel fonctionne parfaitement m\u00eame pour les peaux sensibles. Rapide, facile et pratique, ce gel peeling s'utilise directement\u2026","rel":"","context":"Similar post","block_context":{"text":"Similar post","link":""},"img":{"alt_text":"","src":"","width":0,"height":0},"classes":[]},{"id":27346,"url":"https:\/\/sakaba.mghosteur.com\/en\/product\/good-molecules-hydrate-cleanse-bar\/","url_meta":{"origin":29281,"position":2},"title":"GOOD MOLECULES HYDRATE &#038; CLEANSE BAR","author":"admin","date":"November 29, 2022","format":false,"excerpt":"La barre hydratante et nettoyante de la marque Good Molecules est un pain nettoyant ultra doux sans savon qui nettoie et hydrate votre peau en m\u00eame temps. Cette barre nettoyante est formul\u00e9e avec un m\u00e9lange d'ingr\u00e9dients hydratants pour maintenir un \u00e9quilibre hydrique sain pour votre peau. Elle est id\u00e9ale pour\u2026","rel":"","context":"Similar post","block_context":{"text":"Similar post","link":""},"img":{"alt_text":"","src":"","width":0,"height":0},"classes":[]},{"id":27136,"url":"https:\/\/sakaba.mghosteur.com\/en\/product\/necessaire-the-deodorant-gel-eucalyptus\/","url_meta":{"origin":29281,"position":3},"title":"NECESSAIRE THE DEODORANT GEL EUCALYPTUS","author":"admin","date":"November 29, 2022","format":false,"excerpt":"Le Gel D\u00e9odorant de NECESSAIRE est un produit de soin corporel clair \u00e0 s\u00e9chage rapide qui a \u00e9t\u00e9 sp\u00e9cialement con\u00e7u pour combattre les odeurs, traiter l'hyperpigmentation et minimiser les bosses. Avec une formule \u00e0 5 % d'AHA (acide alpha-hydroxyl\u00e9) et de niacinamide, ce d\u00e9odorant est hypoallerg\u00e9nique, test\u00e9 dermatologiquement et non\u2026","rel":"","context":"Similar post","block_context":{"text":"Similar post","link":""},"img":{"alt_text":"","src":"","width":0,"height":0},"classes":[]},{"id":34661,"url":"https:\/\/sakaba.mghosteur.com\/en\/product\/fenty-skin-thicc-n-smooth-creme-contour-yeux\/","url_meta":{"origin":29281,"position":4},"title":"FENTY SKIN THICC N SMOOTH CREME CONTOUR YEUX","author":"admin","date":"May 30, 2024","format":false,"excerpt":"Jeune ou adulte, il est temps de lutter contre la s\u00e9cheresse et les cernes sous les yeux avec une cr\u00e8me pour les yeux polyvalente. Hydratez, illuminez et r\u00e9duisez l'apparence des poches gr\u00e2ce \u00e0 un m\u00e9lange d'ingr\u00e9dients cibl\u00e9s sur les yeux, notamment des peptides, de la caf\u00e9ine et des vitamines qui\u2026","rel":"","context":"Similar post","block_context":{"text":"Similar post","link":""},"img":{"alt_text":"","src":"","width":0,"height":0},"classes":[]},{"id":30429,"url":"https:\/\/sakaba.mghosteur.com\/en\/product\/refreshingly-clear-facial-wash\/","url_meta":{"origin":29281,"position":5},"title":"REFRESHINGLY CLEAR FACIAL WASH","author":"admin","date":"May 10, 2023","format":false,"excerpt":"D\u00e9couvrez le nettoyant pour le visage NEUTROGENA Rafra\u00eechissant et clair au pamplemousse rose et \u00e0 la vitamine C, un nettoyant quotidien vivifiant pour le visage d\u00e9velopp\u00e9 avec des dermatologues. Sp\u00e9cialement con\u00e7u pour les peaux sujettes aux imperfections, ce gel nettoyant nettoie en douceur pour aider \u00e0 pr\u00e9venir les imperfections, sans\u2026","rel":"","context":"Similar post","block_context":{"text":"Similar post","link":""},"img":{"alt_text":"","src":"","width":0,"height":0},"classes":[]}],"_links":{"self":[{"href":"https:\/\/sakaba.mghosteur.com\/en\/wp-json\/wp\/v2\/product\/29281","targetHints":{"allow":["GET"]}}],"collection":[{"href":"https:\/\/sakaba.mghosteur.com\/en\/wp-json\/wp\/v2\/product"}],"about":[{"href":"https:\/\/sakaba.mghosteur.com\/en\/wp-json\/wp\/v2\/types\/product"}],"replies":[{"embeddable":true,"href":"https:\/\/sakaba.mghosteur.com\/en\/wp-json\/wp\/v2\/comments?post=29281"}],"version-history":[{"count":0,"href":"https:\/\/sakaba.mghosteur.com\/en\/wp-json\/wp\/v2\/product\/29281\/revisions"}],"wp:attachment":[{"href":"https:\/\/sakaba.mghosteur.com\/en\/wp-json\/wp\/v2\/media?parent=29281"}],"wp:term":[{"taxonomy":"product_brand","embeddable":true,"href":"https:\/\/sakaba.mghosteur.com\/en\/wp-json\/wp\/v2\/product_brand?post=29281"},{"taxonomy":"product_cat","embeddable":true,"href":"https:\/\/sakaba.mghosteur.com\/en\/wp-json\/wp\/v2\/product_cat?post=29281"},{"taxonomy":"product_tag","embeddable":true,"href":"https:\/\/sakaba.mghosteur.com\/en\/wp-json\/wp\/v2\/product_tag?post=29281"}],"curies":[{"name":"wp","href":"https:\/\/api.w.org\/{rel}","templated":true}]}}