{"id":29327,"date":"2023-04-03T11:24:17","date_gmt":"2023-04-03T11:24:17","guid":{"rendered":"http:\/\/www.sakababeauty.com\/?post_type=product&#038;p=29327"},"modified":"2024-08-30T03:29:03","modified_gmt":"2024-08-30T03:29:03","slug":"paula-choice-5-niacinamide-body-serum","status":"publish","type":"product","link":"https:\/\/sakaba.mghosteur.com\/en\/product\/paula-choice-5-niacinamide-body-serum\/","title":{"rendered":"PAULA CHOICE 5% NIACINAMIDE BODY SERUM"},"content":{"rendered":"<p>Ce S\u00e9rum Corps 5% Niacinamide de la marque Paula&#8217;s Choice est une solution l\u00e9g\u00e8re et efficace pour cibler les probl\u00e8mes de teint in\u00e9gal, de texture rugueuse et de d\u00e9coloration de la peau. Gr\u00e2ce \u00e0 sa composition contenant 5% de niacinamide et 5% de d-panth\u00e9nol, il peut \u00e9galement aider \u00e0 restaurer une barri\u00e8re cutan\u00e9e saine pour une apparence plus jeune et \u00e9clatante. De plus, il peut aider \u00e0 r\u00e9soudre les dommages caus\u00e9s par l&#8217;\u00e9pilation et le rasage, tout en am\u00e9liorant l&#8217;hydratation gr\u00e2ce \u00e0 sa texture l\u00e9g\u00e8re.<\/p>","protected":false},"excerpt":{"rendered":"<p>Ce S\u00e9rum Corps 5% Niacinamide de la marque Paula&#8217;s Choice est une solution l\u00e9g\u00e8re et efficace pour cibler les probl\u00e8mes de teint in\u00e9gal, de texture rugueuse et de d\u00e9coloration de la peau. Gr\u00e2ce \u00e0 sa composition contenant 5% de niacinamide et 5% de d-panth\u00e9nol, il peut \u00e9galement aider \u00e0 restaurer une barri\u00e8re cutan\u00e9e saine pour<span class=\"read-more-faq\"><a href=\"https:\/\/sakaba.mghosteur.com\/en\/product\/paula-choice-5-niacinamide-body-serum\/\">Read More<\/a><\/span><\/p>","protected":false},"featured_media":0,"comment_status":"closed","ping_status":"closed","template":"","meta":[],"product_brand":[],"product_cat":[293,286,1061],"product_tag":[],"class_list":{"0":"post-29327","1":"product","2":"type-product","3":"status-publish","5":"product_cat-anti-taches","6":"product_cat-corps","7":"product_cat-lait-huile_corporelle","9":"first","10":"instock","11":"shipping-taxable","12":"product-type-simple"},"jetpack-related-posts":[],"_links":{"self":[{"href":"https:\/\/sakaba.mghosteur.com\/en\/wp-json\/wp\/v2\/product\/29327","targetHints":{"allow":["GET"]}}],"collection":[{"href":"https:\/\/sakaba.mghosteur.com\/en\/wp-json\/wp\/v2\/product"}],"about":[{"href":"https:\/\/sakaba.mghosteur.com\/en\/wp-json\/wp\/v2\/types\/product"}],"replies":[{"embeddable":true,"href":"https:\/\/sakaba.mghosteur.com\/en\/wp-json\/wp\/v2\/comments?post=29327"}],"version-history":[{"count":0,"href":"https:\/\/sakaba.mghosteur.com\/en\/wp-json\/wp\/v2\/product\/29327\/revisions"}],"wp:attachment":[{"href":"https:\/\/sakaba.mghosteur.com\/en\/wp-json\/wp\/v2\/media?parent=29327"}],"wp:term":[{"taxonomy":"product_brand","embeddable":true,"href":"https:\/\/sakaba.mghosteur.com\/en\/wp-json\/wp\/v2\/product_brand?post=29327"},{"taxonomy":"product_cat","embeddable":true,"href":"https:\/\/sakaba.mghosteur.com\/en\/wp-json\/wp\/v2\/product_cat?post=29327"},{"taxonomy":"product_tag","embeddable":true,"href":"https:\/\/sakaba.mghosteur.com\/en\/wp-json\/wp\/v2\/product_tag?post=29327"}],"curies":[{"name":"wp","href":"https:\/\/api.w.org\/{rel}","templated":true}]}}