{"id":29351,"date":"2023-04-03T12:28:37","date_gmt":"2023-04-03T12:28:37","guid":{"rendered":"http:\/\/www.sakababeauty.com\/?post_type=product&#038;p=29351"},"modified":"2024-08-25T03:36:57","modified_gmt":"2024-08-25T03:36:57","slug":"paula-choice-extra-care-non-greasy-suncreen-spf-50","status":"publish","type":"product","link":"https:\/\/sakaba.mghosteur.com\/en\/product\/paula-choice-extra-care-non-greasy-suncreen-spf-50\/","title":{"rendered":"PAULA CHOICE EXTRA CARE NON GREASY SUNCREEN SPF 50"},"content":{"rendered":"<p>D\u00e9couvrez la Cr\u00e8me Solaire Extra Care Non Gras FPS 50 de la marque Paula&#8217;s Choice, un \u00e9cran solaire corporel r\u00e9sistant \u00e0 l&#8217;eau. Cette cr\u00e8me solaire est riche en antioxydants et offre une protection solaire synth\u00e9tique \u00e0 large spectre sans sensation de lourdeur. Vous aurez une sensation de l\u00e9g\u00e8ret\u00e9 et d&#8217;apesanteur sur votre peau gr\u00e2ce \u00e0 sa texture soyeuse et son fini mat lisse. Parfait pour les activit\u00e9s sportives et de plein air, la Cr\u00e8me Solaire Extra Care Non Gras FPS 50 est l&#8217;accessoire essentiel pour prot\u00e9ger votre peau du soleil.<\/p>","protected":false},"excerpt":{"rendered":"<p>D\u00e9couvrez la Cr\u00e8me Solaire Extra Care Non Gras FPS 50 de la marque Paula&#8217;s Choice, un \u00e9cran solaire corporel r\u00e9sistant \u00e0 l&#8217;eau. Cette cr\u00e8me solaire est riche en antioxydants et offre une protection solaire synth\u00e9tique \u00e0 large spectre sans sensation de lourdeur. Vous aurez une sensation de l\u00e9g\u00e8ret\u00e9 et d&#8217;apesanteur sur votre peau gr\u00e2ce \u00e0<span class=\"read-more-faq\"><a href=\"https:\/\/sakaba.mghosteur.com\/en\/product\/paula-choice-extra-care-non-greasy-suncreen-spf-50\/\">Read More<\/a><\/span><\/p>","protected":false},"featured_media":0,"comment_status":"closed","ping_status":"closed","template":"","meta":[],"product_brand":[],"product_cat":[1055,451],"product_tag":[],"class_list":{"0":"post-29351","1":"product","2":"type-product","3":"status-publish","5":"product_cat-protection-solaire-visage","6":"product_cat-aab-soin-du-visage","8":"first","9":"instock","10":"shipping-taxable","11":"product-type-simple"},"jetpack-related-posts":[{"id":25358,"url":"https:\/\/sakaba.mghosteur.com\/en\/product\/pipette-mineral-sunscreen-broad-spectrum-spf-50\/","url_meta":{"origin":29351,"position":0},"title":"PIPETTE MINERAL SUNSCREEN BROAD SPECTRUM  SPF 50","author":"admin","date":"November 14, 2022","format":false,"excerpt":"Cr\u00e8me solaire pour b\u00e9b\u00e9 qui convient \u00e0 toute la famille, cette cr\u00e8me solaire min\u00e9rale FPS 50 \u00e0 m\u00e9langer prot\u00e8ge des rayons nocifs du soleil gr\u00e2ce \u00e0 de l'oxyde de zinc non nano 100 % min\u00e9ral. Cette cr\u00e8me solaire l\u00e9g\u00e8re et sans danger pour les b\u00e9b\u00e9s est fabriqu\u00e9e avec un squalane\u2026","rel":"","context":"Similar post","block_context":{"text":"Similar post","link":""},"img":{"alt_text":"","src":"","width":0,"height":0},"classes":[]},{"id":30285,"url":"https:\/\/sakaba.mghosteur.com\/en\/product\/neutrogena-hydro-boost-50-sunscreen\/","url_meta":{"origin":29351,"position":1},"title":"NEUTROGENA HYDRO BOOST 50 SUNSCREEN","author":"admin","date":"May 5, 2023","format":false,"excerpt":"La lotion Neutrogena Hydro Boost Water Gel avec FPS 50 est un \u00e9cran solaire \u00e0 large spectre qui offre une protection puissante contre les rayons UVA et UVB. Cette lotion solaire l\u00e9g\u00e8re donne une sensation rafra\u00eechissante et hydrate la peau pendant 8 heures sans laisser de r\u00e9sidu gras ni de\u2026","rel":"","context":"Similar post","block_context":{"text":"Similar post","link":""},"img":{"alt_text":"","src":"","width":0,"height":0},"classes":[]},{"id":29036,"url":"https:\/\/sakaba.mghosteur.com\/en\/product\/cerave-hydrating-sunscreen-broad-spectrum-spf30-fac\/","url_meta":{"origin":29351,"position":2},"title":"CERAVE HYDRATING SUNSCREEN broad spectrum spf30 FAC","author":"admin","date":"March 10, 2023","format":false,"excerpt":"La Cr\u00e8me solaire hydratante \u00e0 large spectre FPS 30 pour le visage et le corps de la marque CeraVe est un produit de qualit\u00e9 sup\u00e9rieure con\u00e7u pour prot\u00e9ger votre peau contre les rayons nocifs du soleil. Cette formule hybride est adapt\u00e9e \u00e0 tous les types de peau, offrant une protection\u2026","rel":"","context":"Similar post","block_context":{"text":"Similar post","link":""},"img":{"alt_text":"","src":"","width":0,"height":0},"classes":[]},{"id":25583,"url":"https:\/\/sakaba.mghosteur.com\/en\/product\/neutrogena-hydro-boost-water-gel-30-lotion-sunscreen\/","url_meta":{"origin":29351,"position":3},"title":"NEUTROGENA HYDRO BOOST WATER GEL 30 LOTION SUNSCREEN","author":"admin","date":"November 14, 2022","format":false,"excerpt":"La lotion Neutrogena Hydro Boost Water Gel avec FPS 30 est un \u00e9cran solaire haute performance qui offre une protection UVA\/UVB \u00e0 large spectre tout en hydratant votre peau en profondeur. Sa formule r\u00e9volutionnaire d\u00e9salt\u00e8re votre peau et la garde en bonne sant\u00e9 tout en vous prot\u00e9geant du soleil. Cette\u2026","rel":"","context":"Similar post","block_context":{"text":"Similar post","link":""},"img":{"alt_text":"","src":"","width":0,"height":0},"classes":[]},{"id":29078,"url":"https:\/\/sakaba.mghosteur.com\/en\/product\/cerave-hydrating-sunscreen-broad-spectrum-30-body\/","url_meta":{"origin":29351,"position":4},"title":"CERAVE HYDRATING SUNSCREEN BROAD SPECTRUM 30 BODY","author":"admin","date":"March 13, 2023","format":false,"excerpt":"La cr\u00e8me solaire hydratante \u00e0 large spectre FPS 30 pour le visage et le corps de CeraVe est une cr\u00e8me solaire hybride min\u00e9rale\/chimique d\u00e9velopp\u00e9e avec des dermatologues pour offrir une protection efficace contre les rayons nocifs du soleil tout en hydratant la peau. Sa formule combine de l'oxyde de zinc\u2026","rel":"","context":"Similar post","block_context":{"text":"Similar post","link":""},"img":{"alt_text":"","src":"","width":0,"height":0},"classes":[]},{"id":26895,"url":"https:\/\/sakaba.mghosteur.com\/en\/product\/paula-choice-youth-extending-daily-hydrating-fluid-2\/","url_meta":{"origin":29351,"position":5},"title":"PAULA CHOICE YOUTH EXTENDING DAILY HYDRATING FLUID","author":"admin","date":"November 28, 2022","format":false,"excerpt":"Le Fluide Hydratant Quotidien Prolongateur de Jeunesse FPS 50 de la marque Paula's Choice est un produit l\u00e9ger \u00e0 base d'eau qui contient des antioxydants essentiels et une protection solaire \u00e0 large spectre pour pr\u00e9venir les signes de vieillissement et prot\u00e9ger votre peau des agressions ext\u00e9rieures. Il aide \u00e0 maintenir\u2026","rel":"","context":"Similar post","block_context":{"text":"Similar post","link":""},"img":{"alt_text":"","src":"","width":0,"height":0},"classes":[]}],"_links":{"self":[{"href":"https:\/\/sakaba.mghosteur.com\/en\/wp-json\/wp\/v2\/product\/29351","targetHints":{"allow":["GET"]}}],"collection":[{"href":"https:\/\/sakaba.mghosteur.com\/en\/wp-json\/wp\/v2\/product"}],"about":[{"href":"https:\/\/sakaba.mghosteur.com\/en\/wp-json\/wp\/v2\/types\/product"}],"replies":[{"embeddable":true,"href":"https:\/\/sakaba.mghosteur.com\/en\/wp-json\/wp\/v2\/comments?post=29351"}],"version-history":[{"count":0,"href":"https:\/\/sakaba.mghosteur.com\/en\/wp-json\/wp\/v2\/product\/29351\/revisions"}],"wp:attachment":[{"href":"https:\/\/sakaba.mghosteur.com\/en\/wp-json\/wp\/v2\/media?parent=29351"}],"wp:term":[{"taxonomy":"product_brand","embeddable":true,"href":"https:\/\/sakaba.mghosteur.com\/en\/wp-json\/wp\/v2\/product_brand?post=29351"},{"taxonomy":"product_cat","embeddable":true,"href":"https:\/\/sakaba.mghosteur.com\/en\/wp-json\/wp\/v2\/product_cat?post=29351"},{"taxonomy":"product_tag","embeddable":true,"href":"https:\/\/sakaba.mghosteur.com\/en\/wp-json\/wp\/v2\/product_tag?post=29351"}],"curies":[{"name":"wp","href":"https:\/\/api.w.org\/{rel}","templated":true}]}}