{"id":29363,"date":"2023-04-03T13:18:48","date_gmt":"2023-04-03T13:18:48","guid":{"rendered":"http:\/\/www.sakababeauty.com\/?post_type=product&#038;p=29363"},"modified":"2024-08-31T19:28:08","modified_gmt":"2024-08-31T19:28:08","slug":"faded-brightening-clearing-gel","status":"publish","type":"product","link":"https:\/\/sakaba.mghosteur.com\/en\/product\/faded-brightening-clearing-gel\/","title":{"rendered":"FADED BRIGHTENING CLEARING GEL"},"content":{"rendered":"<p>Le S\u00e9rum Faded de la marque TOPICALS est un traitement s\u00fbr et efficace contre les taches brunes et la d\u00e9coloration de la peau. Il est con\u00e7u pour r\u00e9duire les marques post-imperfections, les cicatrices et les taches, quelle que soit la couleur de peau. Ce s\u00e9rum doux peut \u00eatre utilis\u00e9 quotidiennement et les r\u00e9sultats sont visibles en seulement deux semaines.<\/p>","protected":false},"excerpt":{"rendered":"<p>Le S\u00e9rum Faded de la marque TOPICALS est un traitement s\u00fbr et efficace contre les taches brunes et la d\u00e9coloration de la peau. Il est con\u00e7u pour r\u00e9duire les marques post-imperfections, les cicatrices et les taches, quelle que soit la couleur de peau. Ce s\u00e9rum doux peut \u00eatre utilis\u00e9 quotidiennement et les r\u00e9sultats sont visibles<span class=\"read-more-faq\"><a href=\"https:\/\/sakaba.mghosteur.com\/en\/product\/faded-brightening-clearing-gel\/\">Read More<\/a><\/span><\/p>","protected":false},"featured_media":0,"comment_status":"closed","ping_status":"closed","template":"","meta":[],"product_brand":[],"product_cat":[293,291,451,334],"product_tag":[],"class_list":{"0":"post-29363","1":"product","2":"type-product","3":"status-publish","5":"product_cat-anti-taches","6":"product_cat-eclaircissant","7":"product_cat-aab-soin-du-visage","8":"product_cat-traitement-serum","10":"first","11":"instock","12":"shipping-taxable","13":"product-type-simple"},"jetpack-related-posts":[{"id":29381,"url":"https:\/\/sakaba.mghosteur.com\/en\/product\/tropicals-duo\/","url_meta":{"origin":29363,"position":0},"title":"TOPICALS DUO","author":"admin","date":"April 3, 2023","format":false,"excerpt":"D\u00e9couvrez DUO de la marque TOPICALS pour r\u00e9soudre vos probl\u00e8mes de peau s\u00e8che et d'hyperpigmentation. Le duo comprend le s\u00e9rum Faded et l'hydratant quotidien Like Butter. Le s\u00e9rum Faded est notre produit le plus vendu, con\u00e7u pour cibler les taches brunes et l'hyperpigmentation. Like Butter, quant \u00e0 lui, est un\u2026","rel":"","context":"Similar post","block_context":{"text":"Similar post","link":""},"img":{"alt_text":"","src":"","width":0,"height":0},"classes":[]},{"id":27568,"url":"https:\/\/sakaba.mghosteur.com\/en\/product\/brightening-clearing-brume-illuminant-et-purifiant-le-teint\/","url_meta":{"origin":29363,"position":1},"title":"BRIGHTENING &amp;CLEARING BRUME ILLUMINANT ET PURIFIANT LE TEINT","author":"admin","date":"November 29, 2022","format":false,"excerpt":"Dites adieu aux taches tenaces sur votre corps avec FADED | BRIGHTENING & CLEARING MIST de la marque TOPICALS. Cette brume corporelle d\u00e9licate est sp\u00e9cialement con\u00e7ue pour estomper l'apparence des cicatrices, des marques et des taches sombres, tout en laissant votre peau lisse et unifi\u00e9e. Profitez de l'odeur apaisante du\u2026","rel":"","context":"Similar post","block_context":{"text":"Similar post","link":""},"img":{"alt_text":"","src":"","width":0,"height":0},"classes":[]},{"id":32951,"url":"https:\/\/sakaba.mghosteur.com\/en\/product\/topicals-faded-brightening-clearing-serum-15-ml\/","url_meta":{"origin":29363,"position":2},"title":"TOPICALS FADED BRIGHTENING &amp; CLEARING SERUM 15 ML","author":"admin","date":"May 16, 2024","format":false,"excerpt":"","rel":"","context":"Similar post","block_context":{"text":"Similar post","link":""},"img":{"alt_text":"","src":"","width":0,"height":0},"classes":[]},{"id":32883,"url":"https:\/\/sakaba.mghosteur.com\/en\/product\/faded-brightening-clearing-gel-50-ml\/","url_meta":{"origin":29363,"position":3},"title":"FADED BRIGHTENING CLEARING GEL 50 ML","author":"admin","date":"May 16, 2024","format":false,"excerpt":"","rel":"","context":"Similar post","block_context":{"text":"Similar post","link":""},"img":{"alt_text":"","src":"","width":0,"height":0},"classes":[]},{"id":29372,"url":"https:\/\/sakaba.mghosteur.com\/en\/product\/topicals-faded-brightening-clearing-eye-masks\/","url_meta":{"origin":29363,"position":4},"title":"TOPICALS FADED BRIGHTENING &amp; CLEARING EYE MASKS","author":"admin","date":"April 3, 2023","format":false,"excerpt":"D\u00e9couvrez Slick Salve de la marque TOPICALS - une pommade baume \u00e0 huile tout usage qui hydrate votre peau et maintient la s\u00e9cheresse \u00e0 l'\u00e9cart. Utilisez-la sur vos l\u00e8vres, vos cuticules ou toute zone dess\u00e9ch\u00e9e pour un soulagement instantan\u00e9. Appliquez une fine couche uniforme et r\u00e9appliquez au besoin pour une\u2026","rel":"","context":"Similar post","block_context":{"text":"Similar post","link":""},"img":{"alt_text":"","src":"","width":0,"height":0},"classes":[]},{"id":24733,"url":"https:\/\/sakaba.mghosteur.com\/en\/product\/differin-dark-spot-correcting-serum\/","url_meta":{"origin":29363,"position":5},"title":"DIFFERIN DARK SPOT CORRECTING SERUM","author":"admin","date":"November 10, 2022","format":false,"excerpt":"Le s\u00e9rum correcteur de taches brunes Differin est un s\u00e9rum pour le visage qui aide \u00e0 r\u00e9duire l'apparence des marques post-acn\u00e9, de l'hyperpigmentation, des taches, des taches de vieillesse et m\u00eame des taches de rousseur. Il contient 4 % de niacinamide, un ingr\u00e9dient \u00e9claircissant cliniquement prouv\u00e9. Il contient \u00e9galement de\u2026","rel":"","context":"Similar post","block_context":{"text":"Similar post","link":""},"img":{"alt_text":"","src":"","width":0,"height":0},"classes":[]}],"_links":{"self":[{"href":"https:\/\/sakaba.mghosteur.com\/en\/wp-json\/wp\/v2\/product\/29363","targetHints":{"allow":["GET"]}}],"collection":[{"href":"https:\/\/sakaba.mghosteur.com\/en\/wp-json\/wp\/v2\/product"}],"about":[{"href":"https:\/\/sakaba.mghosteur.com\/en\/wp-json\/wp\/v2\/types\/product"}],"replies":[{"embeddable":true,"href":"https:\/\/sakaba.mghosteur.com\/en\/wp-json\/wp\/v2\/comments?post=29363"}],"version-history":[{"count":0,"href":"https:\/\/sakaba.mghosteur.com\/en\/wp-json\/wp\/v2\/product\/29363\/revisions"}],"wp:attachment":[{"href":"https:\/\/sakaba.mghosteur.com\/en\/wp-json\/wp\/v2\/media?parent=29363"}],"wp:term":[{"taxonomy":"product_brand","embeddable":true,"href":"https:\/\/sakaba.mghosteur.com\/en\/wp-json\/wp\/v2\/product_brand?post=29363"},{"taxonomy":"product_cat","embeddable":true,"href":"https:\/\/sakaba.mghosteur.com\/en\/wp-json\/wp\/v2\/product_cat?post=29363"},{"taxonomy":"product_tag","embeddable":true,"href":"https:\/\/sakaba.mghosteur.com\/en\/wp-json\/wp\/v2\/product_tag?post=29363"}],"curies":[{"name":"wp","href":"https:\/\/api.w.org\/{rel}","templated":true}]}}