{"id":29381,"date":"2023-04-03T14:24:18","date_gmt":"2023-04-03T14:24:18","guid":{"rendered":"http:\/\/www.sakababeauty.com\/?post_type=product&#038;p=29381"},"modified":"2024-08-07T20:54:25","modified_gmt":"2024-08-07T20:54:25","slug":"tropicals-duo","status":"publish","type":"product","link":"https:\/\/sakaba.mghosteur.com\/en\/product\/tropicals-duo\/","title":{"rendered":"TOPICALS DUO"},"content":{"rendered":"<p>D\u00e9couvrez DUO de la marque TOPICALS pour r\u00e9soudre vos probl\u00e8mes de peau s\u00e8che et d&#8217;hyperpigmentation. Le duo comprend le s\u00e9rum Faded et l&#8217;hydratant quotidien Like Butter. Le s\u00e9rum Faded est notre produit le plus vendu, con\u00e7u pour cibler les taches brunes et l&#8217;hyperpigmentation. Like Butter, quant \u00e0 lui, est un hydratant suraliment\u00e9 avec 1% d&#8217;avoine collo\u00efdale, cliniquement prouv\u00e9 pour r\u00e9soudre les probl\u00e8mes de peau s\u00e8che et d&#8217;ecz\u00e9ma. Le duo est sans danger pour l&#8217;ecz\u00e9ma et l&#8217;hyperpigmentation. Essayez-le d\u00e8s maintenant !<\/p>","protected":false},"excerpt":{"rendered":"<p>D\u00e9couvrez DUO de la marque TOPICALS pour r\u00e9soudre vos probl\u00e8mes de peau s\u00e8che et d&#8217;hyperpigmentation. Le duo comprend le s\u00e9rum Faded et l&#8217;hydratant quotidien Like Butter. Le s\u00e9rum Faded est notre produit le plus vendu, con\u00e7u pour cibler les taches brunes et l&#8217;hyperpigmentation. Like Butter, quant \u00e0 lui, est un hydratant suraliment\u00e9 avec 1% d&#8217;avoine<span class=\"read-more-faq\"><a href=\"https:\/\/sakaba.mghosteur.com\/en\/product\/tropicals-duo\/\">Read More<\/a><\/span><\/p>","protected":false},"featured_media":0,"comment_status":"closed","ping_status":"closed","template":"","meta":[],"product_brand":[],"product_cat":[451,334],"product_tag":[],"class_list":{"0":"post-29381","1":"product","2":"type-product","3":"status-publish","5":"product_cat-aab-soin-du-visage","6":"product_cat-traitement-serum","8":"first","9":"instock","10":"shipping-taxable","11":"product-type-simple"},"jetpack-related-posts":[{"id":27520,"url":"https:\/\/sakaba.mghosteur.com\/en\/product\/topicals-hydrating-mask-like-butter\/","url_meta":{"origin":29381,"position":0},"title":"TOPICALS HYDRATING MASK LIKE BUTTER","author":"admin","date":"November 29, 2022","format":false,"excerpt":"D\u00e9couvrez le produit Comme le beurre hydratant de la marque TOPICALS, un hydratant quotidien suraliment\u00e9 avec 1 % d'avoine collo\u00efdale. Il est cliniquement prouv\u00e9 pour cibler la s\u00e9cheresse extr\u00eame et les peaux sujettes \u00e0 l'ecz\u00e9ma. Utilisez ce produit pour renforcer la barri\u00e8re cutan\u00e9e et augmenter le TLC pour les peaux\u2026","rel":"","context":"Similar post","block_context":{"text":"Similar post","link":""},"img":{"alt_text":"","src":"","width":0,"height":0},"classes":[]},{"id":34860,"url":"https:\/\/sakaba.mghosteur.com\/en\/product\/glow-recipe-hey-you-youre-glowing-coffret\/","url_meta":{"origin":29381,"position":1},"title":"GLOW RECIPE HEY YOU, YOU\u2019RE GLOWING COFFRET","author":"admin","date":"June 3, 2024","format":false,"excerpt":"Un duo best-seller en format standard contenant de la niacinamide et de l'acide hyaluronique pour resserrer visiblement les pores et \u00e9claircir la peau pour un aspect hydrat\u00e9 et \u00e9clatant. Ce duo devenu viral comprend le tonique Watermelon Glow PHA + BHA Pore-Tight, qui lisse et hydrate pour une peau visiblement\u2026","rel":"","context":"Similar post","block_context":{"text":"Similar post","link":""},"img":{"alt_text":"","src":"","width":0,"height":0},"classes":[]},{"id":34658,"url":"https:\/\/sakaba.mghosteur.com\/en\/product\/fenty-skin-the-body-duo\/","url_meta":{"origin":29381,"position":2},"title":"Fenty Beauty by Rihanna Fenty Skin The Body Duo Set Buff Ryder Exfoliating Body Scrub 57g + Butta Drop Whipped Oil","author":"admin","date":"May 30, 2024","format":false,"excerpt":"Fenty Skin - Duo Mini Gommage Corps + Cr\u00e8me Hydratante Essentiels Un ensemble comprenant un gommage corporel de format voyage et une cr\u00e8me corporelle \u00e0 l'huile fouett\u00e9e de format voyage pour vous donner une peau lisse, douce et souple. Cet ensemble vous aidera \u00e0 obtenir un \u00e9clat inspir\u00e9 des Cara\u00efbes\u2026","rel":"","context":"Similar post","block_context":{"text":"Similar post","link":""},"img":{"alt_text":"","src":"","width":0,"height":0},"classes":[]},{"id":27568,"url":"https:\/\/sakaba.mghosteur.com\/en\/product\/brightening-clearing-brume-illuminant-et-purifiant-le-teint\/","url_meta":{"origin":29381,"position":3},"title":"BRIGHTENING &amp;CLEARING BRUME ILLUMINANT ET PURIFIANT LE TEINT","author":"admin","date":"November 29, 2022","format":false,"excerpt":"Dites adieu aux taches tenaces sur votre corps avec FADED | BRIGHTENING & CLEARING MIST de la marque TOPICALS. Cette brume corporelle d\u00e9licate est sp\u00e9cialement con\u00e7ue pour estomper l'apparence des cicatrices, des marques et des taches sombres, tout en laissant votre peau lisse et unifi\u00e9e. Profitez de l'odeur apaisante du\u2026","rel":"","context":"Similar post","block_context":{"text":"Similar post","link":""},"img":{"alt_text":"","src":"","width":0,"height":0},"classes":[]},{"id":29372,"url":"https:\/\/sakaba.mghosteur.com\/en\/product\/topicals-faded-brightening-clearing-eye-masks\/","url_meta":{"origin":29381,"position":4},"title":"TOPICALS FADED BRIGHTENING &amp; CLEARING EYE MASKS","author":"admin","date":"April 3, 2023","format":false,"excerpt":"D\u00e9couvrez Slick Salve de la marque TOPICALS - une pommade baume \u00e0 huile tout usage qui hydrate votre peau et maintient la s\u00e9cheresse \u00e0 l'\u00e9cart. Utilisez-la sur vos l\u00e8vres, vos cuticules ou toute zone dess\u00e9ch\u00e9e pour un soulagement instantan\u00e9. Appliquez une fine couche uniforme et r\u00e9appliquez au besoin pour une\u2026","rel":"","context":"Similar post","block_context":{"text":"Similar post","link":""},"img":{"alt_text":"","src":"","width":0,"height":0},"classes":[]},{"id":29363,"url":"https:\/\/sakaba.mghosteur.com\/en\/product\/faded-brightening-clearing-gel\/","url_meta":{"origin":29381,"position":5},"title":"FADED BRIGHTENING CLEARING GEL","author":"admin","date":"April 3, 2023","format":false,"excerpt":"Le S\u00e9rum Faded de la marque TOPICALS est un traitement s\u00fbr et efficace contre les taches brunes et la d\u00e9coloration de la peau. Il est con\u00e7u pour r\u00e9duire les marques post-imperfections, les cicatrices et les taches, quelle que soit la couleur de peau. Ce s\u00e9rum doux peut \u00eatre utilis\u00e9 quotidiennement\u2026","rel":"","context":"Similar post","block_context":{"text":"Similar post","link":""},"img":{"alt_text":"","src":"","width":0,"height":0},"classes":[]}],"_links":{"self":[{"href":"https:\/\/sakaba.mghosteur.com\/en\/wp-json\/wp\/v2\/product\/29381","targetHints":{"allow":["GET"]}}],"collection":[{"href":"https:\/\/sakaba.mghosteur.com\/en\/wp-json\/wp\/v2\/product"}],"about":[{"href":"https:\/\/sakaba.mghosteur.com\/en\/wp-json\/wp\/v2\/types\/product"}],"replies":[{"embeddable":true,"href":"https:\/\/sakaba.mghosteur.com\/en\/wp-json\/wp\/v2\/comments?post=29381"}],"version-history":[{"count":0,"href":"https:\/\/sakaba.mghosteur.com\/en\/wp-json\/wp\/v2\/product\/29381\/revisions"}],"wp:attachment":[{"href":"https:\/\/sakaba.mghosteur.com\/en\/wp-json\/wp\/v2\/media?parent=29381"}],"wp:term":[{"taxonomy":"product_brand","embeddable":true,"href":"https:\/\/sakaba.mghosteur.com\/en\/wp-json\/wp\/v2\/product_brand?post=29381"},{"taxonomy":"product_cat","embeddable":true,"href":"https:\/\/sakaba.mghosteur.com\/en\/wp-json\/wp\/v2\/product_cat?post=29381"},{"taxonomy":"product_tag","embeddable":true,"href":"https:\/\/sakaba.mghosteur.com\/en\/wp-json\/wp\/v2\/product_tag?post=29381"}],"curies":[{"name":"wp","href":"https:\/\/api.w.org\/{rel}","templated":true}]}}