{"id":29390,"date":"2023-04-03T14:38:10","date_gmt":"2023-04-03T14:38:10","guid":{"rendered":"http:\/\/www.sakababeauty.com\/?post_type=product&#038;p=29390"},"modified":"2024-08-07T20:58:44","modified_gmt":"2024-08-07T20:58:44","slug":"topicals-ingrown-tonic-lotion-tonique-pour-poils","status":"publish","type":"product","link":"https:\/\/sakaba.mghosteur.com\/en\/product\/topicals-ingrown-tonic-lotion-tonique-pour-poils\/","title":{"rendered":"TOPICALS INGROWN TONIC LOTION TONIQUE POUR POILS"},"content":{"rendered":"<p>Tonique incarn\u00e9 High Roller est un produit id\u00e9al pour ceux qui souffrent de coupures de rasoir et d&#8217;irritations. Il est con\u00e7u pour apaiser les irritations et pr\u00e9venir les bosses caus\u00e9es par les poils incarn\u00e9s. Son emballage hygi\u00e9nique est facile \u00e0 utiliser, sans g\u00e2chis et rend le traitement des poils incarn\u00e9s simple et efficace. Avec le Tonique incarn\u00e9 High Roller, vous \u00eates s\u00fbr de gagner le jackpot ultime en mati\u00e8re de soin de la peau apr\u00e8s le rasage.<\/p>","protected":false},"excerpt":{"rendered":"<p>Tonique incarn\u00e9 High Roller est un produit id\u00e9al pour ceux qui souffrent de coupures de rasoir et d&#8217;irritations. Il est con\u00e7u pour apaiser les irritations et pr\u00e9venir les bosses caus\u00e9es par les poils incarn\u00e9s. Son emballage hygi\u00e9nique est facile \u00e0 utiliser, sans g\u00e2chis et rend le traitement des poils incarn\u00e9s simple et efficace. Avec le<span class=\"read-more-faq\"><a href=\"https:\/\/sakaba.mghosteur.com\/en\/product\/topicals-ingrown-tonic-lotion-tonique-pour-poils\/\">Read More<\/a><\/span><\/p>","protected":false},"featured_media":0,"comment_status":"closed","ping_status":"closed","template":"","meta":[],"product_brand":[],"product_cat":[447,1062],"product_tag":[],"class_list":{"0":"post-29390","1":"product","2":"type-product","3":"status-publish","5":"product_cat-aac-bain-et-corps","6":"product_cat-epilation","8":"first","9":"instock","10":"shipping-taxable","11":"product-type-simple"},"jetpack-related-posts":[{"id":27864,"url":"https:\/\/sakaba.mghosteur.com\/en\/product\/first-aid-beauty-ingrown-hair-pads\/","url_meta":{"origin":29390,"position":0},"title":"FIRST AID BEAUTY INGROWN HAIR PADS","author":"admin","date":"November 29, 2022","format":false,"excerpt":"Les tampons pour poils incarn\u00e9s First Aid Beauty sont des tampons \u00e0 usage unique qui exfolient la peau pour pr\u00e9venir les bosses de rasoir et les poils incarn\u00e9s douloureux. Ils contiennent des acides glycolique et salicylique et sont con\u00e7us pour \u00eatre utilis\u00e9s 24 heures apr\u00e8s l'\u00e9pilation. Les tampons sont formul\u00e9s\u2026","rel":"","context":"Similar post","block_context":{"text":"Similar post","link":""},"img":{"alt_text":"","src":"","width":0,"height":0},"classes":[]},{"id":32395,"url":"https:\/\/sakaba.mghosteur.com\/en\/product\/sol-de-janeiro-rio-deo\/","url_meta":{"origin":29390,"position":1},"title":"SOL DE JANEIRO RIO DEO","author":"admin","date":"May 14, 2024","format":false,"excerpt":"Au Br\u00e9sil, chaque centim\u00e8tre carr\u00e9 de peau est pr\u00e9cieux. Les aisselles ne font pas exception. Le d\u00e9odorant Rio Deo, d\u00e9pourvu d'aluminium et de bicarbonate de soude, combat les odeurs, vous assurant une fra\u00eecheur agr\u00e9able du matin au soir, \u00e0 la mani\u00e8re de Sol de Janeiro. Ce d\u00e9odorant ne se contente\u2026","rel":"","context":"Similar post","block_context":{"text":"Similar post","link":""},"img":{"alt_text":"","src":"","width":0,"height":0},"classes":[]},{"id":30187,"url":"https:\/\/sakaba.mghosteur.com\/en\/product\/necessaire-the-body-bar-le-savon-bar\/","url_meta":{"origin":29390,"position":2},"title":"NECESSAIRE THE BODY BAR LE SAVON BAR","author":"admin","date":"May 4, 2023","format":false,"excerpt":"D\u00e9couvrez le Pain Exfoliant Corps de la marque N\u00e9cessaire\u2122, con\u00e7u pour prendre soin de votre peau et de la plan\u00e8te. Cette barre exfoliante mod\u00e9r\u00e9e \u00e0 2% est id\u00e9ale pour les patchs de k\u00e9ratose pilaire, les zones rugueuses et les poils incarn\u00e9s secs. La base hydratante douce est infus\u00e9e de 5\u2026","rel":"","context":"Similar post","block_context":{"text":"Similar post","link":""},"img":{"alt_text":"","src":"","width":0,"height":0},"classes":[]},{"id":30207,"url":"https:\/\/sakaba.mghosteur.com\/en\/product\/the-body-exfoliator-eucalyptus\/","url_meta":{"origin":29390,"position":3},"title":"THE BODY EXFOLIATOR EUCALYPTUS","author":"admin","date":"May 4, 2023","format":false,"excerpt":"D\u00e9couvrez l'Exfoliant Corps Eucalyptus de la marque NECESSAIRE, un traitement hebdomadaire pour prendre soin de votre corps. Infus\u00e9 avec 6,5 % d'exfoliation physique (pierre ponce volcanique et charbon de bois de bambou), 1,25 % d'exfoliation chimique (AHA, BHA et PHA) et du niacinamide dans une base de tensioactif v\u00e9g\u00e9tal doux,\u2026","rel":"","context":"Similar post","block_context":{"text":"Similar post","link":""},"img":{"alt_text":"","src":"","width":0,"height":0},"classes":[]},{"id":30191,"url":"https:\/\/sakaba.mghosteur.com\/en\/product\/necessaire-the-body-exfoliator-fragrance-free\/","url_meta":{"origin":29390,"position":4},"title":"NECESSAIRE THE BODY EXFOLIATOR FRAGRANCE FREE","author":"admin","date":"May 4, 2023","format":false,"excerpt":"D\u00e9couvrez le Body Exfoliator de N\u00e9cessaire\u2122, un traitement hebdomadaire d'exfoliation physique et chimique pour votre corps. Infus\u00e9 avec 6,5% d'exfoliation physique, incluant de la pierre ponce volcanique et du charbon de bambou, ainsi que 1,25% d'exfoliation chimique incluant des acides AHA, BHA et PHA, cet exfoliant efficace est con\u00e7u pour\u2026","rel":"","context":"Similar post","block_context":{"text":"Similar post","link":""},"img":{"alt_text":"","src":"","width":0,"height":0},"classes":[]},{"id":32417,"url":"https:\/\/sakaba.mghosteur.com\/en\/product\/sol-janeiro-bom-dia-bright-clarifying-aha-bha-body-wash-385ml\/","url_meta":{"origin":29390,"position":5},"title":"SOL JANEIRO BOM DIA BRIGHT CLARIFYING AHA BHA BODY WASH 385ML","author":"admin","date":"May 14, 2024","format":false,"excerpt":"SOL DE JANEIRO BOM DIA BRIGHT GEL DOUCHE CLARIFIANT AHA BHA 385 ML D\u00e9couvrez une exp\u00e9rience matinale rafra\u00eechissante avec le gel douche clarifiant Bom Dia Bright AHA & BHA (385 ml) de Sol de Janeiro. Cette fusion exaltante d'acides alpha-hydroxy et de salicyliques, subtilement parfum\u00e9e de notes de fleurs de\u2026","rel":"","context":"Similar post","block_context":{"text":"Similar post","link":""},"img":{"alt_text":"","src":"","width":0,"height":0},"classes":[]}],"_links":{"self":[{"href":"https:\/\/sakaba.mghosteur.com\/en\/wp-json\/wp\/v2\/product\/29390","targetHints":{"allow":["GET"]}}],"collection":[{"href":"https:\/\/sakaba.mghosteur.com\/en\/wp-json\/wp\/v2\/product"}],"about":[{"href":"https:\/\/sakaba.mghosteur.com\/en\/wp-json\/wp\/v2\/types\/product"}],"replies":[{"embeddable":true,"href":"https:\/\/sakaba.mghosteur.com\/en\/wp-json\/wp\/v2\/comments?post=29390"}],"version-history":[{"count":0,"href":"https:\/\/sakaba.mghosteur.com\/en\/wp-json\/wp\/v2\/product\/29390\/revisions"}],"wp:attachment":[{"href":"https:\/\/sakaba.mghosteur.com\/en\/wp-json\/wp\/v2\/media?parent=29390"}],"wp:term":[{"taxonomy":"product_brand","embeddable":true,"href":"https:\/\/sakaba.mghosteur.com\/en\/wp-json\/wp\/v2\/product_brand?post=29390"},{"taxonomy":"product_cat","embeddable":true,"href":"https:\/\/sakaba.mghosteur.com\/en\/wp-json\/wp\/v2\/product_cat?post=29390"},{"taxonomy":"product_tag","embeddable":true,"href":"https:\/\/sakaba.mghosteur.com\/en\/wp-json\/wp\/v2\/product_tag?post=29390"}],"curies":[{"name":"wp","href":"https:\/\/api.w.org\/{rel}","templated":true}]}}