{"id":29393,"date":"2023-04-03T15:11:32","date_gmt":"2023-04-03T15:11:32","guid":{"rendered":"http:\/\/www.sakababeauty.com\/?post_type=product&#038;p=29393"},"modified":"2024-08-30T03:34:02","modified_gmt":"2024-08-30T03:34:02","slug":"paula-choice-nighly-reconditioning-moisture","status":"publish","type":"product","link":"https:\/\/sakaba.mghosteur.com\/en\/product\/paula-choice-nighly-reconditioning-moisture\/","title":{"rendered":"PAULA CHOICE NIGHLY RECONDITIONING MOISTURE"},"content":{"rendered":"<p>Le Hydratant revitalisant de nuit est un produit qui nourrit et prot\u00e8ge votre peau pendant la nuit. Il contient huit superaliments et antioxydants qui aident \u00e0 renforcer les d\u00e9fenses environnementales de votre peau. Les graines de lin, les cerises sauvages et d&#8217;autres superaliments nourrissent la peau tout en la laissant hydrat\u00e9e, adoucie et clarifi\u00e9e. Sa texture est ultra-l\u00e9g\u00e8re et transparente. Il suffit de l&#8217;utiliser comme derni\u00e8re \u00e9tape de votre routine de soins de la peau PM pour obtenir une peau revitalis\u00e9e et \u00e9clatante le matin.<\/p>","protected":false},"excerpt":{"rendered":"<p>Le Hydratant revitalisant de nuit est un produit qui nourrit et prot\u00e8ge votre peau pendant la nuit. Il contient huit superaliments et antioxydants qui aident \u00e0 renforcer les d\u00e9fenses environnementales de votre peau. Les graines de lin, les cerises sauvages et d&#8217;autres superaliments nourrissent la peau tout en la laissant hydrat\u00e9e, adoucie et clarifi\u00e9e. Sa<span class=\"read-more-faq\"><a href=\"https:\/\/sakaba.mghosteur.com\/en\/product\/paula-choice-nighly-reconditioning-moisture\/\">Read More<\/a><\/span><\/p>","protected":false},"featured_media":0,"comment_status":"closed","ping_status":"closed","template":"","meta":[],"product_brand":[],"product_cat":[331,451],"product_tag":[],"class_list":{"0":"post-29393","1":"product","2":"type-product","3":"status-publish","5":"product_cat-hydratant-visage","6":"product_cat-aab-soin-du-visage","8":"first","9":"instock","10":"shipping-taxable","11":"product-type-simple"},"jetpack-related-posts":[],"_links":{"self":[{"href":"https:\/\/sakaba.mghosteur.com\/en\/wp-json\/wp\/v2\/product\/29393","targetHints":{"allow":["GET"]}}],"collection":[{"href":"https:\/\/sakaba.mghosteur.com\/en\/wp-json\/wp\/v2\/product"}],"about":[{"href":"https:\/\/sakaba.mghosteur.com\/en\/wp-json\/wp\/v2\/types\/product"}],"replies":[{"embeddable":true,"href":"https:\/\/sakaba.mghosteur.com\/en\/wp-json\/wp\/v2\/comments?post=29393"}],"version-history":[{"count":0,"href":"https:\/\/sakaba.mghosteur.com\/en\/wp-json\/wp\/v2\/product\/29393\/revisions"}],"wp:attachment":[{"href":"https:\/\/sakaba.mghosteur.com\/en\/wp-json\/wp\/v2\/media?parent=29393"}],"wp:term":[{"taxonomy":"product_brand","embeddable":true,"href":"https:\/\/sakaba.mghosteur.com\/en\/wp-json\/wp\/v2\/product_brand?post=29393"},{"taxonomy":"product_cat","embeddable":true,"href":"https:\/\/sakaba.mghosteur.com\/en\/wp-json\/wp\/v2\/product_cat?post=29393"},{"taxonomy":"product_tag","embeddable":true,"href":"https:\/\/sakaba.mghosteur.com\/en\/wp-json\/wp\/v2\/product_tag?post=29393"}],"curies":[{"name":"wp","href":"https:\/\/api.w.org\/{rel}","templated":true}]}}