{"id":29399,"date":"2023-04-03T15:45:04","date_gmt":"2023-04-03T15:45:04","guid":{"rendered":"http:\/\/www.sakababeauty.com\/?post_type=product&#038;p=29399"},"modified":"2024-06-13T13:50:48","modified_gmt":"2024-06-13T13:50:48","slug":"paula-choice-omega-complex-moisturizer","status":"publish","type":"product","link":"https:\/\/sakaba.mghosteur.com\/en\/product\/paula-choice-omega-complex-moisturizer\/","title":{"rendered":"PAULA CHOICE OMEGA + COMPLEX MOISTURIZER"},"content":{"rendered":"<p>Le Complexe Om\u00e9ga+ Hydratant est une cr\u00e8me nourrissante qui redonne vie aux peaux d\u00e9shydrat\u00e9es. Elle est formul\u00e9e avec un m\u00e9lange d&#8217;acides gras om\u00e9ga nourrissants, de c\u00e9ramides r\u00e9g\u00e9n\u00e9rants et d&#8217;antioxydants pour aider \u00e0 prot\u00e9ger la peau contre les agressions ext\u00e9rieures.<\/p>\n<p>Cette cr\u00e8me contient des om\u00e9gas 3, 6 et 9 qui aident \u00e0 renforcer la barri\u00e8re de la peau contre l&#8217;humidit\u00e9, ainsi que des extraits de fruit de la passion et de goyave pour apaiser la peau stress\u00e9e. Sa texture l\u00e9g\u00e8re et fouett\u00e9e emprisonne l&#8217;hydratation, laissant votre peau douce et souple tout au long de la journ\u00e9e.<\/p>","protected":false},"excerpt":{"rendered":"<p>Le Complexe Om\u00e9ga+ Hydratant est une cr\u00e8me nourrissante qui redonne vie aux peaux d\u00e9shydrat\u00e9es. Elle est formul\u00e9e avec un m\u00e9lange d&#8217;acides gras om\u00e9ga nourrissants, de c\u00e9ramides r\u00e9g\u00e9n\u00e9rants et d&#8217;antioxydants pour aider \u00e0 prot\u00e9ger la peau contre les agressions ext\u00e9rieures. Cette cr\u00e8me contient des om\u00e9gas 3, 6 et 9 qui aident \u00e0 renforcer la barri\u00e8re de<span class=\"read-more-faq\"><a href=\"https:\/\/sakaba.mghosteur.com\/en\/product\/paula-choice-omega-complex-moisturizer\/\">Read More<\/a><\/span><\/p>","protected":false},"featured_media":0,"comment_status":"closed","ping_status":"closed","template":"","meta":[],"product_brand":[],"product_cat":[331,451],"product_tag":[],"class_list":{"0":"post-29399","1":"product","2":"type-product","3":"status-publish","5":"product_cat-hydratant-visage","6":"product_cat-aab-soin-du-visage","8":"first","9":"instock","10":"shipping-taxable","11":"product-type-simple"},"jetpack-related-posts":[{"id":26340,"url":"https:\/\/sakaba.mghosteur.com\/en\/product\/paula-choice-omega-complex-serum\/","url_meta":{"origin":29399,"position":0},"title":"PAULA CHOICE OMEGA + COMPLEX SERUM","author":"admin","date":"November 25, 2022","format":false,"excerpt":"Le S\u00e9rum Complexe Om\u00e9ga+ est un produit de soin pour la peau qui agit comme un super aliment pour la peau. Gr\u00e2ce aux acides gras om\u00e9ga qu'il contient, ce s\u00e9rum renforce la surface de votre peau en lui apportant les nutriments essentiels pour une peau saine, hydrat\u00e9e et visiblement plus\u2026","rel":"","context":"Similar post","block_context":{"text":"Similar post","link":""},"img":{"alt_text":"","src":"","width":0,"height":0},"classes":[]},{"id":27358,"url":"https:\/\/sakaba.mghosteur.com\/en\/product\/the-inkey-list-omega-water-cream\/","url_meta":{"origin":29399,"position":1},"title":"THE INKEY LIST OMEGA WATER CREAM","author":"admin","date":"November 29, 2022","format":false,"excerpt":"La cr\u00e8me d'eau Om\u00e9ga de la marque The Inkey List est un hydratant l\u00e9ger et sans huile pour la peau. Sa formulation unique \u00e0 base d'eau et sans silicone aide \u00e0 maintenir une barri\u00e8re cutan\u00e9e saine pour une hydratation imm\u00e9diate et longue dur\u00e9e. Test\u00e9e dermatologiquement, elle contient un complexe d'acides\u2026","rel":"","context":"Similar post","block_context":{"text":"Similar post","link":""},"img":{"alt_text":"","src":"","width":0,"height":0},"classes":[]},{"id":29405,"url":"https:\/\/sakaba.mghosteur.com\/en\/product\/paula-choice-optimal-results-hydrating-cleanser\/","url_meta":{"origin":29399,"position":2},"title":"PAULA CHOICE OPTIMAL RESULTS HYDRATING CLEANSER","author":"admin","date":"April 3, 2023","format":false,"excerpt":"Le S\u00e9rum Complexe Om\u00e9ga+ est un produit de soin pour la peau qui agit comme un super aliment pour la peau. Gr\u00e2ce aux acides gras om\u00e9ga qu'il contient, ce s\u00e9rum renforce la surface de votre peau en lui apportant les nutriments essentiels pour une peau saine, hydrat\u00e9e et visiblement plus\u2026","rel":"","context":"Similar post","block_context":{"text":"Similar post","link":""},"img":{"alt_text":"","src":"","width":0,"height":0},"classes":[]},{"id":26362,"url":"https:\/\/sakaba.mghosteur.com\/en\/product\/paulas-choice-omega-complex-cleansing-balm\/","url_meta":{"origin":29399,"position":3},"title":"PAULA&#8217;S CHOICE OMEGA + COMPLEX CLEANSING BALM","author":"admin","date":"November 25, 2022","format":false,"excerpt":"Le Baume Nettoyant Complexe Om\u00e9ga+ de la marque Paula's Choice est un nettoyant triple action pour la peau. Il est formul\u00e9 avec des om\u00e9gas 3, 6 et 9 pour nettoyer, adoucir et apaiser la peau tout en la rin\u00e7ant compl\u00e8tement. Ce produit nettoie en profondeur sans perturber la barri\u00e8re cutan\u00e9e\u2026","rel":"","context":"Similar post","block_context":{"text":"Similar post","link":""},"img":{"alt_text":"","src":"","width":0,"height":0},"classes":[]},{"id":28041,"url":"https:\/\/sakaba.mghosteur.com\/en\/product\/biossance-squalane-omega-repair-cream\/","url_meta":{"origin":29399,"position":4},"title":"BIOSSANCE SQUALANE + OMEGA REPAIR CREAM","author":"admin","date":"November 29, 2022","format":false,"excerpt":"Cr\u00e8me visage ultra-hydratante, num\u00e9ro 1 des ventes aux USA, avec des c\u00e9ramides et des lipides biomim\u00e9tiques pour hydrater instantan\u00e9ment et am\u00e9liorer la r\u00e9tention d'humidit\u00e9 de la barri\u00e8re cutan\u00e9e en 1 semaine. Sa texture fouett\u00e9e luxueuse s'absorbe instantan\u00e9ment pour une peau visiblement lisse, douce et \u00e9clatante avec une am\u00e9lioration visible des\u2026","rel":"","context":"Similar post","block_context":{"text":"Similar post","link":""},"img":{"alt_text":"","src":"","width":0,"height":0},"classes":[]},{"id":26984,"url":"https:\/\/sakaba.mghosteur.com\/en\/product\/facetheory-regena-c-moisturiser\/","url_meta":{"origin":29399,"position":5},"title":"FACETHEORY Regena-C Moisturiser M4","author":"admin","date":"November 28, 2022","format":false,"excerpt":"Le Regena-C Moisturiser M4 de la marque FACETHEORY est une cr\u00e8me hydratante rapidement absorb\u00e9e qui contient de l'ester de r\u00e9tinol pour prot\u00e9ger la peau contre les dommages environnementaux et favoriser son renouvellement cellulaire. Cette cr\u00e8me est formul\u00e9e avec de la vitamine C et de la vitamine E, qui aident \u00e0\u2026","rel":"","context":"Similar post","block_context":{"text":"Similar post","link":""},"img":{"alt_text":"","src":"","width":0,"height":0},"classes":[]}],"_links":{"self":[{"href":"https:\/\/sakaba.mghosteur.com\/en\/wp-json\/wp\/v2\/product\/29399","targetHints":{"allow":["GET"]}}],"collection":[{"href":"https:\/\/sakaba.mghosteur.com\/en\/wp-json\/wp\/v2\/product"}],"about":[{"href":"https:\/\/sakaba.mghosteur.com\/en\/wp-json\/wp\/v2\/types\/product"}],"replies":[{"embeddable":true,"href":"https:\/\/sakaba.mghosteur.com\/en\/wp-json\/wp\/v2\/comments?post=29399"}],"version-history":[{"count":0,"href":"https:\/\/sakaba.mghosteur.com\/en\/wp-json\/wp\/v2\/product\/29399\/revisions"}],"wp:attachment":[{"href":"https:\/\/sakaba.mghosteur.com\/en\/wp-json\/wp\/v2\/media?parent=29399"}],"wp:term":[{"taxonomy":"product_brand","embeddable":true,"href":"https:\/\/sakaba.mghosteur.com\/en\/wp-json\/wp\/v2\/product_brand?post=29399"},{"taxonomy":"product_cat","embeddable":true,"href":"https:\/\/sakaba.mghosteur.com\/en\/wp-json\/wp\/v2\/product_cat?post=29399"},{"taxonomy":"product_tag","embeddable":true,"href":"https:\/\/sakaba.mghosteur.com\/en\/wp-json\/wp\/v2\/product_tag?post=29399"}],"curies":[{"name":"wp","href":"https:\/\/api.w.org\/{rel}","templated":true}]}}