{"id":29405,"date":"2023-04-03T16:02:18","date_gmt":"2023-04-03T16:02:18","guid":{"rendered":"http:\/\/www.sakababeauty.com\/?post_type=product&#038;p=29405"},"modified":"2024-08-30T03:34:53","modified_gmt":"2024-08-30T03:34:53","slug":"paula-choice-optimal-results-hydrating-cleanser","status":"publish","type":"product","link":"https:\/\/sakaba.mghosteur.com\/en\/product\/paula-choice-optimal-results-hydrating-cleanser\/","title":{"rendered":"PAULA CHOICE OPTIMAL RESULTS HYDRATING CLEANSER"},"content":{"rendered":"<p>Le S\u00e9rum Complexe Om\u00e9ga+ est un produit de soin pour la peau qui agit comme un super aliment pour la peau. Gr\u00e2ce aux acides gras om\u00e9ga qu&#8217;il contient, ce s\u00e9rum renforce la surface de votre peau en lui apportant les nutriments essentiels pour une peau saine, hydrat\u00e9e et visiblement plus forte. Il fortifie \u00e9galement la peau contre les dommages environnementaux. Sa formule l\u00e9g\u00e8re nourrit la barri\u00e8re d&#8217;hydratation de la peau pour une hydratation optimale. Pour des r\u00e9sultats optimaux, il est recommand\u00e9 de l&#8217;utiliser deux fois par jour apr\u00e8s avoir nettoy\u00e9, tonifi\u00e9 et exfoli\u00e9 votre peau.<\/p>","protected":false},"excerpt":{"rendered":"<p>Le S\u00e9rum Complexe Om\u00e9ga+ est un produit de soin pour la peau qui agit comme un super aliment pour la peau. Gr\u00e2ce aux acides gras om\u00e9ga qu&#8217;il contient, ce s\u00e9rum renforce la surface de votre peau en lui apportant les nutriments essentiels pour une peau saine, hydrat\u00e9e et visiblement plus forte. Il fortifie \u00e9galement la<span class=\"read-more-faq\"><a href=\"https:\/\/sakaba.mghosteur.com\/en\/product\/paula-choice-optimal-results-hydrating-cleanser\/\">Read More<\/a><\/span><\/p>","protected":false},"featured_media":0,"comment_status":"closed","ping_status":"closed","template":"","meta":[],"product_brand":[],"product_cat":[324,451],"product_tag":[],"class_list":{"0":"post-29405","1":"product","2":"type-product","3":"status-publish","5":"product_cat-demaquillant-nettoyant","6":"product_cat-aab-soin-du-visage","8":"first","9":"instock","10":"shipping-taxable","11":"product-type-simple"},"jetpack-related-posts":[{"id":26340,"url":"https:\/\/sakaba.mghosteur.com\/en\/product\/paula-choice-omega-complex-serum\/","url_meta":{"origin":29405,"position":0},"title":"PAULA CHOICE OMEGA + COMPLEX SERUM","author":"admin","date":"November 25, 2022","format":false,"excerpt":"Le S\u00e9rum Complexe Om\u00e9ga+ est un produit de soin pour la peau qui agit comme un super aliment pour la peau. Gr\u00e2ce aux acides gras om\u00e9ga qu'il contient, ce s\u00e9rum renforce la surface de votre peau en lui apportant les nutriments essentiels pour une peau saine, hydrat\u00e9e et visiblement plus\u2026","rel":"","context":"Similar post","block_context":{"text":"Similar post","link":""},"img":{"alt_text":"","src":"","width":0,"height":0},"classes":[]},{"id":29399,"url":"https:\/\/sakaba.mghosteur.com\/en\/product\/paula-choice-omega-complex-moisturizer\/","url_meta":{"origin":29405,"position":1},"title":"PAULA CHOICE OMEGA + COMPLEX MOISTURIZER","author":"admin","date":"April 3, 2023","format":false,"excerpt":"Le Complexe Om\u00e9ga+ Hydratant est une cr\u00e8me nourrissante qui redonne vie aux peaux d\u00e9shydrat\u00e9es. Elle est formul\u00e9e avec un m\u00e9lange d'acides gras om\u00e9ga nourrissants, de c\u00e9ramides r\u00e9g\u00e9n\u00e9rants et d'antioxydants pour aider \u00e0 prot\u00e9ger la peau contre les agressions ext\u00e9rieures. Cette cr\u00e8me contient des om\u00e9gas 3, 6 et 9 qui aident\u2026","rel":"","context":"Similar post","block_context":{"text":"Similar post","link":""},"img":{"alt_text":"","src":"","width":0,"height":0},"classes":[]},{"id":27358,"url":"https:\/\/sakaba.mghosteur.com\/en\/product\/the-inkey-list-omega-water-cream\/","url_meta":{"origin":29405,"position":2},"title":"THE INKEY LIST OMEGA WATER CREAM","author":"admin","date":"November 29, 2022","format":false,"excerpt":"La cr\u00e8me d'eau Om\u00e9ga de la marque The Inkey List est un hydratant l\u00e9ger et sans huile pour la peau. Sa formulation unique \u00e0 base d'eau et sans silicone aide \u00e0 maintenir une barri\u00e8re cutan\u00e9e saine pour une hydratation imm\u00e9diate et longue dur\u00e9e. Test\u00e9e dermatologiquement, elle contient un complexe d'acides\u2026","rel":"","context":"Similar post","block_context":{"text":"Similar post","link":""},"img":{"alt_text":"","src":"","width":0,"height":0},"classes":[]},{"id":27148,"url":"https:\/\/sakaba.mghosteur.com\/en\/product\/necessaire-the-body-lotion\/","url_meta":{"origin":29405,"position":3},"title":"NECESSAIRE THE BODY LOTION","author":"admin","date":"November 29, 2022","format":false,"excerpt":"D\u00e9couvrez le Lait Corporel de la marque N\u00e9cessaire, un soin doux relipidant pour votre peau. Infus\u00e9 d'huiles pour le visage riches en vitamine C\/E + om\u00e9ga 6\/9, 2 % de niacinamide et 2 peptides, cette lotion quotidienne aide \u00e0 inverser la s\u00e9cheresse, r\u00e9g\u00e9n\u00e8re la peau avec des nutriments quotidiens et\u2026","rel":"","context":"Similar post","block_context":{"text":"Similar post","link":""},"img":{"alt_text":"","src":"","width":0,"height":0},"classes":[]},{"id":30330,"url":"https:\/\/sakaba.mghosteur.com\/en\/product\/neutrogena-hydro-boost-night-pressed-serum\/","url_meta":{"origin":29405,"position":4},"title":"NEUTROGENA HYDRO BOOST NIGHT PRESSED SERUM","author":"admin","date":"May 8, 2023","format":false,"excerpt":"D\u00e9couvrez le s\u00e9rum press\u00e9 pour le visage Hydro Boost Night \u00e0 l'acide hyaluronique pur de la marque Neutrogena, un concentr\u00e9 multi-r\u00e9parateur unique con\u00e7u pour revitaliser et restaurer la barri\u00e8re d'hydratation de votre peau pendant la nuit. Ce s\u00e9rum pour le visage fond instantan\u00e9ment dans votre peau pour une hydratation en\u2026","rel":"","context":"Similar post","block_context":{"text":"Similar post","link":""},"img":{"alt_text":"","src":"","width":0,"height":0},"classes":[]},{"id":24013,"url":"https:\/\/sakaba.mghosteur.com\/en\/product\/neutrogena-hydro-boost-hydrating-serum-hyaluronic-acid\/","url_meta":{"origin":29405,"position":5},"title":"NEUTROGENA HYDRO BOOST HYDRATING SERUM HYALURONIC ACID","author":"admin","date":"November 9, 2022","format":false,"excerpt":"Hydro Boost pour une hydratation suppl\u00e9mentaire. Masser d\u00e9licatement sur la peau en \u00e9vitant le contour des yeux. Utiliser matin et soir pour des r\u00e9sultats optimaux. INGR\u00c9DIENTS Eau, glyc\u00e9rine, dim\u00e9thicone, cyclohexasiloxane, cyclopentasiloxane, polym\u00e8re crois\u00e9 de dim\u00e9thiconol, polyacrylamide, acide hyaluronique, acide carbom\u00e8re, C13-14 isoparaffine, chlorph\u00e9n\u00e9sine, laureth-7, propyl\u00e8ne glycol, EDTA disodique, parfum. Le\u2026","rel":"","context":"Similar post","block_context":{"text":"Similar post","link":""},"img":{"alt_text":"","src":"","width":0,"height":0},"classes":[]}],"_links":{"self":[{"href":"https:\/\/sakaba.mghosteur.com\/en\/wp-json\/wp\/v2\/product\/29405","targetHints":{"allow":["GET"]}}],"collection":[{"href":"https:\/\/sakaba.mghosteur.com\/en\/wp-json\/wp\/v2\/product"}],"about":[{"href":"https:\/\/sakaba.mghosteur.com\/en\/wp-json\/wp\/v2\/types\/product"}],"replies":[{"embeddable":true,"href":"https:\/\/sakaba.mghosteur.com\/en\/wp-json\/wp\/v2\/comments?post=29405"}],"version-history":[{"count":0,"href":"https:\/\/sakaba.mghosteur.com\/en\/wp-json\/wp\/v2\/product\/29405\/revisions"}],"wp:attachment":[{"href":"https:\/\/sakaba.mghosteur.com\/en\/wp-json\/wp\/v2\/media?parent=29405"}],"wp:term":[{"taxonomy":"product_brand","embeddable":true,"href":"https:\/\/sakaba.mghosteur.com\/en\/wp-json\/wp\/v2\/product_brand?post=29405"},{"taxonomy":"product_cat","embeddable":true,"href":"https:\/\/sakaba.mghosteur.com\/en\/wp-json\/wp\/v2\/product_cat?post=29405"},{"taxonomy":"product_tag","embeddable":true,"href":"https:\/\/sakaba.mghosteur.com\/en\/wp-json\/wp\/v2\/product_tag?post=29405"}],"curies":[{"name":"wp","href":"https:\/\/api.w.org\/{rel}","templated":true}]}}