{"id":29429,"date":"2023-04-04T12:56:49","date_gmt":"2023-04-04T12:56:49","guid":{"rendered":"http:\/\/www.sakababeauty.com\/?post_type=product&#038;p=29429"},"modified":"2023-04-04T12:56:49","modified_gmt":"2023-04-04T12:56:49","slug":"cosrx-advanced-snail-mucin-gel-cleanser","status":"publish","type":"product","link":"https:\/\/sakaba.mghosteur.com\/en\/product\/cosrx-advanced-snail-mucin-gel-cleanser\/","title":{"rendered":"COSRX ADVANCED SNAIL MUCIN GEL CLEANSER"},"content":{"rendered":"","protected":false},"excerpt":{"rendered":"","protected":false},"featured_media":0,"comment_status":"closed","ping_status":"closed","template":"","meta":[],"product_brand":[],"product_cat":[377],"product_tag":[],"class_list":{"0":"post-29429","1":"product","2":"type-product","3":"status-publish","5":"product_cat-bath-body-works","7":"first","8":"instock","9":"shipping-taxable","10":"product-type-simple"},"jetpack-related-posts":[{"id":29432,"url":"https:\/\/sakaba.mghosteur.com\/en\/product\/cosrx-advanced-snail-mucin-power-sheet-mask\/","url_meta":{"origin":29429,"position":0},"title":"COSRX ADVANCED SNAIL MUCIN POWER SHEET MASK","author":"admin","date":"April 4, 2023","format":false,"excerpt":"D\u00e9couvrez le masque en feuille Advanced Snail Mucin Power Sheet Mask de la marque COSRX, parfait pour nourrir et hydrater votre peau en profondeur. Chaque paquet contient 10 feuilles de cellulose d'origine naturelle, imbib\u00e9es de 35 000 ppm de mucine d'escargot pour une efficacit\u00e9 maximale. La formule riche de ce\u2026","rel":"","context":"Similar post","block_context":{"text":"Similar post","link":""},"img":{"alt_text":"","src":"","width":0,"height":0},"classes":[]},{"id":26438,"url":"https:\/\/sakaba.mghosteur.com\/en\/product\/cosrx-snail-92-all-in-one-cream\/","url_meta":{"origin":29429,"position":1},"title":"COSRX SNAIL 92 ALL IN ONE CREAM","author":"admin","date":"November 25, 2022","format":false,"excerpt":"Le produit Advanced Snail 92 Cr\u00e8me tout en un est une cr\u00e8me hydratante qui nourrit votre peau avec 92% de mucine d'escargot. Cette cr\u00e8me est id\u00e9ale pour apaiser les peaux irrit\u00e9es et sensibles apr\u00e8s des \u00e9ruptions cutan\u00e9es. Avec sa texture de gel riche et nourrissante, cette cr\u00e8me est facilement absorb\u00e9e\u2026","rel":"","context":"Similar post","block_context":{"text":"Similar post","link":""},"img":{"alt_text":"","src":"","width":0,"height":0},"classes":[]},{"id":26901,"url":"https:\/\/sakaba.mghosteur.com\/en\/product\/advanced-snail-96-mucin-power-essence\/","url_meta":{"origin":29429,"position":2},"title":"COSRX ADVANCED SNAIL 96 MUCIN POWER ESSENCE","author":"admin","date":"November 28, 2022","format":false,"excerpt":"L'Advanced Snail 96 Mucin Power Essence de la marque COSRX est une essence l\u00e9g\u00e8re qui p\u00e9n\u00e8tre rapidement dans la peau pour donner \u00e0 votre peau un \u00e9clat naturel de l'int\u00e9rieur. Cette essence est cr\u00e9\u00e9e \u00e0 partir de mucine d'escargot filtr\u00e9e nutritive et \u00e0 faible stimulation pour garder votre peau hydrat\u00e9e\u2026","rel":"","context":"Similar post","block_context":{"text":"Similar post","link":""},"img":{"alt_text":"","src":"","width":0,"height":0},"classes":[]},{"id":56155,"url":"https:\/\/sakaba.mghosteur.com\/en\/product\/cosrx-advanced-snail-hydrogel-eye-patch\/","url_meta":{"origin":29429,"position":3},"title":"COSRX Advanced Snail Hydrogel Eye Patch","author":"Sope DIA","date":"January 2, 2026","format":false,"excerpt":"Masque contour des yeux concentr\u00e9 \u00e0 la mucine d'escargot : Enrichi en filtrat de s\u00e9cr\u00e9tion d'escargot et en niacinamide, ce masque hydrogel hydrate et illumine instantan\u00e9ment le regard. Il apporte une hydratation et une nutrition intenses aux peaux ternes et fatigu\u00e9es. Solution multi-usages : Offrez-vous une dose d'ingr\u00e9dients concentr\u00e9s pour\u2026","rel":"","context":"Similar post","block_context":{"text":"Similar post","link":""},"img":{"alt_text":"","src":"","width":0,"height":0},"classes":[]},{"id":29438,"url":"https:\/\/sakaba.mghosteur.com\/en\/product\/cosrx-advanced-snail-radiance-dual-essence\/","url_meta":{"origin":29429,"position":4},"title":"COSRX ADVANCED SNAIL RADIANCE DUAL ESSENCE","author":"admin","date":"April 4, 2023","format":false,"excerpt":"Le Advanced Snail Radiance Dual Essence de COSRX est un produit r\u00e9volutionnaire qui offre une solution 2 en 1 pour am\u00e9liorer l'\u00e9lasticit\u00e9 et l'\u00e9clat de votre peau. Cette essence est con\u00e7ue pour combiner les bienfaits hydratants et r\u00e9g\u00e9n\u00e9rants de l'essence d'escargot avec les propri\u00e9t\u00e9s \u00e9claircissantes de l'essence de luminosit\u00e9, afin\u2026","rel":"","context":"Similar post","block_context":{"text":"Similar post","link":""},"img":{"alt_text":"","src":"","width":0,"height":0},"classes":[]},{"id":29435,"url":"https:\/\/sakaba.mghosteur.com\/en\/product\/cosrx-advanced-snail-peptide-eye-cream\/","url_meta":{"origin":29429,"position":5},"title":"COSRX ADVANCED SNAIL PEPTIDE EYE CREAM","author":"admin","date":"April 4, 2023","format":false,"excerpt":"La cr\u00e8me pour les yeux aux peptides d'escargot avanc\u00e9e de la marque COSRX est un produit efficace pour illuminer le contour des yeux et \u00e9liminer l'apparence de fatigue. Cette cr\u00e8me pour les yeux est l\u00e9g\u00e8re et hydratante avec une absorption rapide pour tous les \u00e2ges, y compris les adolescents. Elle\u2026","rel":"","context":"Similar post","block_context":{"text":"Similar post","link":""},"img":{"alt_text":"","src":"","width":0,"height":0},"classes":[]}],"_links":{"self":[{"href":"https:\/\/sakaba.mghosteur.com\/en\/wp-json\/wp\/v2\/product\/29429","targetHints":{"allow":["GET"]}}],"collection":[{"href":"https:\/\/sakaba.mghosteur.com\/en\/wp-json\/wp\/v2\/product"}],"about":[{"href":"https:\/\/sakaba.mghosteur.com\/en\/wp-json\/wp\/v2\/types\/product"}],"replies":[{"embeddable":true,"href":"https:\/\/sakaba.mghosteur.com\/en\/wp-json\/wp\/v2\/comments?post=29429"}],"version-history":[{"count":0,"href":"https:\/\/sakaba.mghosteur.com\/en\/wp-json\/wp\/v2\/product\/29429\/revisions"}],"wp:attachment":[{"href":"https:\/\/sakaba.mghosteur.com\/en\/wp-json\/wp\/v2\/media?parent=29429"}],"wp:term":[{"taxonomy":"product_brand","embeddable":true,"href":"https:\/\/sakaba.mghosteur.com\/en\/wp-json\/wp\/v2\/product_brand?post=29429"},{"taxonomy":"product_cat","embeddable":true,"href":"https:\/\/sakaba.mghosteur.com\/en\/wp-json\/wp\/v2\/product_cat?post=29429"},{"taxonomy":"product_tag","embeddable":true,"href":"https:\/\/sakaba.mghosteur.com\/en\/wp-json\/wp\/v2\/product_tag?post=29429"}],"curies":[{"name":"wp","href":"https:\/\/api.w.org\/{rel}","templated":true}]}}