{"id":29435,"date":"2023-04-04T13:10:58","date_gmt":"2023-04-04T13:10:58","guid":{"rendered":"http:\/\/www.sakababeauty.com\/?post_type=product&#038;p=29435"},"modified":"2024-08-25T17:27:05","modified_gmt":"2024-08-25T17:27:05","slug":"cosrx-advanced-snail-peptide-eye-cream","status":"publish","type":"product","link":"https:\/\/sakaba.mghosteur.com\/en\/product\/cosrx-advanced-snail-peptide-eye-cream\/","title":{"rendered":"COSRX ADVANCED SNAIL PEPTIDE EYE CREAM"},"content":{"rendered":"<p>La cr\u00e8me pour les yeux aux peptides d&#8217;escargot avanc\u00e9e de la marque COSRX est un produit efficace pour illuminer le contour des yeux et \u00e9liminer l&#8217;apparence de fatigue. Cette cr\u00e8me pour les yeux est l\u00e9g\u00e8re et hydratante avec une absorption rapide pour tous les \u00e2ges, y compris les adolescents. Elle ne donne pas une sensation de suralimentation, ce qui la rend pratique \u00e0 utiliser.<\/p>","protected":false},"excerpt":{"rendered":"<p>La cr\u00e8me pour les yeux aux peptides d&#8217;escargot avanc\u00e9e de la marque COSRX est un produit efficace pour illuminer le contour des yeux et \u00e9liminer l&#8217;apparence de fatigue. Cette cr\u00e8me pour les yeux est l\u00e9g\u00e8re et hydratante avec une absorption rapide pour tous les \u00e2ges, y compris les adolescents. Elle ne donne pas une sensation<span class=\"read-more-faq\"><a href=\"https:\/\/sakaba.mghosteur.com\/en\/product\/cosrx-advanced-snail-peptide-eye-cream\/\">Read More<\/a><\/span><\/p>","protected":false},"featured_media":0,"comment_status":"closed","ping_status":"closed","template":"","meta":[],"product_brand":[],"product_cat":[1018,451,334],"product_tag":[],"class_list":{"0":"post-29435","1":"product","2":"type-product","3":"status-publish","5":"product_cat-aai-produis-coreens","6":"product_cat-aab-soin-du-visage","7":"product_cat-traitement-serum","9":"first","10":"instock","11":"shipping-taxable","12":"product-type-simple"},"jetpack-related-posts":[{"id":31840,"url":"https:\/\/sakaba.mghosteur.com\/en\/product\/olay-ultimate-eye-cream\/","url_meta":{"origin":29435,"position":0},"title":"Olay Ultimate Eye Cream","author":"admin","date":"May 10, 2024","format":false,"excerpt":"La cr\u00e8me pour les yeux Olay Eyes Ultimate est une cr\u00e8me pour les yeux 3 en 1 qui combat les rides, les yeux gonfl\u00e9s et les cernes. Elle contient des peptides et des vitamines pour renouveler la surface de la peau et r\u00e9duire les poches. Elle dispose \u00e9galement d'une technologie\u2026","rel":"","context":"Similar post","block_context":{"text":"Similar post","link":""},"img":{"alt_text":"","src":"","width":0,"height":0},"classes":[]},{"id":34661,"url":"https:\/\/sakaba.mghosteur.com\/en\/product\/fenty-skin-thicc-n-smooth-creme-contour-yeux\/","url_meta":{"origin":29435,"position":1},"title":"FENTY SKIN THICC N SMOOTH CREME CONTOUR YEUX","author":"admin","date":"May 30, 2024","format":false,"excerpt":"Jeune ou adulte, il est temps de lutter contre la s\u00e9cheresse et les cernes sous les yeux avec une cr\u00e8me pour les yeux polyvalente. Hydratez, illuminez et r\u00e9duisez l'apparence des poches gr\u00e2ce \u00e0 un m\u00e9lange d'ingr\u00e9dients cibl\u00e9s sur les yeux, notamment des peptides, de la caf\u00e9ine et des vitamines qui\u2026","rel":"","context":"Similar post","block_context":{"text":"Similar post","link":""},"img":{"alt_text":"","src":"","width":0,"height":0},"classes":[]},{"id":56155,"url":"https:\/\/sakaba.mghosteur.com\/en\/product\/cosrx-advanced-snail-hydrogel-eye-patch\/","url_meta":{"origin":29435,"position":2},"title":"COSRX Advanced Snail Hydrogel Eye Patch","author":"Sope DIA","date":"January 2, 2026","format":false,"excerpt":"Masque contour des yeux concentr\u00e9 \u00e0 la mucine d'escargot : Enrichi en filtrat de s\u00e9cr\u00e9tion d'escargot et en niacinamide, ce masque hydrogel hydrate et illumine instantan\u00e9ment le regard. Il apporte une hydratation et une nutrition intenses aux peaux ternes et fatigu\u00e9es. Solution multi-usages : Offrez-vous une dose d'ingr\u00e9dients concentr\u00e9s pour\u2026","rel":"","context":"Similar post","block_context":{"text":"Similar post","link":""},"img":{"alt_text":"","src":"","width":0,"height":0},"classes":[]},{"id":28035,"url":"https:\/\/sakaba.mghosteur.com\/en\/product\/biossance-squalanepeptide-eye-gel\/","url_meta":{"origin":29435,"position":3},"title":"BIOSSANCE SQUALANE+PEPTIDE EYE GEL","author":"admin","date":"November 29, 2022","format":false,"excerpt":"","rel":"","context":"Similar post","block_context":{"text":"Similar post","link":""},"img":{"alt_text":"","src":"","width":0,"height":0},"classes":[]},{"id":28981,"url":"https:\/\/sakaba.mghosteur.com\/en\/product\/the-ordinary-multi-peptide-eye-serum\/","url_meta":{"origin":29435,"position":4},"title":"THE ORDINARY Multi-Peptide Eye Serum","author":"admin","date":"March 8, 2023","format":false,"excerpt":"Le S\u00e9rum Yeux Multi-Peptides de la marque The Ordinary est une solution pour lutter contre les signes de vieillissement autour des yeux, gr\u00e2ce \u00e0 une formule \u00e0 base d'eau contenant plusieurs technologies peptidiques, de la niacinamide et de l'extrait d'\u00e9corce de fraxinus excelsior. Ce s\u00e9rum offre des r\u00e9sultats cliniques incroyables\u2026","rel":"","context":"Similar post","block_context":{"text":"Similar post","link":""},"img":{"alt_text":"","src":"","width":0,"height":0},"classes":[]},{"id":23938,"url":"https:\/\/sakaba.mghosteur.com\/en\/product\/cerave-eye-repair-cream\/","url_meta":{"origin":29435,"position":5},"title":"CERAVE EYE REPAIR CREAM","author":"admin","date":"November 9, 2022","format":false,"excerpt":"La Cr\u00e8me R\u00e9paratrice Yeux s\u00e8che des diab\u00e9tiques de CeraVe est sp\u00e9cialement con\u00e7ue pour les personnes atteintes de diab\u00e8te qui souffrent de s\u00e9cheresse oculaire. Cette cr\u00e8me hydratante pour les yeux est formul\u00e9e avec de l'acide hyaluronique et des c\u00e9ramides qui aident \u00e0 hydrater et \u00e0 renforcer la barri\u00e8re protectrice de la\u2026","rel":"","context":"Similar post","block_context":{"text":"Similar post","link":""},"img":{"alt_text":"","src":"","width":0,"height":0},"classes":[]}],"_links":{"self":[{"href":"https:\/\/sakaba.mghosteur.com\/en\/wp-json\/wp\/v2\/product\/29435","targetHints":{"allow":["GET"]}}],"collection":[{"href":"https:\/\/sakaba.mghosteur.com\/en\/wp-json\/wp\/v2\/product"}],"about":[{"href":"https:\/\/sakaba.mghosteur.com\/en\/wp-json\/wp\/v2\/types\/product"}],"replies":[{"embeddable":true,"href":"https:\/\/sakaba.mghosteur.com\/en\/wp-json\/wp\/v2\/comments?post=29435"}],"version-history":[{"count":0,"href":"https:\/\/sakaba.mghosteur.com\/en\/wp-json\/wp\/v2\/product\/29435\/revisions"}],"wp:attachment":[{"href":"https:\/\/sakaba.mghosteur.com\/en\/wp-json\/wp\/v2\/media?parent=29435"}],"wp:term":[{"taxonomy":"product_brand","embeddable":true,"href":"https:\/\/sakaba.mghosteur.com\/en\/wp-json\/wp\/v2\/product_brand?post=29435"},{"taxonomy":"product_cat","embeddable":true,"href":"https:\/\/sakaba.mghosteur.com\/en\/wp-json\/wp\/v2\/product_cat?post=29435"},{"taxonomy":"product_tag","embeddable":true,"href":"https:\/\/sakaba.mghosteur.com\/en\/wp-json\/wp\/v2\/product_tag?post=29435"}],"curies":[{"name":"wp","href":"https:\/\/api.w.org\/{rel}","templated":true}]}}