{"id":29445,"date":"2023-04-04T14:59:48","date_gmt":"2023-04-04T14:59:48","guid":{"rendered":"http:\/\/www.sakababeauty.com\/?post_type=product&#038;p=29445"},"modified":"2024-08-07T19:19:28","modified_gmt":"2024-08-07T19:19:28","slug":"cosrx-aloe-soothing-sun-cream","status":"publish","type":"product","link":"https:\/\/sakaba.mghosteur.com\/en\/product\/cosrx-aloe-soothing-sun-cream\/","title":{"rendered":"COSRX ALOE SOOTHING SUN CREAM"},"content":{"rendered":"<p>Le produit est une cr\u00e8me solaire apaisante Alo\u00e8s SPF50+\/ PA+++ de la marque COSRX. Cette cr\u00e8me solaire ne laisse pas de trace blanche et contient de l&#8217;extrait de feuille d&#8217;Aloe Arborescens pour apaiser la peau. Elle convient pour une utilisation quotidienne et est l\u00e9g\u00e8re comme un hydratant.<\/p>","protected":false},"excerpt":{"rendered":"<p>Le produit est une cr\u00e8me solaire apaisante Alo\u00e8s SPF50+\/ PA+++ de la marque COSRX. Cette cr\u00e8me solaire ne laisse pas de trace blanche et contient de l&#8217;extrait de feuille d&#8217;Aloe Arborescens pour apaiser la peau. Elle convient pour une utilisation quotidienne et est l\u00e9g\u00e8re comme un hydratant.<\/p>","protected":false},"featured_media":0,"comment_status":"closed","ping_status":"closed","template":"","meta":[],"product_brand":[],"product_cat":[1055,1018,451],"product_tag":[],"class_list":{"0":"post-29445","1":"product","2":"type-product","3":"status-publish","5":"product_cat-protection-solaire-visage","6":"product_cat-aai-produis-coreens","7":"product_cat-aab-soin-du-visage","9":"first","10":"instock","11":"shipping-taxable","12":"product-type-simple"},"jetpack-related-posts":[{"id":30054,"url":"https:\/\/sakaba.mghosteur.com\/en\/product\/jergens-soothing-aloe\/","url_meta":{"origin":29445,"position":0},"title":"JERGENS SOOTHING ALOE","author":"admin","date":"May 2, 2023","format":false,"excerpt":"D\u00e9couvrez la Lotion rafra\u00eechissante pour le corps \u00e0 l'alo\u00e8s apaisant de Jergens, un hydratant pour le corps et les mains qui utilisent l'aloe vera pour soulager et hydrater la peau s\u00e8che. Cette lotion pour le corps Jergens est formul\u00e9e avec l'extrait de concombre et un m\u00e9lange hydratant Hydralucence qui illumine\u2026","rel":"","context":"Similar post","block_context":{"text":"Similar post","link":""},"img":{"alt_text":"","src":"","width":0,"height":0},"classes":[]},{"id":31581,"url":"https:\/\/sakaba.mghosteur.com\/en\/product\/cosrx-the-retinol-super-vitamine-e-panthenol\/","url_meta":{"origin":29445,"position":1},"title":"COSRX THE RETINOL SUPER VITAMINE E + PANTHENOL","author":"admin","date":"May 10, 2024","format":false,"excerpt":"D\u00e9couvrez la cr\u00e8me The Retinol 0.1 Cream de COSRX, un incontournable pour votre routine de soin. Sa formule unique associe 0,1 % de r\u00e9tinol anti-\u00e2ge \u00e0 des actifs apaisants et hydratants, tels que la vitamine E et le panth\u00e9nol. Gr\u00e2ce \u00e0 cette combinaison, cette cr\u00e8me assure une initiation en douceur\u2026","rel":"","context":"Similar post","block_context":{"text":"Similar post","link":""},"img":{"alt_text":"","src":"","width":0,"height":0},"classes":[]},{"id":26438,"url":"https:\/\/sakaba.mghosteur.com\/en\/product\/cosrx-snail-92-all-in-one-cream\/","url_meta":{"origin":29445,"position":2},"title":"COSRX SNAIL 92 ALL IN ONE CREAM","author":"admin","date":"November 25, 2022","format":false,"excerpt":"Le produit Advanced Snail 92 Cr\u00e8me tout en un est une cr\u00e8me hydratante qui nourrit votre peau avec 92% de mucine d'escargot. Cette cr\u00e8me est id\u00e9ale pour apaiser les peaux irrit\u00e9es et sensibles apr\u00e8s des \u00e9ruptions cutan\u00e9es. Avec sa texture de gel riche et nourrissante, cette cr\u00e8me est facilement absorb\u00e9e\u2026","rel":"","context":"Similar post","block_context":{"text":"Similar post","link":""},"img":{"alt_text":"","src":"","width":0,"height":0},"classes":[]},{"id":34331,"url":"https:\/\/sakaba.mghosteur.com\/en\/product\/bento-aloe-propolis-soothing-gel\/","url_meta":{"origin":29445,"position":3},"title":"BENTO ALOE PROPOLIS SOOTHING GEL","author":"admin","date":"May 28, 2024","format":false,"excerpt":"Tout en suspens, sans fioritures ! Ce gel apaisant \u00e0 l'alo\u00e8s et \u00e0 la propolis de Benton contient de l'alo\u00e8s et de la propolis qui aident \u00e0 apaiser la peau irrit\u00e9e, \u00e0 att\u00e9nuer les cicatrices d'acn\u00e9, \u00e0 \u00e9claircir le teint et m\u00eame \u00e0 maintenir l'hydratation tout au long de la\u2026","rel":"","context":"Similar post","block_context":{"text":"Similar post","link":""},"img":{"alt_text":"","src":"","width":0,"height":0},"classes":[]},{"id":28366,"url":"https:\/\/sakaba.mghosteur.com\/en\/product\/palmers-cocoa-butter-formula-baby-butter-with-cocao-butter-aloe\/","url_meta":{"origin":29445,"position":4},"title":"Palmers Cocoa Butter Formula Baby Butter with cocao butter &#038; aloe","author":"admin","date":"November 30, 2022","format":false,"excerpt":"D\u00e9couvrez le Palmer's Cocoa Butter Formula Baby Butter, une lotion douce quotidienne con\u00e7ue pour hydrater, adoucir et apaiser la peau d\u00e9licate de b\u00e9b\u00e9. Cette formule unique associe le beurre de cacao pur, la vitamine E, l'alo\u00e8s et des \u00e9mollients riches pour offrir une hydratation sup\u00e9rieure et aider \u00e0 pr\u00e9server la\u2026","rel":"","context":"Similar post","block_context":{"text":"Similar post","link":""},"img":{"alt_text":"","src":"","width":0,"height":0},"classes":[]},{"id":33258,"url":"https:\/\/sakaba.mghosteur.com\/en\/product\/eos-she-better-24h-moisture-shave-cream-vanila-bliss\/","url_meta":{"origin":29445,"position":5},"title":"EOS SHE BETTER 24H MOISTURE SHAVE CREAM VANILA BLISS","author":"admin","date":"May 20, 2024","format":false,"excerpt":"Cette cr\u00e8me et lotion de rasage pour femmes EOS Vanilla Bliss, fra\u00eeche et cr\u00e9meuse, pr\u00e9sente des notes de gousse de vanille, de cr\u00e8me douce et de cassonade. Obtenez votre rasage le plus doux, le plus lisse (et le plus proche) de tous les temps. La lotion de rasage EOS est\u2026","rel":"","context":"Similar post","block_context":{"text":"Similar post","link":""},"img":{"alt_text":"","src":"","width":0,"height":0},"classes":[]}],"_links":{"self":[{"href":"https:\/\/sakaba.mghosteur.com\/en\/wp-json\/wp\/v2\/product\/29445","targetHints":{"allow":["GET"]}}],"collection":[{"href":"https:\/\/sakaba.mghosteur.com\/en\/wp-json\/wp\/v2\/product"}],"about":[{"href":"https:\/\/sakaba.mghosteur.com\/en\/wp-json\/wp\/v2\/types\/product"}],"replies":[{"embeddable":true,"href":"https:\/\/sakaba.mghosteur.com\/en\/wp-json\/wp\/v2\/comments?post=29445"}],"version-history":[{"count":0,"href":"https:\/\/sakaba.mghosteur.com\/en\/wp-json\/wp\/v2\/product\/29445\/revisions"}],"wp:attachment":[{"href":"https:\/\/sakaba.mghosteur.com\/en\/wp-json\/wp\/v2\/media?parent=29445"}],"wp:term":[{"taxonomy":"product_brand","embeddable":true,"href":"https:\/\/sakaba.mghosteur.com\/en\/wp-json\/wp\/v2\/product_brand?post=29445"},{"taxonomy":"product_cat","embeddable":true,"href":"https:\/\/sakaba.mghosteur.com\/en\/wp-json\/wp\/v2\/product_cat?post=29445"},{"taxonomy":"product_tag","embeddable":true,"href":"https:\/\/sakaba.mghosteur.com\/en\/wp-json\/wp\/v2\/product_tag?post=29445"}],"curies":[{"name":"wp","href":"https:\/\/api.w.org\/{rel}","templated":true}]}}