{"id":29450,"date":"2023-04-04T16:20:09","date_gmt":"2023-04-04T16:20:09","guid":{"rendered":"http:\/\/www.sakababeauty.com\/?post_type=product&#038;p=29450"},"modified":"2024-08-07T19:20:37","modified_gmt":"2024-08-07T19:20:37","slug":"cosrx-cica-clear-cleansing-oil","status":"publish","type":"product","link":"https:\/\/sakaba.mghosteur.com\/en\/product\/cosrx-cica-clear-cleansing-oil\/","title":{"rendered":"COSRX CICA CLEAR CLEANSING OIL"},"content":{"rendered":"<p>Le Pure Fit Cica Clear Huile Nettoyante de la marque COSRX est un nettoyant l\u00e9ger et aqueux qui permet un nettoyage en profondeur et rafra\u00eechissant. Cette huile nettoyante \u00e9limine efficacement le maquillage tenace, les impuret\u00e9s des pores et la poussi\u00e8re, tout en hydratant la peau sans laisser de sensation grasse. Ce produit convient \u00e0 tous les types de peau.<\/p>","protected":false},"excerpt":{"rendered":"<p>Le Pure Fit Cica Clear Huile Nettoyante de la marque COSRX est un nettoyant l\u00e9ger et aqueux qui permet un nettoyage en profondeur et rafra\u00eechissant. Cette huile nettoyante \u00e9limine efficacement le maquillage tenace, les impuret\u00e9s des pores et la poussi\u00e8re, tout en hydratant la peau sans laisser de sensation grasse. Ce produit convient \u00e0 tous<span class=\"read-more-faq\"><a href=\"https:\/\/sakaba.mghosteur.com\/en\/product\/cosrx-cica-clear-cleansing-oil\/\">Read More<\/a><\/span><\/p>","protected":false},"featured_media":0,"comment_status":"closed","ping_status":"closed","template":"","meta":[],"product_brand":[],"product_cat":[327,324,1018,451],"product_tag":[],"class_list":{"0":"post-29450","1":"product","2":"type-product","3":"status-publish","5":"product_cat-demaquillant","6":"product_cat-demaquillant-nettoyant","7":"product_cat-aai-produis-coreens","8":"product_cat-aab-soin-du-visage","10":"first","11":"instock","12":"shipping-taxable","13":"product-type-simple"},"jetpack-related-posts":[{"id":30424,"url":"https:\/\/sakaba.mghosteur.com\/en\/product\/rapid-clear-oil-eliminating-foaming-cleanser\/","url_meta":{"origin":29450,"position":0},"title":"RAPID CLEAR OIL ELIMINATING FOAMING CLEANSER","author":"admin","date":"May 10, 2023","format":false,"excerpt":"D\u00e9couvrez le nettoyant moussant \u00e9liminateur de s\u00e9bum Rapid Clear de la marque Neutrogena, sp\u00e9cialement con\u00e7u pour aider \u00e0 contr\u00f4ler le s\u00e9bum de votre peau pendant des heures. Ce nettoyant moussant anti-s\u00e9bum est formul\u00e9 avec une texture riche et cr\u00e9meuse qui se transforme en une mousse l\u00e9g\u00e8re et sans huile pour\u2026","rel":"","context":"Similar post","block_context":{"text":"Similar post","link":""},"img":{"alt_text":"","src":"","width":0,"height":0},"classes":[]},{"id":29456,"url":"https:\/\/sakaba.mghosteur.com\/en\/product\/cosrx-hyaluronic-acid-hydra-power-essence\/","url_meta":{"origin":29450,"position":1},"title":"COSRX HYALURONIC ACID HYDRA POWER ESSENCE","author":"admin","date":"April 4, 2023","format":false,"excerpt":"D\u00e9couvrez l'Acide hyaluronique Hydra Power Essence de la marque COSRX, une formule hautement concentr\u00e9e en acide hyaluronique qui hydrate votre peau en profondeur et lui donne une apparence repulp\u00e9e et jeune. Cette essence en gel sans huile retient l'humidit\u00e9 dans votre peau pour une hydratation longue dur\u00e9e. Sa liste d'ingr\u00e9dients\u2026","rel":"","context":"Similar post","block_context":{"text":"Similar post","link":""},"img":{"alt_text":"","src":"","width":0,"height":0},"classes":[]},{"id":24551,"url":"https:\/\/sakaba.mghosteur.com\/en\/product\/clean-clear-morning-burst-facial-cleanser\/","url_meta":{"origin":29450,"position":2},"title":"CLEAN &amp; CLEAR MORNING BURST FACIAL CLEANSER","author":"admin","date":"November 10, 2022","format":false,"excerpt":"Le nettoyant visage Clean & Clear Morning Burst nourrit la peau tout en \u00e9liminant la salet\u00e9, le s\u00e9bum et les impuret\u00e9s qui s'accumulent pendant la nuit. Con\u00e7u pour nettoyer et dynamiser, ce nettoyant visage quotidien sans huile \u00e9limine en douceur les cellules mortes de la peau et nettoie la peau.\u2026","rel":"","context":"Similar post","block_context":{"text":"Similar post","link":""},"img":{"alt_text":"","src":"","width":0,"height":0},"classes":[]},{"id":31570,"url":"https:\/\/sakaba.mghosteur.com\/en\/product\/cosrx-low-ph-good-morning-gel-cleanser-400ml\/","url_meta":{"origin":29450,"position":3},"title":"COSRX LOW PH GOOD MORNING GEL CLEANSER 400ml","author":"admin","date":"May 10, 2024","format":false,"excerpt":"Nettoyant Gel Doux Bonjour pH Bas : Nettoyez quotidiennement avec ce nettoyant doux et efficace, matin et soir, en \u00e9liminant les impuret\u00e9s tout en renfor\u00e7ant la barri\u00e8re cutan\u00e9e. Un Teint Lumineux le Jour et une Peau Douce la Nuit : En affinant la texture de la peau, le nettoyant aidera\u2026","rel":"","context":"Similar post","block_context":{"text":"Similar post","link":""},"img":{"alt_text":"","src":"","width":0,"height":0},"classes":[]},{"id":29466,"url":"https:\/\/sakaba.mghosteur.com\/en\/product\/cosrx-low-ph-good-mornig-gel-cleanser\/","url_meta":{"origin":29450,"position":4},"title":"COSRX LOW PH GOOD MORNIG GEL CLEANSER","author":"admin","date":"April 4, 2023","format":false,"excerpt":"Le Gel nettoyant Good Morning de la marque COSRX est un nettoyant doux en gel avec un pH l\u00e9g\u00e8rement acide. Il est con\u00e7u pour nettoyer en profondeur la peau sans la d\u00e9caper, tout en affinant sa texture. Convient \u00e0 tous les types de peau, il aide \u00e0 raffermir l'apparence de\u2026","rel":"","context":"Similar post","block_context":{"text":"Similar post","link":""},"img":{"alt_text":"","src":"","width":0,"height":0},"classes":[]},{"id":29485,"url":"https:\/\/sakaba.mghosteur.com\/en\/product\/cosrx-salicylic-acid-daily-gentle-cleanser\/","url_meta":{"origin":29450,"position":5},"title":"COSRX SALICYLIC ACID DAILY GENTLE CLEANSER","author":"admin","date":"April 6, 2023","format":false,"excerpt":"Le Nettoyant doux quotidien \u00e0 l'acide salicylique est un produit qui nettoie en douceur la peau sans la dess\u00e9cher. Il utilise de l'acide salicylique pour \u00e9liminer les impuret\u00e9s et l'exc\u00e8s de s\u00e9bum tout en luttant contre l'acn\u00e9 et les imperfections. Ce nettoyant laisse la peau douce et lisse sans sensation\u2026","rel":"","context":"Similar post","block_context":{"text":"Similar post","link":""},"img":{"alt_text":"","src":"","width":0,"height":0},"classes":[]}],"_links":{"self":[{"href":"https:\/\/sakaba.mghosteur.com\/en\/wp-json\/wp\/v2\/product\/29450","targetHints":{"allow":["GET"]}}],"collection":[{"href":"https:\/\/sakaba.mghosteur.com\/en\/wp-json\/wp\/v2\/product"}],"about":[{"href":"https:\/\/sakaba.mghosteur.com\/en\/wp-json\/wp\/v2\/types\/product"}],"replies":[{"embeddable":true,"href":"https:\/\/sakaba.mghosteur.com\/en\/wp-json\/wp\/v2\/comments?post=29450"}],"version-history":[{"count":0,"href":"https:\/\/sakaba.mghosteur.com\/en\/wp-json\/wp\/v2\/product\/29450\/revisions"}],"wp:attachment":[{"href":"https:\/\/sakaba.mghosteur.com\/en\/wp-json\/wp\/v2\/media?parent=29450"}],"wp:term":[{"taxonomy":"product_brand","embeddable":true,"href":"https:\/\/sakaba.mghosteur.com\/en\/wp-json\/wp\/v2\/product_brand?post=29450"},{"taxonomy":"product_cat","embeddable":true,"href":"https:\/\/sakaba.mghosteur.com\/en\/wp-json\/wp\/v2\/product_cat?post=29450"},{"taxonomy":"product_tag","embeddable":true,"href":"https:\/\/sakaba.mghosteur.com\/en\/wp-json\/wp\/v2\/product_tag?post=29450"}],"curies":[{"name":"wp","href":"https:\/\/api.w.org\/{rel}","templated":true}]}}