{"id":29453,"date":"2023-04-04T16:27:00","date_gmt":"2023-04-04T16:27:00","guid":{"rendered":"http:\/\/www.sakababeauty.com\/?post_type=product&#038;p=29453"},"modified":"2024-08-07T19:21:16","modified_gmt":"2024-08-07T19:21:16","slug":"cosrx-galactomyces-95-tone-balancing-essence","status":"publish","type":"product","link":"https:\/\/sakaba.mghosteur.com\/en\/product\/cosrx-galactomyces-95-tone-balancing-essence\/","title":{"rendered":"COSRX GALACTOMYCES 95 TONE BALANCING ESSENCE"},"content":{"rendered":"<p>D\u00e9couvrez l&#8217;essence \u00e9quilibrante de ton Galactomyces 95 de la marque COSRX ! Cette essence multi-action est con\u00e7ue pour les peaux ternes et rugueuses. Elle contient 95% de filtrat de ferment de Galactomyces pour nourrir et hydrater la peau, tout en la rendant plus \u00e9clatante et plus claire. Gr\u00e2ce \u00e0 l&#8217;acide hyaluronique et au panth\u00e9nol, cette essence ajoute une hydratation suppl\u00e9mentaire \u00e0 votre peau, tout en la laissant lisse et souple. La texture l\u00e9g\u00e8re p\u00e9n\u00e8tre rapidement dans la peau sans sensation grasse. Apr\u00e8s avoir nettoy\u00e9 et tonifi\u00e9 votre visage, appliquez une petite quantit\u00e9 de ce s\u00e9rum et tapotez doucement pour faciliter l&#8217;absorption. C&#8217;est un choix parfait pour prendre soin de votre peau !<\/p>","protected":false},"excerpt":{"rendered":"<p>D\u00e9couvrez l&#8217;essence \u00e9quilibrante de ton Galactomyces 95 de la marque COSRX ! Cette essence multi-action est con\u00e7ue pour les peaux ternes et rugueuses. Elle contient 95% de filtrat de ferment de Galactomyces pour nourrir et hydrater la peau, tout en la rendant plus \u00e9clatante et plus claire. Gr\u00e2ce \u00e0 l&#8217;acide hyaluronique et au panth\u00e9nol, cette<span class=\"read-more-faq\"><a href=\"https:\/\/sakaba.mghosteur.com\/en\/product\/cosrx-galactomyces-95-tone-balancing-essence\/\">Read More<\/a><\/span><\/p>","protected":false},"featured_media":0,"comment_status":"closed","ping_status":"closed","template":"","meta":[],"product_brand":[],"product_cat":[324,291,328,292,1018,451],"product_tag":[],"class_list":{"0":"post-29453","1":"product","2":"type-product","3":"status-publish","5":"product_cat-demaquillant-nettoyant","6":"product_cat-eclaircissant","7":"product_cat-lotion-tonique","8":"product_cat-peaux-sensibles","9":"product_cat-aai-produis-coreens","10":"product_cat-aab-soin-du-visage","12":"first","13":"instock","14":"shipping-taxable","15":"product-type-simple"},"jetpack-related-posts":[{"id":26901,"url":"https:\/\/sakaba.mghosteur.com\/en\/product\/advanced-snail-96-mucin-power-essence\/","url_meta":{"origin":29453,"position":0},"title":"COSRX ADVANCED SNAIL 96 MUCIN POWER ESSENCE","author":"admin","date":"November 28, 2022","format":false,"excerpt":"L'Advanced Snail 96 Mucin Power Essence de la marque COSRX est une essence l\u00e9g\u00e8re qui p\u00e9n\u00e8tre rapidement dans la peau pour donner \u00e0 votre peau un \u00e9clat naturel de l'int\u00e9rieur. Cette essence est cr\u00e9\u00e9e \u00e0 partir de mucine d'escargot filtr\u00e9e nutritive et \u00e0 faible stimulation pour garder votre peau hydrat\u00e9e\u2026","rel":"","context":"Similar post","block_context":{"text":"Similar post","link":""},"img":{"alt_text":"","src":"","width":0,"height":0},"classes":[]},{"id":29438,"url":"https:\/\/sakaba.mghosteur.com\/en\/product\/cosrx-advanced-snail-radiance-dual-essence\/","url_meta":{"origin":29453,"position":1},"title":"COSRX ADVANCED SNAIL RADIANCE DUAL ESSENCE","author":"admin","date":"April 4, 2023","format":false,"excerpt":"Le Advanced Snail Radiance Dual Essence de COSRX est un produit r\u00e9volutionnaire qui offre une solution 2 en 1 pour am\u00e9liorer l'\u00e9lasticit\u00e9 et l'\u00e9clat de votre peau. Cette essence est con\u00e7ue pour combiner les bienfaits hydratants et r\u00e9g\u00e9n\u00e9rants de l'essence d'escargot avec les propri\u00e9t\u00e9s \u00e9claircissantes de l'essence de luminosit\u00e9, afin\u2026","rel":"","context":"Similar post","block_context":{"text":"Similar post","link":""},"img":{"alt_text":"","src":"","width":0,"height":0},"classes":[]},{"id":31428,"url":"https:\/\/sakaba.mghosteur.com\/en\/product\/numbuzin-3-skin-softening\/","url_meta":{"origin":29453,"position":2},"title":"NUMBUZIN 3 SKIN SOFTENING","author":"admin","date":"May 10, 2024","format":false,"excerpt":"Le S\u00e9rum Adoucissant Numbuzin No.3 est une solution r\u00e9paratrice innovante, enrichie en galactomyces bifida, qui revitalise et hydrate votre peau en profondeur. Con\u00e7u pour stimuler l'\u00e9lasticit\u00e9 cutan\u00e9e et att\u00e9nuer l'apparence des rides, ce s\u00e9rum vous offre une peau \u00e9clatante et rajeunie. Sa formule l\u00e9g\u00e8re p\u00e9n\u00e8tre rapidement dans la peau, la\u2026","rel":"","context":"Similar post","block_context":{"text":"Similar post","link":""},"img":{"alt_text":"","src":"","width":0,"height":0},"classes":[]},{"id":29456,"url":"https:\/\/sakaba.mghosteur.com\/en\/product\/cosrx-hyaluronic-acid-hydra-power-essence\/","url_meta":{"origin":29453,"position":3},"title":"COSRX HYALURONIC ACID HYDRA POWER ESSENCE","author":"admin","date":"April 4, 2023","format":false,"excerpt":"D\u00e9couvrez l'Acide hyaluronique Hydra Power Essence de la marque COSRX, une formule hautement concentr\u00e9e en acide hyaluronique qui hydrate votre peau en profondeur et lui donne une apparence repulp\u00e9e et jeune. Cette essence en gel sans huile retient l'humidit\u00e9 dans votre peau pour une hydratation longue dur\u00e9e. Sa liste d'ingr\u00e9dients\u2026","rel":"","context":"Similar post","block_context":{"text":"Similar post","link":""},"img":{"alt_text":"","src":"","width":0,"height":0},"classes":[]},{"id":31714,"url":"https:\/\/sakaba.mghosteur.com\/en\/product\/haruhara-wonder-black-rice-hyaluronic-toner-the-first-essence\/","url_meta":{"origin":29453,"position":4},"title":"HARUHARA WONDER BLACK RICE HYALURONIC TONER THE FIRST ESSENCE","author":"admin","date":"May 10, 2024","format":false,"excerpt":"D\u00e9couvrez ce tonique l\u00e9ger, hydratant et rafra\u00eechissant, regorgeant d'ingr\u00e9dients nourrissants. Sa formule de fermentation unique transforme les ingr\u00e9dients bruts en une configuration plus flexible, que la peau peut absorber ais\u00e9ment. D\u00e9velopp\u00e9e avec la technologie brevet\u00e9e Ultra Deep, cette formule cible une absorption puissante, d\u00e9livrant ainsi des ingr\u00e9dients actifs en profondeur\u2026","rel":"","context":"Similar post","block_context":{"text":"Similar post","link":""},"img":{"alt_text":"","src":"","width":0,"height":0},"classes":[]},{"id":27620,"url":"https:\/\/sakaba.mghosteur.com\/en\/product\/ginseng-essence-water\/","url_meta":{"origin":29453,"position":5},"title":"GINSENG ESSENCE WATER","author":"admin","date":"November 29, 2022","format":false,"excerpt":"D\u00e9couvrez l'eau d'essence de ginseng de la marque Beauty of Joseon, un produit \u00e0 base de plantes naturelles qui a \u00e9t\u00e9 utilis\u00e9 pendant des si\u00e8cles pour am\u00e9liorer la sant\u00e9 et la beaut\u00e9 de la peau cor\u00e9enne. Cette essence contient 80% d'eau de ginseng pour offrir une hydratation et une nutrition\u2026","rel":"","context":"Similar post","block_context":{"text":"Similar post","link":""},"img":{"alt_text":"","src":"","width":0,"height":0},"classes":[]}],"_links":{"self":[{"href":"https:\/\/sakaba.mghosteur.com\/en\/wp-json\/wp\/v2\/product\/29453","targetHints":{"allow":["GET"]}}],"collection":[{"href":"https:\/\/sakaba.mghosteur.com\/en\/wp-json\/wp\/v2\/product"}],"about":[{"href":"https:\/\/sakaba.mghosteur.com\/en\/wp-json\/wp\/v2\/types\/product"}],"replies":[{"embeddable":true,"href":"https:\/\/sakaba.mghosteur.com\/en\/wp-json\/wp\/v2\/comments?post=29453"}],"version-history":[{"count":0,"href":"https:\/\/sakaba.mghosteur.com\/en\/wp-json\/wp\/v2\/product\/29453\/revisions"}],"wp:attachment":[{"href":"https:\/\/sakaba.mghosteur.com\/en\/wp-json\/wp\/v2\/media?parent=29453"}],"wp:term":[{"taxonomy":"product_brand","embeddable":true,"href":"https:\/\/sakaba.mghosteur.com\/en\/wp-json\/wp\/v2\/product_brand?post=29453"},{"taxonomy":"product_cat","embeddable":true,"href":"https:\/\/sakaba.mghosteur.com\/en\/wp-json\/wp\/v2\/product_cat?post=29453"},{"taxonomy":"product_tag","embeddable":true,"href":"https:\/\/sakaba.mghosteur.com\/en\/wp-json\/wp\/v2\/product_tag?post=29453"}],"curies":[{"name":"wp","href":"https:\/\/api.w.org\/{rel}","templated":true}]}}