{"id":29456,"date":"2023-04-04T16:31:50","date_gmt":"2023-04-04T16:31:50","guid":{"rendered":"http:\/\/www.sakababeauty.com\/?post_type=product&#038;p=29456"},"modified":"2024-08-07T19:21:47","modified_gmt":"2024-08-07T19:21:47","slug":"cosrx-hyaluronic-acid-hydra-power-essence","status":"publish","type":"product","link":"https:\/\/sakaba.mghosteur.com\/en\/product\/cosrx-hyaluronic-acid-hydra-power-essence\/","title":{"rendered":"COSRX HYALURONIC ACID HYDRA POWER ESSENCE"},"content":{"rendered":"<p>D\u00e9couvrez l&#8217;Acide hyaluronique Hydra Power Essence de la marque COSRX, une formule hautement concentr\u00e9e en acide hyaluronique qui hydrate votre peau en profondeur et lui donne une apparence repulp\u00e9e et jeune. Cette essence en gel sans huile retient l&#8217;humidit\u00e9 dans votre peau pour une hydratation longue dur\u00e9e. Sa liste d&#8217;ingr\u00e9dients courte et simple exclut tous les ingr\u00e9dients inutiles qui pourraient irriter votre peau. Pour l&#8217;utiliser, il vous suffit de nettoyer et de tonifier votre visage, puis d&#8217;appliquer une petite quantit\u00e9 de produit avant de tapoter doucement pour faciliter l&#8217;absorption. Avec l&#8217;Acide hyaluronique Hydra Power Essence, votre peau sera plus douce, hydrat\u00e9e et soyeuse.<\/p>","protected":false},"excerpt":{"rendered":"<p>D\u00e9couvrez l&#8217;Acide hyaluronique Hydra Power Essence de la marque COSRX, une formule hautement concentr\u00e9e en acide hyaluronique qui hydrate votre peau en profondeur et lui donne une apparence repulp\u00e9e et jeune. Cette essence en gel sans huile retient l&#8217;humidit\u00e9 dans votre peau pour une hydratation longue dur\u00e9e. Sa liste d&#8217;ingr\u00e9dients courte et simple exclut tous<span class=\"read-more-faq\"><a href=\"https:\/\/sakaba.mghosteur.com\/en\/product\/cosrx-hyaluronic-acid-hydra-power-essence\/\">Read More<\/a><\/span><\/p>","protected":false},"featured_media":0,"comment_status":"closed","ping_status":"closed","template":"","meta":[],"product_brand":[],"product_cat":[1018,451,334],"product_tag":[],"class_list":{"0":"post-29456","1":"product","2":"type-product","3":"status-publish","5":"product_cat-aai-produis-coreens","6":"product_cat-aab-soin-du-visage","7":"product_cat-traitement-serum","9":"first","10":"instock","11":"shipping-taxable","12":"product-type-simple"},"jetpack-related-posts":[{"id":29453,"url":"https:\/\/sakaba.mghosteur.com\/en\/product\/cosrx-galactomyces-95-tone-balancing-essence\/","url_meta":{"origin":29456,"position":0},"title":"COSRX GALACTOMYCES 95 TONE BALANCING ESSENCE","author":"admin","date":"April 4, 2023","format":false,"excerpt":"D\u00e9couvrez l'essence \u00e9quilibrante de ton Galactomyces 95 de la marque COSRX ! Cette essence multi-action est con\u00e7ue pour les peaux ternes et rugueuses. Elle contient 95% de filtrat de ferment de Galactomyces pour nourrir et hydrater la peau, tout en la rendant plus \u00e9clatante et plus claire. Gr\u00e2ce \u00e0 l'acide\u2026","rel":"","context":"Similar post","block_context":{"text":"Similar post","link":""},"img":{"alt_text":"","src":"","width":0,"height":0},"classes":[]},{"id":26901,"url":"https:\/\/sakaba.mghosteur.com\/en\/product\/advanced-snail-96-mucin-power-essence\/","url_meta":{"origin":29456,"position":1},"title":"COSRX ADVANCED SNAIL 96 MUCIN POWER ESSENCE","author":"admin","date":"November 28, 2022","format":false,"excerpt":"L'Advanced Snail 96 Mucin Power Essence de la marque COSRX est une essence l\u00e9g\u00e8re qui p\u00e9n\u00e8tre rapidement dans la peau pour donner \u00e0 votre peau un \u00e9clat naturel de l'int\u00e9rieur. Cette essence est cr\u00e9\u00e9e \u00e0 partir de mucine d'escargot filtr\u00e9e nutritive et \u00e0 faible stimulation pour garder votre peau hydrat\u00e9e\u2026","rel":"","context":"Similar post","block_context":{"text":"Similar post","link":""},"img":{"alt_text":"","src":"","width":0,"height":0},"classes":[]},{"id":27320,"url":"https:\/\/sakaba.mghosteur.com\/en\/product\/good-molecules-hyaluronic-acid-booting-essence\/","url_meta":{"origin":29456,"position":2},"title":"GOOD MOLECULES HYALURONIC ACID BOOTING ESSENCE","author":"admin","date":"November 29, 2022","format":false,"excerpt":"L'Essence Stimulante \u00e0 l'Acide Hyaluronique de Good Molecules est une formule puissante qui aide \u00e0 hydrater, raffermir et lisser votre peau en profondeur. Avec trois types d'acide hyaluronique, cette essence p\u00e9n\u00e8tre \u00e0 diff\u00e9rents niveaux pour nourrir et repulper votre peau. V\u00e9g\u00e9talienne et sans cruaut\u00e9, cette essence est \u00e9galement sans parfum\u2026","rel":"","context":"Similar post","block_context":{"text":"Similar post","link":""},"img":{"alt_text":"","src":"","width":0,"height":0},"classes":[]},{"id":29459,"url":"https:\/\/sakaba.mghosteur.com\/en\/product\/cosrx-hyaluronic-acid-intensive-cream\/","url_meta":{"origin":29456,"position":3},"title":"COSRX HYALURONIC ACID INTENSIVE CREAM","author":"admin","date":"April 4, 2023","format":false,"excerpt":"D\u00e9couvrez la Cr\u00e8me Intensive Acide Hyaluronique de la marque COSRX, le secret pour une peau souple et hydrat\u00e9e toute la journ\u00e9e ! Cette cr\u00e8me hydratante est con\u00e7ue pour augmenter la teneur en humidit\u00e9 de votre peau et la prot\u00e9ger contre la perte d'hydratation. Sa texture l\u00e9g\u00e8re et non grasse laisse\u2026","rel":"","context":"Similar post","block_context":{"text":"Similar post","link":""},"img":{"alt_text":"","src":"","width":0,"height":0},"classes":[]},{"id":31535,"url":"https:\/\/sakaba.mghosteur.com\/en\/product\/vaseline-hydra-replenish-hand-creme-hyaluronic-acide-100ml\/","url_meta":{"origin":29456,"position":4},"title":"VASELINE HYDRA REPLENISH HAND CREME HYALURONIC ACIDE 100ml","author":"admin","date":"May 10, 2024","format":false,"excerpt":"La Cr\u00e8me \u00e0 mains Vaseline\u00ae Intensive Care\u2122 Hydra Replenish est un produit essentiel pour ceux qui recherchent une hydratation en profondeur. Combinant l'efficacit\u00e9 de l'acide hyaluronique, de la vitamine B3 et du beurre de cacao, cette cr\u00e8me nourrissante pour peaux s\u00e8ches laisse la peau douce d\u00e8s la premi\u00e8re application. Sa\u2026","rel":"","context":"Similar post","block_context":{"text":"Similar post","link":""},"img":{"alt_text":"","src":"","width":0,"height":0},"classes":[]},{"id":26433,"url":"https:\/\/sakaba.mghosteur.com\/en\/product\/cosrx-the-hyaluronic-acid-3-serum\/","url_meta":{"origin":29456,"position":5},"title":"COSRX THE HYALURONIC ACID 3 SERUM","author":"admin","date":"November 25, 2022","format":false,"excerpt":"D\u00e9couvrez le S\u00e9rum Acide Hyaluronique 3, un soin pour la peau ultra-hydratant et apaisant. Gr\u00e2ce \u00e0 sa formule haute r\u00e9sistance infus\u00e9e avec 3% d'acide hyaluronique, ce s\u00e9rum aide \u00e0 repulper la peau et \u00e0 renforcer sa barri\u00e8re d'hydratation. Vous pourrez ressentir les bienfaits de l'acide hyaluronique sans vous soucier des\u2026","rel":"","context":"Similar post","block_context":{"text":"Similar post","link":""},"img":{"alt_text":"","src":"","width":0,"height":0},"classes":[]}],"_links":{"self":[{"href":"https:\/\/sakaba.mghosteur.com\/en\/wp-json\/wp\/v2\/product\/29456","targetHints":{"allow":["GET"]}}],"collection":[{"href":"https:\/\/sakaba.mghosteur.com\/en\/wp-json\/wp\/v2\/product"}],"about":[{"href":"https:\/\/sakaba.mghosteur.com\/en\/wp-json\/wp\/v2\/types\/product"}],"replies":[{"embeddable":true,"href":"https:\/\/sakaba.mghosteur.com\/en\/wp-json\/wp\/v2\/comments?post=29456"}],"version-history":[{"count":0,"href":"https:\/\/sakaba.mghosteur.com\/en\/wp-json\/wp\/v2\/product\/29456\/revisions"}],"wp:attachment":[{"href":"https:\/\/sakaba.mghosteur.com\/en\/wp-json\/wp\/v2\/media?parent=29456"}],"wp:term":[{"taxonomy":"product_brand","embeddable":true,"href":"https:\/\/sakaba.mghosteur.com\/en\/wp-json\/wp\/v2\/product_brand?post=29456"},{"taxonomy":"product_cat","embeddable":true,"href":"https:\/\/sakaba.mghosteur.com\/en\/wp-json\/wp\/v2\/product_cat?post=29456"},{"taxonomy":"product_tag","embeddable":true,"href":"https:\/\/sakaba.mghosteur.com\/en\/wp-json\/wp\/v2\/product_tag?post=29456"}],"curies":[{"name":"wp","href":"https:\/\/api.w.org\/{rel}","templated":true}]}}