{"id":29459,"date":"2023-04-04T16:39:16","date_gmt":"2023-04-04T16:39:16","guid":{"rendered":"http:\/\/www.sakababeauty.com\/?post_type=product&#038;p=29459"},"modified":"2024-08-07T19:22:33","modified_gmt":"2024-08-07T19:22:33","slug":"cosrx-hyaluronic-acid-intensive-cream","status":"publish","type":"product","link":"https:\/\/sakaba.mghosteur.com\/en\/product\/cosrx-hyaluronic-acid-intensive-cream\/","title":{"rendered":"COSRX HYALURONIC ACID INTENSIVE CREAM"},"content":{"rendered":"<p>D\u00e9couvrez la Cr\u00e8me Intensive Acide Hyaluronique de la marque COSRX, le secret pour une peau souple et hydrat\u00e9e toute la journ\u00e9e ! Cette cr\u00e8me hydratante est con\u00e7ue pour augmenter la teneur en humidit\u00e9 de votre peau et la prot\u00e9ger contre la perte d&#8217;hydratation. Sa texture l\u00e9g\u00e8re et non grasse laisse la peau douce comme des nuages et procure une hydratation longue dur\u00e9e. Faites l&#8217;exp\u00e9rience de cette cr\u00e8me intens\u00e9ment hydratante pour une peau d&#8217;apparence saine et \u00e9clatante !<\/p>","protected":false},"excerpt":{"rendered":"<p>D\u00e9couvrez la Cr\u00e8me Intensive Acide Hyaluronique de la marque COSRX, le secret pour une peau souple et hydrat\u00e9e toute la journ\u00e9e ! Cette cr\u00e8me hydratante est con\u00e7ue pour augmenter la teneur en humidit\u00e9 de votre peau et la prot\u00e9ger contre la perte d&#8217;hydratation. Sa texture l\u00e9g\u00e8re et non grasse laisse la peau douce comme des<span class=\"read-more-faq\"><a href=\"https:\/\/sakaba.mghosteur.com\/en\/product\/cosrx-hyaluronic-acid-intensive-cream\/\">Read More<\/a><\/span><\/p>","protected":false},"featured_media":0,"comment_status":"closed","ping_status":"closed","template":"","meta":[],"product_brand":[],"product_cat":[331,388,1018,451],"product_tag":[],"class_list":{"0":"post-29459","1":"product","2":"type-product","3":"status-publish","5":"product_cat-hydratant-visage","6":"product_cat-peaux-seches","7":"product_cat-aai-produis-coreens","8":"product_cat-aab-soin-du-visage","10":"first","11":"instock","12":"shipping-taxable","13":"product-type-simple"},"jetpack-related-posts":[{"id":31587,"url":"https:\/\/sakaba.mghosteur.com\/en\/product\/cosrx-propolis-honey-overnignt-mask\/","url_meta":{"origin":29459,"position":0},"title":"COSRX PROPOLIS HONEY OVERNIGNT MASK","author":"admin","date":"May 10, 2024","format":false,"excerpt":"D\u00e9couvrez le Masque Hydratant Full Fit Propolis Honey Overnight. Ce produit polyvalent vous offre une exp\u00e9rience 3 en 1 : il peut \u00eatre utilis\u00e9 comme masque de nuit, comme cr\u00e8me hydratante ou comme masque lavable. Gr\u00e2ce \u00e0 sa formule enrichie de plus de 70 % d'extrait de propolis et de\u2026","rel":"","context":"Similar post","block_context":{"text":"Similar post","link":""},"img":{"alt_text":"","src":"","width":0,"height":0},"classes":[]},{"id":27109,"url":"https:\/\/sakaba.mghosteur.com\/en\/product\/hadalabo-moisturizing-cream\/","url_meta":{"origin":29459,"position":1},"title":"HADALABO MOISTURIZING CREAM","author":"admin","date":"November 28, 2022","format":false,"excerpt":"D\u00e9couvrez la Super Cr\u00e8me Hydratante \u00e0 l'Acide Hyaluronique de ROHTO Hadalabo Gokujyun, un produit de qualit\u00e9 de la marque HadaLabo. Cette cr\u00e8me de 50g est formul\u00e9e avec de l'acide hyaluronique super hydratant qui permet de maintenir une hydratation intense de la peau. Cette cr\u00e8me gel enrobe la peau avec une\u2026","rel":"","context":"Similar post","block_context":{"text":"Similar post","link":""},"img":{"alt_text":"","src":"","width":0,"height":0},"classes":[]},{"id":31581,"url":"https:\/\/sakaba.mghosteur.com\/en\/product\/cosrx-the-retinol-super-vitamine-e-panthenol\/","url_meta":{"origin":29459,"position":2},"title":"COSRX THE RETINOL SUPER VITAMINE E + PANTHENOL","author":"admin","date":"May 10, 2024","format":false,"excerpt":"D\u00e9couvrez la cr\u00e8me The Retinol 0.1 Cream de COSRX, un incontournable pour votre routine de soin. Sa formule unique associe 0,1 % de r\u00e9tinol anti-\u00e2ge \u00e0 des actifs apaisants et hydratants, tels que la vitamine E et le panth\u00e9nol. Gr\u00e2ce \u00e0 cette combinaison, cette cr\u00e8me assure une initiation en douceur\u2026","rel":"","context":"Similar post","block_context":{"text":"Similar post","link":""},"img":{"alt_text":"","src":"","width":0,"height":0},"classes":[]},{"id":31535,"url":"https:\/\/sakaba.mghosteur.com\/en\/product\/vaseline-hydra-replenish-hand-creme-hyaluronic-acide-100ml\/","url_meta":{"origin":29459,"position":3},"title":"VASELINE HYDRA REPLENISH HAND CREME HYALURONIC ACIDE 100ml","author":"admin","date":"May 10, 2024","format":false,"excerpt":"La Cr\u00e8me \u00e0 mains Vaseline\u00ae Intensive Care\u2122 Hydra Replenish est un produit essentiel pour ceux qui recherchent une hydratation en profondeur. Combinant l'efficacit\u00e9 de l'acide hyaluronique, de la vitamine B3 et du beurre de cacao, cette cr\u00e8me nourrissante pour peaux s\u00e8ches laisse la peau douce d\u00e8s la premi\u00e8re application. Sa\u2026","rel":"","context":"Similar post","block_context":{"text":"Similar post","link":""},"img":{"alt_text":"","src":"","width":0,"height":0},"classes":[]},{"id":56105,"url":"https:\/\/sakaba.mghosteur.com\/en\/product\/advanced-clinicals-hyaluronic-acid-instant-skin-hydrator\/","url_meta":{"origin":29459,"position":4},"title":"Advanced Clinicals Hyaluronic Acid Instant Skin Hydrator","author":"Sope DIA","date":"January 2, 2026","format":false,"excerpt":"CR\u00c8ME \u00c0 L'ACIDE HYALURONIQUE HYDRATE ET REPULPE VISIBLEMENT LES PEAUX S\u00c8CHES \u2013 Cette cr\u00e8me pour le corps hydrate intens\u00e9ment pour une peau visiblement repulp\u00e9e et lisse. Elle retient l'hydratation essentielle, laissant la peau fra\u00eeche, souple et revitalis\u00e9e. Formul\u00e9e par des chimistes cosm\u00e9tiques pour les femmes et les hommes souhaitant int\u00e9grer\u2026","rel":"","context":"Similar post","block_context":{"text":"Similar post","link":""},"img":{"alt_text":"","src":"","width":0,"height":0},"classes":[]},{"id":34961,"url":"https:\/\/sakaba.mghosteur.com\/en\/product\/innisfreecoffret-hydration-heros-with-green-tea\/","url_meta":{"origin":29459,"position":5},"title":"INNISFREE COFFRET HYDRATION HEROS WITH GREEN TEA","author":"admin","date":"June 3, 2024","format":false,"excerpt":"L'ensemble comprend\u00a0: 1. S\u00e9rum hydratant intensif aux graines de th\u00e9 vert, 80\u00a0ml Hydratez-vous d\u00e8s la premi\u00e8re goutte gr\u00e2ce \u00e0 notre m\u00e9lange parfaitement \u00e9quilibr\u00e9 d'extrait de th\u00e9 vert et d'huile de graines de th\u00e9 vert. Riche en acides amin\u00e9s et en min\u00e9raux, ce s\u00e9rum l\u00e9ger mais nourrissant aide \u00e0 reconstituer le\u2026","rel":"","context":"Similar post","block_context":{"text":"Similar post","link":""},"img":{"alt_text":"","src":"","width":0,"height":0},"classes":[]}],"_links":{"self":[{"href":"https:\/\/sakaba.mghosteur.com\/en\/wp-json\/wp\/v2\/product\/29459","targetHints":{"allow":["GET"]}}],"collection":[{"href":"https:\/\/sakaba.mghosteur.com\/en\/wp-json\/wp\/v2\/product"}],"about":[{"href":"https:\/\/sakaba.mghosteur.com\/en\/wp-json\/wp\/v2\/types\/product"}],"replies":[{"embeddable":true,"href":"https:\/\/sakaba.mghosteur.com\/en\/wp-json\/wp\/v2\/comments?post=29459"}],"version-history":[{"count":0,"href":"https:\/\/sakaba.mghosteur.com\/en\/wp-json\/wp\/v2\/product\/29459\/revisions"}],"wp:attachment":[{"href":"https:\/\/sakaba.mghosteur.com\/en\/wp-json\/wp\/v2\/media?parent=29459"}],"wp:term":[{"taxonomy":"product_brand","embeddable":true,"href":"https:\/\/sakaba.mghosteur.com\/en\/wp-json\/wp\/v2\/product_brand?post=29459"},{"taxonomy":"product_cat","embeddable":true,"href":"https:\/\/sakaba.mghosteur.com\/en\/wp-json\/wp\/v2\/product_cat?post=29459"},{"taxonomy":"product_tag","embeddable":true,"href":"https:\/\/sakaba.mghosteur.com\/en\/wp-json\/wp\/v2\/product_tag?post=29459"}],"curies":[{"name":"wp","href":"https:\/\/api.w.org\/{rel}","templated":true}]}}