{"id":29462,"date":"2023-04-04T16:45:13","date_gmt":"2023-04-04T16:45:13","guid":{"rendered":"http:\/\/www.sakababeauty.com\/?post_type=product&#038;p=29462"},"modified":"2024-08-07T19:37:43","modified_gmt":"2024-08-07T19:37:43","slug":"lip-plump-rafraichir-aha-bha-vitamine-c-levres-repulpantes","status":"publish","type":"product","link":"https:\/\/sakaba.mghosteur.com\/en\/product\/lip-plump-rafraichir-aha-bha-vitamine-c-levres-repulpantes\/","title":{"rendered":"Lip Plump &#8211; Rafra\u00eechir AHA BHA Vitamine C L\u00e8vres Repulpantes"},"content":{"rendered":"<p>Le Lip Plump de la marque COSRX est un produit ultra-\u00e9clatant qui utilise des ingr\u00e9dients comme la volufiline et des d\u00e9riv\u00e9s de vitamines pour donner un effet repulpant \u00e0 vos l\u00e8vres. Ce produit est disponible en format de 0.70 fl.oz \/ 20g. Avec le Lip Plump, vos l\u00e8vres seront volumis\u00e9es et pleines d&#8217;\u00e9nergie gr\u00e2ce \u00e0 sa formule unique.<\/p>","protected":false},"excerpt":{"rendered":"<p>Le Lip Plump de la marque COSRX est un produit ultra-\u00e9clatant qui utilise des ingr\u00e9dients comme la volufiline et des d\u00e9riv\u00e9s de vitamines pour donner un effet repulpant \u00e0 vos l\u00e8vres. Ce produit est disponible en format de 0.70 fl.oz \/ 20g. Avec le Lip Plump, vos l\u00e8vres seront volumis\u00e9es et pleines d&#8217;\u00e9nergie gr\u00e2ce \u00e0<span class=\"read-more-faq\"><a href=\"https:\/\/sakaba.mghosteur.com\/en\/product\/lip-plump-rafraichir-aha-bha-vitamine-c-levres-repulpantes\/\">Read More<\/a><\/span><\/p>","protected":false},"featured_media":0,"comment_status":"closed","ping_status":"closed","template":"","meta":[],"product_brand":[],"product_cat":[1018,1054,451],"product_tag":[],"class_list":{"0":"post-29462","1":"product","2":"type-product","3":"status-publish","5":"product_cat-aai-produis-coreens","6":"product_cat-soins-des-levres","7":"product_cat-aab-soin-du-visage","9":"first","10":"instock","11":"shipping-taxable","12":"product-type-simple"},"jetpack-related-posts":[{"id":29577,"url":"https:\/\/sakaba.mghosteur.com\/en\/product\/fenty-gloss-bomb-heat-hot-cherry\/","url_meta":{"origin":29462,"position":0},"title":"FENTY GLOSS BOMB HEAT HOT CHERRY","author":"admin","date":"April 10, 2023","format":false,"excerpt":"D\u00e9couvrez Gloss Bomb Heat, le lip luminizer et plumper de FENTY pour des l\u00e8vres incroyables ! Avec sa formule innovante Plump Job Complex \u00e0 base d'huile de gingembre et d'extrait de fruit de poivre, ce gloss offre un effet repulpant instantan\u00e9 pour des l\u00e8vres lisses et pleines. Enrichi en beurre\u2026","rel":"","context":"Similar post","block_context":{"text":"Similar post","link":""},"img":{"alt_text":"","src":"","width":0,"height":0},"classes":[]},{"id":31636,"url":"https:\/\/sakaba.mghosteur.com\/en\/product\/the-inkey-list-tripeptide-plumpling-lip-balm\/","url_meta":{"origin":29462,"position":1},"title":"THE INKEY LIST TRIPEPTIDE PLUMPLING LIP BALM","author":"admin","date":"May 10, 2024","format":false,"excerpt":"Baume \u00e0 L\u00e8vres Repulpant Tripeptide \u2013 Teinte Roseamide ou du r\u00e9tinol. Cliniquement prouv\u00e9 pour repulper les l\u00e8vres jusqu'\u00e0 40 % en 4 semaines*, ce baume \u00e0 l\u00e8vres repulpant tripeptide viral et prim\u00e9 est de retour dans une nouvelle teinte rose \u00e0 l\u00e8vres modulable et universellement flatteuse pour redonner du volume\u2026","rel":"","context":"Similar post","block_context":{"text":"Similar post","link":""},"img":{"alt_text":"","src":"","width":0,"height":0},"classes":[]},{"id":35982,"url":"https:\/\/sakaba.mghosteur.com\/en\/product\/medix-5-5-collagen-peptides-plump-lift-444ml\/","url_meta":{"origin":29462,"position":2},"title":"MEDIX 5.5 COLLAGEN + PEPTIDES PLUMP + LIFT 444ML","author":"admin","date":"August 10, 2024","format":false,"excerpt":"La cr\u00e8me pour le corps Medix 5.5 Collag\u00e8ne + Peptide aide \u00e0 renforcer l\u2019\u00e9lasticit\u00e9 de la peau, \u00e0 restaurer le collag\u00e8ne dans votre peau, \u00e0 hydrater et nourrir votre peau, la laissant plus douce, souple et radieuse. Elle aide \u00e0 am\u00e9liorer la texture et le teint de la peau, \u00e0\u2026","rel":"","context":"Similar post","block_context":{"text":"Similar post","link":""},"img":{"alt_text":"","src":"","width":0,"height":0},"classes":[]},{"id":34652,"url":"https:\/\/sakaba.mghosteur.com\/en\/product\/fenty-skin-melon-treat-hydrating-stengrethening-lip-oil\/","url_meta":{"origin":29462,"position":3},"title":"FENTY SKIN MELON TREAT HYDRATING + STENGRETHENING LIP OIL","author":"admin","date":"May 30, 2024","format":false,"excerpt":"Votre barri\u00e8re d'hydratation est la premi\u00e8re ligne de d\u00e9fense de vos l\u00e8vres contre les \u00e9l\u00e9ments. Gardez-la forte et elle restera plus hydrat\u00e9e, plus lisse et sans squames. Cette huile pour les l\u00e8vres ultra-hydratante et non collante est transparente et maintient la barri\u00e8re d'hydratation des l\u00e8vres sous contr\u00f4le Hydrate et renforce\u2026","rel":"","context":"Similar post","block_context":{"text":"Similar post","link":""},"img":{"alt_text":"","src":"","width":0,"height":0},"classes":[]},{"id":31505,"url":"https:\/\/sakaba.mghosteur.com\/en\/product\/laneige-lip-sleeping-mask-mango\/","url_meta":{"origin":29462,"position":4},"title":"LANEIGE LIP SLEEPING MASK MANGO","author":"admin","date":"May 10, 2024","format":false,"excerpt":"D\u00e9couvrez le masque de nuit phare de LANEIGE, une formule ultra nourrissante qui favorise des l\u00e8vres douces et pulpeuses. Avec sa saveur de mangue juteuse, ce masque pour les l\u00e8vres repulpe les l\u00e8vres en les hydratant intens\u00e9ment, en aidant \u00e0 minimiser les rugosit\u00e9s et les fissures dues \u00e0 la s\u00e9cheresse.\u2026","rel":"","context":"Similar post","block_context":{"text":"Similar post","link":""},"img":{"alt_text":"","src":"","width":0,"height":0},"classes":[]},{"id":31515,"url":"https:\/\/sakaba.mghosteur.com\/en\/product\/laneige-lip-sleeping-mask-vanilla\/","url_meta":{"origin":29462,"position":5},"title":"LANEIGE LIP SLEEPING MASK VANILLA","author":"admin","date":"May 10, 2024","format":false,"excerpt":"D\u00e9couvrez le masque de nuit nourrissant pour les l\u00e8vres, un essentiel de beaut\u00e9 de Laneige. Ce produit r\u00e9volutionnaire vous offre des l\u00e8vres douces et lisses d\u00e8s le r\u00e9veil, comme la peau d'un b\u00e9b\u00e9. Enrichi d'un m\u00e9lange pr\u00e9cieux de vitamine C et d'antioxydants puissants, ce masque nourrit intens\u00e9ment vos l\u00e8vres tout\u2026","rel":"","context":"Similar post","block_context":{"text":"Similar post","link":""},"img":{"alt_text":"","src":"","width":0,"height":0},"classes":[]}],"_links":{"self":[{"href":"https:\/\/sakaba.mghosteur.com\/en\/wp-json\/wp\/v2\/product\/29462","targetHints":{"allow":["GET"]}}],"collection":[{"href":"https:\/\/sakaba.mghosteur.com\/en\/wp-json\/wp\/v2\/product"}],"about":[{"href":"https:\/\/sakaba.mghosteur.com\/en\/wp-json\/wp\/v2\/types\/product"}],"replies":[{"embeddable":true,"href":"https:\/\/sakaba.mghosteur.com\/en\/wp-json\/wp\/v2\/comments?post=29462"}],"version-history":[{"count":0,"href":"https:\/\/sakaba.mghosteur.com\/en\/wp-json\/wp\/v2\/product\/29462\/revisions"}],"wp:attachment":[{"href":"https:\/\/sakaba.mghosteur.com\/en\/wp-json\/wp\/v2\/media?parent=29462"}],"wp:term":[{"taxonomy":"product_brand","embeddable":true,"href":"https:\/\/sakaba.mghosteur.com\/en\/wp-json\/wp\/v2\/product_brand?post=29462"},{"taxonomy":"product_cat","embeddable":true,"href":"https:\/\/sakaba.mghosteur.com\/en\/wp-json\/wp\/v2\/product_cat?post=29462"},{"taxonomy":"product_tag","embeddable":true,"href":"https:\/\/sakaba.mghosteur.com\/en\/wp-json\/wp\/v2\/product_tag?post=29462"}],"curies":[{"name":"wp","href":"https:\/\/api.w.org\/{rel}","templated":true}]}}