{"id":29466,"date":"2023-04-04T16:58:13","date_gmt":"2023-04-04T16:58:13","guid":{"rendered":"http:\/\/www.sakababeauty.com\/?post_type=product&#038;p=29466"},"modified":"2024-08-07T19:23:10","modified_gmt":"2024-08-07T19:23:10","slug":"cosrx-low-ph-good-mornig-gel-cleanser","status":"publish","type":"product","link":"https:\/\/sakaba.mghosteur.com\/en\/product\/cosrx-low-ph-good-mornig-gel-cleanser\/","title":{"rendered":"COSRX LOW PH GOOD MORNIG GEL CLEANSER"},"content":{"rendered":"<p>Le Gel nettoyant Good Morning de la marque COSRX est un nettoyant doux en gel avec un pH l\u00e9g\u00e8rement acide. Il est con\u00e7u pour nettoyer en profondeur la peau sans la d\u00e9caper, tout en affinant sa texture. Convient \u00e0 tous les types de peau, il aide \u00e0 raffermir l&#8217;apparence de la peau et \u00e0 la laisser propre pendant la nuit. Id\u00e9al pour une routine de soins matinale douce et efficace<\/p>","protected":false},"excerpt":{"rendered":"<p>Le Gel nettoyant Good Morning de la marque COSRX est un nettoyant doux en gel avec un pH l\u00e9g\u00e8rement acide. Il est con\u00e7u pour nettoyer en profondeur la peau sans la d\u00e9caper, tout en affinant sa texture. Convient \u00e0 tous les types de peau, il aide \u00e0 raffermir l&#8217;apparence de la peau et \u00e0 la<span class=\"read-more-faq\"><a href=\"https:\/\/sakaba.mghosteur.com\/en\/product\/cosrx-low-ph-good-mornig-gel-cleanser\/\">Read More<\/a><\/span><\/p>","protected":false},"featured_media":0,"comment_status":"closed","ping_status":"closed","template":"","meta":[],"product_brand":[],"product_cat":[324,1018,451],"product_tag":[],"class_list":{"0":"post-29466","1":"product","2":"type-product","3":"status-publish","5":"product_cat-demaquillant-nettoyant","6":"product_cat-aai-produis-coreens","7":"product_cat-aab-soin-du-visage","9":"first","10":"instock","11":"shipping-taxable","12":"product-type-simple"},"jetpack-related-posts":[{"id":31570,"url":"https:\/\/sakaba.mghosteur.com\/en\/product\/cosrx-low-ph-good-morning-gel-cleanser-400ml\/","url_meta":{"origin":29466,"position":0},"title":"COSRX LOW PH GOOD MORNING GEL CLEANSER 400ml","author":"admin","date":"May 10, 2024","format":false,"excerpt":"Nettoyant Gel Doux Bonjour pH Bas : Nettoyez quotidiennement avec ce nettoyant doux et efficace, matin et soir, en \u00e9liminant les impuret\u00e9s tout en renfor\u00e7ant la barri\u00e8re cutan\u00e9e. Un Teint Lumineux le Jour et une Peau Douce la Nuit : En affinant la texture de la peau, le nettoyant aidera\u2026","rel":"","context":"Similar post","block_context":{"text":"Similar post","link":""},"img":{"alt_text":"","src":"","width":0,"height":0},"classes":[]},{"id":31590,"url":"https:\/\/sakaba.mghosteur.com\/en\/product\/cosrx-low-ph-good-night-soft-peeling-gel\/","url_meta":{"origin":29466,"position":1},"title":"COSRX LOW PH GOOD NIGHT SOFT PEELING GEL","author":"admin","date":"May 10, 2024","format":false,"excerpt":"Gel peeling doux \u00e0 faible pH enrichi d'ingr\u00e9dients d'origine naturelle pour am\u00e9liorer l'\u00e9tat de la peau. Avec un pH similaire \u00e0 celui des composants protecteurs de la peau et de la barri\u00e8re, ce gel fonctionne parfaitement m\u00eame pour les peaux sensibles. Rapide, facile et pratique, ce gel peeling s'utilise directement\u2026","rel":"","context":"Similar post","block_context":{"text":"Similar post","link":""},"img":{"alt_text":"","src":"","width":0,"height":0},"classes":[]},{"id":31780,"url":"https:\/\/sakaba.mghosteur.com\/en\/product\/olay-ceramide-gel-de-douche-591ml\/","url_meta":{"origin":29466,"position":2},"title":"OLAY CERAMIDE GEL DE DOUCHE 591ML","author":"admin","date":"May 10, 2024","format":false,"excerpt":"R\u00e9v\u00e9lez une peau belle et saine avec le nettoyant pour le corps nettoyant et fortifiant Olay avec complexe de c\u00e9ramides et de vitamine B3. Cette formule avanc\u00e9e hydrate en profondeur pour aider \u00e0 renforcer la barri\u00e8re d'hydratation de votre peau et la laisser douce et r\u00e9g\u00e9n\u00e9r\u00e9e. Gr\u00e2ce \u00e0 la technologie\u2026","rel":"","context":"Similar post","block_context":{"text":"Similar post","link":""},"img":{"alt_text":"","src":"","width":0,"height":0},"classes":[]},{"id":30379,"url":"https:\/\/sakaba.mghosteur.com\/en\/product\/neutrogena-skin-balancing-2-polyhydroxy-acid\/","url_meta":{"origin":29466,"position":3},"title":"NEUTROGENA SKIN BALANCING 2% POLYHYDROXY ACID","author":"admin","date":"May 9, 2023","format":false,"excerpt":"Optez pour le Gel nettoyant \u00e9quilibrant pour la peau pour peaux mixtes de Neutrogena, une formule douce et efficace qui nettoie, exfolie et revitalise votre peau en une seule \u00e9tape. Avec sa formule hypoallerg\u00e9nique d\u00e9velopp\u00e9e avec des dermatologues, ce gel nettoyant respecte le pH naturel de votre peau, la laissant\u2026","rel":"","context":"Similar post","block_context":{"text":"Similar post","link":""},"img":{"alt_text":"","src":"","width":0,"height":0},"classes":[]},{"id":29759,"url":"https:\/\/sakaba.mghosteur.com\/en\/product\/soothing-body-wash-for-pregancy\/","url_meta":{"origin":29466,"position":4},"title":"SOOTHING BODY WASH FOR PREGANCY","author":"admin","date":"April 19, 2023","format":false,"excerpt":"Le gel douche apaisant au beurre de cacao Palmer's est sp\u00e9cialement con\u00e7u pour les femmes enceintes. Il nettoie en douceur la peau s\u00e8che et irrit\u00e9e tout en apaisant les d\u00e9mangeaisons et les tiraillements caus\u00e9s par la grossesse. Le beurre de cacao et le beurre de karit\u00e9, ainsi que le collag\u00e8ne\u2026","rel":"","context":"Similar post","block_context":{"text":"Similar post","link":""},"img":{"alt_text":"","src":"","width":0,"height":0},"classes":[]},{"id":31692,"url":"https:\/\/sakaba.mghosteur.com\/en\/product\/haruhara-wonder-black-rice-moisture-5-5-soft-cleansing-gel-unscented\/","url_meta":{"origin":29466,"position":5},"title":"HARUHARA WONDER BLACK RICE MOISTURE 5.5 SOFT CLEANSING GEL UNSCENTED","author":"admin","date":"May 10, 2024","format":false,"excerpt":"D\u00e9couvrez ce gel nettoyant doux et l\u00e9g\u00e8rement acide, id\u00e9al pour vos matins charg\u00e9s ! Formul\u00e9 sans parfum, il hydrate et nettoie en profondeur pour une routine matinale rafra\u00eechissante. Sa formule saine et l\u00e9g\u00e8rement acide maintient un pH \u00e9quilibr\u00e9, essentiel pour une peau \u00e9clatante et bien prot\u00e9g\u00e9e. Les tensioactifs naturels, puis\u00e9s\u2026","rel":"","context":"Similar post","block_context":{"text":"Similar post","link":""},"img":{"alt_text":"","src":"","width":0,"height":0},"classes":[]}],"_links":{"self":[{"href":"https:\/\/sakaba.mghosteur.com\/en\/wp-json\/wp\/v2\/product\/29466","targetHints":{"allow":["GET"]}}],"collection":[{"href":"https:\/\/sakaba.mghosteur.com\/en\/wp-json\/wp\/v2\/product"}],"about":[{"href":"https:\/\/sakaba.mghosteur.com\/en\/wp-json\/wp\/v2\/types\/product"}],"replies":[{"embeddable":true,"href":"https:\/\/sakaba.mghosteur.com\/en\/wp-json\/wp\/v2\/comments?post=29466"}],"version-history":[{"count":0,"href":"https:\/\/sakaba.mghosteur.com\/en\/wp-json\/wp\/v2\/product\/29466\/revisions"}],"wp:attachment":[{"href":"https:\/\/sakaba.mghosteur.com\/en\/wp-json\/wp\/v2\/media?parent=29466"}],"wp:term":[{"taxonomy":"product_brand","embeddable":true,"href":"https:\/\/sakaba.mghosteur.com\/en\/wp-json\/wp\/v2\/product_brand?post=29466"},{"taxonomy":"product_cat","embeddable":true,"href":"https:\/\/sakaba.mghosteur.com\/en\/wp-json\/wp\/v2\/product_cat?post=29466"},{"taxonomy":"product_tag","embeddable":true,"href":"https:\/\/sakaba.mghosteur.com\/en\/wp-json\/wp\/v2\/product_tag?post=29466"}],"curies":[{"name":"wp","href":"https:\/\/api.w.org\/{rel}","templated":true}]}}