{"id":29470,"date":"2023-04-04T17:06:22","date_gmt":"2023-04-04T17:06:22","guid":{"rendered":"http:\/\/www.sakababeauty.com\/?post_type=product&#038;p=29470"},"modified":"2024-08-07T19:28:29","modified_gmt":"2024-08-07T19:28:29","slug":"cosrx-overnight-spa-mask","status":"publish","type":"product","link":"https:\/\/sakaba.mghosteur.com\/en\/product\/cosrx-overnight-spa-mask\/","title":{"rendered":"COSRX OVERNIGHT SPA MASK"},"content":{"rendered":"<p>Le masque spa de nuit au riz nourrissant ultime de la marque COSRX est un excellent produit de soin pour la peau. Avec plus de 68% d&#8217;extrait de riz, ce masque hydrate en profondeur pour aider \u00e0 rendre votre peau plus douce et plus claire. Vous pouvez vous r\u00e9veiller le matin avec une peau plus saine et plus radieuse, comme si vous veniez de sortir d&#8217;un spa. C&#8217;est un choix id\u00e9al pour les personnes qui cherchent \u00e0 nourrir leur peau et \u00e0 am\u00e9liorer leur routine de soin de la peau.<\/p>","protected":false},"excerpt":{"rendered":"<p>Le masque spa de nuit au riz nourrissant ultime de la marque COSRX est un excellent produit de soin pour la peau. Avec plus de 68% d&#8217;extrait de riz, ce masque hydrate en profondeur pour aider \u00e0 rendre votre peau plus douce et plus claire. Vous pouvez vous r\u00e9veiller le matin avec une peau plus<span class=\"read-more-faq\"><a href=\"https:\/\/sakaba.mghosteur.com\/en\/product\/cosrx-overnight-spa-mask\/\">Read More<\/a><\/span><\/p>","protected":false},"featured_media":0,"comment_status":"closed","ping_status":"closed","template":"","meta":[],"product_brand":[],"product_cat":[1095,1018,451,334],"product_tag":[],"class_list":{"0":"post-29470","1":"product","2":"type-product","3":"status-publish","5":"product_cat-anti-age","6":"product_cat-aai-produis-coreens","7":"product_cat-aab-soin-du-visage","8":"product_cat-traitement-serum","10":"first","11":"instock","12":"shipping-taxable","13":"product-type-simple"},"jetpack-related-posts":[{"id":27438,"url":"https:\/\/sakaba.mghosteur.com\/en\/product\/the-inkey-list-kaolin-face-mask\/","url_meta":{"origin":29470,"position":0},"title":"THE INKEY LIST KAOLIN FACE","author":"admin","date":"November 29, 2022","format":false,"excerpt":"Le masque \u00e0 l'argile de kaolin de la marque The Inkey List est un produit de soin de la peau de haute qualit\u00e9 qui offre une solution naturelle pour nettoyer et purifier votre peau en profondeur. En utilisant l'argile de kaolin, ce masque \u00e9limine les impuret\u00e9s et l'exc\u00e8s de s\u00e9bum\u2026","rel":"","context":"Similar post","block_context":{"text":"Similar post","link":""},"img":{"alt_text":"","src":"","width":0,"height":0},"classes":[]},{"id":29158,"url":"https:\/\/sakaba.mghosteur.com\/en\/product\/the-inkey-list-kaolin-clay-mask\/","url_meta":{"origin":29470,"position":1},"title":"THE INKEY LIST KAOLIN CLAY MASK","author":"admin","date":"March 15, 2023","format":false,"excerpt":"Le masque \u00e0 l'argile de kaolin de la marque The Inkey List est un produit de soin de la peau de haute qualit\u00e9 qui offre une solution naturelle pour nettoyer et purifier votre peau en profondeur. En utilisant l'argile de kaolin, ce masque \u00e9limine les impuret\u00e9s et l'exc\u00e8s de s\u00e9bum\u2026","rel":"","context":"Similar post","block_context":{"text":"Similar post","link":""},"img":{"alt_text":"","src":"","width":0,"height":0},"classes":[]},{"id":29474,"url":"https:\/\/sakaba.mghosteur.com\/en\/product\/cosrx-propelis-light-ampoule\/","url_meta":{"origin":29470,"position":2},"title":"COSRX PROPELIS LIGHT AMPOULE","author":"admin","date":"April 4, 2023","format":false,"excerpt":"D\u00e9couvrez l'Ampoule Propolis Light Fit compl\u00e8te, une formule l\u00e9g\u00e8re qui apporte des bienfaits intenses pour votre peau. Cette ampoule de soin intensif est con\u00e7ue pour rendre votre peau plus \u00e9clatante et plus lisse, sans effet collant. Elle est tr\u00e8s appr\u00e9ci\u00e9e par tous et reste la plus vendue toute l'ann\u00e9e. Ajoutez-la\u2026","rel":"","context":"Similar post","block_context":{"text":"Similar post","link":""},"img":{"alt_text":"","src":"","width":0,"height":0},"classes":[]},{"id":33039,"url":"https:\/\/sakaba.mghosteur.com\/en\/product\/dove-exfoliant-body-polish-mango\/","url_meta":{"origin":29470,"position":3},"title":"DOVE EXFOLIANT BODY POLISH MANGO","author":"admin","date":"May 17, 2024","format":false,"excerpt":"Un gommage corporel au parfum de mangue tropicale qui r\u00e9v\u00e8le votre \u00e9clat naturel en exfoliant mod\u00e9r\u00e9ment la peau. Le gommage corporel utilise une exfoliation mod\u00e9r\u00e9e pour \u00e9liminer la peau terne \u2022 Formul\u00e9 avec des nettoyants sans sulfate d'origine naturelle \u2022 Parfum de mangue juteuse et d'amande cr\u00e9meuse \u2022 Avec \u00bc\u2026","rel":"","context":"Similar post","block_context":{"text":"Similar post","link":""},"img":{"alt_text":"","src":"","width":0,"height":0},"classes":[]},{"id":29453,"url":"https:\/\/sakaba.mghosteur.com\/en\/product\/cosrx-galactomyces-95-tone-balancing-essence\/","url_meta":{"origin":29470,"position":4},"title":"COSRX GALACTOMYCES 95 TONE BALANCING ESSENCE","author":"admin","date":"April 4, 2023","format":false,"excerpt":"D\u00e9couvrez l'essence \u00e9quilibrante de ton Galactomyces 95 de la marque COSRX ! Cette essence multi-action est con\u00e7ue pour les peaux ternes et rugueuses. Elle contient 95% de filtrat de ferment de Galactomyces pour nourrir et hydrater la peau, tout en la rendant plus \u00e9clatante et plus claire. Gr\u00e2ce \u00e0 l'acide\u2026","rel":"","context":"Similar post","block_context":{"text":"Similar post","link":""},"img":{"alt_text":"","src":"","width":0,"height":0},"classes":[]},{"id":31587,"url":"https:\/\/sakaba.mghosteur.com\/en\/product\/cosrx-propolis-honey-overnignt-mask\/","url_meta":{"origin":29470,"position":5},"title":"COSRX PROPOLIS HONEY OVERNIGNT MASK","author":"admin","date":"May 10, 2024","format":false,"excerpt":"D\u00e9couvrez le Masque Hydratant Full Fit Propolis Honey Overnight. Ce produit polyvalent vous offre une exp\u00e9rience 3 en 1 : il peut \u00eatre utilis\u00e9 comme masque de nuit, comme cr\u00e8me hydratante ou comme masque lavable. Gr\u00e2ce \u00e0 sa formule enrichie de plus de 70 % d'extrait de propolis et de\u2026","rel":"","context":"Similar post","block_context":{"text":"Similar post","link":""},"img":{"alt_text":"","src":"","width":0,"height":0},"classes":[]}],"_links":{"self":[{"href":"https:\/\/sakaba.mghosteur.com\/en\/wp-json\/wp\/v2\/product\/29470","targetHints":{"allow":["GET"]}}],"collection":[{"href":"https:\/\/sakaba.mghosteur.com\/en\/wp-json\/wp\/v2\/product"}],"about":[{"href":"https:\/\/sakaba.mghosteur.com\/en\/wp-json\/wp\/v2\/types\/product"}],"replies":[{"embeddable":true,"href":"https:\/\/sakaba.mghosteur.com\/en\/wp-json\/wp\/v2\/comments?post=29470"}],"version-history":[{"count":0,"href":"https:\/\/sakaba.mghosteur.com\/en\/wp-json\/wp\/v2\/product\/29470\/revisions"}],"wp:attachment":[{"href":"https:\/\/sakaba.mghosteur.com\/en\/wp-json\/wp\/v2\/media?parent=29470"}],"wp:term":[{"taxonomy":"product_brand","embeddable":true,"href":"https:\/\/sakaba.mghosteur.com\/en\/wp-json\/wp\/v2\/product_brand?post=29470"},{"taxonomy":"product_cat","embeddable":true,"href":"https:\/\/sakaba.mghosteur.com\/en\/wp-json\/wp\/v2\/product_cat?post=29470"},{"taxonomy":"product_tag","embeddable":true,"href":"https:\/\/sakaba.mghosteur.com\/en\/wp-json\/wp\/v2\/product_tag?post=29470"}],"curies":[{"name":"wp","href":"https:\/\/api.w.org\/{rel}","templated":true}]}}