{"id":29474,"date":"2023-04-04T17:58:19","date_gmt":"2023-04-04T17:58:19","guid":{"rendered":"http:\/\/www.sakababeauty.com\/?post_type=product&#038;p=29474"},"modified":"2024-08-07T19:29:20","modified_gmt":"2024-08-07T19:29:20","slug":"cosrx-propelis-light-ampoule","status":"publish","type":"product","link":"https:\/\/sakaba.mghosteur.com\/en\/product\/cosrx-propelis-light-ampoule\/","title":{"rendered":"COSRX PROPELIS LIGHT AMPOULE"},"content":{"rendered":"<p><span>D\u00e9couvrez l&#8217;Ampoule Propolis Light Fit compl\u00e8te, une formule l\u00e9g\u00e8re qui apporte des bienfaits intenses pour votre peau. <\/span><span>Cette ampoule de soin intensif est con\u00e7ue pour rendre votre peau plus \u00e9clatante et plus lisse, sans effet collant. <\/span><span>Elle est tr\u00e8s appr\u00e9ci\u00e9e par tous et reste la plus vendue toute l&#8217;ann\u00e9e. <\/span><span>Ajoutez-la \u00e0 votre routine de soin pour nourrir votre peau en profondeur et lui offrir un \u00e9clat sain et naturel.<\/span><\/p>","protected":false},"excerpt":{"rendered":"<p>D\u00e9couvrez l&#8217;Ampoule Propolis Light Fit compl\u00e8te, une formule l\u00e9g\u00e8re qui apporte des bienfaits intenses pour votre peau. Cette ampoule de soin intensif est con\u00e7ue pour rendre votre peau plus \u00e9clatante et plus lisse, sans effet collant. Elle est tr\u00e8s appr\u00e9ci\u00e9e par tous et reste la plus vendue toute l&#8217;ann\u00e9e. Ajoutez-la \u00e0 votre routine de soin<span class=\"read-more-faq\"><a href=\"https:\/\/sakaba.mghosteur.com\/en\/product\/cosrx-propelis-light-ampoule\/\">Read More<\/a><\/span><\/p>","protected":false},"featured_media":0,"comment_status":"closed","ping_status":"closed","template":"","meta":[],"product_brand":[],"product_cat":[293,291,1018,451,334],"product_tag":[],"class_list":{"0":"post-29474","1":"product","2":"type-product","3":"status-publish","5":"product_cat-anti-taches","6":"product_cat-eclaircissant","7":"product_cat-aai-produis-coreens","8":"product_cat-aab-soin-du-visage","9":"product_cat-traitement-serum","11":"first","12":"instock","13":"shipping-taxable","14":"product-type-simple"},"jetpack-related-posts":[{"id":29479,"url":"https:\/\/sakaba.mghosteur.com\/en\/product\/cosrx-propelis-light-cream\/","url_meta":{"origin":29474,"position":0},"title":"COSRX PROPELIS LIGHT CREAM","author":"admin","date":"April 6, 2023","format":false,"excerpt":"D\u00e9couvrez la Cr\u00e8me L\u00e9g\u00e8re Propolis Full Fit, une cr\u00e8me hydratante infus\u00e9e d'un complexe de propolis d'abeille noire et d'antioxydants. Sa texture l\u00e9g\u00e8re et g\u00e9lifi\u00e9e est facilement absorb\u00e9e par la peau pour une hydratation optimale, laissant votre peau douce et nourrie. Utilisez-la avec le toner et l'ampoule Full Fit Propolis pour\u2026","rel":"","context":"Similar post","block_context":{"text":"Similar post","link":""},"img":{"alt_text":"","src":"","width":0,"height":0},"classes":[]},{"id":29482,"url":"https:\/\/sakaba.mghosteur.com\/en\/product\/cosrx-propelis-synergy-toner\/","url_meta":{"origin":29474,"position":1},"title":"COSRX PROPELIS SYNERGY TONER","author":"admin","date":"April 6, 2023","format":false,"excerpt":"D\u00e9couvrez le Toner Synergy Propolis Full Fit ! Ce toner quotidien stimulant contient 72,6 % d'extrait de propolis d'abeille noire et 10 % d'extrait de miel pour donner \u00e0 votre peau un \u00e9clat \u00e9blouissant et une texture lisse. Vous pouvez l'utiliser avec l'ampoule Propolis Light pour obtenir un r\u00e9sultat encore\u2026","rel":"","context":"Similar post","block_context":{"text":"Similar post","link":""},"img":{"alt_text":"","src":"","width":0,"height":0},"classes":[]},{"id":31501,"url":"https:\/\/sakaba.mghosteur.com\/en\/product\/madagascar-centella-probio-cica-50ml\/","url_meta":{"origin":29474,"position":2},"title":"MADAGASCAR CENTELLA PROBIO CICA 50ML","author":"admin","date":"May 10, 2024","format":false,"excerpt":"PROBIO-CICA INTENSIVE AMPOULE DESCRIPTION : La Probio-Cica Intensive Ampoule est une solution hautement concentr\u00e9e, infus\u00e9e des bienfaits nourrissants et efficaces de la Centella ferment\u00e9e. Elle prend soin de la peau de mani\u00e8re saine, offrant une action apaisante rapide sur les peaux irrit\u00e9es. POLYVALENTE ET TOUT-EN-UN : Cette ampoule polyvalente est\u2026","rel":"","context":"Similar post","block_context":{"text":"Similar post","link":""},"img":{"alt_text":"","src":"","width":0,"height":0},"classes":[]},{"id":31482,"url":"https:\/\/sakaba.mghosteur.com\/en\/product\/madagascar-centella-ampoule-100ml\/","url_meta":{"origin":29474,"position":3},"title":"MADAGASCAR CENTELLA AMPOULE 100ML","author":"admin","date":"May 10, 2024","format":false,"excerpt":"CENTELLA AMPOULE DESCRIPTION : L'ampoule Centella est un soin apaisant sp\u00e9cialement con\u00e7u pour r\u00e9tablir l'\u00e9quilibre de votre peau, particuli\u00e8rement mise \u00e0 rude \u00e9preuve par les conditions environnementales difficiles. INGR\u00c9DIENTS PRINCIPAUX : Extrait de Centella Asiatica : Renomm\u00e9 pour ses propri\u00e9t\u00e9s apaisantes, il contribue \u00e0 restaurer l'hydratation naturelle de la peau.\u2026","rel":"","context":"Similar post","block_context":{"text":"Similar post","link":""},"img":{"alt_text":"","src":"","width":0,"height":0},"classes":[]},{"id":31517,"url":"https:\/\/sakaba.mghosteur.com\/en\/product\/madagascar-centella-ampoule-55ml\/","url_meta":{"origin":29474,"position":4},"title":"MADAGASCAR CENTELLA AMPOULE 55ML","author":"admin","date":"May 10, 2024","format":false,"excerpt":"CENTELLA AMPOULE DESCRIPTION DU PRODUIT : L'ampoule Centella est une solution apaisante sp\u00e9cialement con\u00e7ue pour r\u00e9tablir l'\u00e9quilibre de votre peau agress\u00e9e par les environnements difficiles. COMPOSITION ESSENTIELLE : Extrait de Centella Asiatica : Reconnue pour ses propri\u00e9t\u00e9s apaisantes, elle r\u00e9hydrate et r\u00e9g\u00e9n\u00e8re la peau. MODE D'EMPLOI : Appliquez une quantit\u00e9\u2026","rel":"","context":"Similar post","block_context":{"text":"Similar post","link":""},"img":{"alt_text":"","src":"","width":0,"height":0},"classes":[]},{"id":31491,"url":"https:\/\/sakaba.mghosteur.com\/en\/product\/madagascar-centella-ampoule-foam\/","url_meta":{"origin":29474,"position":5},"title":"MADAGASCAR CENTELLA AMPOULE FOAM","author":"admin","date":"May 10, 2024","format":false,"excerpt":"CENTELLA AMPOULE FOAM DESCRIPTION : Le Centella Ampoule Foam est un nettoyant riche et moussant, dot\u00e9 d'un pH id\u00e9al de 5. Il \u00e9limine efficacement le maquillage et les impuret\u00e9s sans d\u00e9caper la peau. INGR\u00c9DIENTS CL\u00c9S : Extrait de Centella Asiatica : Apaise et reconstitue le niveau d'hydratation de la peau.\u2026","rel":"","context":"Similar post","block_context":{"text":"Similar post","link":""},"img":{"alt_text":"","src":"","width":0,"height":0},"classes":[]}],"_links":{"self":[{"href":"https:\/\/sakaba.mghosteur.com\/en\/wp-json\/wp\/v2\/product\/29474","targetHints":{"allow":["GET"]}}],"collection":[{"href":"https:\/\/sakaba.mghosteur.com\/en\/wp-json\/wp\/v2\/product"}],"about":[{"href":"https:\/\/sakaba.mghosteur.com\/en\/wp-json\/wp\/v2\/types\/product"}],"replies":[{"embeddable":true,"href":"https:\/\/sakaba.mghosteur.com\/en\/wp-json\/wp\/v2\/comments?post=29474"}],"version-history":[{"count":0,"href":"https:\/\/sakaba.mghosteur.com\/en\/wp-json\/wp\/v2\/product\/29474\/revisions"}],"wp:attachment":[{"href":"https:\/\/sakaba.mghosteur.com\/en\/wp-json\/wp\/v2\/media?parent=29474"}],"wp:term":[{"taxonomy":"product_brand","embeddable":true,"href":"https:\/\/sakaba.mghosteur.com\/en\/wp-json\/wp\/v2\/product_brand?post=29474"},{"taxonomy":"product_cat","embeddable":true,"href":"https:\/\/sakaba.mghosteur.com\/en\/wp-json\/wp\/v2\/product_cat?post=29474"},{"taxonomy":"product_tag","embeddable":true,"href":"https:\/\/sakaba.mghosteur.com\/en\/wp-json\/wp\/v2\/product_tag?post=29474"}],"curies":[{"name":"wp","href":"https:\/\/api.w.org\/{rel}","templated":true}]}}