{"id":29479,"date":"2023-04-06T11:16:45","date_gmt":"2023-04-06T11:16:45","guid":{"rendered":"http:\/\/www.sakababeauty.com\/?post_type=product&#038;p=29479"},"modified":"2024-08-07T19:30:30","modified_gmt":"2024-08-07T19:30:30","slug":"cosrx-propelis-light-cream","status":"publish","type":"product","link":"https:\/\/sakaba.mghosteur.com\/en\/product\/cosrx-propelis-light-cream\/","title":{"rendered":"COSRX PROPELIS LIGHT CREAM"},"content":{"rendered":"<p>D\u00e9couvrez la Cr\u00e8me L\u00e9g\u00e8re Propolis Full Fit, une cr\u00e8me hydratante infus\u00e9e d&#8217;un complexe de propolis d&#8217;abeille noire et d&#8217;antioxydants. Sa texture l\u00e9g\u00e8re et g\u00e9lifi\u00e9e est facilement absorb\u00e9e par la peau pour une hydratation optimale, laissant votre peau douce et nourrie. Utilisez-la avec le toner et l&#8217;ampoule Full Fit Propolis pour des r\u00e9sultats encore meilleurs. Profitez d&#8217;une peau plus \u00e9clatante et hydrat\u00e9e avec la Cr\u00e8me L\u00e9g\u00e8re Propolis Full Fit.<\/p>","protected":false},"excerpt":{"rendered":"<p>D\u00e9couvrez la Cr\u00e8me L\u00e9g\u00e8re Propolis Full Fit, une cr\u00e8me hydratante infus\u00e9e d&#8217;un complexe de propolis d&#8217;abeille noire et d&#8217;antioxydants. Sa texture l\u00e9g\u00e8re et g\u00e9lifi\u00e9e est facilement absorb\u00e9e par la peau pour une hydratation optimale, laissant votre peau douce et nourrie. Utilisez-la avec le toner et l&#8217;ampoule Full Fit Propolis pour des r\u00e9sultats encore meilleurs. Profitez<span class=\"read-more-faq\"><a href=\"https:\/\/sakaba.mghosteur.com\/en\/product\/cosrx-propelis-light-cream\/\">Read More<\/a><\/span><\/p>","protected":false},"featured_media":0,"comment_status":"closed","ping_status":"closed","template":"","meta":[],"product_brand":[],"product_cat":[1095,331,1018,451],"product_tag":[],"class_list":{"0":"post-29479","1":"product","2":"type-product","3":"status-publish","5":"product_cat-anti-age","6":"product_cat-hydratant-visage","7":"product_cat-aai-produis-coreens","8":"product_cat-aab-soin-du-visage","10":"first","11":"instock","12":"shipping-taxable","13":"product-type-simple"},"jetpack-related-posts":[{"id":31587,"url":"https:\/\/sakaba.mghosteur.com\/en\/product\/cosrx-propolis-honey-overnignt-mask\/","url_meta":{"origin":29479,"position":0},"title":"COSRX PROPOLIS HONEY OVERNIGNT MASK","author":"admin","date":"May 10, 2024","format":false,"excerpt":"D\u00e9couvrez le Masque Hydratant Full Fit Propolis Honey Overnight. Ce produit polyvalent vous offre une exp\u00e9rience 3 en 1 : il peut \u00eatre utilis\u00e9 comme masque de nuit, comme cr\u00e8me hydratante ou comme masque lavable. Gr\u00e2ce \u00e0 sa formule enrichie de plus de 70 % d'extrait de propolis et de\u2026","rel":"","context":"Similar post","block_context":{"text":"Similar post","link":""},"img":{"alt_text":"","src":"","width":0,"height":0},"classes":[]},{"id":29482,"url":"https:\/\/sakaba.mghosteur.com\/en\/product\/cosrx-propelis-synergy-toner\/","url_meta":{"origin":29479,"position":1},"title":"COSRX PROPELIS SYNERGY TONER","author":"admin","date":"April 6, 2023","format":false,"excerpt":"D\u00e9couvrez le Toner Synergy Propolis Full Fit ! Ce toner quotidien stimulant contient 72,6 % d'extrait de propolis d'abeille noire et 10 % d'extrait de miel pour donner \u00e0 votre peau un \u00e9clat \u00e9blouissant et une texture lisse. Vous pouvez l'utiliser avec l'ampoule Propolis Light pour obtenir un r\u00e9sultat encore\u2026","rel":"","context":"Similar post","block_context":{"text":"Similar post","link":""},"img":{"alt_text":"","src":"","width":0,"height":0},"classes":[]},{"id":34331,"url":"https:\/\/sakaba.mghosteur.com\/en\/product\/bento-aloe-propolis-soothing-gel\/","url_meta":{"origin":29479,"position":2},"title":"BENTO ALOE PROPOLIS SOOTHING GEL","author":"admin","date":"May 28, 2024","format":false,"excerpt":"Tout en suspens, sans fioritures ! Ce gel apaisant \u00e0 l'alo\u00e8s et \u00e0 la propolis de Benton contient de l'alo\u00e8s et de la propolis qui aident \u00e0 apaiser la peau irrit\u00e9e, \u00e0 att\u00e9nuer les cicatrices d'acn\u00e9, \u00e0 \u00e9claircir le teint et m\u00eame \u00e0 maintenir l'hydratation tout au long de la\u2026","rel":"","context":"Similar post","block_context":{"text":"Similar post","link":""},"img":{"alt_text":"","src":"","width":0,"height":0},"classes":[]},{"id":29474,"url":"https:\/\/sakaba.mghosteur.com\/en\/product\/cosrx-propelis-light-ampoule\/","url_meta":{"origin":29479,"position":3},"title":"COSRX PROPELIS LIGHT AMPOULE","author":"admin","date":"April 4, 2023","format":false,"excerpt":"D\u00e9couvrez l'Ampoule Propolis Light Fit compl\u00e8te, une formule l\u00e9g\u00e8re qui apporte des bienfaits intenses pour votre peau. Cette ampoule de soin intensif est con\u00e7ue pour rendre votre peau plus \u00e9clatante et plus lisse, sans effet collant. Elle est tr\u00e8s appr\u00e9ci\u00e9e par tous et reste la plus vendue toute l'ann\u00e9e. Ajoutez-la\u2026","rel":"","context":"Similar post","block_context":{"text":"Similar post","link":""},"img":{"alt_text":"","src":"","width":0,"height":0},"classes":[]},{"id":30233,"url":"https:\/\/sakaba.mghosteur.com\/en\/product\/glow-serum-propolis-niacinamide\/","url_meta":{"origin":29479,"position":4},"title":"GLOW SERUM PROPOLIS +NIACINAMIDE","author":"admin","date":"May 4, 2023","format":false,"excerpt":"D\u00e9couvrez le S\u00e9rum \u00c9clat de la marque Beauty of Joseon, con\u00e7u pour les probl\u00e8mes de pores dilat\u00e9s et de peau enflamm\u00e9e. Ce s\u00e9rum contient 60 % d'extrait de propolis, ingr\u00e9dient traditionnel de soin de la peau utilis\u00e9 par les femmes de la dynastie Joseon pour hydrater et am\u00e9liorer la peau\u2026","rel":"","context":"Similar post","block_context":{"text":"Similar post","link":""},"img":{"alt_text":"","src":"","width":0,"height":0},"classes":[]},{"id":56150,"url":"https:\/\/sakaba.mghosteur.com\/en\/product\/beauty-of-joseon-glow-serum-propolis-niacinamide\/","url_meta":{"origin":29479,"position":5},"title":"Beauty of Joseon Glow Serum  Propolis +Niacinamide","author":"Sope DIA","date":"January 2, 2026","format":false,"excerpt":"L'\u00e9clat des soins cor\u00e9ens\u00a0: Plongez dans l'univers de la K-beauty avec notre S\u00e9rum \u00c9clat, un m\u00e9lange harmonieux de pratiques de soins traditionnelles de la dynastie Joseon et d'innovations modernes. D\u00e9couvrez l'\u00e9clat qui d\u00e9finit la beaut\u00e9 cor\u00e9enne. \u00c9clat et exfoliation\u00a0: La niacinamide renforce et hydrate la peau. Elle am\u00e9liore le teint\u2026","rel":"","context":"Similar post","block_context":{"text":"Similar post","link":""},"img":{"alt_text":"","src":"","width":0,"height":0},"classes":[]}],"_links":{"self":[{"href":"https:\/\/sakaba.mghosteur.com\/en\/wp-json\/wp\/v2\/product\/29479","targetHints":{"allow":["GET"]}}],"collection":[{"href":"https:\/\/sakaba.mghosteur.com\/en\/wp-json\/wp\/v2\/product"}],"about":[{"href":"https:\/\/sakaba.mghosteur.com\/en\/wp-json\/wp\/v2\/types\/product"}],"replies":[{"embeddable":true,"href":"https:\/\/sakaba.mghosteur.com\/en\/wp-json\/wp\/v2\/comments?post=29479"}],"version-history":[{"count":0,"href":"https:\/\/sakaba.mghosteur.com\/en\/wp-json\/wp\/v2\/product\/29479\/revisions"}],"wp:attachment":[{"href":"https:\/\/sakaba.mghosteur.com\/en\/wp-json\/wp\/v2\/media?parent=29479"}],"wp:term":[{"taxonomy":"product_brand","embeddable":true,"href":"https:\/\/sakaba.mghosteur.com\/en\/wp-json\/wp\/v2\/product_brand?post=29479"},{"taxonomy":"product_cat","embeddable":true,"href":"https:\/\/sakaba.mghosteur.com\/en\/wp-json\/wp\/v2\/product_cat?post=29479"},{"taxonomy":"product_tag","embeddable":true,"href":"https:\/\/sakaba.mghosteur.com\/en\/wp-json\/wp\/v2\/product_tag?post=29479"}],"curies":[{"name":"wp","href":"https:\/\/api.w.org\/{rel}","templated":true}]}}