{"id":29502,"date":"2023-04-07T11:28:26","date_gmt":"2023-04-07T11:28:26","guid":{"rendered":"http:\/\/www.sakababeauty.com\/?post_type=product&#038;p=29502"},"modified":"2023-04-07T11:28:26","modified_gmt":"2023-04-07T11:28:26","slug":"fenty-beauty-diamond-bomb-all-over-diamond-veil","status":"publish","type":"product","link":"https:\/\/sakaba.mghosteur.com\/en\/product\/fenty-beauty-diamond-bomb-all-over-diamond-veil\/","title":{"rendered":"FENTY BEAUTY DIAMOND BOMB ALL OVER DIAMOND VEIL"},"content":{"rendered":"<p>Nom du Produit : DIAMOND BOMB ALL-OVER DIAMOND VEIL<\/p>\n<p>Description : Le DIAMOND BOMB ALL-OVER DIAMOND VEIL est un enlumineur unique en son genre, saupoudr\u00e9 de diamants, qui s&#8217;applique comme un voile paillet\u00e9 3D, offrant une brillance pure et \u00e9poustouflante sur tout le visage et le corps.<\/p>\n<p>En savoir plus : La formule 3D scintillante du DIAMOND BOMB ALL-OVER DIAMOND VEIL laissera votre visage et votre corps rev\u00eatus de cristaux. La poudre unique de type gel\u00e9e est rebondissante, fra\u00eeche au toucher et fond dans la peau. Il offre une finition tout en brillance sans texture, qui convient \u00e0 toutes les teintes de peau. Le bo\u00eetier en forme de bijou facett\u00e9 est si beau que vous ne voudrez jamais vous en s\u00e9parer.<\/p>","protected":false},"excerpt":{"rendered":"<p>Nom du Produit : DIAMOND BOMB ALL-OVER DIAMOND VEIL Description : Le DIAMOND BOMB ALL-OVER DIAMOND VEIL est un enlumineur unique en son genre, saupoudr\u00e9 de diamants, qui s&#8217;applique comme un voile paillet\u00e9 3D, offrant une brillance pure et \u00e9poustouflante sur tout le visage et le corps. En savoir plus : La formule 3D scintillante<span class=\"read-more-faq\"><a href=\"https:\/\/sakaba.mghosteur.com\/en\/product\/fenty-beauty-diamond-bomb-all-over-diamond-veil\/\">Read More<\/a><\/span><\/p>","protected":false},"featured_media":0,"comment_status":"closed","ping_status":"closed","template":"","meta":[],"product_brand":[],"product_cat":[289],"product_tag":[],"class_list":{"0":"post-29502","1":"product","2":"type-product","3":"status-publish","5":"product_cat-aaa-maquillage","7":"first","8":"instock","9":"shipping-taxable","10":"product-type-simple"},"jetpack-related-posts":[{"id":34466,"url":"https:\/\/sakaba.mghosteur.com\/en\/product\/fenty-beauty-diamond-bomb-rose-rave\/","url_meta":{"origin":29502,"position":0},"title":"FENTY BEAUTY DIAMOND BOMB ROSE RAVE","author":"admin","date":"May 29, 2024","format":false,"excerpt":"","rel":"","context":"Similar post","block_context":{"text":"Similar post","link":""},"img":{"alt_text":"","src":"","width":0,"height":0},"classes":[]},{"id":29579,"url":"https:\/\/sakaba.mghosteur.com\/en\/product\/fenty-gloss-bomb-ice\/","url_meta":{"origin":29502,"position":1},"title":"FENTY GLOSS BOMB ICE","author":"admin","date":"April 10, 2023","format":false,"excerpt":"D\u00e9couvrez le GLOSS BOMB ICE COOLING LIP LUMINIZER de la marque FENTY, le brillant \u00e0 l\u00e8vres qui vous donnera un look mouill\u00e9 et rafra\u00eechissant gr\u00e2ce \u00e0 son effet menthol\u00e9 instantan\u00e9. Ce brillant \u00e0 l\u00e8vres est la version am\u00e9lior\u00e9e de notre bestseller. Il vous donnera un fini mouill\u00e9 et brillant sans\u2026","rel":"","context":"Similar post","block_context":{"text":"Similar post","link":""},"img":{"alt_text":"","src":"","width":0,"height":0},"classes":[]},{"id":30314,"url":"https:\/\/sakaba.mghosteur.com\/en\/product\/paula-choice-all-over-hair-body-shapoo\/","url_meta":{"origin":29502,"position":2},"title":"PAULA CHOICE ALL OVER HAIR &amp; BODY SHAMPOO","author":"admin","date":"May 8, 2023","format":false,"excerpt":"Le shampoing corps et cheveux pour tout le corps de la marque Paula Choice est une formule polyvalente qui nettoie en douceur les cheveux et la peau. Cette formule concentr\u00e9e convient \u00e0 tous les types de peau, de cheveux et de cuir chevelu. Id\u00e9al pour les cheveux color\u00e9s, il se\u2026","rel":"","context":"Similar post","block_context":{"text":"Similar post","link":""},"img":{"alt_text":"","src":"","width":0,"height":0},"classes":[]},{"id":29506,"url":"https:\/\/sakaba.mghosteur.com\/en\/product\/fenty-beauty-gloss-bomb-cream-bubble-binge\/","url_meta":{"origin":29502,"position":3},"title":"FENTY BEAUTY GLOSS BOMB CREAM BUBBLE BINGE","author":"admin","date":"April 7, 2023","format":false,"excerpt":"D\u00e9couvrez le FENTY BEAUTY GLOSS BOMB, le num\u00e9ro 1 des gloss qui vous offre une couleur pure et cr\u00e9meuse avec un \u00e9clat incroyable. Obtenez des l\u00e8vres plus douces et volumineuses instantan\u00e9ment, tout en profitant d'une couleur intense et d'un brillant \u00e9clatant, sans aucun effet brillant. Ce gloss est disponible en\u2026","rel":"","context":"Similar post","block_context":{"text":"Similar post","link":""},"img":{"alt_text":"","src":"","width":0,"height":0},"classes":[]},{"id":34649,"url":"https:\/\/sakaba.mghosteur.com\/en\/product\/fenty-skin-cocoa-cleansr-soothing-all-over\/","url_meta":{"origin":29502,"position":4},"title":"FENTY SKIN COCOA CLEANS&#8217;R SOOTHING ALL-OVER","author":"admin","date":"May 30, 2024","format":false,"excerpt":"Dites adieu \u00e0 votre peau cendr\u00e9e avec ce savon nourrissant pour le visage et le corps. Les vibrations tropicales se lib\u00e8rent tandis que la mousse moelleuse et d\u00e9cadente cr\u00e9e une exp\u00e9rience sous la douche ultra-sensorielle qui impr\u00e8gne votre salle de bain d'un parfum inspir\u00e9 de la plage. Description Assez doux\u2026","rel":"","context":"Similar post","block_context":{"text":"Similar post","link":""},"img":{"alt_text":"","src":"","width":0,"height":0},"classes":[]},{"id":23358,"url":"https:\/\/sakaba.mghosteur.com\/en\/product\/rachels-best-soaps-apple-glitter-bath-bomb\/","url_meta":{"origin":29502,"position":5},"title":"Rachel&#8217;s best soaps Apple Glitter Bath Bomb","author":"admin","date":"October 26, 2022","format":false,"excerpt":"","rel":"","context":"Similar post","block_context":{"text":"Similar post","link":""},"img":{"alt_text":"","src":"","width":0,"height":0},"classes":[]}],"_links":{"self":[{"href":"https:\/\/sakaba.mghosteur.com\/en\/wp-json\/wp\/v2\/product\/29502","targetHints":{"allow":["GET"]}}],"collection":[{"href":"https:\/\/sakaba.mghosteur.com\/en\/wp-json\/wp\/v2\/product"}],"about":[{"href":"https:\/\/sakaba.mghosteur.com\/en\/wp-json\/wp\/v2\/types\/product"}],"replies":[{"embeddable":true,"href":"https:\/\/sakaba.mghosteur.com\/en\/wp-json\/wp\/v2\/comments?post=29502"}],"version-history":[{"count":0,"href":"https:\/\/sakaba.mghosteur.com\/en\/wp-json\/wp\/v2\/product\/29502\/revisions"}],"wp:attachment":[{"href":"https:\/\/sakaba.mghosteur.com\/en\/wp-json\/wp\/v2\/media?parent=29502"}],"wp:term":[{"taxonomy":"product_brand","embeddable":true,"href":"https:\/\/sakaba.mghosteur.com\/en\/wp-json\/wp\/v2\/product_brand?post=29502"},{"taxonomy":"product_cat","embeddable":true,"href":"https:\/\/sakaba.mghosteur.com\/en\/wp-json\/wp\/v2\/product_cat?post=29502"},{"taxonomy":"product_tag","embeddable":true,"href":"https:\/\/sakaba.mghosteur.com\/en\/wp-json\/wp\/v2\/product_tag?post=29502"}],"curies":[{"name":"wp","href":"https:\/\/api.w.org\/{rel}","templated":true}]}}