{"id":29506,"date":"2023-04-07T11:56:06","date_gmt":"2023-04-07T11:56:06","guid":{"rendered":"http:\/\/www.sakababeauty.com\/?post_type=product&#038;p=29506"},"modified":"2023-04-07T12:09:11","modified_gmt":"2023-04-07T12:09:11","slug":"fenty-beauty-gloss-bomb-cream-bubble-binge","status":"publish","type":"product","link":"https:\/\/sakaba.mghosteur.com\/en\/product\/fenty-beauty-gloss-bomb-cream-bubble-binge\/","title":{"rendered":"FENTY BEAUTY GLOSS BOMB CREAM BUBBLE BINGE"},"content":{"rendered":"<p>D\u00e9couvrez le FENTY BEAUTY GLOSS BOMB, le num\u00e9ro 1 des gloss qui vous offre une couleur pure et cr\u00e9meuse avec un \u00e9clat incroyable. Obtenez des l\u00e8vres plus douces et volumineuses instantan\u00e9ment, tout en profitant d&#8217;une couleur intense et d&#8217;un brillant \u00e9clatant, sans aucun effet brillant.<\/p>\n<p>Ce gloss est disponible en sept nuances cr\u00e9meuses qui conviennent \u00e0 tous les types de peaux. Il offre une couvrance moyenne \u00e0 compl\u00e8te et une couleur pigment\u00e9e qui peut \u00eatre construite pour un effet plus intense. Le gloss est agr\u00e9able \u00e0 porter, non collant et dot\u00e9 d&#8217;une baguette applicatrice XXL qui permet une application en un seul passage.<\/p>\n<p>Le FENTY BEAUTY GLOSS BOMB contient de la vitamine A pour nourrir vos l\u00e8vres et laisse un d\u00e9licieux parfum de p\u00eache-vanille. Ajoutez ce gloss \u00e0 votre routine beaut\u00e9 pour des l\u00e8vres plus pulpeuses et une couleur \u00e9clatante.<\/p>","protected":false},"excerpt":{"rendered":"<p>D\u00e9couvrez le FENTY BEAUTY GLOSS BOMB, le num\u00e9ro 1 des gloss qui vous offre une couleur pure et cr\u00e9meuse avec un \u00e9clat incroyable. Obtenez des l\u00e8vres plus douces et volumineuses instantan\u00e9ment, tout en profitant d&#8217;une couleur intense et d&#8217;un brillant \u00e9clatant, sans aucun effet brillant. Ce gloss est disponible en sept nuances cr\u00e9meuses qui conviennent<span class=\"read-more-faq\"><a href=\"https:\/\/sakaba.mghosteur.com\/en\/product\/fenty-beauty-gloss-bomb-cream-bubble-binge\/\">Read More<\/a><\/span><\/p>","protected":false},"featured_media":0,"comment_status":"closed","ping_status":"closed","template":"","meta":[],"product_brand":[],"product_cat":[305],"product_tag":[],"class_list":{"0":"post-29506","1":"product","2":"type-product","3":"status-publish","5":"product_cat-levres","7":"first","8":"instock","9":"shipping-taxable","10":"product-type-simple"},"jetpack-related-posts":[{"id":29577,"url":"https:\/\/sakaba.mghosteur.com\/en\/product\/fenty-gloss-bomb-heat-hot-cherry\/","url_meta":{"origin":29506,"position":0},"title":"FENTY GLOSS BOMB HEAT HOT CHERRY","author":"admin","date":"April 10, 2023","format":false,"excerpt":"D\u00e9couvrez Gloss Bomb Heat, le lip luminizer et plumper de FENTY pour des l\u00e8vres incroyables ! Avec sa formule innovante Plump Job Complex \u00e0 base d'huile de gingembre et d'extrait de fruit de poivre, ce gloss offre un effet repulpant instantan\u00e9 pour des l\u00e8vres lisses et pleines. Enrichi en beurre\u2026","rel":"","context":"Similar post","block_context":{"text":"Similar post","link":""},"img":{"alt_text":"","src":"","width":0,"height":0},"classes":[]},{"id":29579,"url":"https:\/\/sakaba.mghosteur.com\/en\/product\/fenty-gloss-bomb-ice\/","url_meta":{"origin":29506,"position":1},"title":"FENTY GLOSS BOMB ICE","author":"admin","date":"April 10, 2023","format":false,"excerpt":"D\u00e9couvrez le GLOSS BOMB ICE COOLING LIP LUMINIZER de la marque FENTY, le brillant \u00e0 l\u00e8vres qui vous donnera un look mouill\u00e9 et rafra\u00eechissant gr\u00e2ce \u00e0 son effet menthol\u00e9 instantan\u00e9. Ce brillant \u00e0 l\u00e8vres est la version am\u00e9lior\u00e9e de notre bestseller. Il vous donnera un fini mouill\u00e9 et brillant sans\u2026","rel":"","context":"Similar post","block_context":{"text":"Similar post","link":""},"img":{"alt_text":"","src":"","width":0,"height":0},"classes":[]},{"id":29611,"url":"https:\/\/sakaba.mghosteur.com\/en\/product\/fenty-universal-lip-luminizer-2\/","url_meta":{"origin":29506,"position":2},"title":"FENTY UNIVERSAL LIP LUMINIZER","author":"admin","date":"April 10, 2023","format":false,"excerpt":"D\u00e9couvrez le GLOSS BOMB UNIVERSAL LIP LUMINIZER de la marque FENTY ! Ce gloss \u00e0 l'\u00e9clat explosif est l'accessoire indispensable pour sublimer votre maquillage. Il est disponible en sept teintes universelles s\u00e9lectionn\u00e9es par Rihanna elle-m\u00eame. Sa formule non-collante, enrichie en beurre de karit\u00e9, nourrit vos l\u00e8vres tout en leur donnant\u2026","rel":"","context":"Similar post","block_context":{"text":"Similar post","link":""},"img":{"alt_text":"","src":"","width":0,"height":0},"classes":[]},{"id":34694,"url":"https:\/\/sakaba.mghosteur.com\/en\/product\/gloss-bomb-universal-lipluminizer\/","url_meta":{"origin":29506,"position":3},"title":"GLOSS BOMB UNIVERSAL LIPLUMINIZER","author":"admin","date":"May 30, 2024","format":false,"excerpt":"","rel":"","context":"Similar post","block_context":{"text":"Similar post","link":""},"img":{"alt_text":"","src":"","width":0,"height":0},"classes":[]},{"id":34472,"url":"https:\/\/sakaba.mghosteur.com\/en\/product\/fenty-beauty-gloss-bomb-fenty-glow\/","url_meta":{"origin":29506,"position":4},"title":"FENTY BEAUTY GLOSS BOMB FENTY GLOW","author":"admin","date":"May 29, 2024","format":false,"excerpt":"","rel":"","context":"Similar post","block_context":{"text":"Similar post","link":""},"img":{"alt_text":"","src":"","width":0,"height":0},"classes":[]},{"id":34478,"url":"https:\/\/sakaba.mghosteur.com\/en\/product\/fenty-beauty-gloss-bomb-hot-chocolit\/","url_meta":{"origin":29506,"position":5},"title":"FENTY BEAUTY GLOSS BOMB HOT CHOCOLIT","author":"admin","date":"May 29, 2024","format":false,"excerpt":"","rel":"","context":"Similar post","block_context":{"text":"Similar post","link":""},"img":{"alt_text":"","src":"","width":0,"height":0},"classes":[]}],"_links":{"self":[{"href":"https:\/\/sakaba.mghosteur.com\/en\/wp-json\/wp\/v2\/product\/29506","targetHints":{"allow":["GET"]}}],"collection":[{"href":"https:\/\/sakaba.mghosteur.com\/en\/wp-json\/wp\/v2\/product"}],"about":[{"href":"https:\/\/sakaba.mghosteur.com\/en\/wp-json\/wp\/v2\/types\/product"}],"replies":[{"embeddable":true,"href":"https:\/\/sakaba.mghosteur.com\/en\/wp-json\/wp\/v2\/comments?post=29506"}],"version-history":[{"count":0,"href":"https:\/\/sakaba.mghosteur.com\/en\/wp-json\/wp\/v2\/product\/29506\/revisions"}],"wp:attachment":[{"href":"https:\/\/sakaba.mghosteur.com\/en\/wp-json\/wp\/v2\/media?parent=29506"}],"wp:term":[{"taxonomy":"product_brand","embeddable":true,"href":"https:\/\/sakaba.mghosteur.com\/en\/wp-json\/wp\/v2\/product_brand?post=29506"},{"taxonomy":"product_cat","embeddable":true,"href":"https:\/\/sakaba.mghosteur.com\/en\/wp-json\/wp\/v2\/product_cat?post=29506"},{"taxonomy":"product_tag","embeddable":true,"href":"https:\/\/sakaba.mghosteur.com\/en\/wp-json\/wp\/v2\/product_tag?post=29506"}],"curies":[{"name":"wp","href":"https:\/\/api.w.org\/{rel}","templated":true}]}}