{"id":29558,"date":"2023-04-07T17:54:58","date_gmt":"2023-04-07T17:54:58","guid":{"rendered":"http:\/\/www.sakababeauty.com\/?post_type=product&#038;p=29558"},"modified":"2024-08-22T00:25:03","modified_gmt":"2024-08-22T00:25:03","slug":"fenty-cookies-n-cream-masque-visage","status":"publish","type":"product","link":"https:\/\/sakaba.mghosteur.com\/en\/product\/fenty-cookies-n-cream-masque-visage\/","title":{"rendered":"FENTY COOKIES N CREAM MASQUE VISAGE"},"content":{"rendered":"<div class=\"group w-full text-gray-800 dark:text-gray-100 border-b border-black\/10 dark:border-gray-900\/50 bg-gray-50 dark:bg-[#444654]\">\n<div class=\"text-base gap-4 md:gap-6 md:max-w-2xl lg:max-w-xl xl:max-w-3xl p-4 md:py-6 flex lg:px-0 m-auto\">\n<div class=\"relative flex w-[calc(100%-50px)] flex-col gap-1 md:gap-3 lg:w-[calc(100%-115px)]\">\n<div class=\"flex flex-grow flex-col gap-3\">\n<div class=\"min-h-[20px] flex flex-col items-start gap-4 whitespace-pre-wrap\">\n<div class=\"markdown prose w-full break-words dark:prose-invert light\">\n<p>D\u00e9couvrez le masque visage COOKIES N CLEAN WHIPPED CLAY de la marque FENTY pour une peau nette et saine en seulement 10 minutes ! Avec sa formule l\u00e9g\u00e8re et fouett\u00e9e, ce masque permet une purification en profondeur des pores gr\u00e2ce \u00e0 l&#8217;argile et au charbon actif. En massant doucement, le charbon encapsul\u00e9 aide \u00e0 \u00e9liminer les impuret\u00e9s pour une peau claire et radieuse. L&#8217;acide salicylique aide \u00e0 clarifier les pores et \u00e0 r\u00e9duire l&#8217;apparence des pores pour un teint plus uniforme. Test\u00e9 sur tous les types de peau, m\u00eame les plus sensibles, ce masque est sans parfum. Observez instantan\u00e9ment une am\u00e9lioration de la texture de votre peau et un contr\u00f4le de l&#8217;exc\u00e8s de s\u00e9bum toute la journ\u00e9e !<\/p>\n<\/div>\n<\/div>\n<\/div>\n<div class=\"flex justify-between lg:block\">\n<div class=\"text-xs flex items-center justify-center gap-1 self-center pt-2 !invisible\"><\/div>\n<div class=\"text-gray-400 flex self-end lg:self-center justify-center mt-2 gap-2 md:gap-3 lg:gap-1 lg:absolute lg:top-0 lg:translate-x-full lg:right-0 lg:mt-0 lg:pl-2 visible\"><\/div>\n<\/div>\n<\/div>\n<\/div>\n<\/div>","protected":false},"excerpt":{"rendered":"<p>D\u00e9couvrez le masque visage COOKIES N CLEAN WHIPPED CLAY de la marque FENTY pour une peau nette et saine en seulement 10 minutes ! Avec sa formule l\u00e9g\u00e8re et fouett\u00e9e, ce masque permet une purification en profondeur des pores gr\u00e2ce \u00e0 l&#8217;argile et au charbon actif. En massant doucement, le charbon encapsul\u00e9 aide \u00e0 \u00e9liminer<span class=\"read-more-faq\"><a href=\"https:\/\/sakaba.mghosteur.com\/en\/product\/fenty-cookies-n-cream-masque-visage\/\">Read More<\/a><\/span><\/p>","protected":false},"featured_media":0,"comment_status":"closed","ping_status":"closed","template":"","meta":[],"product_brand":[],"product_cat":[451,334],"product_tag":[],"class_list":{"0":"post-29558","1":"product","2":"type-product","3":"status-publish","5":"product_cat-aab-soin-du-visage","6":"product_cat-traitement-serum","8":"first","9":"instock","10":"shipping-taxable","11":"product-type-simple"},"jetpack-related-posts":[{"id":27456,"url":"https:\/\/sakaba.mghosteur.com\/en\/product\/the-ordinary-salicylic-acid-2-anhydrous-solution\/","url_meta":{"origin":29558,"position":0},"title":"THE ORDINARY SALICYLIC ACID 2% MASQUE","author":"admin","date":"November 29, 2022","format":false,"excerpt":"Le masque \u00e0 l'acide salicylique \u00e0 2% de la marque The Ordinary est un produit de soin du visage qui cible les probl\u00e8mes de texture de peau, les pores obstru\u00e9s et les tons ternes. Sa formule est infus\u00e9e de charbon de bois et d'argile, qui absorbent les impuret\u00e9s de la\u2026","rel":"","context":"Similar post","block_context":{"text":"Similar post","link":""},"img":{"alt_text":"","src":"","width":0,"height":0},"classes":[]},{"id":34719,"url":"https:\/\/sakaba.mghosteur.com\/en\/product\/fenty-skin-cherry-dub-75ml\/","url_meta":{"origin":29558,"position":1},"title":"FENTY SKIN CHERRY DUB 75ml","author":"admin","date":"May 30, 2024","format":false,"excerpt":"Le masque visage en gel\u00e9e \u00e9claircissant Fenty Skin Cherry Dub 75 ml utilise un complexe triple cerise et 5 % d'AHA pour clarifier et renouveler la peau. Il est non com\u00e9dog\u00e8ne et convient \u00e0 tous les types de peau. Passez d'une peau terne \u00e0 une peau \u00e9clatante en quelques minutes\u2026","rel":"","context":"Similar post","block_context":{"text":"Similar post","link":""},"img":{"alt_text":"","src":"","width":0,"height":0},"classes":[]},{"id":24591,"url":"https:\/\/sakaba.mghosteur.com\/en\/product\/aveeno-purely-matte-peel-off-mask\/","url_meta":{"origin":29558,"position":2},"title":"AVEENO PURELY MATTE PEEL OFF MASK","author":"admin","date":"November 10, 2022","format":false,"excerpt":"Tube de 2,0 onces de masque pour le visage Aveeno Clear Complexion Pure Matte Peel Off avec des acides alpha-hydroxy, du soja et de la grenade pour aider \u00e0 exfolier et matifier la peau Ce masque pour le visage au teint clair agit comme un exfoliant sans savon et sans\u2026","rel":"","context":"Similar post","block_context":{"text":"Similar post","link":""},"img":{"alt_text":"","src":"","width":0,"height":0},"classes":[]},{"id":27226,"url":"https:\/\/sakaba.mghosteur.com\/en\/product\/the-ordinary-coffret-the-balance-set\/","url_meta":{"origin":29558,"position":3},"title":"THE ORDINARY COFFRET THE BALANCE SET","author":"admin","date":"November 29, 2022","format":false,"excerpt":"L'ensemble d'\u00e9quilibre de The Ordinary est un coffret de produits de soin de la peau con\u00e7u pour clarifier et \u00e9quilibrer votre peau. Il comprend quatre produits cl\u00e9s qui travaillent en tandem pour am\u00e9liorer l'apparence et la texture de votre peau. Le nettoyant d\u00e9maquillant hydratant au squalane est un nettoyant doux\u2026","rel":"","context":"Similar post","block_context":{"text":"Similar post","link":""},"img":{"alt_text":"","src":"","width":0,"height":0},"classes":[]},{"id":30296,"url":"https:\/\/sakaba.mghosteur.com\/en\/product\/beauty-of-joseon-red-bean-refreshing-pore-mask\/","url_meta":{"origin":29558,"position":4},"title":"BEAUTY OF JOSEON RED BEAN REFRESHING PORE MASK","author":"admin","date":"May 8, 2023","format":false,"excerpt":"D\u00e9couvrez le Masque rafra\u00eechissant pour les pores aux haricots rouges de la marque Beauty of Joseon. Ce masque est con\u00e7u pour prendre soin de vos pores en \u00e9liminant les cellules mortes de la peau, en lavant le s\u00e9bum et les d\u00e9chets accumul\u00e9s et en abaissant la temp\u00e9rature de la peau.\u2026","rel":"","context":"Similar post","block_context":{"text":"Similar post","link":""},"img":{"alt_text":"","src":"","width":0,"height":0},"classes":[]},{"id":31664,"url":"https:\/\/sakaba.mghosteur.com\/en\/product\/aprilskin-real-calendula-peel-off-pack-100g\/","url_meta":{"origin":29558,"position":5},"title":"APRILSKIN REAL CALENDULA PEEL OFF PACK 100G","author":"admin","date":"May 10, 2024","format":false,"excerpt":"D\u00e9couvrez le masque peel-off Radiance and Glow Glow Booster. D\u00e9tendez-vous et laissez ce masque faire le travail \u00e0 votre place. Pores obstru\u00e9s, cellules mortes, points noirs, huile, salet\u00e9 et d\u00e9bris \u2013 il adh\u00e8re \u00e0 toutes ces salet\u00e9s comme de la colle. Formul\u00e9 avec de la fleur de Calendula Officinalis, r\u00e9put\u00e9e\u2026","rel":"","context":"Similar post","block_context":{"text":"Similar post","link":""},"img":{"alt_text":"","src":"","width":0,"height":0},"classes":[]}],"_links":{"self":[{"href":"https:\/\/sakaba.mghosteur.com\/en\/wp-json\/wp\/v2\/product\/29558","targetHints":{"allow":["GET"]}}],"collection":[{"href":"https:\/\/sakaba.mghosteur.com\/en\/wp-json\/wp\/v2\/product"}],"about":[{"href":"https:\/\/sakaba.mghosteur.com\/en\/wp-json\/wp\/v2\/types\/product"}],"replies":[{"embeddable":true,"href":"https:\/\/sakaba.mghosteur.com\/en\/wp-json\/wp\/v2\/comments?post=29558"}],"version-history":[{"count":0,"href":"https:\/\/sakaba.mghosteur.com\/en\/wp-json\/wp\/v2\/product\/29558\/revisions"}],"wp:attachment":[{"href":"https:\/\/sakaba.mghosteur.com\/en\/wp-json\/wp\/v2\/media?parent=29558"}],"wp:term":[{"taxonomy":"product_brand","embeddable":true,"href":"https:\/\/sakaba.mghosteur.com\/en\/wp-json\/wp\/v2\/product_brand?post=29558"},{"taxonomy":"product_cat","embeddable":true,"href":"https:\/\/sakaba.mghosteur.com\/en\/wp-json\/wp\/v2\/product_cat?post=29558"},{"taxonomy":"product_tag","embeddable":true,"href":"https:\/\/sakaba.mghosteur.com\/en\/wp-json\/wp\/v2\/product_tag?post=29558"}],"curies":[{"name":"wp","href":"https:\/\/api.w.org\/{rel}","templated":true}]}}