{"id":29577,"date":"2023-04-10T12:17:42","date_gmt":"2023-04-10T12:17:42","guid":{"rendered":"http:\/\/www.sakababeauty.com\/?post_type=product&#038;p=29577"},"modified":"2023-04-10T12:17:43","modified_gmt":"2023-04-10T12:17:43","slug":"fenty-gloss-bomb-heat-hot-cherry","status":"publish","type":"product","link":"https:\/\/sakaba.mghosteur.com\/en\/product\/fenty-gloss-bomb-heat-hot-cherry\/","title":{"rendered":"FENTY GLOSS BOMB HEAT HOT CHERRY"},"content":{"rendered":"<p>D\u00e9couvrez Gloss Bomb Heat, le lip luminizer et plumper de FENTY pour des l\u00e8vres incroyables ! Avec sa formule innovante Plump Job Complex \u00e0 base d&#8217;huile de gingembre et d&#8217;extrait de fruit de poivre, ce gloss offre un effet repulpant instantan\u00e9 pour des l\u00e8vres lisses et pleines. Enrichi en beurre de karit\u00e9 et vitamine E, il hydrate en profondeur pour un confort optimal. Sa texture soyeuse et son brillant mouill\u00e9 intense donneront \u00e0 vos l\u00e8vres un look irr\u00e9sistible. Utilisez-le seul ou en superposition sur votre rouge \u00e0 l\u00e8vres pr\u00e9f\u00e9r\u00e9 pour une touche de couleur subtile. Et en prime, une d\u00e9licate odeur de p\u00eache. Donnez \u00e0 vos l\u00e8vres l&#8217;effet complet avec Gloss Bomb Heat !<\/p>","protected":false},"excerpt":{"rendered":"<p>D\u00e9couvrez Gloss Bomb Heat, le lip luminizer et plumper de FENTY pour des l\u00e8vres incroyables ! Avec sa formule innovante Plump Job Complex \u00e0 base d&#8217;huile de gingembre et d&#8217;extrait de fruit de poivre, ce gloss offre un effet repulpant instantan\u00e9 pour des l\u00e8vres lisses et pleines. Enrichi en beurre de karit\u00e9 et vitamine E,<span class=\"read-more-faq\"><a href=\"https:\/\/sakaba.mghosteur.com\/en\/product\/fenty-gloss-bomb-heat-hot-cherry\/\">Read More<\/a><\/span><\/p>","protected":false},"featured_media":0,"comment_status":"closed","ping_status":"closed","template":"","meta":[],"product_brand":[],"product_cat":[305],"product_tag":[],"class_list":{"0":"post-29577","1":"product","2":"type-product","3":"status-publish","5":"product_cat-levres","7":"first","8":"instock","9":"shipping-taxable","10":"product-type-simple"},"jetpack-related-posts":[{"id":29579,"url":"https:\/\/sakaba.mghosteur.com\/en\/product\/fenty-gloss-bomb-ice\/","url_meta":{"origin":29577,"position":0},"title":"FENTY GLOSS BOMB ICE","author":"admin","date":"April 10, 2023","format":false,"excerpt":"D\u00e9couvrez le GLOSS BOMB ICE COOLING LIP LUMINIZER de la marque FENTY, le brillant \u00e0 l\u00e8vres qui vous donnera un look mouill\u00e9 et rafra\u00eechissant gr\u00e2ce \u00e0 son effet menthol\u00e9 instantan\u00e9. Ce brillant \u00e0 l\u00e8vres est la version am\u00e9lior\u00e9e de notre bestseller. Il vous donnera un fini mouill\u00e9 et brillant sans\u2026","rel":"","context":"Similar post","block_context":{"text":"Similar post","link":""},"img":{"alt_text":"","src":"","width":0,"height":0},"classes":[]},{"id":29506,"url":"https:\/\/sakaba.mghosteur.com\/en\/product\/fenty-beauty-gloss-bomb-cream-bubble-binge\/","url_meta":{"origin":29577,"position":1},"title":"FENTY BEAUTY GLOSS BOMB CREAM BUBBLE BINGE","author":"admin","date":"April 7, 2023","format":false,"excerpt":"D\u00e9couvrez le FENTY BEAUTY GLOSS BOMB, le num\u00e9ro 1 des gloss qui vous offre une couleur pure et cr\u00e9meuse avec un \u00e9clat incroyable. Obtenez des l\u00e8vres plus douces et volumineuses instantan\u00e9ment, tout en profitant d'une couleur intense et d'un brillant \u00e9clatant, sans aucun effet brillant. Ce gloss est disponible en\u2026","rel":"","context":"Similar post","block_context":{"text":"Similar post","link":""},"img":{"alt_text":"","src":"","width":0,"height":0},"classes":[]},{"id":34545,"url":"https:\/\/sakaba.mghosteur.com\/en\/product\/fenty-gloss-bomb-heat-hot-cherry-01\/","url_meta":{"origin":29577,"position":2},"title":"FENTY GLOSS BOMB HEAT HOT CHERRY 01","author":"admin","date":"May 29, 2024","format":false,"excerpt":"","rel":"","context":"Similar post","block_context":{"text":"Similar post","link":""},"img":{"alt_text":"","src":"","width":0,"height":0},"classes":[]},{"id":34475,"url":"https:\/\/sakaba.mghosteur.com\/en\/product\/fenty-beauty-gloss-bomb-heat-lemon-lava-05\/","url_meta":{"origin":29577,"position":3},"title":"FENTY BEAUTY GLOSS BOMB HEAT LEMON LAVA 05","author":"admin","date":"May 29, 2024","format":false,"excerpt":"","rel":"","context":"Similar post","block_context":{"text":"Similar post","link":""},"img":{"alt_text":"","src":"","width":0,"height":0},"classes":[]},{"id":34694,"url":"https:\/\/sakaba.mghosteur.com\/en\/product\/gloss-bomb-universal-lipluminizer\/","url_meta":{"origin":29577,"position":4},"title":"GLOSS BOMB UNIVERSAL LIPLUMINIZER","author":"admin","date":"May 30, 2024","format":false,"excerpt":"","rel":"","context":"Similar post","block_context":{"text":"Similar post","link":""},"img":{"alt_text":"","src":"","width":0,"height":0},"classes":[]},{"id":29611,"url":"https:\/\/sakaba.mghosteur.com\/en\/product\/fenty-universal-lip-luminizer-2\/","url_meta":{"origin":29577,"position":5},"title":"FENTY UNIVERSAL LIP LUMINIZER","author":"admin","date":"April 10, 2023","format":false,"excerpt":"D\u00e9couvrez le GLOSS BOMB UNIVERSAL LIP LUMINIZER de la marque FENTY ! Ce gloss \u00e0 l'\u00e9clat explosif est l'accessoire indispensable pour sublimer votre maquillage. Il est disponible en sept teintes universelles s\u00e9lectionn\u00e9es par Rihanna elle-m\u00eame. Sa formule non-collante, enrichie en beurre de karit\u00e9, nourrit vos l\u00e8vres tout en leur donnant\u2026","rel":"","context":"Similar post","block_context":{"text":"Similar post","link":""},"img":{"alt_text":"","src":"","width":0,"height":0},"classes":[]}],"_links":{"self":[{"href":"https:\/\/sakaba.mghosteur.com\/en\/wp-json\/wp\/v2\/product\/29577","targetHints":{"allow":["GET"]}}],"collection":[{"href":"https:\/\/sakaba.mghosteur.com\/en\/wp-json\/wp\/v2\/product"}],"about":[{"href":"https:\/\/sakaba.mghosteur.com\/en\/wp-json\/wp\/v2\/types\/product"}],"replies":[{"embeddable":true,"href":"https:\/\/sakaba.mghosteur.com\/en\/wp-json\/wp\/v2\/comments?post=29577"}],"version-history":[{"count":0,"href":"https:\/\/sakaba.mghosteur.com\/en\/wp-json\/wp\/v2\/product\/29577\/revisions"}],"wp:attachment":[{"href":"https:\/\/sakaba.mghosteur.com\/en\/wp-json\/wp\/v2\/media?parent=29577"}],"wp:term":[{"taxonomy":"product_brand","embeddable":true,"href":"https:\/\/sakaba.mghosteur.com\/en\/wp-json\/wp\/v2\/product_brand?post=29577"},{"taxonomy":"product_cat","embeddable":true,"href":"https:\/\/sakaba.mghosteur.com\/en\/wp-json\/wp\/v2\/product_cat?post=29577"},{"taxonomy":"product_tag","embeddable":true,"href":"https:\/\/sakaba.mghosteur.com\/en\/wp-json\/wp\/v2\/product_tag?post=29577"}],"curies":[{"name":"wp","href":"https:\/\/api.w.org\/{rel}","templated":true}]}}