{"id":29592,"date":"2023-04-10T13:22:10","date_gmt":"2023-04-10T13:22:10","guid":{"rendered":"http:\/\/www.sakababeauty.com\/?post_type=product&#038;p=29592"},"modified":"2023-04-10T13:23:28","modified_gmt":"2023-04-10T13:23:28","slug":"fenty-skin-pre-show-glow-2","status":"publish","type":"product","link":"https:\/\/sakaba.mghosteur.com\/en\/product\/fenty-skin-pre-show-glow-2\/","title":{"rendered":"FENTY SKIN PRE SHOW GLOW"},"content":{"rendered":"<p>D\u00e9couvrez le FENTY SKIN PRE SHOW GLOW, un traitement pour une peau lisse et pr\u00eate en une minute. Avec une concentration de 10% d&#8217;acide alpha-hydroxy (AHA), ce traitement clarifie, purifie et lisse votre peau en douceur en \u00e9liminant les cellules mortes \u00e0 la surface et en profondeur dans les pores. Enrichi d&#8217;extraits de Rooibos et de fruits, ainsi que d&#8217;antioxydants, ce produit vous offre une peau ultra-douce, radieuse et pr\u00eate pour le maquillage. L&#8217;applicateur r\u00e9utilisable unique vous offre une exfoliation physique douce, tandis que le parfum fruit\u00e9 et floral inspir\u00e9 de la grenade et de l&#8217;hibiscus ajoute une touche agr\u00e9able \u00e0 votre routine de soin de la peau. Obtenez un \u00e9clat de peau instantan\u00e9 sans temps d&#8217;arr\u00eat avec le FENTY SKIN PRE SHOW GLOW.<\/p>","protected":false},"excerpt":{"rendered":"<p>D\u00e9couvrez le FENTY SKIN PRE SHOW GLOW, un traitement pour une peau lisse et pr\u00eate en une minute. Avec une concentration de 10% d&#8217;acide alpha-hydroxy (AHA), ce traitement clarifie, purifie et lisse votre peau en douceur en \u00e9liminant les cellules mortes \u00e0 la surface et en profondeur dans les pores. Enrichi d&#8217;extraits de Rooibos et<span class=\"read-more-faq\"><a href=\"https:\/\/sakaba.mghosteur.com\/en\/product\/fenty-skin-pre-show-glow-2\/\">Read More<\/a><\/span><\/p>","protected":false},"featured_media":0,"comment_status":"closed","ping_status":"closed","template":"","meta":[],"product_brand":[],"product_cat":[377],"product_tag":[],"class_list":{"0":"post-29592","1":"product","2":"type-product","3":"status-publish","5":"product_cat-bath-body-works","7":"first","8":"instock","9":"shipping-taxable","10":"product-type-simple"},"jetpack-related-posts":[{"id":34719,"url":"https:\/\/sakaba.mghosteur.com\/en\/product\/fenty-skin-cherry-dub-75ml\/","url_meta":{"origin":29592,"position":0},"title":"FENTY SKIN CHERRY DUB 75ml","author":"admin","date":"May 30, 2024","format":false,"excerpt":"Le masque visage en gel\u00e9e \u00e9claircissant Fenty Skin Cherry Dub 75 ml utilise un complexe triple cerise et 5 % d'AHA pour clarifier et renouveler la peau. Il est non com\u00e9dog\u00e8ne et convient \u00e0 tous les types de peau. Passez d'une peau terne \u00e0 une peau \u00e9clatante en quelques minutes\u2026","rel":"","context":"Similar post","block_context":{"text":"Similar post","link":""},"img":{"alt_text":"","src":"","width":0,"height":0},"classes":[]},{"id":26605,"url":"https:\/\/sakaba.mghosteur.com\/en\/product\/fenty-skin-buff-ryder-exfoliating-body-scrub\/","url_meta":{"origin":29592,"position":1},"title":"FENTY SKIN BUFF RYDER EXFOLIATING BODY  SCRUB","author":"admin","date":"November 28, 2022","format":false,"excerpt":"D\u00e9couvrez le BUFF RYDER EXFOLIATING BODY SCRUB WITH SUPERFINE SAND + FRUIT ENZYMES de la marque FENTY, le gommage corporel inspir\u00e9 de la Barbade qui transformera votre peau en une douceur soyeuse en un rien de temps. Ce m\u00e9lange unique de sucre, de sel, de sable ultrafin, d'enzymes de fruits\u2026","rel":"","context":"Similar post","block_context":{"text":"Similar post","link":""},"img":{"alt_text":"","src":"","width":0,"height":0},"classes":[]},{"id":26607,"url":"https:\/\/sakaba.mghosteur.com\/en\/product\/fenty-skin-start-r-set\/","url_meta":{"origin":29592,"position":2},"title":"FENTY SKIN START&#8217;R SET","author":"admin","date":"November 28, 2022","format":false,"excerpt":"D\u00e9couvrez le coffret voyage FENTY SKIN START'R de FENTY, con\u00e7u pour une routine quotidienne de soins pour vos pores. Le coffret contient trois mini produits pour prendre soin de votre peau en voyage. Ce syst\u00e8me cliniquement prouv\u00e9 resserre les pores, illumine, hydrate, adoucit et am\u00e9liore votre peau \u00e0 chaque utilisation.\u2026","rel":"","context":"Similar post","block_context":{"text":"Similar post","link":""},"img":{"alt_text":"","src":"","width":0,"height":0},"classes":[]},{"id":34658,"url":"https:\/\/sakaba.mghosteur.com\/en\/product\/fenty-skin-the-body-duo\/","url_meta":{"origin":29592,"position":3},"title":"Fenty Beauty by Rihanna Fenty Skin The Body Duo Set Buff Ryder Exfoliating Body Scrub 57g + Butta Drop Whipped Oil","author":"admin","date":"May 30, 2024","format":false,"excerpt":"Fenty Skin - Duo Mini Gommage Corps + Cr\u00e8me Hydratante Essentiels Un ensemble comprenant un gommage corporel de format voyage et une cr\u00e8me corporelle \u00e0 l'huile fouett\u00e9e de format voyage pour vous donner une peau lisse, douce et souple. Cet ensemble vous aidera \u00e0 obtenir un \u00e9clat inspir\u00e9 des Cara\u00efbes\u2026","rel":"","context":"Similar post","block_context":{"text":"Similar post","link":""},"img":{"alt_text":"","src":"","width":0,"height":0},"classes":[]},{"id":26609,"url":"https:\/\/sakaba.mghosteur.com\/en\/product\/fenty-skin-hydra-reset\/","url_meta":{"origin":29592,"position":4},"title":"FENTY SKIN HYDRA RESET","author":"admin","date":"November 28, 2022","format":false,"excerpt":"D\u00e9couvrez HYDRA\u2019RESET INTENSIVE RECOVERY GLYCERIN HAND MASK de la marque FENTY - le secret pour des mains douces comme des nuages. Ce masque pour les mains contient 40% de glyc\u00e9rine pour une hydratation en profondeur, des huiles de fruits et des extraits de plantes pour revitaliser les mains et leur\u2026","rel":"","context":"Similar post","block_context":{"text":"Similar post","link":""},"img":{"alt_text":"","src":"","width":0,"height":0},"classes":[]},{"id":34649,"url":"https:\/\/sakaba.mghosteur.com\/en\/product\/fenty-skin-cocoa-cleansr-soothing-all-over\/","url_meta":{"origin":29592,"position":5},"title":"FENTY SKIN COCOA CLEANS&#8217;R SOOTHING ALL-OVER","author":"admin","date":"May 30, 2024","format":false,"excerpt":"Dites adieu \u00e0 votre peau cendr\u00e9e avec ce savon nourrissant pour le visage et le corps. Les vibrations tropicales se lib\u00e8rent tandis que la mousse moelleuse et d\u00e9cadente cr\u00e9e une exp\u00e9rience sous la douche ultra-sensorielle qui impr\u00e8gne votre salle de bain d'un parfum inspir\u00e9 de la plage. Description Assez doux\u2026","rel":"","context":"Similar post","block_context":{"text":"Similar post","link":""},"img":{"alt_text":"","src":"","width":0,"height":0},"classes":[]}],"_links":{"self":[{"href":"https:\/\/sakaba.mghosteur.com\/en\/wp-json\/wp\/v2\/product\/29592","targetHints":{"allow":["GET"]}}],"collection":[{"href":"https:\/\/sakaba.mghosteur.com\/en\/wp-json\/wp\/v2\/product"}],"about":[{"href":"https:\/\/sakaba.mghosteur.com\/en\/wp-json\/wp\/v2\/types\/product"}],"replies":[{"embeddable":true,"href":"https:\/\/sakaba.mghosteur.com\/en\/wp-json\/wp\/v2\/comments?post=29592"}],"version-history":[{"count":0,"href":"https:\/\/sakaba.mghosteur.com\/en\/wp-json\/wp\/v2\/product\/29592\/revisions"}],"wp:attachment":[{"href":"https:\/\/sakaba.mghosteur.com\/en\/wp-json\/wp\/v2\/media?parent=29592"}],"wp:term":[{"taxonomy":"product_brand","embeddable":true,"href":"https:\/\/sakaba.mghosteur.com\/en\/wp-json\/wp\/v2\/product_brand?post=29592"},{"taxonomy":"product_cat","embeddable":true,"href":"https:\/\/sakaba.mghosteur.com\/en\/wp-json\/wp\/v2\/product_cat?post=29592"},{"taxonomy":"product_tag","embeddable":true,"href":"https:\/\/sakaba.mghosteur.com\/en\/wp-json\/wp\/v2\/product_tag?post=29592"}],"curies":[{"name":"wp","href":"https:\/\/api.w.org\/{rel}","templated":true}]}}