{"id":29598,"date":"2023-04-10T14:34:40","date_gmt":"2023-04-10T14:34:40","guid":{"rendered":"http:\/\/www.sakababeauty.com\/?post_type=product&#038;p=29598"},"modified":"2023-04-10T14:34:41","modified_gmt":"2023-04-10T14:34:41","slug":"fenty-skin-the-fenty-skin-soap-dish","status":"publish","type":"product","link":"https:\/\/sakaba.mghosteur.com\/en\/product\/fenty-skin-the-fenty-skin-soap-dish\/","title":{"rendered":"FENTY SKIN THE FENTY SKIN SOAP DISH"},"content":{"rendered":"<p>D\u00e9couvrez le Porte-Savon Fenty Skin pour une exp\u00e9rience de douche \u00e9l\u00e9gante et pratique. Con\u00e7u pour garder votre savon en barre sec et mignon, il facilite \u00e9galement le stockage de votre nettoyant Cocoa Cleans&#8217;r. Gr\u00e2ce \u00e0 son design drainable, il maintient votre douche propre en \u00e9vitant les flaques d&#8217;eau. Ne passez pas \u00e0 c\u00f4t\u00e9 de cet accessoire essentiel pour votre routine de soins de la peau Fenty.<\/p>","protected":false},"excerpt":{"rendered":"<p>D\u00e9couvrez le Porte-Savon Fenty Skin pour une exp\u00e9rience de douche \u00e9l\u00e9gante et pratique. Con\u00e7u pour garder votre savon en barre sec et mignon, il facilite \u00e9galement le stockage de votre nettoyant Cocoa Cleans&#8217;r. Gr\u00e2ce \u00e0 son design drainable, il maintient votre douche propre en \u00e9vitant les flaques d&#8217;eau. Ne passez pas \u00e0 c\u00f4t\u00e9 de cet<span class=\"read-more-faq\"><a href=\"https:\/\/sakaba.mghosteur.com\/en\/product\/fenty-skin-the-fenty-skin-soap-dish\/\">Read More<\/a><\/span><\/p>","protected":false},"featured_media":0,"comment_status":"closed","ping_status":"closed","template":"","meta":[],"product_brand":[],"product_cat":[15],"product_tag":[],"class_list":{"0":"post-29598","1":"product","2":"type-product","3":"status-publish","5":"product_cat-uncategorized","7":"first","8":"instock","9":"shipping-taxable","10":"product-type-simple"},"jetpack-related-posts":[{"id":34649,"url":"https:\/\/sakaba.mghosteur.com\/en\/product\/fenty-skin-cocoa-cleansr-soothing-all-over\/","url_meta":{"origin":29598,"position":0},"title":"FENTY SKIN COCOA CLEANS&#8217;R SOOTHING ALL-OVER","author":"admin","date":"May 30, 2024","format":false,"excerpt":"Dites adieu \u00e0 votre peau cendr\u00e9e avec ce savon nourrissant pour le visage et le corps. Les vibrations tropicales se lib\u00e8rent tandis que la mousse moelleuse et d\u00e9cadente cr\u00e9e une exp\u00e9rience sous la douche ultra-sensorielle qui impr\u00e8gne votre salle de bain d'un parfum inspir\u00e9 de la plage. Description Assez doux\u2026","rel":"","context":"Similar post","block_context":{"text":"Similar post","link":""},"img":{"alt_text":"","src":"","width":0,"height":0},"classes":[]},{"id":34658,"url":"https:\/\/sakaba.mghosteur.com\/en\/product\/fenty-skin-the-body-duo\/","url_meta":{"origin":29598,"position":1},"title":"Fenty Beauty by Rihanna Fenty Skin The Body Duo Set Buff Ryder Exfoliating Body Scrub 57g + Butta Drop Whipped Oil","author":"admin","date":"May 30, 2024","format":false,"excerpt":"Fenty Skin - Duo Mini Gommage Corps + Cr\u00e8me Hydratante Essentiels Un ensemble comprenant un gommage corporel de format voyage et une cr\u00e8me corporelle \u00e0 l'huile fouett\u00e9e de format voyage pour vous donner une peau lisse, douce et souple. Cet ensemble vous aidera \u00e0 obtenir un \u00e9clat inspir\u00e9 des Cara\u00efbes\u2026","rel":"","context":"Similar post","block_context":{"text":"Similar post","link":""},"img":{"alt_text":"","src":"","width":0,"height":0},"classes":[]},{"id":26605,"url":"https:\/\/sakaba.mghosteur.com\/en\/product\/fenty-skin-buff-ryder-exfoliating-body-scrub\/","url_meta":{"origin":29598,"position":2},"title":"FENTY SKIN BUFF RYDER EXFOLIATING BODY  SCRUB","author":"admin","date":"November 28, 2022","format":false,"excerpt":"D\u00e9couvrez le BUFF RYDER EXFOLIATING BODY SCRUB WITH SUPERFINE SAND + FRUIT ENZYMES de la marque FENTY, le gommage corporel inspir\u00e9 de la Barbade qui transformera votre peau en une douceur soyeuse en un rien de temps. Ce m\u00e9lange unique de sucre, de sel, de sable ultrafin, d'enzymes de fruits\u2026","rel":"","context":"Similar post","block_context":{"text":"Similar post","link":""},"img":{"alt_text":"","src":"","width":0,"height":0},"classes":[]},{"id":29592,"url":"https:\/\/sakaba.mghosteur.com\/en\/product\/fenty-skin-pre-show-glow-2\/","url_meta":{"origin":29598,"position":3},"title":"FENTY SKIN PRE SHOW GLOW","author":"admin","date":"April 10, 2023","format":false,"excerpt":"D\u00e9couvrez le FENTY SKIN PRE SHOW GLOW, un traitement pour une peau lisse et pr\u00eate en une minute. Avec une concentration de 10% d'acide alpha-hydroxy (AHA), ce traitement clarifie, purifie et lisse votre peau en douceur en \u00e9liminant les cellules mortes \u00e0 la surface et en profondeur dans les pores.\u2026","rel":"","context":"Similar post","block_context":{"text":"Similar post","link":""},"img":{"alt_text":"","src":"","width":0,"height":0},"classes":[]},{"id":34719,"url":"https:\/\/sakaba.mghosteur.com\/en\/product\/fenty-skin-cherry-dub-75ml\/","url_meta":{"origin":29598,"position":4},"title":"FENTY SKIN CHERRY DUB 75ml","author":"admin","date":"May 30, 2024","format":false,"excerpt":"Le masque visage en gel\u00e9e \u00e9claircissant Fenty Skin Cherry Dub 75 ml utilise un complexe triple cerise et 5 % d'AHA pour clarifier et renouveler la peau. Il est non com\u00e9dog\u00e8ne et convient \u00e0 tous les types de peau. Passez d'une peau terne \u00e0 une peau \u00e9clatante en quelques minutes\u2026","rel":"","context":"Similar post","block_context":{"text":"Similar post","link":""},"img":{"alt_text":"","src":"","width":0,"height":0},"classes":[]},{"id":26607,"url":"https:\/\/sakaba.mghosteur.com\/en\/product\/fenty-skin-start-r-set\/","url_meta":{"origin":29598,"position":5},"title":"FENTY SKIN START&#8217;R SET","author":"admin","date":"November 28, 2022","format":false,"excerpt":"D\u00e9couvrez le coffret voyage FENTY SKIN START'R de FENTY, con\u00e7u pour une routine quotidienne de soins pour vos pores. Le coffret contient trois mini produits pour prendre soin de votre peau en voyage. Ce syst\u00e8me cliniquement prouv\u00e9 resserre les pores, illumine, hydrate, adoucit et am\u00e9liore votre peau \u00e0 chaque utilisation.\u2026","rel":"","context":"Similar post","block_context":{"text":"Similar post","link":""},"img":{"alt_text":"","src":"","width":0,"height":0},"classes":[]}],"_links":{"self":[{"href":"https:\/\/sakaba.mghosteur.com\/en\/wp-json\/wp\/v2\/product\/29598","targetHints":{"allow":["GET"]}}],"collection":[{"href":"https:\/\/sakaba.mghosteur.com\/en\/wp-json\/wp\/v2\/product"}],"about":[{"href":"https:\/\/sakaba.mghosteur.com\/en\/wp-json\/wp\/v2\/types\/product"}],"replies":[{"embeddable":true,"href":"https:\/\/sakaba.mghosteur.com\/en\/wp-json\/wp\/v2\/comments?post=29598"}],"version-history":[{"count":0,"href":"https:\/\/sakaba.mghosteur.com\/en\/wp-json\/wp\/v2\/product\/29598\/revisions"}],"wp:attachment":[{"href":"https:\/\/sakaba.mghosteur.com\/en\/wp-json\/wp\/v2\/media?parent=29598"}],"wp:term":[{"taxonomy":"product_brand","embeddable":true,"href":"https:\/\/sakaba.mghosteur.com\/en\/wp-json\/wp\/v2\/product_brand?post=29598"},{"taxonomy":"product_cat","embeddable":true,"href":"https:\/\/sakaba.mghosteur.com\/en\/wp-json\/wp\/v2\/product_cat?post=29598"},{"taxonomy":"product_tag","embeddable":true,"href":"https:\/\/sakaba.mghosteur.com\/en\/wp-json\/wp\/v2\/product_tag?post=29598"}],"curies":[{"name":"wp","href":"https:\/\/api.w.org\/{rel}","templated":true}]}}