{"id":29602,"date":"2023-04-10T14:45:22","date_gmt":"2023-04-10T14:45:22","guid":{"rendered":"http:\/\/www.sakababeauty.com\/?post_type=product&#038;p=29602"},"modified":"2024-08-08T14:44:29","modified_gmt":"2024-08-08T14:44:29","slug":"fenty-skin-watch-ya-tone-niacinamide-dard-spot-ser","status":"publish","type":"product","link":"https:\/\/sakaba.mghosteur.com\/en\/product\/fenty-skin-watch-ya-tone-niacinamide-dard-spot-ser\/","title":{"rendered":"FENTY SKIN WATCH YA TONE NIACINAMIDE DARD SPOT SER"},"content":{"rendered":"<p>D\u00e9couvrez le s\u00e9rum WATCH YA TONE NIACINAMIDE DARK SPOT de la marque FENTY, un traitement cibl\u00e9 pour une peau uniforme et lumineuse. Les taches sombres ne sont plus un probl\u00e8me avec ce cocktail concentr\u00e9 d&#8217;ingr\u00e9dients anti-taches. En seulement une semaine, vous verrez une am\u00e9lioration de l&#8217;apparence de votre peau, qui deviendra plus lumineuse jour apr\u00e8s jour avec une utilisation r\u00e9guli\u00e8re. Les ingr\u00e9dients \u00e9toiles de ce s\u00e9rum incluent la niacinamide, la vitamine C, l&#8217;extrait de r\u00e9glisse et la cerise de la Barbade, qui agissent ensemble pour unifier le teint de votre peau et estomper les taches sombres. L\u00e9ger et non collant, ce s\u00e9rum s&#8217;absorbe rapidement et laisse la peau douce et \u00e9clatante. Utilisez-le matin et soir pour de meilleurs r\u00e9sultats. Appliquez-le sur une peau propre et s\u00e8che apr\u00e8s l&#8217;utilisation de Fat Water Toner Serum ou Toner Essence, puis hydratez votre peau avec Hydra Vizor le matin et Instant Reset le soir. Ce s\u00e9rum ne contient ni parfum ni colorant. \u00c9vitez les produits \u00e0 base d&#8217;AHA les jours o\u00f9 vous utilisez Watch Ya Tone et conservez le flacon capuchon vers le bas pour une utilisation optimale.<\/p>","protected":false},"excerpt":{"rendered":"<p>D\u00e9couvrez le s\u00e9rum WATCH YA TONE NIACINAMIDE DARK SPOT de la marque FENTY, un traitement cibl\u00e9 pour une peau uniforme et lumineuse. Les taches sombres ne sont plus un probl\u00e8me avec ce cocktail concentr\u00e9 d&#8217;ingr\u00e9dients anti-taches. En seulement une semaine, vous verrez une am\u00e9lioration de l&#8217;apparence de votre peau, qui deviendra plus lumineuse jour apr\u00e8s<span class=\"read-more-faq\"><a href=\"https:\/\/sakaba.mghosteur.com\/en\/product\/fenty-skin-watch-ya-tone-niacinamide-dard-spot-ser\/\">Read More<\/a><\/span><\/p>","protected":false},"featured_media":0,"comment_status":"closed","ping_status":"closed","template":"","meta":[],"product_brand":[],"product_cat":[293,291,451,334],"product_tag":[],"class_list":{"0":"post-29602","1":"product","2":"type-product","3":"status-publish","5":"product_cat-anti-taches","6":"product_cat-eclaircissant","7":"product_cat-aab-soin-du-visage","8":"product_cat-traitement-serum","10":"first","11":"instock","12":"shipping-taxable","13":"product-type-simple"},"jetpack-related-posts":[{"id":26526,"url":"https:\/\/sakaba.mghosteur.com\/en\/product\/palmers-dark-spot-corrector\/","url_meta":{"origin":29602,"position":0},"title":"PALMERS DARK SPOT CORRECTOR","author":"admin","date":"November 25, 2022","format":false,"excerpt":"D\u00e9couvrez l'huile pour le visage \u00e0 la noix de coco de la marque Palmer's, sp\u00e9cialement formul\u00e9e pour cibler les taches brunes, les taches de vieillesse et le teint irr\u00e9gulier. Cette huile \u00e9quilibre votre teint et am\u00e9liore l'\u00e9lasticit\u00e9 de votre peau, tout en minimisant l'apparence des ridules et des rides. Elle\u2026","rel":"","context":"Similar post","block_context":{"text":"Similar post","link":""},"img":{"alt_text":"","src":"","width":0,"height":0},"classes":[]},{"id":28864,"url":"https:\/\/sakaba.mghosteur.com\/en\/product\/hyper-even-for-brightening-dark-spot-and-discolora\/","url_meta":{"origin":29602,"position":1},"title":"HYPER EVEN FOR BRIGHTENING DARK SPOT AND DISCOLORANTION","author":"admin","date":"March 6, 2023","format":false,"excerpt":"Dites adieu aux taches brunes tenaces et bonjour \u00e0 une peau uniforme et \u00e9clatante avec le s\u00e9rum Hyper Brightening \u00e0 la Vitamine C pour les Taches Sombres de HYPER EVEN. Cette formule intensive est con\u00e7ue pour combattre efficacement l'hyperpigmentation et les signes du vieillissement. Notre ingr\u00e9dient phare, la vitamine C\u2026","rel":"","context":"Similar post","block_context":{"text":"Similar post","link":""},"img":{"alt_text":"","src":"","width":0,"height":0},"classes":[]},{"id":30367,"url":"https:\/\/sakaba.mghosteur.com\/en\/product\/neutrogena-rapid-tone-repair-200-vitamin-c-serum\/","url_meta":{"origin":29602,"position":2},"title":"Neutrogena Rapid Tone Repair Brightening 20% Vitamin C Serum Capsules","author":"admin","date":"May 9, 2023","format":false,"excerpt":"Obtenez une peau plus jeune et plus \u00e9clatante en une semaine avec les capsules de s\u00e9rum \u00e0 la vitamine C Rapid Tone Repair de Neutrogena. Chaque capsule biod\u00e9gradable contient 20 % de vitamine C pure pour r\u00e9duire visiblement les taches brunes et les signes du vieillissement cutan\u00e9. Ce s\u00e9rum lissant\u2026","rel":"","context":"Similar post","block_context":{"text":"Similar post","link":""},"img":{"alt_text":"","src":"","width":0,"height":0},"classes":[]},{"id":28038,"url":"https:\/\/sakaba.mghosteur.com\/en\/product\/versed-out-of-sight-dark-spot-gel\/","url_meta":{"origin":29602,"position":3},"title":"VERSED OUT OF SIGHT DARK SPOT GEL","author":"admin","date":"November 29, 2022","format":false,"excerpt":"Ce s\u00e9rum anti-taches brunes et antioxydant contient un m\u00e9lange d'ingr\u00e9dients concentr\u00e9s (mais s\u00fbrs) pour aider \u00e0 att\u00e9nuer les taches brunes persistantes et les marques post-acn\u00e9iques. Le traitement de l'hyperpigmentation \u00e0 l'acide tranexamique (un favori des dermatologues pour le m\u00e9lasma, la forme la plus tenace d'hyperpigmentation), l'acide kojique, l'extrait de racine\u2026","rel":"","context":"Similar post","block_context":{"text":"Similar post","link":""},"img":{"alt_text":"","src":"","width":0,"height":0},"classes":[]},{"id":26607,"url":"https:\/\/sakaba.mghosteur.com\/en\/product\/fenty-skin-start-r-set\/","url_meta":{"origin":29602,"position":4},"title":"FENTY SKIN START&#8217;R SET","author":"admin","date":"November 28, 2022","format":false,"excerpt":"D\u00e9couvrez le coffret voyage FENTY SKIN START'R de FENTY, con\u00e7u pour une routine quotidienne de soins pour vos pores. Le coffret contient trois mini produits pour prendre soin de votre peau en voyage. Ce syst\u00e8me cliniquement prouv\u00e9 resserre les pores, illumine, hydrate, adoucit et am\u00e9liore votre peau \u00e0 chaque utilisation.\u2026","rel":"","context":"Similar post","block_context":{"text":"Similar post","link":""},"img":{"alt_text":"","src":"","width":0,"height":0},"classes":[]},{"id":31399,"url":"https:\/\/sakaba.mghosteur.com\/en\/product\/paulas-choice-triple-active-total-repair-serum\/","url_meta":{"origin":29602,"position":5},"title":"PAULA&#8217;S CHOICE TRIPLE ACTIVE TOTAL REPAIR SERUM","author":"admin","date":"May 10, 2024","format":false,"excerpt":"D\u00e9couvrez le S\u00e9rum Triple Active Total Repair, une formule avanc\u00e9e anti-\u00e2ge cliniquement prouv\u00e9e pour am\u00e9liorer visiblement les ridules, la d\u00e9coloration et la fermet\u00e9 de la peau gr\u00e2ce \u00e0 un m\u00e9lange puissant d'hexylr\u00e9sorcinol, de r\u00e9tinol et de niacinamide. Le r\u00e9tinyl propionate \u00e0 0,3% raffermit et lisse visiblement la peau. La niacinamide\u2026","rel":"","context":"Similar post","block_context":{"text":"Similar post","link":""},"img":{"alt_text":"","src":"","width":0,"height":0},"classes":[]}],"_links":{"self":[{"href":"https:\/\/sakaba.mghosteur.com\/en\/wp-json\/wp\/v2\/product\/29602","targetHints":{"allow":["GET"]}}],"collection":[{"href":"https:\/\/sakaba.mghosteur.com\/en\/wp-json\/wp\/v2\/product"}],"about":[{"href":"https:\/\/sakaba.mghosteur.com\/en\/wp-json\/wp\/v2\/types\/product"}],"replies":[{"embeddable":true,"href":"https:\/\/sakaba.mghosteur.com\/en\/wp-json\/wp\/v2\/comments?post=29602"}],"version-history":[{"count":0,"href":"https:\/\/sakaba.mghosteur.com\/en\/wp-json\/wp\/v2\/product\/29602\/revisions"}],"wp:attachment":[{"href":"https:\/\/sakaba.mghosteur.com\/en\/wp-json\/wp\/v2\/media?parent=29602"}],"wp:term":[{"taxonomy":"product_brand","embeddable":true,"href":"https:\/\/sakaba.mghosteur.com\/en\/wp-json\/wp\/v2\/product_brand?post=29602"},{"taxonomy":"product_cat","embeddable":true,"href":"https:\/\/sakaba.mghosteur.com\/en\/wp-json\/wp\/v2\/product_cat?post=29602"},{"taxonomy":"product_tag","embeddable":true,"href":"https:\/\/sakaba.mghosteur.com\/en\/wp-json\/wp\/v2\/product_tag?post=29602"}],"curies":[{"name":"wp","href":"https:\/\/api.w.org\/{rel}","templated":true}]}}