{"id":29605,"date":"2023-04-10T15:05:52","date_gmt":"2023-04-10T15:05:52","guid":{"rendered":"http:\/\/www.sakababeauty.com\/?post_type=product&#038;p=29605"},"modified":"2023-04-10T15:13:07","modified_gmt":"2023-04-10T15:13:07","slug":"fenty-the-fill-semi-matte-lipstick","status":"publish","type":"product","link":"https:\/\/sakaba.mghosteur.com\/en\/product\/fenty-the-fill-semi-matte-lipstick\/","title":{"rendered":"FENTY THE FILL SEMI MATTE LIPSTICK"},"content":{"rendered":"<p>D\u00e9couvrez le Rouge \u00e0 L\u00e8vres Semi-Mat Rechargeable Fenty Icon de la marque Fenty. Chaque nuance a \u00e9t\u00e9 soigneusement s\u00e9lectionn\u00e9e par Rihanna pour cr\u00e9er la collection parfaite de rouges et de tons neutres \u00e0 haute pigmentation et facile \u00e0 porter. Sa formule semi-mate cr\u00e9meuse assure un confort optimal tout en offrant une tenue longue dur\u00e9e et un fini doux et velout\u00e9. Le design rechargeable vous permet de choisir votre nuance pr\u00e9f\u00e9r\u00e9e et de la personnaliser avec l&#8217;\u00e9tui de votre choix. Avec des ingr\u00e9dients tels que l&#8217;acide hyaluronique et les vitamines C &amp; E, ainsi qu&#8217;une technologie d&#8217;acides amin\u00e9s, vos l\u00e8vres seront nourries et hydrat\u00e9es. Optez pour le Fenty Icon Semi-Mat Refillable Lipstick et devenez votre propre ic\u00f4ne de style.<\/p>","protected":false},"excerpt":{"rendered":"<p>D\u00e9couvrez le Rouge \u00e0 L\u00e8vres Semi-Mat Rechargeable Fenty Icon de la marque Fenty. Chaque nuance a \u00e9t\u00e9 soigneusement s\u00e9lectionn\u00e9e par Rihanna pour cr\u00e9er la collection parfaite de rouges et de tons neutres \u00e0 haute pigmentation et facile \u00e0 porter. Sa formule semi-mate cr\u00e9meuse assure un confort optimal tout en offrant une tenue longue dur\u00e9e et<span class=\"read-more-faq\"><a href=\"https:\/\/sakaba.mghosteur.com\/en\/product\/fenty-the-fill-semi-matte-lipstick\/\">Read More<\/a><\/span><\/p>","protected":false},"featured_media":0,"comment_status":"closed","ping_status":"closed","template":"","meta":[],"product_brand":[],"product_cat":[305],"product_tag":[],"class_list":{"0":"post-29605","1":"product","2":"type-product","3":"status-publish","5":"product_cat-levres","7":"first","8":"instock","9":"shipping-taxable","10":"product-type-simple"},"jetpack-related-posts":[{"id":34566,"url":"https:\/\/sakaba.mghosteur.com\/en\/product\/fenty-icon-the-fill-semi-matte-lipstick-miss-candy-venom\/","url_meta":{"origin":29605,"position":0},"title":"FENTY ICON THE FILL SEMI MATTE LIPSTICK MISS CANDY VENOM","author":"admin","date":"May 29, 2024","format":false,"excerpt":"Le rouge \u00e0 l\u00e8vres semi-mat rechargeable Fenty Icon est fait pour \u00eatre vu. Rihanna a s\u00e9lectionn\u00e9 chaque teinte pour une gamme parfaite de rouges et de neutres \u00e0 haute teneur en pigments et n\u00e9cessitant peu d'entretien pour tous. Con\u00e7u pour \u00eatre rechargeable : une fois que vous avez choisi la\u2026","rel":"","context":"Similar post","block_context":{"text":"Similar post","link":""},"img":{"alt_text":"","src":"","width":0,"height":0},"classes":[]},{"id":34664,"url":"https:\/\/sakaba.mghosteur.com\/en\/product\/fenty-the-fill-semi-matte-lipstick-05-pose-queen\/","url_meta":{"origin":29605,"position":1},"title":"FENTY THE FILL SEMI MATTE LIPSTICK 05 POSE QUEEN","author":"admin","date":"May 30, 2024","format":false,"excerpt":"Le rouge \u00e0 l\u00e8vres semi-mat rechargeable Fenty Icon est fait pour \u00eatre vu. Rihanna a s\u00e9lectionn\u00e9 chaque teinte pour une gamme parfaite de rouges et de neutres \u00e0 haute teneur en pigments et n\u00e9cessitant peu d'entretien pour tous. Con\u00e7u pour \u00eatre rechargeable : une fois que vous avez choisi la\u2026","rel":"","context":"Similar post","block_context":{"text":"Similar post","link":""},"img":{"alt_text":"","src":"","width":0,"height":0},"classes":[]},{"id":34667,"url":"https:\/\/sakaba.mghosteur.com\/en\/product\/fenty-the-fill-semi-matte-lipstick-10-flaunty-aunt\/","url_meta":{"origin":29605,"position":2},"title":"FENTY THE FILL SEMI MATTE LIPSTICK 10 FLAUNTY AUNT","author":"admin","date":"May 30, 2024","format":false,"excerpt":"Le rouge \u00e0 l\u00e8vres semi-mat rechargeable Fenty Icon est fait pour \u00eatre vu. Rihanna a s\u00e9lectionn\u00e9 chaque teinte pour une gamme parfaite de rouges et de neutres \u00e0 haute teneur en pigments et n\u00e9cessitant peu d'entretien pour tous. Con\u00e7u pour \u00eatre rechargeable : une fois que vous avez choisi la\u2026","rel":"","context":"Similar post","block_context":{"text":"Similar post","link":""},"img":{"alt_text":"","src":"","width":0,"height":0},"classes":[]},{"id":34551,"url":"https:\/\/sakaba.mghosteur.com\/en\/product\/fenty-icon-semi-matte-lipstick-03-board-memb-r\/","url_meta":{"origin":29605,"position":3},"title":"FENTY ICON SEMI MATTE LIPSTICK 03 BOARD MEMB R","author":"admin","date":"May 29, 2024","format":false,"excerpt":"","rel":"","context":"Similar post","block_context":{"text":"Similar post","link":""},"img":{"alt_text":"","src":"","width":0,"height":0},"classes":[]},{"id":34569,"url":"https:\/\/sakaba.mghosteur.com\/en\/product\/fenty-icon-the-fill-semi-matte-lipstick-nosy-rosy\/","url_meta":{"origin":29605,"position":4},"title":"FENTY ICON THE FILL SEMI MATTE LIPSTICK NOSY ROSY","author":"admin","date":"May 29, 2024","format":false,"excerpt":"","rel":"","context":"Similar post","block_context":{"text":"Similar post","link":""},"img":{"alt_text":"","src":"","width":0,"height":0},"classes":[]},{"id":34572,"url":"https:\/\/sakaba.mghosteur.com\/en\/product\/fenty-icon-the-fill-semi-matte-lipstick-tropic-doll\/","url_meta":{"origin":29605,"position":5},"title":"FENTY ICON THE FILL SEMI MATTE LIPSTICK TROPIC DOLL","author":"admin","date":"May 29, 2024","format":false,"excerpt":"","rel":"","context":"Similar post","block_context":{"text":"Similar post","link":""},"img":{"alt_text":"","src":"","width":0,"height":0},"classes":[]}],"_links":{"self":[{"href":"https:\/\/sakaba.mghosteur.com\/en\/wp-json\/wp\/v2\/product\/29605","targetHints":{"allow":["GET"]}}],"collection":[{"href":"https:\/\/sakaba.mghosteur.com\/en\/wp-json\/wp\/v2\/product"}],"about":[{"href":"https:\/\/sakaba.mghosteur.com\/en\/wp-json\/wp\/v2\/types\/product"}],"replies":[{"embeddable":true,"href":"https:\/\/sakaba.mghosteur.com\/en\/wp-json\/wp\/v2\/comments?post=29605"}],"version-history":[{"count":0,"href":"https:\/\/sakaba.mghosteur.com\/en\/wp-json\/wp\/v2\/product\/29605\/revisions"}],"wp:attachment":[{"href":"https:\/\/sakaba.mghosteur.com\/en\/wp-json\/wp\/v2\/media?parent=29605"}],"wp:term":[{"taxonomy":"product_brand","embeddable":true,"href":"https:\/\/sakaba.mghosteur.com\/en\/wp-json\/wp\/v2\/product_brand?post=29605"},{"taxonomy":"product_cat","embeddable":true,"href":"https:\/\/sakaba.mghosteur.com\/en\/wp-json\/wp\/v2\/product_cat?post=29605"},{"taxonomy":"product_tag","embeddable":true,"href":"https:\/\/sakaba.mghosteur.com\/en\/wp-json\/wp\/v2\/product_tag?post=29605"}],"curies":[{"name":"wp","href":"https:\/\/api.w.org\/{rel}","templated":true}]}}