{"id":29611,"date":"2023-04-10T17:26:52","date_gmt":"2023-04-10T17:26:52","guid":{"rendered":"http:\/\/www.sakababeauty.com\/?post_type=product&#038;p=29611"},"modified":"2024-10-10T11:10:04","modified_gmt":"2024-10-10T11:10:04","slug":"fenty-universal-lip-luminizer-2","status":"publish","type":"product","link":"https:\/\/sakaba.mghosteur.com\/en\/product\/fenty-universal-lip-luminizer-2\/","title":{"rendered":"FENTY UNIVERSAL LIP LUMINIZER"},"content":{"rendered":"<p>D\u00e9couvrez le GLOSS BOMB UNIVERSAL LIP LUMINIZER de la marque FENTY ! Ce gloss \u00e0 l&#8217;\u00e9clat explosif est l&#8217;accessoire indispensable pour sublimer votre maquillage. Il est disponible en sept teintes universelles s\u00e9lectionn\u00e9es par Rihanna elle-m\u00eame. Sa formule non-collante, enrichie en beurre de karit\u00e9, nourrit vos l\u00e8vres tout en leur donnant un aspect plus pulpeux. Avec son embout XXL, une seule application suffit pour obtenir des l\u00e8vres sublimes. Et en plus, il d\u00e9gage un parfum addictif de p\u00eache-vanille !<\/p>","protected":false},"excerpt":{"rendered":"<p>D\u00e9couvrez le GLOSS BOMB UNIVERSAL LIP LUMINIZER de la marque FENTY ! Ce gloss \u00e0 l&#8217;\u00e9clat explosif est l&#8217;accessoire indispensable pour sublimer votre maquillage. Il est disponible en sept teintes universelles s\u00e9lectionn\u00e9es par Rihanna elle-m\u00eame. Sa formule non-collante, enrichie en beurre de karit\u00e9, nourrit vos l\u00e8vres tout en leur donnant un aspect plus pulpeux. Avec<span class=\"read-more-faq\"><a href=\"https:\/\/sakaba.mghosteur.com\/en\/product\/fenty-universal-lip-luminizer-2\/\">Read More<\/a><\/span><\/p>","protected":false},"featured_media":0,"comment_status":"closed","ping_status":"closed","template":"","meta":[],"product_brand":[],"product_cat":[305,289],"product_tag":[],"class_list":{"0":"post-29611","1":"product","2":"type-product","3":"status-publish","5":"product_cat-levres","6":"product_cat-aaa-maquillage","8":"first","9":"instock","10":"shipping-taxable","11":"product-type-simple"},"jetpack-related-posts":[{"id":23594,"url":"https:\/\/sakaba.mghosteur.com\/en\/product\/fenty-universal-lip-luminizer\/","url_meta":{"origin":29611,"position":0},"title":"FENTY BEAUTY GLOSS BOMB","author":"admin","date":"November 2, 2022","format":false,"excerpt":"","rel":"","context":"Similar post","block_context":{"text":"Similar post","link":""},"img":{"alt_text":"","src":"","width":0,"height":0},"classes":[]},{"id":29579,"url":"https:\/\/sakaba.mghosteur.com\/en\/product\/fenty-gloss-bomb-ice\/","url_meta":{"origin":29611,"position":1},"title":"FENTY GLOSS BOMB ICE","author":"admin","date":"April 10, 2023","format":false,"excerpt":"D\u00e9couvrez le GLOSS BOMB ICE COOLING LIP LUMINIZER de la marque FENTY, le brillant \u00e0 l\u00e8vres qui vous donnera un look mouill\u00e9 et rafra\u00eechissant gr\u00e2ce \u00e0 son effet menthol\u00e9 instantan\u00e9. Ce brillant \u00e0 l\u00e8vres est la version am\u00e9lior\u00e9e de notre bestseller. Il vous donnera un fini mouill\u00e9 et brillant sans\u2026","rel":"","context":"Similar post","block_context":{"text":"Similar post","link":""},"img":{"alt_text":"","src":"","width":0,"height":0},"classes":[]},{"id":34484,"url":"https:\/\/sakaba.mghosteur.com\/en\/product\/fenty-beauty-gloss-bomb-universal-luminizer-riri-08\/","url_meta":{"origin":29611,"position":2},"title":"FENTY BEAUTY GLOSS BOMB UNIVERSAL LUMINIZER RIRI 08","author":"admin","date":"May 29, 2024","format":false,"excerpt":"","rel":"","context":"Similar post","block_context":{"text":"Similar post","link":""},"img":{"alt_text":"","src":"","width":0,"height":0},"classes":[]},{"id":29577,"url":"https:\/\/sakaba.mghosteur.com\/en\/product\/fenty-gloss-bomb-heat-hot-cherry\/","url_meta":{"origin":29611,"position":3},"title":"FENTY GLOSS BOMB HEAT HOT CHERRY","author":"admin","date":"April 10, 2023","format":false,"excerpt":"D\u00e9couvrez Gloss Bomb Heat, le lip luminizer et plumper de FENTY pour des l\u00e8vres incroyables ! Avec sa formule innovante Plump Job Complex \u00e0 base d'huile de gingembre et d'extrait de fruit de poivre, ce gloss offre un effet repulpant instantan\u00e9 pour des l\u00e8vres lisses et pleines. Enrichi en beurre\u2026","rel":"","context":"Similar post","block_context":{"text":"Similar post","link":""},"img":{"alt_text":"","src":"","width":0,"height":0},"classes":[]},{"id":34694,"url":"https:\/\/sakaba.mghosteur.com\/en\/product\/gloss-bomb-universal-lipluminizer\/","url_meta":{"origin":29611,"position":4},"title":"GLOSS BOMB UNIVERSAL LIPLUMINIZER","author":"admin","date":"May 30, 2024","format":false,"excerpt":"","rel":"","context":"Similar post","block_context":{"text":"Similar post","link":""},"img":{"alt_text":"","src":"","width":0,"height":0},"classes":[]},{"id":29506,"url":"https:\/\/sakaba.mghosteur.com\/en\/product\/fenty-beauty-gloss-bomb-cream-bubble-binge\/","url_meta":{"origin":29611,"position":5},"title":"FENTY BEAUTY GLOSS BOMB CREAM BUBBLE BINGE","author":"admin","date":"April 7, 2023","format":false,"excerpt":"D\u00e9couvrez le FENTY BEAUTY GLOSS BOMB, le num\u00e9ro 1 des gloss qui vous offre une couleur pure et cr\u00e9meuse avec un \u00e9clat incroyable. Obtenez des l\u00e8vres plus douces et volumineuses instantan\u00e9ment, tout en profitant d'une couleur intense et d'un brillant \u00e9clatant, sans aucun effet brillant. Ce gloss est disponible en\u2026","rel":"","context":"Similar post","block_context":{"text":"Similar post","link":""},"img":{"alt_text":"","src":"","width":0,"height":0},"classes":[]}],"_links":{"self":[{"href":"https:\/\/sakaba.mghosteur.com\/en\/wp-json\/wp\/v2\/product\/29611","targetHints":{"allow":["GET"]}}],"collection":[{"href":"https:\/\/sakaba.mghosteur.com\/en\/wp-json\/wp\/v2\/product"}],"about":[{"href":"https:\/\/sakaba.mghosteur.com\/en\/wp-json\/wp\/v2\/types\/product"}],"replies":[{"embeddable":true,"href":"https:\/\/sakaba.mghosteur.com\/en\/wp-json\/wp\/v2\/comments?post=29611"}],"version-history":[{"count":0,"href":"https:\/\/sakaba.mghosteur.com\/en\/wp-json\/wp\/v2\/product\/29611\/revisions"}],"wp:attachment":[{"href":"https:\/\/sakaba.mghosteur.com\/en\/wp-json\/wp\/v2\/media?parent=29611"}],"wp:term":[{"taxonomy":"product_brand","embeddable":true,"href":"https:\/\/sakaba.mghosteur.com\/en\/wp-json\/wp\/v2\/product_brand?post=29611"},{"taxonomy":"product_cat","embeddable":true,"href":"https:\/\/sakaba.mghosteur.com\/en\/wp-json\/wp\/v2\/product_cat?post=29611"},{"taxonomy":"product_tag","embeddable":true,"href":"https:\/\/sakaba.mghosteur.com\/en\/wp-json\/wp\/v2\/product_tag?post=29611"}],"curies":[{"name":"wp","href":"https:\/\/api.w.org\/{rel}","templated":true}]}}