{"id":29620,"date":"2023-04-11T11:37:05","date_gmt":"2023-04-11T11:37:05","guid":{"rendered":"http:\/\/www.sakababeauty.com\/?post_type=product&#038;p=29620"},"modified":"2023-04-11T11:43:32","modified_gmt":"2023-04-11T11:43:32","slug":"nuxe-trousse-collection-prodigieuse","status":"publish","type":"product","link":"https:\/\/sakaba.mghosteur.com\/en\/product\/nuxe-trousse-collection-prodigieuse\/","title":{"rendered":"Nuxe Trousse Collection Prodigieuse"},"content":{"rendered":"<p>D\u00e9couvrez la Trousse Collection Prodigieuse de Nuxe, un indispensable pour prendre soin de votre peau et de vos cheveux. Cette trousse contient trois produits de la c\u00e9l\u00e8bre marque Nuxe :<\/p>\n<ul>\n<li>L&#8217;Huile Prodigieuse\u00ae de 100ml : une huile s\u00e8che multi-usage pour nourrir et adoucir la peau et les cheveux.<\/li>\n<li>Le Prodigieux\u00ae Lait parfum\u00e9 de 100ml : une lotion hydratante et parfum\u00e9e pour le corps.<\/li>\n<li>Le Prodigieux\u00ae Huile de douche de 100ml : une huile de douche nourrissante pour nettoyer en douceur votre peau.<\/li>\n<\/ul>\n<p>Cette trousse est un cadeau parfait pour vous-m\u00eame ou pour vos proches. Offrez \u00e0 votre peau le meilleur avec les produits de qualit\u00e9 de Nuxe.<\/p>","protected":false},"excerpt":{"rendered":"<p>D\u00e9couvrez la Trousse Collection Prodigieuse de Nuxe, un indispensable pour prendre soin de votre peau et de vos cheveux. Cette trousse contient trois produits de la c\u00e9l\u00e8bre marque Nuxe : L&#8217;Huile Prodigieuse\u00ae de 100ml : une huile s\u00e8che multi-usage pour nourrir et adoucir la peau et les cheveux. Le Prodigieux\u00ae Lait parfum\u00e9 de 100ml :<span class=\"read-more-faq\"><a href=\"https:\/\/sakaba.mghosteur.com\/en\/product\/nuxe-trousse-collection-prodigieuse\/\">Read More<\/a><\/span><\/p>","protected":false},"featured_media":0,"comment_status":"closed","ping_status":"closed","template":"","meta":[],"product_brand":[],"product_cat":[286],"product_tag":[],"class_list":{"0":"post-29620","1":"product","2":"type-product","3":"status-publish","5":"product_cat-corps","7":"first","8":"instock","9":"shipping-taxable","10":"product-type-simple"},"jetpack-related-posts":[{"id":29617,"url":"https:\/\/sakaba.mghosteur.com\/en\/product\/huile-prodigieuse-100-ml\/","url_meta":{"origin":29620,"position":0},"title":"Huile Prodigieuse 100 ml","author":"admin","date":"April 11, 2023","format":false,"excerpt":"D\u00e9couvrez l'Huile Prodigieuse\u00ae de NUXE, un m\u00e9lange unique de 7 huiles v\u00e9g\u00e9tales pr\u00e9cieuses qui nourrit et r\u00e9pare en un seul geste votre visage, corps et cheveux. Sa texture s\u00e8che laisse votre peau rayonnante d'un \u00e9clat satin\u00e9 sans fini gras et son parfum envo\u00fbtant vous transportera vers les tropiques. Fabriqu\u00e9 en\u2026","rel":"","context":"Similar post","block_context":{"text":"Similar post","link":""},"img":{"alt_text":"","src":"","width":0,"height":0},"classes":[]},{"id":37172,"url":"https:\/\/sakaba.mghosteur.com\/en\/product\/torriden-dive-in-soothing-cream-100ml\/","url_meta":{"origin":29620,"position":1},"title":"TORRIDEN DIVE IN SOOTHING CREAM 100ML","author":"admin","date":"October 9, 2024","format":false,"excerpt":"Cr\u00e8me gel hydratante qui p\u00e9n\u00e8tre rapidement et profond\u00e9ment dans la peau. Sa texture gel l\u00e9g\u00e8re et aqueuse offre un fini rafra\u00eechissant. Elle est enrichie en Bue Complex HR contenant six extraits botaniques pour nourrir la peau et en acide hyaluronique 5D-Complex pour une hydratation en profondeur. Elle est exempte de\u2026","rel":"","context":"Similar post","block_context":{"text":"Similar post","link":""},"img":{"alt_text":"","src":"","width":0,"height":0},"classes":[]},{"id":32471,"url":"https:\/\/sakaba.mghosteur.com\/en\/product\/sol-janeiro-bum-bum-body-firmeza-oil\/","url_meta":{"origin":29620,"position":2},"title":"SOL JANEIRO BUM BUM BODY FIRMEZA OIL","author":"admin","date":"May 14, 2024","format":false,"excerpt":"D\u00e9couvrez l'huile raffermissante corporelle Bum Bum Firmeza Oil de Sol de Janeiro, une formule intens\u00e9ment hydratante qui travaille pour r\u00e9duire la sensation de gonflement et raffermir visiblement la peau, lui donnant ainsi une apparence plus ferme. Cette huile corporelle combine les bienfaits des ingr\u00e9dients suivants : Le complexe Guaran\u00e1 Caffeine+\u2026","rel":"","context":"Similar post","block_context":{"text":"Similar post","link":""},"img":{"alt_text":"","src":"","width":0,"height":0},"classes":[]},{"id":23409,"url":"https:\/\/sakaba.mghosteur.com\/en\/product\/trousse-victoria-secret\/","url_meta":{"origin":29620,"position":3},"title":"TROUSSE VICTORIA SECRET","author":"admin","date":"October 27, 2022","format":false,"excerpt":"","rel":"","context":"Similar post","block_context":{"text":"Similar post","link":""},"img":{"alt_text":"","src":"","width":0,"height":0},"classes":[]},{"id":23418,"url":"https:\/\/sakaba.mghosteur.com\/en\/product\/trousse-marron-travel-kit\/","url_meta":{"origin":29620,"position":4},"title":"TROUSSE MARRON TRAVEL KIT","author":"admin","date":"October 27, 2022","format":false,"excerpt":"","rel":"","context":"Similar post","block_context":{"text":"Similar post","link":""},"img":{"alt_text":"","src":"","width":0,"height":0},"classes":[]},{"id":23416,"url":"https:\/\/sakaba.mghosteur.com\/en\/product\/trousse-victoria-secret-valise-noir\/","url_meta":{"origin":29620,"position":5},"title":"TROUSSE VICTORIA SECRET VALISE NOIR","author":"admin","date":"October 27, 2022","format":false,"excerpt":"","rel":"","context":"Similar post","block_context":{"text":"Similar post","link":""},"img":{"alt_text":"","src":"","width":0,"height":0},"classes":[]}],"_links":{"self":[{"href":"https:\/\/sakaba.mghosteur.com\/en\/wp-json\/wp\/v2\/product\/29620","targetHints":{"allow":["GET"]}}],"collection":[{"href":"https:\/\/sakaba.mghosteur.com\/en\/wp-json\/wp\/v2\/product"}],"about":[{"href":"https:\/\/sakaba.mghosteur.com\/en\/wp-json\/wp\/v2\/types\/product"}],"replies":[{"embeddable":true,"href":"https:\/\/sakaba.mghosteur.com\/en\/wp-json\/wp\/v2\/comments?post=29620"}],"version-history":[{"count":0,"href":"https:\/\/sakaba.mghosteur.com\/en\/wp-json\/wp\/v2\/product\/29620\/revisions"}],"wp:attachment":[{"href":"https:\/\/sakaba.mghosteur.com\/en\/wp-json\/wp\/v2\/media?parent=29620"}],"wp:term":[{"taxonomy":"product_brand","embeddable":true,"href":"https:\/\/sakaba.mghosteur.com\/en\/wp-json\/wp\/v2\/product_brand?post=29620"},{"taxonomy":"product_cat","embeddable":true,"href":"https:\/\/sakaba.mghosteur.com\/en\/wp-json\/wp\/v2\/product_cat?post=29620"},{"taxonomy":"product_tag","embeddable":true,"href":"https:\/\/sakaba.mghosteur.com\/en\/wp-json\/wp\/v2\/product_tag?post=29620"}],"curies":[{"name":"wp","href":"https:\/\/api.w.org\/{rel}","templated":true}]}}