{"id":29628,"date":"2023-04-11T13:54:43","date_gmt":"2023-04-11T13:54:43","guid":{"rendered":"http:\/\/www.sakababeauty.com\/?post_type=product&#038;p=29628"},"modified":"2023-04-11T13:56:13","modified_gmt":"2023-04-11T13:56:13","slug":"palmers-cocoa-butter-formula-eventone-tone-correcting-face-oil","status":"publish","type":"product","link":"https:\/\/sakaba.mghosteur.com\/en\/product\/palmers-cocoa-butter-formula-eventone-tone-correcting-face-oil\/","title":{"rendered":"Palmer&#8217;s Cocoa Butter Formula Eventone Tone Correcting Face Oil"},"content":{"rendered":"<p>Le Palmer&#8217;s Cocoa Butter Formula Eventone Tone Correcting Face Oil est un produit de beaut\u00e9 de la marque Palmer&#8217;s. Ce produit contient des ingr\u00e9dients correcteurs de pigments actifs qui aident \u00e0 corriger les taches brunes et les pigments in\u00e9gaux sur la peau. Il est formul\u00e9 avec des gouttes de complexe de beaut\u00e9 concentr\u00e9es pour restaurer le teint \u00e9quilibr\u00e9 et donner un \u00e9clat radieux \u00e0 la peau. Utilisez-le pour am\u00e9liorer l&#8217;apparence de votre peau et retrouver une peau \u00e9clatante et uniforme.<\/p>","protected":false},"excerpt":{"rendered":"<p>Le Palmer&#8217;s Cocoa Butter Formula Eventone Tone Correcting Face Oil est un produit de beaut\u00e9 de la marque Palmer&#8217;s. Ce produit contient des ingr\u00e9dients correcteurs de pigments actifs qui aident \u00e0 corriger les taches brunes et les pigments in\u00e9gaux sur la peau. Il est formul\u00e9 avec des gouttes de complexe de beaut\u00e9 concentr\u00e9es pour restaurer<span class=\"read-more-faq\"><a href=\"https:\/\/sakaba.mghosteur.com\/en\/product\/palmers-cocoa-butter-formula-eventone-tone-correcting-face-oil\/\">Read More<\/a><\/span><\/p>","protected":false},"featured_media":0,"comment_status":"closed","ping_status":"closed","template":"","meta":[],"product_brand":[],"product_cat":[377],"product_tag":[],"class_list":{"0":"post-29628","1":"product","2":"type-product","3":"status-publish","5":"product_cat-bath-body-works","7":"first","8":"instock","9":"shipping-taxable","10":"product-type-simple"},"jetpack-related-posts":[{"id":24399,"url":"https:\/\/sakaba.mghosteur.com\/en\/product\/palmers-cocoa-butter-eventone-fade-cream\/","url_meta":{"origin":29628,"position":0},"title":"PALMERS COCOA BUTTER EVENTONE FADE CREAM","author":"admin","date":"November 10, 2022","format":false,"excerpt":"D\u00e9couvrez la Cr\u00e8me fondue Eventone de Palmer's, un hydratant quotidien pour tous les types de peau qui cible les taches brunes, les taches de vieillesse et le teint irr\u00e9gulier pour une peau plus lumineuse et plus \u00e9clatante. En seulement 2 \u00e0 6 semaines, vous remarquerez une am\u00e9lioration visible de la\u2026","rel":"","context":"Similar post","block_context":{"text":"Similar post","link":""},"img":{"alt_text":"","src":"","width":0,"height":0},"classes":[]},{"id":24390,"url":"https:\/\/sakaba.mghosteur.com\/en\/product\/palmers-cocoa-butter-skin-therapy-oil\/","url_meta":{"origin":29628,"position":1},"title":"Palmers Cocoa Butter Skin Therapy Oil","author":"admin","date":"November 10, 2022","format":false,"excerpt":"D\u00e9couvrez l'huile de soin pour la peau au beurre de cacao avec vitamine E de Palmer's, un produit parfait pour tous les types de peau. Cette huile de beaut\u00e9 polyvalente pour le corps et le visage est formul\u00e9e pour aider \u00e0 am\u00e9liorer l'apparence des cicatrices, des vergetures, de la peau\u2026","rel":"","context":"Similar post","block_context":{"text":"Similar post","link":""},"img":{"alt_text":"","src":"","width":0,"height":0},"classes":[]},{"id":29659,"url":"https:\/\/sakaba.mghosteur.com\/en\/product\/palmers-cocoa-butter-formula-cream-soap-bar\/","url_meta":{"origin":29628,"position":2},"title":"Palmers Cocoa Butter Formula Cream Soap Bar","author":"admin","date":"April 12, 2023","format":false,"excerpt":"D\u00e9couvrez le savon cr\u00e8me Palmer's, un produit exceptionnel pour prendre soin de votre peau en profondeur. Ce savon en barre hydratant est parfait pour une utilisation quotidienne sur tout le corps et le visage. Sa formule au beurre de cacao riche et moussante nettoie efficacement la peau sans la d\u00e9caper,\u2026","rel":"","context":"Similar post","block_context":{"text":"Similar post","link":""},"img":{"alt_text":"","src":"","width":0,"height":0},"classes":[]},{"id":29721,"url":"https:\/\/sakaba.mghosteur.com\/en\/product\/palmers-moisturizes-softens-body-oil\/","url_meta":{"origin":29628,"position":3},"title":"PALMERS MOISTURIZES SOFTENS BODY OIL","author":"admin","date":"April 17, 2023","format":false,"excerpt":"D\u00e9couvrez l'huile corporelle hydratante de la marque Palmer's, formul\u00e9e pour adoucir et hydrater votre peau rugueuse et s\u00e8che. Avec des ingr\u00e9dients naturels tels que du beurre de cacao et de la vitamine E, cette huile vous offre jusqu'\u00e0 48 heures d'humidit\u00e9 pour une peau plus saine et radieuse. De plus,\u2026","rel":"","context":"Similar post","block_context":{"text":"Similar post","link":""},"img":{"alt_text":"","src":"","width":0,"height":0},"classes":[]},{"id":26530,"url":"https:\/\/sakaba.mghosteur.com\/en\/product\/fade-milk-tone-correcting-body-lotion\/","url_meta":{"origin":29628,"position":4},"title":"FADE MILK TONE CORRECTING BODY LOTION","author":"admin","date":"November 25, 2022","format":false,"excerpt":"D\u00e9couvrez le Lait Anti-taches Palmer's Skin Success pour retrouver un teint lumineux et \u00e9clatant. Ce produit cible efficacement les taches brunes, les taches de vieillesse et le teint irr\u00e9gulier pour une peau parfaitement \u00e9quilibr\u00e9e et unifi\u00e9e. En plus d'am\u00e9liorer la souplesse et l'\u00e9lasticit\u00e9 de la peau, ce lait minimise l'apparence\u2026","rel":"","context":"Similar post","block_context":{"text":"Similar post","link":""},"img":{"alt_text":"","src":"","width":0,"height":0},"classes":[]},{"id":28366,"url":"https:\/\/sakaba.mghosteur.com\/en\/product\/palmers-cocoa-butter-formula-baby-butter-with-cocao-butter-aloe\/","url_meta":{"origin":29628,"position":5},"title":"Palmers Cocoa Butter Formula Baby Butter with cocao butter &#038; aloe","author":"admin","date":"November 30, 2022","format":false,"excerpt":"D\u00e9couvrez le Palmer's Cocoa Butter Formula Baby Butter, une lotion douce quotidienne con\u00e7ue pour hydrater, adoucir et apaiser la peau d\u00e9licate de b\u00e9b\u00e9. Cette formule unique associe le beurre de cacao pur, la vitamine E, l'alo\u00e8s et des \u00e9mollients riches pour offrir une hydratation sup\u00e9rieure et aider \u00e0 pr\u00e9server la\u2026","rel":"","context":"Similar post","block_context":{"text":"Similar post","link":""},"img":{"alt_text":"","src":"","width":0,"height":0},"classes":[]}],"_links":{"self":[{"href":"https:\/\/sakaba.mghosteur.com\/en\/wp-json\/wp\/v2\/product\/29628","targetHints":{"allow":["GET"]}}],"collection":[{"href":"https:\/\/sakaba.mghosteur.com\/en\/wp-json\/wp\/v2\/product"}],"about":[{"href":"https:\/\/sakaba.mghosteur.com\/en\/wp-json\/wp\/v2\/types\/product"}],"replies":[{"embeddable":true,"href":"https:\/\/sakaba.mghosteur.com\/en\/wp-json\/wp\/v2\/comments?post=29628"}],"version-history":[{"count":0,"href":"https:\/\/sakaba.mghosteur.com\/en\/wp-json\/wp\/v2\/product\/29628\/revisions"}],"wp:attachment":[{"href":"https:\/\/sakaba.mghosteur.com\/en\/wp-json\/wp\/v2\/media?parent=29628"}],"wp:term":[{"taxonomy":"product_brand","embeddable":true,"href":"https:\/\/sakaba.mghosteur.com\/en\/wp-json\/wp\/v2\/product_brand?post=29628"},{"taxonomy":"product_cat","embeddable":true,"href":"https:\/\/sakaba.mghosteur.com\/en\/wp-json\/wp\/v2\/product_cat?post=29628"},{"taxonomy":"product_tag","embeddable":true,"href":"https:\/\/sakaba.mghosteur.com\/en\/wp-json\/wp\/v2\/product_tag?post=29628"}],"curies":[{"name":"wp","href":"https:\/\/api.w.org\/{rel}","templated":true}]}}