{"id":29632,"date":"2023-04-11T15:38:14","date_gmt":"2023-04-11T15:38:14","guid":{"rendered":"http:\/\/www.sakababeauty.com\/?post_type=product&#038;p=29632"},"modified":"2023-04-11T15:41:27","modified_gmt":"2023-04-11T15:41:27","slug":"coconut-monoi-luminous-hydration-facial-oil","status":"publish","type":"product","link":"https:\/\/sakaba.mghosteur.com\/en\/product\/coconut-monoi-luminous-hydration-facial-oil\/","title":{"rendered":"COCONUT MONOI LUMINOUS HYDRATION FACIAL OIL"},"content":{"rendered":"<p>D\u00e9couvrez l&#8217;huile pour le visage \u00e0 la noix de coco de Palmer&#8217;s, qui apporte \u00e0 votre peau un \u00e9clat sain et radieux tout en la maintenant hydrat\u00e9e pendant 48 heures. Cette huile est fabriqu\u00e9e \u00e0 partir d&#8217;huile de noix de coco extra vierge biologique certifi\u00e9e \u00e9quitable et d&#8217;autres huiles pr\u00e9cieuses pour r\u00e9g\u00e9n\u00e9rer et revitaliser votre peau en profondeur. Elle est non com\u00e9dog\u00e8ne, hypoallerg\u00e9nique et test\u00e9e dermatologiquement pour convenir \u00e0 tous les types de peau. De plus, cette huile est sans parab\u00e8nes, phtalates, huiles min\u00e9rales, sulfates et colorants et n&#8217;est pas test\u00e9e sur les animaux. Alors offrez \u00e0 votre peau une hydratation optimale et une apparence saine avec l&#8217;huile pour le visage \u00e0 la noix de coco Palmer&#8217;s.<\/p>","protected":false},"excerpt":{"rendered":"<p>D\u00e9couvrez l&#8217;huile pour le visage \u00e0 la noix de coco de Palmer&#8217;s, qui apporte \u00e0 votre peau un \u00e9clat sain et radieux tout en la maintenant hydrat\u00e9e pendant 48 heures. Cette huile est fabriqu\u00e9e \u00e0 partir d&#8217;huile de noix de coco extra vierge biologique certifi\u00e9e \u00e9quitable et d&#8217;autres huiles pr\u00e9cieuses pour r\u00e9g\u00e9n\u00e9rer et revitaliser votre<span class=\"read-more-faq\"><a href=\"https:\/\/sakaba.mghosteur.com\/en\/product\/coconut-monoi-luminous-hydration-facial-oil\/\">Read More<\/a><\/span><\/p>","protected":false},"featured_media":0,"comment_status":"closed","ping_status":"closed","template":"","meta":[],"product_brand":[],"product_cat":[377],"product_tag":[],"class_list":{"0":"post-29632","1":"product","2":"type-product","3":"status-publish","5":"product_cat-bath-body-works","7":"first","8":"instock","9":"shipping-taxable","10":"product-type-simple"},"jetpack-related-posts":[{"id":24412,"url":"https:\/\/sakaba.mghosteur.com\/en\/product\/palmers-coconut-sugar-facial-scrub\/","url_meta":{"origin":29632,"position":0},"title":"PALMERS COCONUT SUGAR FACIAL SCRUB","author":"admin","date":"November 10, 2022","format":false,"excerpt":"D\u00e9couvrez l'huile pour le visage \u00e0 la noix de coco Palmer's, un produit qui peut faire des merveilles pour votre peau. Cette huile est con\u00e7ue pour polir, exfolier et adoucir votre peau, tout en resurfa\u00e7ant sa texture pour un teint plus lumineux et plus frais. Il est suffisamment doux pour\u2026","rel":"","context":"Similar post","block_context":{"text":"Similar post","link":""},"img":{"alt_text":"","src":"","width":0,"height":0},"classes":[]},{"id":29669,"url":"https:\/\/sakaba.mghosteur.com\/en\/product\/palmers-coconut-oil-formula-body-lotion\/","url_meta":{"origin":29632,"position":1},"title":"Palmer&#8217;s Coconut Oil Formula Body lotion","author":"admin","date":"April 13, 2023","format":false,"excerpt":"La lotion pour le corps \u00e0 la noix de coco de la marque Palmer's est le choix parfait pour une peau hydrat\u00e9e et r\u00e9g\u00e9n\u00e9r\u00e9e. Cette lotion est formul\u00e9e avec de l'huile de noix de coco extra vierge biologique certifi\u00e9e \u00e9quitable et de l'extrait de caf\u00e9 vert pour vous offrir une\u2026","rel":"","context":"Similar post","block_context":{"text":"Similar post","link":""},"img":{"alt_text":"","src":"","width":0,"height":0},"classes":[]},{"id":29666,"url":"https:\/\/sakaba.mghosteur.com\/en\/product\/palmers-coconut-hydrate-body-oil\/","url_meta":{"origin":29632,"position":2},"title":"PALMERS COCONUT HYDRATE BODY OIL","author":"admin","date":"April 13, 2023","format":false,"excerpt":"L'huile corporelle hydratante \u00e0 la noix de coco de Palmer's est une formule de qualit\u00e9 sup\u00e9rieure qui hydrate intens\u00e9ment votre peau pendant 48 heures. Cette huile est enrichie en huile de noix de coco extra vierge biologique certifi\u00e9e \u00e9quitable, reconnue pour ses propri\u00e9t\u00e9s nourrissantes et r\u00e9g\u00e9n\u00e9rantes. De plus, elle contient\u2026","rel":"","context":"Similar post","block_context":{"text":"Similar post","link":""},"img":{"alt_text":"","src":"","width":0,"height":0},"classes":[]},{"id":24408,"url":"https:\/\/sakaba.mghosteur.com\/en\/product\/palmers-coconut-water-facial-moisturizer\/","url_meta":{"origin":29632,"position":3},"title":"PALMERS coconut water facial moisturizer","author":"admin","date":"November 10, 2022","format":false,"excerpt":"Cet hydratant pour le visage \u00e0 la noix de coco de la marque Palmer's est un produit de soin de la peau de haute qualit\u00e9. Il hydrate naturellement et impr\u00e8gne la peau d'antioxydants pour aider \u00e0 r\u00e9duire les signes du vieillissement. De plus, il est non com\u00e9dog\u00e8ne, hypoallerg\u00e9nique et test\u00e9\u2026","rel":"","context":"Similar post","block_context":{"text":"Similar post","link":""},"img":{"alt_text":"","src":"","width":0,"height":0},"classes":[]},{"id":26526,"url":"https:\/\/sakaba.mghosteur.com\/en\/product\/palmers-dark-spot-corrector\/","url_meta":{"origin":29632,"position":4},"title":"PALMERS DARK SPOT CORRECTOR","author":"admin","date":"November 25, 2022","format":false,"excerpt":"D\u00e9couvrez l'huile pour le visage \u00e0 la noix de coco de la marque Palmer's, sp\u00e9cialement formul\u00e9e pour cibler les taches brunes, les taches de vieillesse et le teint irr\u00e9gulier. Cette huile \u00e9quilibre votre teint et am\u00e9liore l'\u00e9lasticit\u00e9 de votre peau, tout en minimisant l'apparence des ridules et des rides. Elle\u2026","rel":"","context":"Similar post","block_context":{"text":"Similar post","link":""},"img":{"alt_text":"","src":"","width":0,"height":0},"classes":[]},{"id":24390,"url":"https:\/\/sakaba.mghosteur.com\/en\/product\/palmers-cocoa-butter-skin-therapy-oil\/","url_meta":{"origin":29632,"position":5},"title":"Palmers Cocoa Butter Skin Therapy Oil","author":"admin","date":"November 10, 2022","format":false,"excerpt":"D\u00e9couvrez l'huile de soin pour la peau au beurre de cacao avec vitamine E de Palmer's, un produit parfait pour tous les types de peau. Cette huile de beaut\u00e9 polyvalente pour le corps et le visage est formul\u00e9e pour aider \u00e0 am\u00e9liorer l'apparence des cicatrices, des vergetures, de la peau\u2026","rel":"","context":"Similar post","block_context":{"text":"Similar post","link":""},"img":{"alt_text":"","src":"","width":0,"height":0},"classes":[]}],"_links":{"self":[{"href":"https:\/\/sakaba.mghosteur.com\/en\/wp-json\/wp\/v2\/product\/29632","targetHints":{"allow":["GET"]}}],"collection":[{"href":"https:\/\/sakaba.mghosteur.com\/en\/wp-json\/wp\/v2\/product"}],"about":[{"href":"https:\/\/sakaba.mghosteur.com\/en\/wp-json\/wp\/v2\/types\/product"}],"replies":[{"embeddable":true,"href":"https:\/\/sakaba.mghosteur.com\/en\/wp-json\/wp\/v2\/comments?post=29632"}],"version-history":[{"count":0,"href":"https:\/\/sakaba.mghosteur.com\/en\/wp-json\/wp\/v2\/product\/29632\/revisions"}],"wp:attachment":[{"href":"https:\/\/sakaba.mghosteur.com\/en\/wp-json\/wp\/v2\/media?parent=29632"}],"wp:term":[{"taxonomy":"product_brand","embeddable":true,"href":"https:\/\/sakaba.mghosteur.com\/en\/wp-json\/wp\/v2\/product_brand?post=29632"},{"taxonomy":"product_cat","embeddable":true,"href":"https:\/\/sakaba.mghosteur.com\/en\/wp-json\/wp\/v2\/product_cat?post=29632"},{"taxonomy":"product_tag","embeddable":true,"href":"https:\/\/sakaba.mghosteur.com\/en\/wp-json\/wp\/v2\/product_tag?post=29632"}],"curies":[{"name":"wp","href":"https:\/\/api.w.org\/{rel}","templated":true}]}}