{"id":29644,"date":"2023-04-11T16:22:05","date_gmt":"2023-04-11T16:22:05","guid":{"rendered":"http:\/\/www.sakababeauty.com\/?post_type=product&#038;p=29644"},"modified":"2023-04-11T16:29:04","modified_gmt":"2023-04-11T16:29:04","slug":"palmers-cocoa-butter-formula-swivel-stick","status":"publish","type":"product","link":"https:\/\/sakaba.mghosteur.com\/en\/product\/palmers-cocoa-butter-formula-swivel-stick\/","title":{"rendered":"Palmer&#8217;s Cocoa Butter Formula Swivel stick"},"content":{"rendered":"<p>D\u00e9couvrez le Swivel Stick de Palmer&#8217;s, un b\u00e2ton hydratant multi-usage con\u00e7u pour adoucir et lisser les l\u00e8vres, les cuticules et la peau craquel\u00e9e. Infus\u00e9 avec du beurre de cacao naturel et de la vitamine E, ce produit offre une hydratation intense et une protection contre les ger\u00e7ures pendant 48 heures.<\/p>\n<p>Non seulement v\u00e9g\u00e9talien, le Swivel Stick de Palmer&#8217;s est \u00e9galement exempt de parab\u00e8nes et de phtalates, pour une exp\u00e9rience de soin plus saine et plus respectueuse de l&#8217;environnement. Utilisez-le pour les retouches de maquillage, pour adoucir les m\u00e8ches rebelles, ou m\u00eame comme appr\u00eat de couleur pour les l\u00e8vres.<\/p>\n<p>En tant que marque de beurre de cacao num\u00e9ro 1 en Am\u00e9rique depuis plus de 180 ans, Palmer&#8217;s est une r\u00e9f\u00e9rence en mati\u00e8re de soins naturels de haute qualit\u00e9 pour tous les types de peau. N&#8217;attendez plus pour profiter de l&#8217;hydratation sup\u00e9rieure du Swivel Stick de Palmer&#8217;s et pr\u00e9venir les frottements ou les l\u00e8vres s\u00e8ches dus \u00e0 l&#8217;utilisation du masque.<\/p>","protected":false},"excerpt":{"rendered":"<p>D\u00e9couvrez le Swivel Stick de Palmer&#8217;s, un b\u00e2ton hydratant multi-usage con\u00e7u pour adoucir et lisser les l\u00e8vres, les cuticules et la peau craquel\u00e9e. Infus\u00e9 avec du beurre de cacao naturel et de la vitamine E, ce produit offre une hydratation intense et une protection contre les ger\u00e7ures pendant 48 heures. Non seulement v\u00e9g\u00e9talien, le Swivel<span class=\"read-more-faq\"><a href=\"https:\/\/sakaba.mghosteur.com\/en\/product\/palmers-cocoa-butter-formula-swivel-stick\/\">Read More<\/a><\/span><\/p>","protected":false},"featured_media":0,"comment_status":"closed","ping_status":"closed","template":"","meta":[],"product_brand":[],"product_cat":[305],"product_tag":[],"class_list":{"0":"post-29644","1":"product","2":"type-product","3":"status-publish","5":"product_cat-levres","7":"first","8":"instock","9":"shipping-taxable","10":"product-type-simple"},"jetpack-related-posts":[{"id":24414,"url":"https:\/\/sakaba.mghosteur.com\/en\/product\/palmers-cocoa-butter-formula-with-vitamin-e-heals-softens\/","url_meta":{"origin":29644,"position":0},"title":"Palmers Cocoa Butter Daily Skin Therapy","author":"admin","date":"November 10, 2022","format":false,"excerpt":"La lotion corporelle Daily Skin Therapy de Palmer's est le produit parfait pour prendre soin de votre peau s\u00e8che et rugueuse. Elle contient du beurre de cacao naturel et de la vitamine E, deux ingr\u00e9dients intens\u00e9ment hydratants qui gu\u00e9rissent et adoucissent votre peau pour lui donner une apparence plus saine.\u2026","rel":"","context":"Similar post","block_context":{"text":"Similar post","link":""},"img":{"alt_text":"","src":"","width":0,"height":0},"classes":[]},{"id":29693,"url":"https:\/\/sakaba.mghosteur.com\/en\/product\/palmers-jar-101-heals-softens\/","url_meta":{"origin":29644,"position":1},"title":"PALMERS JAR 101 HEALS SOFTENS","author":"admin","date":"April 14, 2023","format":false,"excerpt":"D\u00e9couvrez le PALMERS JAR 101 HEALS SOFTENS de la marque Palmer's pour une peau d'apparence plus saine ! Cette formule originale \u00e0 base de beurre de cacao naturel et de vitamine E intens\u00e9ment hydratants gu\u00e9rit et adoucit la peau rugueuse et s\u00e8che, tout en offrant une hydratation longue dur\u00e9e jusqu'\u00e0\u2026","rel":"","context":"Similar post","block_context":{"text":"Similar post","link":""},"img":{"alt_text":"","src":"","width":0,"height":0},"classes":[]},{"id":29721,"url":"https:\/\/sakaba.mghosteur.com\/en\/product\/palmers-moisturizes-softens-body-oil\/","url_meta":{"origin":29644,"position":2},"title":"PALMERS MOISTURIZES SOFTENS BODY OIL","author":"admin","date":"April 17, 2023","format":false,"excerpt":"D\u00e9couvrez l'huile corporelle hydratante de la marque Palmer's, formul\u00e9e pour adoucir et hydrater votre peau rugueuse et s\u00e8che. Avec des ingr\u00e9dients naturels tels que du beurre de cacao et de la vitamine E, cette huile vous offre jusqu'\u00e0 48 heures d'humidit\u00e9 pour une peau plus saine et radieuse. De plus,\u2026","rel":"","context":"Similar post","block_context":{"text":"Similar post","link":""},"img":{"alt_text":"","src":"","width":0,"height":0},"classes":[]},{"id":29752,"url":"https:\/\/sakaba.mghosteur.com\/en\/product\/skin-success-moisturizing-lotion\/","url_meta":{"origin":29644,"position":3},"title":"SKIN SUCCESS MOISTURIZING LOTION","author":"admin","date":"April 19, 2023","format":false,"excerpt":"D\u00e9couvrez la lotion hydratante anti-taches sombres de Palmer's Skin Success. Cette lotion pour le corps est riche en ingr\u00e9dients naturels tels que le beurre de cacao, la vitamine E et le soja pour une peau douce et soyeuse. Elle est absorb\u00e9e rapidement et ne laisse pas d'effet gras, ce qui\u2026","rel":"","context":"Similar post","block_context":{"text":"Similar post","link":""},"img":{"alt_text":"","src":"","width":0,"height":0},"classes":[]},{"id":24424,"url":"https:\/\/sakaba.mghosteur.com\/en\/product\/palmers-heals-softens-18-7-oz\/","url_meta":{"origin":29644,"position":4},"title":"PALMERS HEALS SOFTENS 18.7 OZ","author":"admin","date":"November 10, 2022","format":false,"excerpt":"D\u00e9couvrez le beurre de cacao de la marque Palmer's, un soin de qualit\u00e9 pour les peaux rugueuses et s\u00e8ches. Le beurre de cacao est une substance naturelle issue de la graine de cacao, qui retient l'humidit\u00e9 entre les couches de la peau, pr\u00e9venant ainsi la d\u00e9shydratation. La vitamine E contenue\u2026","rel":"","context":"Similar post","block_context":{"text":"Similar post","link":""},"img":{"alt_text":"","src":"","width":0,"height":0},"classes":[]},{"id":28366,"url":"https:\/\/sakaba.mghosteur.com\/en\/product\/palmers-cocoa-butter-formula-baby-butter-with-cocao-butter-aloe\/","url_meta":{"origin":29644,"position":5},"title":"Palmers Cocoa Butter Formula Baby Butter with cocao butter &#038; aloe","author":"admin","date":"November 30, 2022","format":false,"excerpt":"D\u00e9couvrez le Palmer's Cocoa Butter Formula Baby Butter, une lotion douce quotidienne con\u00e7ue pour hydrater, adoucir et apaiser la peau d\u00e9licate de b\u00e9b\u00e9. Cette formule unique associe le beurre de cacao pur, la vitamine E, l'alo\u00e8s et des \u00e9mollients riches pour offrir une hydratation sup\u00e9rieure et aider \u00e0 pr\u00e9server la\u2026","rel":"","context":"Similar post","block_context":{"text":"Similar post","link":""},"img":{"alt_text":"","src":"","width":0,"height":0},"classes":[]}],"_links":{"self":[{"href":"https:\/\/sakaba.mghosteur.com\/en\/wp-json\/wp\/v2\/product\/29644","targetHints":{"allow":["GET"]}}],"collection":[{"href":"https:\/\/sakaba.mghosteur.com\/en\/wp-json\/wp\/v2\/product"}],"about":[{"href":"https:\/\/sakaba.mghosteur.com\/en\/wp-json\/wp\/v2\/types\/product"}],"replies":[{"embeddable":true,"href":"https:\/\/sakaba.mghosteur.com\/en\/wp-json\/wp\/v2\/comments?post=29644"}],"version-history":[{"count":0,"href":"https:\/\/sakaba.mghosteur.com\/en\/wp-json\/wp\/v2\/product\/29644\/revisions"}],"wp:attachment":[{"href":"https:\/\/sakaba.mghosteur.com\/en\/wp-json\/wp\/v2\/media?parent=29644"}],"wp:term":[{"taxonomy":"product_brand","embeddable":true,"href":"https:\/\/sakaba.mghosteur.com\/en\/wp-json\/wp\/v2\/product_brand?post=29644"},{"taxonomy":"product_cat","embeddable":true,"href":"https:\/\/sakaba.mghosteur.com\/en\/wp-json\/wp\/v2\/product_cat?post=29644"},{"taxonomy":"product_tag","embeddable":true,"href":"https:\/\/sakaba.mghosteur.com\/en\/wp-json\/wp\/v2\/product_tag?post=29644"}],"curies":[{"name":"wp","href":"https:\/\/api.w.org\/{rel}","templated":true}]}}