{"id":29659,"date":"2023-04-12T12:38:30","date_gmt":"2023-04-12T12:38:30","guid":{"rendered":"http:\/\/www.sakababeauty.com\/?post_type=product&#038;p=29659"},"modified":"2023-04-12T12:38:30","modified_gmt":"2023-04-12T12:38:30","slug":"palmers-cocoa-butter-formula-cream-soap-bar","status":"publish","type":"product","link":"https:\/\/sakaba.mghosteur.com\/en\/product\/palmers-cocoa-butter-formula-cream-soap-bar\/","title":{"rendered":"Palmers Cocoa Butter Formula Cream Soap Bar"},"content":{"rendered":"<p>D\u00e9couvrez le savon cr\u00e8me Palmer&#8217;s, un produit exceptionnel pour prendre soin de votre peau en profondeur. Ce savon en barre hydratant est parfait pour une utilisation quotidienne sur tout le corps et le visage.<\/p>\n<p>Sa formule au beurre de cacao riche et moussante nettoie efficacement la peau sans la d\u00e9caper, laissant une sensation de douceur et d&#8217;hydratation. Enrichi en beurre de cacao pur et en vitamine E, ce savon cr\u00e8me est id\u00e9al pour nourrir et revitaliser la peau en profondeur.<\/p>\n<p>Le savon cr\u00e8me Palmer&#8217;s est le pain de savon ultime pour une peau saine et \u00e9clatante. Utilisez-le r\u00e9guli\u00e8rement pour obtenir un teint lisse, clair et \u00e9clatant. Offrez \u00e0 votre peau le soin qu&#8217;elle m\u00e9rite avec le savon cr\u00e8me Palmer&#8217;s.<\/p>","protected":false},"excerpt":{"rendered":"<p>D\u00e9couvrez le savon cr\u00e8me Palmer&#8217;s, un produit exceptionnel pour prendre soin de votre peau en profondeur. Ce savon en barre hydratant est parfait pour une utilisation quotidienne sur tout le corps et le visage. Sa formule au beurre de cacao riche et moussante nettoie efficacement la peau sans la d\u00e9caper, laissant une sensation de douceur<span class=\"read-more-faq\"><a href=\"https:\/\/sakaba.mghosteur.com\/en\/product\/palmers-cocoa-butter-formula-cream-soap-bar\/\">Read More<\/a><\/span><\/p>","protected":false},"featured_media":0,"comment_status":"closed","ping_status":"closed","template":"","meta":[],"product_brand":[],"product_cat":[450],"product_tag":[],"class_list":{"0":"post-29659","1":"product","2":"type-product","3":"status-publish","5":"product_cat-soin-de-la-peau","7":"first","8":"instock","9":"shipping-taxable","10":"product-type-simple"},"jetpack-related-posts":[],"_links":{"self":[{"href":"https:\/\/sakaba.mghosteur.com\/en\/wp-json\/wp\/v2\/product\/29659","targetHints":{"allow":["GET"]}}],"collection":[{"href":"https:\/\/sakaba.mghosteur.com\/en\/wp-json\/wp\/v2\/product"}],"about":[{"href":"https:\/\/sakaba.mghosteur.com\/en\/wp-json\/wp\/v2\/types\/product"}],"replies":[{"embeddable":true,"href":"https:\/\/sakaba.mghosteur.com\/en\/wp-json\/wp\/v2\/comments?post=29659"}],"version-history":[{"count":0,"href":"https:\/\/sakaba.mghosteur.com\/en\/wp-json\/wp\/v2\/product\/29659\/revisions"}],"wp:attachment":[{"href":"https:\/\/sakaba.mghosteur.com\/en\/wp-json\/wp\/v2\/media?parent=29659"}],"wp:term":[{"taxonomy":"product_brand","embeddable":true,"href":"https:\/\/sakaba.mghosteur.com\/en\/wp-json\/wp\/v2\/product_brand?post=29659"},{"taxonomy":"product_cat","embeddable":true,"href":"https:\/\/sakaba.mghosteur.com\/en\/wp-json\/wp\/v2\/product_cat?post=29659"},{"taxonomy":"product_tag","embeddable":true,"href":"https:\/\/sakaba.mghosteur.com\/en\/wp-json\/wp\/v2\/product_tag?post=29659"}],"curies":[{"name":"wp","href":"https:\/\/api.w.org\/{rel}","templated":true}]}}