{"id":29666,"date":"2023-04-13T10:39:35","date_gmt":"2023-04-13T10:39:35","guid":{"rendered":"http:\/\/www.sakababeauty.com\/?post_type=product&#038;p=29666"},"modified":"2023-04-13T10:42:13","modified_gmt":"2023-04-13T10:42:13","slug":"palmers-coconut-hydrate-body-oil","status":"publish","type":"product","link":"https:\/\/sakaba.mghosteur.com\/en\/product\/palmers-coconut-hydrate-body-oil\/","title":{"rendered":"PALMERS COCONUT HYDRATE BODY OIL"},"content":{"rendered":"<p>L&#8217;huile corporelle hydratante \u00e0 la noix de coco de Palmer&#8217;s est une formule de qualit\u00e9 sup\u00e9rieure qui hydrate intens\u00e9ment votre peau pendant 48 heures. Cette huile est enrichie en huile de noix de coco extra vierge biologique certifi\u00e9e \u00e9quitable, reconnue pour ses propri\u00e9t\u00e9s nourrissantes et r\u00e9g\u00e9n\u00e9rantes. De plus, elle contient de l&#8217;extrait de caf\u00e9 vert qui contribue \u00e0 rendre votre peau visiblement plus saine et radieuse.<\/p>\n<p>Cette huile est con\u00e7ue pour \u00eatre utilis\u00e9e sous la douche, dans le bain ou sur peau s\u00e8che. Elle ne laisse pas de sensation grasse sur votre peau, ce qui la rend confortable \u00e0 utiliser \u00e0 tout moment de la journ\u00e9e. De plus, cette formule est approuv\u00e9e par les dermatologues, ce qui garantit sa s\u00e9curit\u00e9 pour tous les types de peau.<\/p>\n<p>La marque Palmer&#8217;s est connue depuis plus de 180 ans pour fournir des produits de haute qualit\u00e9 \u00e0 base d&#8217;ingr\u00e9dients naturels. Cette huile pour le corps est sans parab\u00e8nes, phtalates, huile min\u00e9rale et colorants, et ne contient aucun ingr\u00e9dient ni test d&#8217;origine animale, ce qui la rend adapt\u00e9e aux v\u00e9g\u00e9taliens.<\/p>\n<p>L&#8217;huile corporelle hydratante \u00e0 la noix de coco de Palmer&#8217;s est la formule id\u00e9ale pour une hydratation sup\u00e9rieure et une peau radieuse. Elle fonctionne parfaitement avec la lotion et le baume pour le corps de la m\u00eame gamme, pour une routine de soins compl\u00e8te et efficace. Commandez d\u00e8s maintenant et profitez des bienfaits de cette huile pour une peau douce, lisse et \u00e9clatante de sant\u00e9.<\/p>","protected":false},"excerpt":{"rendered":"<p>L&#8217;huile corporelle hydratante \u00e0 la noix de coco de Palmer&#8217;s est une formule de qualit\u00e9 sup\u00e9rieure qui hydrate intens\u00e9ment votre peau pendant 48 heures. Cette huile est enrichie en huile de noix de coco extra vierge biologique certifi\u00e9e \u00e9quitable, reconnue pour ses propri\u00e9t\u00e9s nourrissantes et r\u00e9g\u00e9n\u00e9rantes. De plus, elle contient de l&#8217;extrait de caf\u00e9 vert<span class=\"read-more-faq\"><a href=\"https:\/\/sakaba.mghosteur.com\/en\/product\/palmers-coconut-hydrate-body-oil\/\">Read More<\/a><\/span><\/p>","protected":false},"featured_media":0,"comment_status":"closed","ping_status":"closed","template":"","meta":[],"product_brand":[],"product_cat":[286],"product_tag":[],"class_list":{"0":"post-29666","1":"product","2":"type-product","3":"status-publish","5":"product_cat-corps","7":"first","8":"instock","9":"shipping-taxable","10":"product-type-simple"},"jetpack-related-posts":[{"id":29669,"url":"https:\/\/sakaba.mghosteur.com\/en\/product\/palmers-coconut-oil-formula-body-lotion\/","url_meta":{"origin":29666,"position":0},"title":"Palmer&#8217;s Coconut Oil Formula Body lotion","author":"admin","date":"April 13, 2023","format":false,"excerpt":"La lotion pour le corps \u00e0 la noix de coco de la marque Palmer's est le choix parfait pour une peau hydrat\u00e9e et r\u00e9g\u00e9n\u00e9r\u00e9e. Cette lotion est formul\u00e9e avec de l'huile de noix de coco extra vierge biologique certifi\u00e9e \u00e9quitable et de l'extrait de caf\u00e9 vert pour vous offrir une\u2026","rel":"","context":"Similar post","block_context":{"text":"Similar post","link":""},"img":{"alt_text":"","src":"","width":0,"height":0},"classes":[]},{"id":24408,"url":"https:\/\/sakaba.mghosteur.com\/en\/product\/palmers-coconut-water-facial-moisturizer\/","url_meta":{"origin":29666,"position":1},"title":"PALMERS coconut water facial moisturizer","author":"admin","date":"November 10, 2022","format":false,"excerpt":"Cet hydratant pour le visage \u00e0 la noix de coco de la marque Palmer's est un produit de soin de la peau de haute qualit\u00e9. Il hydrate naturellement et impr\u00e8gne la peau d'antioxydants pour aider \u00e0 r\u00e9duire les signes du vieillissement. De plus, il est non com\u00e9dog\u00e8ne, hypoallerg\u00e9nique et test\u00e9\u2026","rel":"","context":"Similar post","block_context":{"text":"Similar post","link":""},"img":{"alt_text":"","src":"","width":0,"height":0},"classes":[]},{"id":29632,"url":"https:\/\/sakaba.mghosteur.com\/en\/product\/coconut-monoi-luminous-hydration-facial-oil\/","url_meta":{"origin":29666,"position":2},"title":"COCONUT MONOI LUMINOUS HYDRATION FACIAL OIL","author":"admin","date":"April 11, 2023","format":false,"excerpt":"D\u00e9couvrez l'huile pour le visage \u00e0 la noix de coco de Palmer's, qui apporte \u00e0 votre peau un \u00e9clat sain et radieux tout en la maintenant hydrat\u00e9e pendant 48 heures. Cette huile est fabriqu\u00e9e \u00e0 partir d'huile de noix de coco extra vierge biologique certifi\u00e9e \u00e9quitable et d'autres huiles pr\u00e9cieuses\u2026","rel":"","context":"Similar post","block_context":{"text":"Similar post","link":""},"img":{"alt_text":"","src":"","width":0,"height":0},"classes":[]},{"id":24412,"url":"https:\/\/sakaba.mghosteur.com\/en\/product\/palmers-coconut-sugar-facial-scrub\/","url_meta":{"origin":29666,"position":3},"title":"PALMERS COCONUT SUGAR FACIAL SCRUB","author":"admin","date":"November 10, 2022","format":false,"excerpt":"D\u00e9couvrez l'huile pour le visage \u00e0 la noix de coco Palmer's, un produit qui peut faire des merveilles pour votre peau. Cette huile est con\u00e7ue pour polir, exfolier et adoucir votre peau, tout en resurfa\u00e7ant sa texture pour un teint plus lumineux et plus frais. Il est suffisamment doux pour\u2026","rel":"","context":"Similar post","block_context":{"text":"Similar post","link":""},"img":{"alt_text":"","src":"","width":0,"height":0},"classes":[]},{"id":29721,"url":"https:\/\/sakaba.mghosteur.com\/en\/product\/palmers-moisturizes-softens-body-oil\/","url_meta":{"origin":29666,"position":4},"title":"PALMERS MOISTURIZES SOFTENS BODY OIL","author":"admin","date":"April 17, 2023","format":false,"excerpt":"D\u00e9couvrez l'huile corporelle hydratante de la marque Palmer's, formul\u00e9e pour adoucir et hydrater votre peau rugueuse et s\u00e8che. Avec des ingr\u00e9dients naturels tels que du beurre de cacao et de la vitamine E, cette huile vous offre jusqu'\u00e0 48 heures d'humidit\u00e9 pour une peau plus saine et radieuse. De plus,\u2026","rel":"","context":"Similar post","block_context":{"text":"Similar post","link":""},"img":{"alt_text":"","src":"","width":0,"height":0},"classes":[]},{"id":29693,"url":"https:\/\/sakaba.mghosteur.com\/en\/product\/palmers-jar-101-heals-softens\/","url_meta":{"origin":29666,"position":5},"title":"PALMERS JAR 101 HEALS SOFTENS","author":"admin","date":"April 14, 2023","format":false,"excerpt":"D\u00e9couvrez le PALMERS JAR 101 HEALS SOFTENS de la marque Palmer's pour une peau d'apparence plus saine ! Cette formule originale \u00e0 base de beurre de cacao naturel et de vitamine E intens\u00e9ment hydratants gu\u00e9rit et adoucit la peau rugueuse et s\u00e8che, tout en offrant une hydratation longue dur\u00e9e jusqu'\u00e0\u2026","rel":"","context":"Similar post","block_context":{"text":"Similar post","link":""},"img":{"alt_text":"","src":"","width":0,"height":0},"classes":[]}],"_links":{"self":[{"href":"https:\/\/sakaba.mghosteur.com\/en\/wp-json\/wp\/v2\/product\/29666","targetHints":{"allow":["GET"]}}],"collection":[{"href":"https:\/\/sakaba.mghosteur.com\/en\/wp-json\/wp\/v2\/product"}],"about":[{"href":"https:\/\/sakaba.mghosteur.com\/en\/wp-json\/wp\/v2\/types\/product"}],"replies":[{"embeddable":true,"href":"https:\/\/sakaba.mghosteur.com\/en\/wp-json\/wp\/v2\/comments?post=29666"}],"version-history":[{"count":0,"href":"https:\/\/sakaba.mghosteur.com\/en\/wp-json\/wp\/v2\/product\/29666\/revisions"}],"wp:attachment":[{"href":"https:\/\/sakaba.mghosteur.com\/en\/wp-json\/wp\/v2\/media?parent=29666"}],"wp:term":[{"taxonomy":"product_brand","embeddable":true,"href":"https:\/\/sakaba.mghosteur.com\/en\/wp-json\/wp\/v2\/product_brand?post=29666"},{"taxonomy":"product_cat","embeddable":true,"href":"https:\/\/sakaba.mghosteur.com\/en\/wp-json\/wp\/v2\/product_cat?post=29666"},{"taxonomy":"product_tag","embeddable":true,"href":"https:\/\/sakaba.mghosteur.com\/en\/wp-json\/wp\/v2\/product_tag?post=29666"}],"curies":[{"name":"wp","href":"https:\/\/api.w.org\/{rel}","templated":true}]}}