{"id":29675,"date":"2023-04-13T12:12:46","date_gmt":"2023-04-13T12:12:46","guid":{"rendered":"http:\/\/www.sakababeauty.com\/?post_type=product&#038;p=29675"},"modified":"2023-04-13T12:20:31","modified_gmt":"2023-04-13T12:20:31","slug":"palmers-complexion-toner","status":"publish","type":"product","link":"https:\/\/sakaba.mghosteur.com\/en\/product\/palmers-complexion-toner\/","title":{"rendered":"PALMERS COMPLEXION TONER"},"content":{"rendered":"<p>Ce tonique de teint Palmer&#8217;s est parfait pour ceux qui cherchent \u00e0 \u00e9liminer les impuret\u00e9s et \u00e0 illuminer leur teint. Gr\u00e2ce \u00e0 sa formule sans sulfates, parab\u00e8nes, phtalates et non test\u00e9e sur les animaux, vous pouvez profiter de ses bienfaits en toute confiance. Les exfoliants naturels contenus dans ce tonique permettent d&#8217;\u00e9liminer les impuret\u00e9s en douceur, tout en r\u00e9v\u00e9lant un teint plus lumineux et plus \u00e9quilibr\u00e9. Votre peau sera nettoy\u00e9e en profondeur et laiss\u00e9e rafra\u00eechie et lumineuse, sans ressentir de tiraillement inconfortable. Optez pour le tonique de teint Palmer&#8217;s pour une peau impeccable et radieuse.<\/p>","protected":false},"excerpt":{"rendered":"<p>Ce tonique de teint Palmer&#8217;s est parfait pour ceux qui cherchent \u00e0 \u00e9liminer les impuret\u00e9s et \u00e0 illuminer leur teint. Gr\u00e2ce \u00e0 sa formule sans sulfates, parab\u00e8nes, phtalates et non test\u00e9e sur les animaux, vous pouvez profiter de ses bienfaits en toute confiance. Les exfoliants naturels contenus dans ce tonique permettent d&#8217;\u00e9liminer les impuret\u00e9s en<span class=\"read-more-faq\"><a href=\"https:\/\/sakaba.mghosteur.com\/en\/product\/palmers-complexion-toner\/\">Read More<\/a><\/span><\/p>","protected":false},"featured_media":0,"comment_status":"closed","ping_status":"closed","template":"","meta":[],"product_brand":[],"product_cat":[377],"product_tag":[],"class_list":{"0":"post-29675","1":"product","2":"type-product","3":"status-publish","5":"product_cat-bath-body-works","7":"first","8":"instock","9":"shipping-taxable","10":"product-type-simple"},"jetpack-related-posts":[{"id":26489,"url":"https:\/\/sakaba.mghosteur.com\/en\/product\/palmers-skin-sucess-complexion-bar\/","url_meta":{"origin":29675,"position":0},"title":"PALMERS SKIN SUCESS COMPLEXION BAR","author":"admin","date":"November 25, 2022","format":false,"excerpt":"Le Pain de Teint Anti-Taches de la marque Palmer's est un produit de nettoyage doux pour la peau, con\u00e7u pour \u00e9claircir et uniformiser le teint. Ce produit est sp\u00e9cialement formul\u00e9 pour fonctionner en harmonie avec les produits anti-taches de Palmer's pour obtenir un teint plus uniforme et plus \u00e9clatant. La\u2026","rel":"","context":"Similar post","block_context":{"text":"Similar post","link":""},"img":{"alt_text":"","src":"","width":0,"height":0},"classes":[]},{"id":26530,"url":"https:\/\/sakaba.mghosteur.com\/en\/product\/fade-milk-tone-correcting-body-lotion\/","url_meta":{"origin":29675,"position":1},"title":"FADE MILK TONE CORRECTING BODY LOTION","author":"admin","date":"November 25, 2022","format":false,"excerpt":"D\u00e9couvrez le Lait Anti-taches Palmer's Skin Success pour retrouver un teint lumineux et \u00e9clatant. Ce produit cible efficacement les taches brunes, les taches de vieillesse et le teint irr\u00e9gulier pour une peau parfaitement \u00e9quilibr\u00e9e et unifi\u00e9e. En plus d'am\u00e9liorer la souplesse et l'\u00e9lasticit\u00e9 de la peau, ce lait minimise l'apparence\u2026","rel":"","context":"Similar post","block_context":{"text":"Similar post","link":""},"img":{"alt_text":"","src":"","width":0,"height":0},"classes":[]},{"id":26526,"url":"https:\/\/sakaba.mghosteur.com\/en\/product\/palmers-dark-spot-corrector\/","url_meta":{"origin":29675,"position":2},"title":"PALMERS DARK SPOT CORRECTOR","author":"admin","date":"November 25, 2022","format":false,"excerpt":"D\u00e9couvrez l'huile pour le visage \u00e0 la noix de coco de la marque Palmer's, sp\u00e9cialement formul\u00e9e pour cibler les taches brunes, les taches de vieillesse et le teint irr\u00e9gulier. Cette huile \u00e9quilibre votre teint et am\u00e9liore l'\u00e9lasticit\u00e9 de votre peau, tout en minimisant l'apparence des ridules et des rides. Elle\u2026","rel":"","context":"Similar post","block_context":{"text":"Similar post","link":""},"img":{"alt_text":"","src":"","width":0,"height":0},"classes":[]},{"id":26483,"url":"https:\/\/sakaba.mghosteur.com\/en\/product\/palmers-skin-success-fade-cream-night\/","url_meta":{"origin":29675,"position":3},"title":"PALMERS SKIN SUCCESS FADE CREAM NIGHT","author":"admin","date":"November 25, 2022","format":false,"excerpt":"La Cr\u00e8me de Nuit Anti-Taches de la marque Palmer's est sp\u00e9cialement formul\u00e9e pour cibler les taches brunes, les taches de vieillesse et le teint irr\u00e9gulier. Elle aide \u00e0 \u00e9quilibrer le teint et \u00e0 r\u00e9duire les d\u00e9colorations, tout en am\u00e9liorant la souplesse et l'\u00e9lasticit\u00e9 de la peau. Elle r\u00e9duit \u00e9galement l'apparence\u2026","rel":"","context":"Similar post","block_context":{"text":"Similar post","link":""},"img":{"alt_text":"","src":"","width":0,"height":0},"classes":[]},{"id":27236,"url":"https:\/\/sakaba.mghosteur.com\/en\/product\/good-molecules-glycolic-exfoliating-toner\/","url_meta":{"origin":29675,"position":4},"title":"GOOD MOLECULES GLYCOLIC EXFOLIATING TONER","author":"admin","date":"November 29, 2022","format":false,"excerpt":"Le tonique exfoliant glycolique est le produit qu'il vous faut pour une peau plus lisse et plus lumineuse. Gr\u00e2ce \u00e0 sa formule \u00e0 base d'acide glycolique et de ferment de galactomyces, ce traitement de resurfa\u00e7age doux permet d'exfolier en douceur la surface de la peau pour favoriser un teint plus\u2026","rel":"","context":"Similar post","block_context":{"text":"Similar post","link":""},"img":{"alt_text":"","src":"","width":0,"height":0},"classes":[]},{"id":29755,"url":"https:\/\/sakaba.mghosteur.com\/en\/product\/skin-success-sheet-mask-1-single\/","url_meta":{"origin":29675,"position":5},"title":"SKIN SUCCESS SHEET  MASK 1 SINGLE","author":"admin","date":"April 19, 2023","format":false,"excerpt":"Le Palmer's Skin Success Glow Radiance Sheet Mask est un masque facial infus\u00e9 d'ingr\u00e9dients naturels pour vous offrir une peau lumineuse et \u00e9clatante. Ce masque contient des ingr\u00e9dients perfecteurs de teint qui aident \u00e0 \u00e9quilibrer le teint de votre peau et \u00e0 am\u00e9liorer son apparence. Il est con\u00e7u pour donner\u2026","rel":"","context":"Similar post","block_context":{"text":"Similar post","link":""},"img":{"alt_text":"","src":"","width":0,"height":0},"classes":[]}],"_links":{"self":[{"href":"https:\/\/sakaba.mghosteur.com\/en\/wp-json\/wp\/v2\/product\/29675","targetHints":{"allow":["GET"]}}],"collection":[{"href":"https:\/\/sakaba.mghosteur.com\/en\/wp-json\/wp\/v2\/product"}],"about":[{"href":"https:\/\/sakaba.mghosteur.com\/en\/wp-json\/wp\/v2\/types\/product"}],"replies":[{"embeddable":true,"href":"https:\/\/sakaba.mghosteur.com\/en\/wp-json\/wp\/v2\/comments?post=29675"}],"version-history":[{"count":0,"href":"https:\/\/sakaba.mghosteur.com\/en\/wp-json\/wp\/v2\/product\/29675\/revisions"}],"wp:attachment":[{"href":"https:\/\/sakaba.mghosteur.com\/en\/wp-json\/wp\/v2\/media?parent=29675"}],"wp:term":[{"taxonomy":"product_brand","embeddable":true,"href":"https:\/\/sakaba.mghosteur.com\/en\/wp-json\/wp\/v2\/product_brand?post=29675"},{"taxonomy":"product_cat","embeddable":true,"href":"https:\/\/sakaba.mghosteur.com\/en\/wp-json\/wp\/v2\/product_cat?post=29675"},{"taxonomy":"product_tag","embeddable":true,"href":"https:\/\/sakaba.mghosteur.com\/en\/wp-json\/wp\/v2\/product_tag?post=29675"}],"curies":[{"name":"wp","href":"https:\/\/api.w.org\/{rel}","templated":true}]}}