{"id":29690,"date":"2023-04-14T11:41:08","date_gmt":"2023-04-14T11:41:08","guid":{"rendered":"http:\/\/www.sakababeauty.com\/?post_type=product&#038;p=29690"},"modified":"2023-04-14T11:45:29","modified_gmt":"2023-04-14T11:45:29","slug":"palmers-hemp-oil-calming-relief-body-oil","status":"publish","type":"product","link":"https:\/\/sakaba.mghosteur.com\/en\/product\/palmers-hemp-oil-calming-relief-body-oil\/","title":{"rendered":"PALMERS HEMP OIL CALMING RELIEF BODY OIL"},"content":{"rendered":"<p>Cette huile est sp\u00e9cialement formul\u00e9e pour apaiser les irritations cutan\u00e9es tout en augmentant l&#8217;hydratation de la peau. Elle am\u00e9liore \u00e9galement la texture et l&#8217;\u00e9clat de la peau, avec des r\u00e9sultats cliniquement prouv\u00e9s*. En effet, 96 % des utilisateurs ont constat\u00e9 une am\u00e9lioration de la texture de leur peau et 100 % ont remarqu\u00e9 une hydratation accrue et une peau plus lisse. Avec une hydratation de 48 heures, cette huile est approuv\u00e9e par les dermatologues et est hypoallerg\u00e9nique, id\u00e9ale pour les peaux sensibles. Donnez \u00e0 votre peau le traitement qu&#8217;elle m\u00e9rite avec l&#8217;huile de chanvre apaisante pour le corps Palmer&#8217;s\u00ae.<\/p>","protected":false},"excerpt":{"rendered":"<p>Cette huile est sp\u00e9cialement formul\u00e9e pour apaiser les irritations cutan\u00e9es tout en augmentant l&#8217;hydratation de la peau. Elle am\u00e9liore \u00e9galement la texture et l&#8217;\u00e9clat de la peau, avec des r\u00e9sultats cliniquement prouv\u00e9s*. En effet, 96 % des utilisateurs ont constat\u00e9 une am\u00e9lioration de la texture de leur peau et 100 % ont remarqu\u00e9 une hydratation<span class=\"read-more-faq\"><a href=\"https:\/\/sakaba.mghosteur.com\/en\/product\/palmers-hemp-oil-calming-relief-body-oil\/\">Read More<\/a><\/span><\/p>","protected":false},"featured_media":0,"comment_status":"closed","ping_status":"closed","template":"","meta":[],"product_brand":[],"product_cat":[355],"product_tag":[],"class_list":{"0":"post-29690","1":"product","2":"type-product","3":"status-publish","5":"product_cat-hydratant-corps","7":"first","8":"instock","9":"shipping-taxable","10":"product-type-simple"},"jetpack-related-posts":[{"id":31415,"url":"https:\/\/sakaba.mghosteur.com\/en\/product\/jergens-shea-butter-oil-infused-21-oz\/","url_meta":{"origin":29690,"position":0},"title":"JERGENS Shea butter Oil infused 21 oz","author":"admin","date":"May 10, 2024","format":false,"excerpt":"Am\u00e9liorant le teint, la texture et la luminosit\u00e9 de la peau, ce produit contient un m\u00e9lange \u00e9clairant unique. Il traite la s\u00e9cheresse \u00e0 la source tout en absorbant rapidement l\u2019humidit\u00e9. Infus\u00e9 d\u2019huile de beurre de karit\u00e9 africaine pure, sa formule r\u00e9v\u00e8le une peau visiblement douce et hydrat\u00e9e. Il gu\u00e9rit et\u2026","rel":"","context":"Similar post","block_context":{"text":"Similar post","link":""},"img":{"alt_text":"","src":"","width":0,"height":0},"classes":[]},{"id":24304,"url":"https:\/\/sakaba.mghosteur.com\/en\/product\/neutrogena-soothing-clear-turmeric-oil-free-gel-moisturizer\/","url_meta":{"origin":29690,"position":1},"title":"Neutrogena Soothing Clear Turmeric oil-free gel moisturizer","author":"admin","date":"November 9, 2022","format":false,"excerpt":"Offrez \u00e0 votre peau une hydratation et une sensation de confort avec l'hydratant pour le visage au gel de curcuma apaisant et nourrissant de Neutrogena. Ce gel hydratant pour le visage est sp\u00e9cialement con\u00e7u pour les peaux mixtes, d\u00e9shydrat\u00e9es ou \u00e0 tendance acn\u00e9ique. Il est formul\u00e9 avec du curcuma, reconnu\u2026","rel":"","context":"Similar post","block_context":{"text":"Similar post","link":""},"img":{"alt_text":"","src":"","width":0,"height":0},"classes":[]},{"id":30026,"url":"https:\/\/sakaba.mghosteur.com\/en\/product\/jergens-deep-restoring-argan\/","url_meta":{"origin":29690,"position":2},"title":"JERGENS DEEP RESTORING ARGAN","author":"admin","date":"May 2, 2023","format":false,"excerpt":"D\u00e9couvrez l'hydratant Jergens Deep Restoring \u00e0 l'huile d'argan de la marque Satin Skin, une lotion apaisante pour le corps et les mains. Cette formule nourrissante et r\u00e9paratrice est infus\u00e9e avec des ingr\u00e9dients essentiels pour offrir une hydratation quotidienne \u00e0 votre peau. L'huile d'argan, souvent appel\u00e9e \"or liquide\", associ\u00e9e \u00e0 la\u2026","rel":"","context":"Similar post","block_context":{"text":"Similar post","link":""},"img":{"alt_text":"","src":"","width":0,"height":0},"classes":[]},{"id":24002,"url":"https:\/\/sakaba.mghosteur.com\/en\/product\/neutrogena-body-oil-light-sesame-formula\/","url_meta":{"origin":29690,"position":3},"title":"NEUTROGENA BODY OIL LIGHT SESAME FORMULA","author":"admin","date":"November 9, 2022","format":false,"excerpt":"D\u00e9couvrez l'huile pour le corps Neutrogena \u00ae, une formule l\u00e9g\u00e8re au s\u00e9same sp\u00e9cialement con\u00e7ue pour les peaux s\u00e8ches. Cette huile corporelle pure et hydratante est un v\u00e9ritable plaisir pour votre peau. La formule d\u00e9licate au s\u00e9same se fond facilement dans votre peau pour vous offrir une hydratation essentielle. Gr\u00e2ce \u00e0\u2026","rel":"","context":"Similar post","block_context":{"text":"Similar post","link":""},"img":{"alt_text":"","src":"","width":0,"height":0},"classes":[]},{"id":26351,"url":"https:\/\/sakaba.mghosteur.com\/en\/product\/paula-choice-clear-60ml-2\/","url_meta":{"origin":29690,"position":4},"title":"PAULA CHOICE CLEAR Oil-Free Moisturizer","author":"admin","date":"November 25, 2022","format":false,"excerpt":"Le Oil-Free Moisturizer de la marque Paula's Choice est un hydratant l\u00e9ger et sans huile sp\u00e9cialement formul\u00e9 pour les peaux sujettes aux imperfections. Ce produit fournit une hydratation apaisante qui n'obstrue pas les pores et ne provoque pas d'\u00e9ruptions cutan\u00e9es. La niacinamide contenue dans la formule aide \u00e0 minimiser les\u2026","rel":"","context":"Similar post","block_context":{"text":"Similar post","link":""},"img":{"alt_text":"","src":"","width":0,"height":0},"classes":[]},{"id":26599,"url":"https:\/\/sakaba.mghosteur.com\/en\/product\/butta-drop-whipped-oil-body-cream\/","url_meta":{"origin":29690,"position":5},"title":"BUTTA DROP WHIPPED OIL BODY CREAM","author":"admin","date":"November 28, 2022","format":false,"excerpt":"D\u00e9couvrez la cr\u00e8me corporelle fouett\u00e9e BUTTA DROP, enrichie en huiles tropicales et en beurre de karit\u00e9. Cette cr\u00e8me nourrissante et hydratante offre une sensation de vacances avec son fini lustr\u00e9 sur la peau. Elle contient une d\u00e9licieuse combinaison de sept huiles essentielles pour renouveler et restaurer l'hydratation de la peau\u2026","rel":"","context":"Similar post","block_context":{"text":"Similar post","link":""},"img":{"alt_text":"","src":"","width":0,"height":0},"classes":[]}],"_links":{"self":[{"href":"https:\/\/sakaba.mghosteur.com\/en\/wp-json\/wp\/v2\/product\/29690","targetHints":{"allow":["GET"]}}],"collection":[{"href":"https:\/\/sakaba.mghosteur.com\/en\/wp-json\/wp\/v2\/product"}],"about":[{"href":"https:\/\/sakaba.mghosteur.com\/en\/wp-json\/wp\/v2\/types\/product"}],"replies":[{"embeddable":true,"href":"https:\/\/sakaba.mghosteur.com\/en\/wp-json\/wp\/v2\/comments?post=29690"}],"version-history":[{"count":0,"href":"https:\/\/sakaba.mghosteur.com\/en\/wp-json\/wp\/v2\/product\/29690\/revisions"}],"wp:attachment":[{"href":"https:\/\/sakaba.mghosteur.com\/en\/wp-json\/wp\/v2\/media?parent=29690"}],"wp:term":[{"taxonomy":"product_brand","embeddable":true,"href":"https:\/\/sakaba.mghosteur.com\/en\/wp-json\/wp\/v2\/product_brand?post=29690"},{"taxonomy":"product_cat","embeddable":true,"href":"https:\/\/sakaba.mghosteur.com\/en\/wp-json\/wp\/v2\/product_cat?post=29690"},{"taxonomy":"product_tag","embeddable":true,"href":"https:\/\/sakaba.mghosteur.com\/en\/wp-json\/wp\/v2\/product_tag?post=29690"}],"curies":[{"name":"wp","href":"https:\/\/api.w.org\/{rel}","templated":true}]}}