{"id":29700,"date":"2023-04-14T12:18:20","date_gmt":"2023-04-14T12:18:20","guid":{"rendered":"http:\/\/www.sakababeauty.com\/?post_type=product&#038;p=29700"},"modified":"2023-04-14T12:18:20","modified_gmt":"2023-04-14T12:18:20","slug":"palmers-length-retention-conditioner-2","status":"publish","type":"product","link":"https:\/\/sakaba.mghosteur.com\/en\/product\/palmers-length-retention-conditioner-2\/","title":{"rendered":"PALMERS LENGTH RETENTION CONDITIONER"},"content":{"rendered":"<p>Le conditionneur de r\u00e9tention de longueur de la marque Palmer&#8217;s est un produit de soin capillaire de haute qualit\u00e9 qui convient \u00e0 tous les motifs et textures de boucles. Ce revitalisant cr\u00e9meux et riche ne contient pas de silicone, de parab\u00e8nes, de phtalates, d&#8217;huile min\u00e9rale, de gluten ou de colorants, ce qui en fait un choix parfait pour des cheveux sains et naturels.<\/p>\n<p>Le conditionneur enveloppe sans effort la tige du cheveu pour cr\u00e9er un bouclier protecteur qui renforce en profondeur, hydrate et d\u00e9m\u00eale instantan\u00e9ment les cheveux. Gr\u00e2ce \u00e0 ses ingr\u00e9dients naturels et \u00e0 ses protecteurs puissants, ce produit am\u00e9liore la brillance, la maniabilit\u00e9 et l&#8217;\u00e9tat g\u00e9n\u00e9ral des cheveux, tout en aidant \u00e0 bloquer la fragilit\u00e9, la casse et les pointes fourchues.<\/p>\n<p>Pour obtenir des r\u00e9sultats optimaux, il est recommand\u00e9 d&#8217;utiliser l&#8217;ensemble du syst\u00e8me Palmer&#8217;s Cocoa Butter Formula Length Retention pour des cheveux d&#8217;apparence plus saine. De plus, la marque est engag\u00e9e pour un approvisionnement responsable, vous pouvez donc \u00eatre assur\u00e9 que vous utilisez un produit respectueux de l&#8217;environnement et de haute qualit\u00e9.<\/p>","protected":false},"excerpt":{"rendered":"<p>Le conditionneur de r\u00e9tention de longueur de la marque Palmer&#8217;s est un produit de soin capillaire de haute qualit\u00e9 qui convient \u00e0 tous les motifs et textures de boucles. Ce revitalisant cr\u00e9meux et riche ne contient pas de silicone, de parab\u00e8nes, de phtalates, d&#8217;huile min\u00e9rale, de gluten ou de colorants, ce qui en fait un<span class=\"read-more-faq\"><a href=\"https:\/\/sakaba.mghosteur.com\/en\/product\/palmers-length-retention-conditioner-2\/\">Read More<\/a><\/span><\/p>","protected":false},"featured_media":0,"comment_status":"closed","ping_status":"closed","template":"","meta":[],"product_brand":[],"product_cat":[355],"product_tag":[],"class_list":{"0":"post-29700","1":"product","2":"type-product","3":"status-publish","5":"product_cat-hydratant-corps","7":"first","8":"instock","9":"shipping-taxable","10":"product-type-simple"},"jetpack-related-posts":[{"id":29718,"url":"https:\/\/sakaba.mghosteur.com\/en\/product\/palmers-length-retention-shampoo\/","url_meta":{"origin":29700,"position":0},"title":"PALMERS LENGTH RETENTION SHAMPOO","author":"admin","date":"April 17, 2023","format":false,"excerpt":"Le Shampooing R\u00e9tention Longueur de la marque Palmer's est un produit doux et efficace pour nettoyer les cheveux en profondeur. Il \u00e9limine en douceur la salet\u00e9, l'huile et l'accumulation de produits capillaires tout en renfor\u00e7ant et en maintenant l'\u00e9quilibre hydrique des cheveux. Ce shampooing est con\u00e7u pour tous les motifs\u2026","rel":"","context":"Similar post","block_context":{"text":"Similar post","link":""},"img":{"alt_text":"","src":"","width":0,"height":0},"classes":[]},{"id":29704,"url":"https:\/\/sakaba.mghosteur.com\/en\/product\/palmers-length-retention-hair-scalp-oil\/","url_meta":{"origin":29700,"position":1},"title":"PALMERS LENGTH RETENTION HAIR + SCALP OIL","author":"admin","date":"April 14, 2023","format":false,"excerpt":"D\u00e9couvrez l'huile de r\u00e9tention des cheveux et du cuir chevelu Palmer's, une solution nourrissante pour vos cheveux. Cette huile est con\u00e7ue pour tous les types de boucles et textures de cheveux, et est assez douce pour un usage quotidien. Enrichie d'ingr\u00e9dients naturels, cette huile hydrate et ajoute une brillance durable\u2026","rel":"","context":"Similar post","block_context":{"text":"Similar post","link":""},"img":{"alt_text":"","src":"","width":0,"height":0},"classes":[]},{"id":29708,"url":"https:\/\/sakaba.mghosteur.com\/en\/product\/palmers-length-retention-leave-in-conditioner\/","url_meta":{"origin":29700,"position":2},"title":"PALMERS LENGTH RETENTION LEAVE IN CONDITIONER","author":"admin","date":"April 14, 2023","format":false,"excerpt":"Le revitalisant sans rin\u00e7age pour la r\u00e9tention de la longueur de la marque Palmer's est un produit de soin capillaire instantan\u00e9 et cr\u00e9meux, con\u00e7u pour tous les types de cheveux boucl\u00e9s. Formul\u00e9 sans silicone, il \u00e9limine les n\u0153uds et les enchev\u00eatrements, tout en renfor\u00e7ant les m\u00e8ches pour prot\u00e9ger contre la\u2026","rel":"","context":"Similar post","block_context":{"text":"Similar post","link":""},"img":{"alt_text":"","src":"","width":0,"height":0},"classes":[]},{"id":29696,"url":"https:\/\/sakaba.mghosteur.com\/en\/product\/palmers-length-retention-conditioner\/","url_meta":{"origin":29700,"position":3},"title":"PALMERS LENGTH RETENTION DEEP CONDITIONER","author":"admin","date":"April 14, 2023","format":false,"excerpt":"D\u00e9couvrez le revitalisant en profondeur pour la r\u00e9tention de la longueur de la marque Palmer's, con\u00e7u pour nourrir chaque fibre capillaire en profondeur. Ce revitalisant sans silicone renforce vos cheveux pour les prot\u00e9ger contre les dommages futurs, tout en les hydratant, les d\u00e9m\u00ealant et les adoucissant pour une apparence plus\u2026","rel":"","context":"Similar post","block_context":{"text":"Similar post","link":""},"img":{"alt_text":"","src":"","width":0,"height":0},"classes":[]},{"id":33475,"url":"https:\/\/sakaba.mghosteur.com\/en\/product\/clairol-professional-pure-white-20-volume-petit-model\/","url_meta":{"origin":29700,"position":4},"title":"Clairol Professional Pure White 20 Volume Petit Model","author":"admin","date":"May 21, 2024","format":false,"excerpt":"Le r\u00e9v\u00e9lateur cr\u00e8me blanc pur Clairol Professional contient des conditionneurs et des \u00e9mollients protecteurs et est stabilis\u00e9 pendant 3 ans. Il est con\u00e7u pour \u00eatre utilis\u00e9 avec des couleurs permanentes et est \u00e9galement parfait pour une utilisation avec tous les \u00e9claircissants en poudre et liquides. Sa consistance cr\u00e9meuse le rend\u2026","rel":"","context":"Similar post","block_context":{"text":"Similar post","link":""},"img":{"alt_text":"","src":"","width":0,"height":0},"classes":[]},{"id":29752,"url":"https:\/\/sakaba.mghosteur.com\/en\/product\/skin-success-moisturizing-lotion\/","url_meta":{"origin":29700,"position":5},"title":"SKIN SUCCESS MOISTURIZING LOTION","author":"admin","date":"April 19, 2023","format":false,"excerpt":"D\u00e9couvrez la lotion hydratante anti-taches sombres de Palmer's Skin Success. Cette lotion pour le corps est riche en ingr\u00e9dients naturels tels que le beurre de cacao, la vitamine E et le soja pour une peau douce et soyeuse. Elle est absorb\u00e9e rapidement et ne laisse pas d'effet gras, ce qui\u2026","rel":"","context":"Similar post","block_context":{"text":"Similar post","link":""},"img":{"alt_text":"","src":"","width":0,"height":0},"classes":[]}],"_links":{"self":[{"href":"https:\/\/sakaba.mghosteur.com\/en\/wp-json\/wp\/v2\/product\/29700","targetHints":{"allow":["GET"]}}],"collection":[{"href":"https:\/\/sakaba.mghosteur.com\/en\/wp-json\/wp\/v2\/product"}],"about":[{"href":"https:\/\/sakaba.mghosteur.com\/en\/wp-json\/wp\/v2\/types\/product"}],"replies":[{"embeddable":true,"href":"https:\/\/sakaba.mghosteur.com\/en\/wp-json\/wp\/v2\/comments?post=29700"}],"version-history":[{"count":0,"href":"https:\/\/sakaba.mghosteur.com\/en\/wp-json\/wp\/v2\/product\/29700\/revisions"}],"wp:attachment":[{"href":"https:\/\/sakaba.mghosteur.com\/en\/wp-json\/wp\/v2\/media?parent=29700"}],"wp:term":[{"taxonomy":"product_brand","embeddable":true,"href":"https:\/\/sakaba.mghosteur.com\/en\/wp-json\/wp\/v2\/product_brand?post=29700"},{"taxonomy":"product_cat","embeddable":true,"href":"https:\/\/sakaba.mghosteur.com\/en\/wp-json\/wp\/v2\/product_cat?post=29700"},{"taxonomy":"product_tag","embeddable":true,"href":"https:\/\/sakaba.mghosteur.com\/en\/wp-json\/wp\/v2\/product_tag?post=29700"}],"curies":[{"name":"wp","href":"https:\/\/api.w.org\/{rel}","templated":true}]}}