{"id":29718,"date":"2023-04-17T15:13:35","date_gmt":"2023-04-17T15:13:35","guid":{"rendered":"http:\/\/www.sakababeauty.com\/?post_type=product&#038;p=29718"},"modified":"2023-04-17T15:16:40","modified_gmt":"2023-04-17T15:16:40","slug":"palmers-length-retention-shampoo","status":"publish","type":"product","link":"https:\/\/sakaba.mghosteur.com\/en\/product\/palmers-length-retention-shampoo\/","title":{"rendered":"PALMERS LENGTH RETENTION SHAMPOO"},"content":{"rendered":"<p>Le Shampooing R\u00e9tention Longueur de la marque Palmer&#8217;s est un produit doux et efficace pour nettoyer les cheveux en profondeur. Il \u00e9limine en douceur la salet\u00e9, l&#8217;huile et l&#8217;accumulation de produits capillaires tout en renfor\u00e7ant et en maintenant l&#8217;\u00e9quilibre hydrique des cheveux.<\/p>\n<p>Ce shampooing est con\u00e7u pour tous les motifs et textures de boucles et est sans silicone, parab\u00e8nes, phtalates, huile min\u00e9rale, gluten ou colorants. Il ne d\u00e9cape pas et ne s&#8217;emm\u00eale pas les cheveux, laissant les cuticules et les follicules pileux parfaits pour le conditionnement.<\/p>\n<p>Le Shampooing R\u00e9tention Longueur est une partie essentielle de l&#8217;ensemble du syst\u00e8me Palmer&#8217;s Cocoa Butter Formula Length Retention. Utilis\u00e9 en combinaison avec les autres produits de cette gamme, il aide les cheveux \u00e0 atteindre leur longueur optimale tout en les rendant plus sains et plus forts.<\/p>\n<p>Palmer&#8217;s est engag\u00e9 pour un approvisionnement responsable et utilise des protecteurs naturels puissants pour renforcer les cheveux et les prot\u00e9ger contre la fragilit\u00e9, la fragilit\u00e9, la casse et les pointes fourchues. Ce shampooing cr\u00e9meux est \u00e9galement sans danger pour la couleur et pr\u00e9pare parfaitement les cheveux pour le conditionnement.<\/p>","protected":false},"excerpt":{"rendered":"<p>Le Shampooing R\u00e9tention Longueur de la marque Palmer&#8217;s est un produit doux et efficace pour nettoyer les cheveux en profondeur. Il \u00e9limine en douceur la salet\u00e9, l&#8217;huile et l&#8217;accumulation de produits capillaires tout en renfor\u00e7ant et en maintenant l&#8217;\u00e9quilibre hydrique des cheveux. Ce shampooing est con\u00e7u pour tous les motifs et textures de boucles et<span class=\"read-more-faq\"><a href=\"https:\/\/sakaba.mghosteur.com\/en\/product\/palmers-length-retention-shampoo\/\">Read More<\/a><\/span><\/p>","protected":false},"featured_media":0,"comment_status":"closed","ping_status":"closed","template":"","meta":[],"product_brand":[],"product_cat":[15],"product_tag":[],"class_list":{"0":"post-29718","1":"product","2":"type-product","3":"status-publish","5":"product_cat-uncategorized","7":"first","8":"instock","9":"shipping-taxable","10":"product-type-simple"},"jetpack-related-posts":[{"id":29696,"url":"https:\/\/sakaba.mghosteur.com\/en\/product\/palmers-length-retention-conditioner\/","url_meta":{"origin":29718,"position":0},"title":"PALMERS LENGTH RETENTION DEEP CONDITIONER","author":"admin","date":"April 14, 2023","format":false,"excerpt":"D\u00e9couvrez le revitalisant en profondeur pour la r\u00e9tention de la longueur de la marque Palmer's, con\u00e7u pour nourrir chaque fibre capillaire en profondeur. Ce revitalisant sans silicone renforce vos cheveux pour les prot\u00e9ger contre les dommages futurs, tout en les hydratant, les d\u00e9m\u00ealant et les adoucissant pour une apparence plus\u2026","rel":"","context":"Similar post","block_context":{"text":"Similar post","link":""},"img":{"alt_text":"","src":"","width":0,"height":0},"classes":[]},{"id":29708,"url":"https:\/\/sakaba.mghosteur.com\/en\/product\/palmers-length-retention-leave-in-conditioner\/","url_meta":{"origin":29718,"position":1},"title":"PALMERS LENGTH RETENTION LEAVE IN CONDITIONER","author":"admin","date":"April 14, 2023","format":false,"excerpt":"Le revitalisant sans rin\u00e7age pour la r\u00e9tention de la longueur de la marque Palmer's est un produit de soin capillaire instantan\u00e9 et cr\u00e9meux, con\u00e7u pour tous les types de cheveux boucl\u00e9s. Formul\u00e9 sans silicone, il \u00e9limine les n\u0153uds et les enchev\u00eatrements, tout en renfor\u00e7ant les m\u00e8ches pour prot\u00e9ger contre la\u2026","rel":"","context":"Similar post","block_context":{"text":"Similar post","link":""},"img":{"alt_text":"","src":"","width":0,"height":0},"classes":[]},{"id":29700,"url":"https:\/\/sakaba.mghosteur.com\/en\/product\/palmers-length-retention-conditioner-2\/","url_meta":{"origin":29718,"position":2},"title":"PALMERS LENGTH RETENTION CONDITIONER","author":"admin","date":"April 14, 2023","format":false,"excerpt":"Le conditionneur de r\u00e9tention de longueur de la marque Palmer's est un produit de soin capillaire de haute qualit\u00e9 qui convient \u00e0 tous les motifs et textures de boucles. Ce revitalisant cr\u00e9meux et riche ne contient pas de silicone, de parab\u00e8nes, de phtalates, d'huile min\u00e9rale, de gluten ou de colorants,\u2026","rel":"","context":"Similar post","block_context":{"text":"Similar post","link":""},"img":{"alt_text":"","src":"","width":0,"height":0},"classes":[]},{"id":29704,"url":"https:\/\/sakaba.mghosteur.com\/en\/product\/palmers-length-retention-hair-scalp-oil\/","url_meta":{"origin":29718,"position":3},"title":"PALMERS LENGTH RETENTION HAIR + SCALP OIL","author":"admin","date":"April 14, 2023","format":false,"excerpt":"D\u00e9couvrez l'huile de r\u00e9tention des cheveux et du cuir chevelu Palmer's, une solution nourrissante pour vos cheveux. Cette huile est con\u00e7ue pour tous les types de boucles et textures de cheveux, et est assez douce pour un usage quotidien. Enrichie d'ingr\u00e9dients naturels, cette huile hydrate et ajoute une brillance durable\u2026","rel":"","context":"Similar post","block_context":{"text":"Similar post","link":""},"img":{"alt_text":"","src":"","width":0,"height":0},"classes":[]},{"id":36011,"url":"https:\/\/sakaba.mghosteur.com\/en\/product\/mielle-rice-water-collection-split-end-therapy-59ml\/","url_meta":{"origin":29718,"position":4},"title":"MIELLE RICE WATER COLLECTION SPLIT END THERAPY 59ML","author":"admin","date":"August 11, 2024","format":false,"excerpt":"Des ingr\u00e9dients tels que l'eau de riz et le yuzu aident \u00e0 nourrir les cheveux et \u00e0 pr\u00e9venir les dommages futurs. Assez l\u00e9ger pour \u00eatre utilis\u00e9 quotidiennement.\u00a0\u00a0Ce produit l\u00e9ger est con\u00e7u pour renforcer les pointes fourchues. Principaux avantages : Renforce contre les pointes fourchues Nourrit et pr\u00e9vient les dommages futurs\u2026","rel":"","context":"Similar post","block_context":{"text":"Similar post","link":""},"img":{"alt_text":"","src":"","width":0,"height":0},"classes":[]},{"id":31958,"url":"https:\/\/sakaba.mghosteur.com\/en\/product\/camille-rose-black-castor-oil-chebe-cleanse\/","url_meta":{"origin":29718,"position":5},"title":"CAMILLE ROSE BLACK CASTOR OIL + CHEBE CLEANSE","author":"admin","date":"May 13, 2024","format":false,"excerpt":"Un nettoyant capillaire infus\u00e9 d'huile con\u00e7u pour renforcer les m\u00e8ches, restaurer la brillance et am\u00e9liorer la maniabilit\u00e9. Mode d'emploi : Trempez les cheveux sous la douche et appliquez le shampooing nettoyant sur toute la longueur des cheveux. Pour des textures plus \u00e9paisses, s\u00e9parez d'abord les m\u00e8ches avant d'appliquer pour vous\u2026","rel":"","context":"Similar post","block_context":{"text":"Similar post","link":""},"img":{"alt_text":"","src":"","width":0,"height":0},"classes":[]}],"_links":{"self":[{"href":"https:\/\/sakaba.mghosteur.com\/en\/wp-json\/wp\/v2\/product\/29718","targetHints":{"allow":["GET"]}}],"collection":[{"href":"https:\/\/sakaba.mghosteur.com\/en\/wp-json\/wp\/v2\/product"}],"about":[{"href":"https:\/\/sakaba.mghosteur.com\/en\/wp-json\/wp\/v2\/types\/product"}],"replies":[{"embeddable":true,"href":"https:\/\/sakaba.mghosteur.com\/en\/wp-json\/wp\/v2\/comments?post=29718"}],"version-history":[{"count":0,"href":"https:\/\/sakaba.mghosteur.com\/en\/wp-json\/wp\/v2\/product\/29718\/revisions"}],"wp:attachment":[{"href":"https:\/\/sakaba.mghosteur.com\/en\/wp-json\/wp\/v2\/media?parent=29718"}],"wp:term":[{"taxonomy":"product_brand","embeddable":true,"href":"https:\/\/sakaba.mghosteur.com\/en\/wp-json\/wp\/v2\/product_brand?post=29718"},{"taxonomy":"product_cat","embeddable":true,"href":"https:\/\/sakaba.mghosteur.com\/en\/wp-json\/wp\/v2\/product_cat?post=29718"},{"taxonomy":"product_tag","embeddable":true,"href":"https:\/\/sakaba.mghosteur.com\/en\/wp-json\/wp\/v2\/product_tag?post=29718"}],"curies":[{"name":"wp","href":"https:\/\/api.w.org\/{rel}","templated":true}]}}