{"id":29721,"date":"2023-04-17T16:37:57","date_gmt":"2023-04-17T16:37:57","guid":{"rendered":"http:\/\/www.sakababeauty.com\/?post_type=product&#038;p=29721"},"modified":"2023-04-17T16:48:08","modified_gmt":"2023-04-17T16:48:08","slug":"palmers-moisturizes-softens-body-oil","status":"publish","type":"product","link":"https:\/\/sakaba.mghosteur.com\/en\/product\/palmers-moisturizes-softens-body-oil\/","title":{"rendered":"PALMERS MOISTURIZES SOFTENS BODY OIL"},"content":{"rendered":"<p>D\u00e9couvrez l&#8217;huile corporelle hydratante de la marque Palmer&#8217;s, formul\u00e9e pour adoucir et hydrater votre peau rugueuse et s\u00e8che. Avec des ingr\u00e9dients naturels tels que du beurre de cacao et de la vitamine E, cette huile vous offre jusqu&#8217;\u00e0 48 heures d&#8217;humidit\u00e9 pour une peau plus saine et radieuse. De plus, elle est respectueuse des v\u00e9g\u00e9taliens, sans aucun ingr\u00e9dient ni test d&#8217;origine animale, ainsi que sans parab\u00e8nes, phtalates, huile min\u00e9rale ou colorants.<\/p>\n<p>Palmer&#8217;s est la marque de beurre de cacao num\u00e9ro 1 en Am\u00e9rique depuis plus de 180 ans, fournissant des produits naturels de haute qualit\u00e9 qui sont transmis de g\u00e9n\u00e9ration en g\u00e9n\u00e9ration. Cette huile fonctionne bien avec la lotion pour le corps Palmer&#8217;s Cocoa Butter Daily Skin Therapy et le pot solide original, et peut \u00eatre utilis\u00e9e sous la douche, dans le bain ou sur peau s\u00e8che gr\u00e2ce \u00e0 sa formule non grasse.<\/p>\n<p>Offrez \u00e0 votre peau l&#8217;hydratation qu&#8217;elle m\u00e9rite avec l&#8217;huile pour le corps Palmer&#8217;s Cocoa Butter Formula, fabriqu\u00e9e avec fiert\u00e9 aux \u00c9tats-Unis.<\/p>","protected":false},"excerpt":{"rendered":"<p>D\u00e9couvrez l&#8217;huile corporelle hydratante de la marque Palmer&#8217;s, formul\u00e9e pour adoucir et hydrater votre peau rugueuse et s\u00e8che. Avec des ingr\u00e9dients naturels tels que du beurre de cacao et de la vitamine E, cette huile vous offre jusqu&#8217;\u00e0 48 heures d&#8217;humidit\u00e9 pour une peau plus saine et radieuse. De plus, elle est respectueuse des v\u00e9g\u00e9taliens,<span class=\"read-more-faq\"><a href=\"https:\/\/sakaba.mghosteur.com\/en\/product\/palmers-moisturizes-softens-body-oil\/\">Read More<\/a><\/span><\/p>","protected":false},"featured_media":0,"comment_status":"closed","ping_status":"closed","template":"","meta":[],"product_brand":[],"product_cat":[355],"product_tag":[],"class_list":{"0":"post-29721","1":"product","2":"type-product","3":"status-publish","5":"product_cat-hydratant-corps","7":"first","8":"instock","9":"shipping-taxable","10":"product-type-simple"},"jetpack-related-posts":[{"id":24414,"url":"https:\/\/sakaba.mghosteur.com\/en\/product\/palmers-cocoa-butter-formula-with-vitamin-e-heals-softens\/","url_meta":{"origin":29721,"position":0},"title":"Palmers Cocoa Butter Daily Skin Therapy","author":"admin","date":"November 10, 2022","format":false,"excerpt":"La lotion corporelle Daily Skin Therapy de Palmer's est le produit parfait pour prendre soin de votre peau s\u00e8che et rugueuse. Elle contient du beurre de cacao naturel et de la vitamine E, deux ingr\u00e9dients intens\u00e9ment hydratants qui gu\u00e9rissent et adoucissent votre peau pour lui donner une apparence plus saine.\u2026","rel":"","context":"Similar post","block_context":{"text":"Similar post","link":""},"img":{"alt_text":"","src":"","width":0,"height":0},"classes":[]},{"id":24422,"url":"https:\/\/sakaba.mghosteur.com\/en\/product\/palmers-heals-softens-daily-skin-therapy\/","url_meta":{"origin":29721,"position":1},"title":"PALMERS HEALS SOFTENS DAILY SKIN THERAPY","author":"admin","date":"November 10, 2022","format":false,"excerpt":"Dites adieu \u00e0 la peau s\u00e8che et rugueuse avec la Th\u00e9rapie quotidienne de la peau de Palmer's. Cette lotion corporelle est formul\u00e9e avec du beurre de cacao naturel et de la vitamine E pour hydrater intens\u00e9ment votre peau, la laissant d'apparence plus saine en seulement 48 heures. Notre produit est\u2026","rel":"","context":"Similar post","block_context":{"text":"Similar post","link":""},"img":{"alt_text":"","src":"","width":0,"height":0},"classes":[]},{"id":29693,"url":"https:\/\/sakaba.mghosteur.com\/en\/product\/palmers-jar-101-heals-softens\/","url_meta":{"origin":29721,"position":2},"title":"PALMERS JAR 101 HEALS SOFTENS","author":"admin","date":"April 14, 2023","format":false,"excerpt":"D\u00e9couvrez le PALMERS JAR 101 HEALS SOFTENS de la marque Palmer's pour une peau d'apparence plus saine ! Cette formule originale \u00e0 base de beurre de cacao naturel et de vitamine E intens\u00e9ment hydratants gu\u00e9rit et adoucit la peau rugueuse et s\u00e8che, tout en offrant une hydratation longue dur\u00e9e jusqu'\u00e0\u2026","rel":"","context":"Similar post","block_context":{"text":"Similar post","link":""},"img":{"alt_text":"","src":"","width":0,"height":0},"classes":[]},{"id":28127,"url":"https:\/\/sakaba.mghosteur.com\/en\/product\/palmers-cocoa-butter-formula-with-vitamin-e-heals-softens-2\/","url_meta":{"origin":29721,"position":3},"title":"Palmers Cocoa Butter Body Lotion, Fragrance Free","author":"admin","date":"November 30, 2022","format":false,"excerpt":"D\u00e9couvrez la lotion corporelle sans parfum de la marque Palmer's, une solution efficace pour gu\u00e9rir et adoucir votre peau s\u00e8che et rugueuse. Cette lotion contient du beurre de cacao naturel et de la vitamine E, qui hydratent intens\u00e9ment votre peau pour une apparence plus saine. Avec une hydratation durable jusqu'\u00e0\u2026","rel":"","context":"Similar post","block_context":{"text":"Similar post","link":""},"img":{"alt_text":"","src":"","width":0,"height":0},"classes":[]},{"id":29752,"url":"https:\/\/sakaba.mghosteur.com\/en\/product\/skin-success-moisturizing-lotion\/","url_meta":{"origin":29721,"position":4},"title":"SKIN SUCCESS MOISTURIZING LOTION","author":"admin","date":"April 19, 2023","format":false,"excerpt":"D\u00e9couvrez la lotion hydratante anti-taches sombres de Palmer's Skin Success. Cette lotion pour le corps est riche en ingr\u00e9dients naturels tels que le beurre de cacao, la vitamine E et le soja pour une peau douce et soyeuse. Elle est absorb\u00e9e rapidement et ne laisse pas d'effet gras, ce qui\u2026","rel":"","context":"Similar post","block_context":{"text":"Similar post","link":""},"img":{"alt_text":"","src":"","width":0,"height":0},"classes":[]},{"id":24424,"url":"https:\/\/sakaba.mghosteur.com\/en\/product\/palmers-heals-softens-18-7-oz\/","url_meta":{"origin":29721,"position":5},"title":"PALMERS HEALS SOFTENS 18.7 OZ","author":"admin","date":"November 10, 2022","format":false,"excerpt":"D\u00e9couvrez le beurre de cacao de la marque Palmer's, un soin de qualit\u00e9 pour les peaux rugueuses et s\u00e8ches. Le beurre de cacao est une substance naturelle issue de la graine de cacao, qui retient l'humidit\u00e9 entre les couches de la peau, pr\u00e9venant ainsi la d\u00e9shydratation. La vitamine E contenue\u2026","rel":"","context":"Similar post","block_context":{"text":"Similar post","link":""},"img":{"alt_text":"","src":"","width":0,"height":0},"classes":[]}],"_links":{"self":[{"href":"https:\/\/sakaba.mghosteur.com\/en\/wp-json\/wp\/v2\/product\/29721","targetHints":{"allow":["GET"]}}],"collection":[{"href":"https:\/\/sakaba.mghosteur.com\/en\/wp-json\/wp\/v2\/product"}],"about":[{"href":"https:\/\/sakaba.mghosteur.com\/en\/wp-json\/wp\/v2\/types\/product"}],"replies":[{"embeddable":true,"href":"https:\/\/sakaba.mghosteur.com\/en\/wp-json\/wp\/v2\/comments?post=29721"}],"version-history":[{"count":0,"href":"https:\/\/sakaba.mghosteur.com\/en\/wp-json\/wp\/v2\/product\/29721\/revisions"}],"wp:attachment":[{"href":"https:\/\/sakaba.mghosteur.com\/en\/wp-json\/wp\/v2\/media?parent=29721"}],"wp:term":[{"taxonomy":"product_brand","embeddable":true,"href":"https:\/\/sakaba.mghosteur.com\/en\/wp-json\/wp\/v2\/product_brand?post=29721"},{"taxonomy":"product_cat","embeddable":true,"href":"https:\/\/sakaba.mghosteur.com\/en\/wp-json\/wp\/v2\/product_cat?post=29721"},{"taxonomy":"product_tag","embeddable":true,"href":"https:\/\/sakaba.mghosteur.com\/en\/wp-json\/wp\/v2\/product_tag?post=29721"}],"curies":[{"name":"wp","href":"https:\/\/api.w.org\/{rel}","templated":true}]}}