{"id":29724,"date":"2023-04-17T16:57:51","date_gmt":"2023-04-17T16:57:51","guid":{"rendered":"http:\/\/www.sakababeauty.com\/?post_type=product&#038;p=29724"},"modified":"2023-04-17T16:57:51","modified_gmt":"2023-04-17T16:57:51","slug":"palmers-natural-e-vitamin-concentrated-cream","status":"publish","type":"product","link":"https:\/\/sakaba.mghosteur.com\/en\/product\/palmers-natural-e-vitamin-concentrated-cream\/","title":{"rendered":"PALMERS NATURAL E VITAMIN CONCENTRATED CREAM"},"content":{"rendered":"<p>D\u00e9couvrez la cr\u00e8me concentr\u00e9e \u00e0 la vitamine E de la marque Palmer&#8217;s pour une peau prot\u00e9g\u00e9e et r\u00e9g\u00e9n\u00e9r\u00e9e. Cette cr\u00e8me est con\u00e7ue avec la plus forte concentration de vitamine E et de beurre de cacao pour nourrir et soigner la peau en profondeur. Elle convient parfaitement aux peaux craquel\u00e9es, irrit\u00e9es ou gerc\u00e9es.<\/p>\n<p>Cette cr\u00e8me convient aux v\u00e9g\u00e9taliens et offre une hydratation continue pendant 48 heures. Elle contient 132 000 UI de vitamine E ainsi qu&#8217;un m\u00e9lange d&#8217;huiles r\u00e9g\u00e9n\u00e9rantes pour la peau, offrant une protection et un renouvellement pour les peaux sujettes \u00e0 l&#8217;ecz\u00e9ma. De plus, elle est sans parfum, hypoallerg\u00e9nique, approuv\u00e9e par les dermatologues et ne contient ni parab\u00e8ne ni phtalate.<\/p>\n<p>Offrez \u00e0 votre peau les bienfaits nourrissants et r\u00e9g\u00e9n\u00e9rants de la cr\u00e8me concentr\u00e9e \u00e0 la vitamine E de Palmer&#8217;s.<\/p>","protected":false},"excerpt":{"rendered":"<p>D\u00e9couvrez la cr\u00e8me concentr\u00e9e \u00e0 la vitamine E de la marque Palmer&#8217;s pour une peau prot\u00e9g\u00e9e et r\u00e9g\u00e9n\u00e9r\u00e9e. Cette cr\u00e8me est con\u00e7ue avec la plus forte concentration de vitamine E et de beurre de cacao pour nourrir et soigner la peau en profondeur. Elle convient parfaitement aux peaux craquel\u00e9es, irrit\u00e9es ou gerc\u00e9es. Cette cr\u00e8me convient<span class=\"read-more-faq\"><a href=\"https:\/\/sakaba.mghosteur.com\/en\/product\/palmers-natural-e-vitamin-concentrated-cream\/\">Read More<\/a><\/span><\/p>","protected":false},"featured_media":0,"comment_status":"closed","ping_status":"closed","template":"","meta":[],"product_brand":[],"product_cat":[377],"product_tag":[],"class_list":{"0":"post-29724","1":"product","2":"type-product","3":"status-publish","5":"product_cat-bath-body-works","7":"first","8":"instock","9":"shipping-taxable","10":"product-type-simple"},"jetpack-related-posts":[{"id":28127,"url":"https:\/\/sakaba.mghosteur.com\/en\/product\/palmers-cocoa-butter-formula-with-vitamin-e-heals-softens-2\/","url_meta":{"origin":29724,"position":0},"title":"Palmers Cocoa Butter Body Lotion, Fragrance Free","author":"admin","date":"November 30, 2022","format":false,"excerpt":"D\u00e9couvrez la lotion corporelle sans parfum de la marque Palmer's, une solution efficace pour gu\u00e9rir et adoucir votre peau s\u00e8che et rugueuse. Cette lotion contient du beurre de cacao naturel et de la vitamine E, qui hydratent intens\u00e9ment votre peau pour une apparence plus saine. Avec une hydratation durable jusqu'\u00e0\u2026","rel":"","context":"Similar post","block_context":{"text":"Similar post","link":""},"img":{"alt_text":"","src":"","width":0,"height":0},"classes":[]},{"id":24414,"url":"https:\/\/sakaba.mghosteur.com\/en\/product\/palmers-cocoa-butter-formula-with-vitamin-e-heals-softens\/","url_meta":{"origin":29724,"position":1},"title":"Palmers Cocoa Butter Daily Skin Therapy","author":"admin","date":"November 10, 2022","format":false,"excerpt":"La lotion corporelle Daily Skin Therapy de Palmer's est le produit parfait pour prendre soin de votre peau s\u00e8che et rugueuse. Elle contient du beurre de cacao naturel et de la vitamine E, deux ingr\u00e9dients intens\u00e9ment hydratants qui gu\u00e9rissent et adoucissent votre peau pour lui donner une apparence plus saine.\u2026","rel":"","context":"Similar post","block_context":{"text":"Similar post","link":""},"img":{"alt_text":"","src":"","width":0,"height":0},"classes":[]},{"id":26984,"url":"https:\/\/sakaba.mghosteur.com\/en\/product\/facetheory-regena-c-moisturiser\/","url_meta":{"origin":29724,"position":2},"title":"FACETHEORY Regena-C Moisturiser M4","author":"admin","date":"November 28, 2022","format":false,"excerpt":"Le Regena-C Moisturiser M4 de la marque FACETHEORY est une cr\u00e8me hydratante rapidement absorb\u00e9e qui contient de l'ester de r\u00e9tinol pour prot\u00e9ger la peau contre les dommages environnementaux et favoriser son renouvellement cellulaire. Cette cr\u00e8me est formul\u00e9e avec de la vitamine C et de la vitamine E, qui aident \u00e0\u2026","rel":"","context":"Similar post","block_context":{"text":"Similar post","link":""},"img":{"alt_text":"","src":"","width":0,"height":0},"classes":[]},{"id":29659,"url":"https:\/\/sakaba.mghosteur.com\/en\/product\/palmers-cocoa-butter-formula-cream-soap-bar\/","url_meta":{"origin":29724,"position":3},"title":"Palmers Cocoa Butter Formula Cream Soap Bar","author":"admin","date":"April 12, 2023","format":false,"excerpt":"D\u00e9couvrez le savon cr\u00e8me Palmer's, un produit exceptionnel pour prendre soin de votre peau en profondeur. Ce savon en barre hydratant est parfait pour une utilisation quotidienne sur tout le corps et le visage. Sa formule au beurre de cacao riche et moussante nettoie efficacement la peau sans la d\u00e9caper,\u2026","rel":"","context":"Similar post","block_context":{"text":"Similar post","link":""},"img":{"alt_text":"","src":"","width":0,"height":0},"classes":[]},{"id":24422,"url":"https:\/\/sakaba.mghosteur.com\/en\/product\/palmers-heals-softens-daily-skin-therapy\/","url_meta":{"origin":29724,"position":4},"title":"PALMERS HEALS SOFTENS DAILY SKIN THERAPY","author":"admin","date":"November 10, 2022","format":false,"excerpt":"Dites adieu \u00e0 la peau s\u00e8che et rugueuse avec la Th\u00e9rapie quotidienne de la peau de Palmer's. Cette lotion corporelle est formul\u00e9e avec du beurre de cacao naturel et de la vitamine E pour hydrater intens\u00e9ment votre peau, la laissant d'apparence plus saine en seulement 48 heures. Notre produit est\u2026","rel":"","context":"Similar post","block_context":{"text":"Similar post","link":""},"img":{"alt_text":"","src":"","width":0,"height":0},"classes":[]},{"id":32093,"url":"https:\/\/sakaba.mghosteur.com\/en\/product\/by-wishtrend-vitamin-a-mazing\/","url_meta":{"origin":29724,"position":5},"title":"BY WISHTREND VITAMIN A-MAZING","author":"admin","date":"May 13, 2024","format":false,"excerpt":"La cr\u00e8me de nuit Vitamin A-mazing Bakuchiol de Wishtrend est une cr\u00e8me de nuit tout-en-un qui contient de la vitamine A pour nourrir la peau, du r\u00e9tinal pour r\u00e9duire les irritations cutan\u00e9es et du bakuchiol pour am\u00e9liorer l'\u00e9lasticit\u00e9 de la peau et l'apparence de la peau terne. Elle convient \u00e0\u2026","rel":"","context":"Similar post","block_context":{"text":"Similar post","link":""},"img":{"alt_text":"","src":"","width":0,"height":0},"classes":[]}],"_links":{"self":[{"href":"https:\/\/sakaba.mghosteur.com\/en\/wp-json\/wp\/v2\/product\/29724","targetHints":{"allow":["GET"]}}],"collection":[{"href":"https:\/\/sakaba.mghosteur.com\/en\/wp-json\/wp\/v2\/product"}],"about":[{"href":"https:\/\/sakaba.mghosteur.com\/en\/wp-json\/wp\/v2\/types\/product"}],"replies":[{"embeddable":true,"href":"https:\/\/sakaba.mghosteur.com\/en\/wp-json\/wp\/v2\/comments?post=29724"}],"version-history":[{"count":0,"href":"https:\/\/sakaba.mghosteur.com\/en\/wp-json\/wp\/v2\/product\/29724\/revisions"}],"wp:attachment":[{"href":"https:\/\/sakaba.mghosteur.com\/en\/wp-json\/wp\/v2\/media?parent=29724"}],"wp:term":[{"taxonomy":"product_brand","embeddable":true,"href":"https:\/\/sakaba.mghosteur.com\/en\/wp-json\/wp\/v2\/product_brand?post=29724"},{"taxonomy":"product_cat","embeddable":true,"href":"https:\/\/sakaba.mghosteur.com\/en\/wp-json\/wp\/v2\/product_cat?post=29724"},{"taxonomy":"product_tag","embeddable":true,"href":"https:\/\/sakaba.mghosteur.com\/en\/wp-json\/wp\/v2\/product_tag?post=29724"}],"curies":[{"name":"wp","href":"https:\/\/api.w.org\/{rel}","templated":true}]}}